{"id":22,"date":"2013-09-12T02:31:20","date_gmt":"2013-09-12T00:31:20","guid":{"rendered":"http:\/\/dataminingsoccer.com\/fr\/?page_id=22"},"modified":"2015-06-25T20:37:20","modified_gmt":"2015-06-25T18:37:20","slug":"france","status":"publish","type":"page","link":"http:\/\/dataminingsoccer.com\/fr\/france\/","title":{"rendered":"France"},"content":{"rendered":"<h2>R\u00e9sultats de Football: Pronostics utilisant Data Mining<\/h2><p><img loading=\"lazy\" class=\"alignnone size-full wp-image-178\" src=\"http:\/\/dataminingsoccer.com\/fr\/wp-content\/uploads\/sites\/6\/Ligue-1-Football-Resultats-Prediction-m.png\" alt=\"Ligue-1-Football-Resultats-Prediction\" width=\"35\" height=\"50\" \/>\u00a0\u00a0\u00a0\u00a0 <img loading=\"lazy\" class=\"alignnone size-full wp-image-2093\" src=\"http:\/\/dataminingsoccer.com\/fr\/wp-content\/uploads\/sites\/6\/Coupe-de-France.png\" alt=\"Coupe-de-France\" width=\"51\" height=\"50\" \/><\/p>\n<p>En France nous calculons des <a title=\"Pronostics\" href=\"http:\/\/dataminingsoccer.com\/fr\/france\/pronostics-ligue-1\/\">[pronostics]<\/a>, des <a title=\"Statistiques par \u00c9quipe\" href=\"http:\/\/dataminingsoccer.com\/fr\/france\/statistiques-equipe\/\">[statistiques par \u00e9quipe]<\/a> et des <a title=\"Taux de Succ\u00e8s\" href=\"http:\/\/dataminingsoccer.com\/fr\/france\/taux-succes\/\">[taux de succ\u00e8s]<\/a> pour les comp\u00e9titions suivantes:<\/p>\n<table>\n<tbody>\n<tr>\n<td><\/td>\n<td><a title=\"Pronostics\" href=\"http:\/\/dataminingsoccer.com\/fr\/france\/pronostics-ligue-1\/\">[pronostics]<\/a><\/td>\n<td><a title=\"Statistiques par \u00c9quipe\" href=\"http:\/\/dataminingsoccer.com\/fr\/france\/statistiques-equipe\/\">[statistiques par \u00e9quipe]<\/a><\/td>\n<td><a title=\"Taux de Succ\u00e8s\" href=\"http:\/\/dataminingsoccer.com\/fr\/france\/taux-succes\/\">[nos taux de succ\u00e8s]<\/a><\/td>\n<\/tr>\n<tr>\n<td><img loading=\"lazy\" class=\"alignnone size-full wp-image-179\" src=\"http:\/\/dataminingsoccer.com\/fr\/wp-content\/uploads\/sites\/6\/Ligue-1-Football-Resultats-Prediction-s.png\" alt=\"Ligue-1-Football-Resultats-Prediction\" width=\"25\" height=\"25\" \/><\/td>\n<td><a href=\"http:\/\/dataminingsoccer.com\/fr\/france\/pronostics-ligue-1\/ligue-1-2015-2016\/\">[Ligue 1 2015\/16]<\/a><\/td>\n<td><a href=\"http:\/\/dataminingsoccer.com\/fr\/france\/statistiques-equipe\/ligue-1-2015-2016\/\">[Ligue 1 2015\/16]<\/a><\/td>\n<td><a href=\"http:\/\/dataminingsoccer.com\/fr\/france\/taux-succes\/ligue-1-2015-2016\/\">[Ligue 1 2015\/16]<\/a><\/td>\n<\/tr>\n<tr>\n<td><img loading=\"lazy\" class=\"alignnone size-full wp-image-2092\" src=\"http:\/\/dataminingsoccer.com\/fr\/wp-content\/uploads\/sites\/6\/Coupe-de-France-s.png\" alt=\"Coupe-de-France\" width=\"26\" height=\"25\" \/><\/td>\n<td><a href=\"http:\/\/dataminingsoccer.com\/fr\/france\/pronostics-ligue-1\/coupe-de-france-2015-2016\/\">[Coupe de France 2015\/16]<\/a><\/td>\n<td><\/td>\n<td><\/td>\n<\/tr>\n<tr>\n<td><\/td>\n<td><a title=\"Pronostics\" href=\"http:\/\/dataminingsoccer.com\/fr\/france\/pronostics-ligue-1\/\">[avant]<\/a><\/td>\n<td><a title=\"Statistiques par \u00c9quipe\" href=\"http:\/\/dataminingsoccer.com\/fr\/france\/statistiques-equipe\/\">[avant]<\/a><\/td>\n<td><a title=\"Taux de Succ\u00e8s\" href=\"http:\/\/dataminingsoccer.com\/fr\/france\/taux-succes\/\">[avant]<\/a><\/td>\n<\/tr>\n<\/tbody>\n<\/table>\n<p>Pronostics de r\u00e9sultats de football utilisant data mining pour la France\u00a0@ Data.Mininig.Soccer<\/p>\n<p><img loading=\"lazy\" class=\"alignnone size-full wp-image-178\" src=\"http:\/\/dataminingsoccer.com\/fr\/wp-content\/uploads\/sites\/6\/Ligue-1-Football-Resultats-Prediction-m.png\" alt=\"Ligue-1-Football-Resultats-Prediction\" width=\"35\" height=\"50\" \/>\u00a0\u00a0\u00a0\u00a0 <img loading=\"lazy\" class=\"alignnone size-full wp-image-2093\" src=\"http:\/\/dataminingsoccer.com\/fr\/wp-content\/uploads\/sites\/6\/Coupe-de-France.png\" alt=\"Coupe-de-France\" width=\"51\" height=\"50\" \/><\/p>\n<p>Les gagnants des titres historiques de la\u00a0<a title=\"Ligue 1 2014\/15\" href=\"http:\/\/dataminingsoccer.com\/fr\/france\/pronostics-ligue-1\/ligue-1-2015-2016\/\">[Ligue 1]<\/a> en France, et le nombre de championnats remport\u00e9s en bref:<\/p>\n<p>AS Saint-\u00c9tienne\u00a0\u00a0 (10)\u00a0\u00a0 *<br \/>\nOlympique de Marseille\u00a0\u00a0 (9)\u00a0\u00a0 *<br \/>\nFC Nantes\u00a0\u00a0 (8)<br \/>\nOlympique lyonnais\u00a0\u00a0 (7)<br \/>\nAS Monaco\u00a0\u00a0 (7)<br \/>\nGirondins de Bordeaux\u00a0\u00a0 (6)<br \/>\nStade de Reims\u00a0\u00a0 (6)<br \/>\nParis Saint-Germain \u00a0 (5)\u00a0\u00a0\u00a0<img loading=\"lazy\" class=\"alignnone size-full wp-image-179\" src=\"http:\/\/dataminingsoccer.com\/fr\/wp-content\/uploads\/sites\/6\/Ligue-1-Football-Resultats-Prediction-s.png\" alt=\"Ligue-1-Football-Resultats-Prediction\" width=\"25\" height=\"25\" \/> \u00a0 (champion acutel)<br \/>\nOGC Nice \u00a0 (4)<br \/>\nLille OSC \u00a0 (3)<br \/>\nFC S\u00e8te \u00a0 (2)<br \/>\nFC Sochaux-Montb\u00e9liard\u00a0\u00a0 (2)<br \/>\nMontpellier HSC \u00a0 (1)<br \/>\nRC Lens \u00a0 (1)<br \/>\nAJ Auxerre\u00a0\u00a0 (1)<br \/>\nRC Strasbourg \u00a0 (1)<br \/>\nCO Roubaix-Tourcoing \u00a0 (1)<br \/>\nRC Paris \u00a0 (1)<br \/>\nOlympique lillois \u00a0 (1)<\/p>\n<p><img loading=\"lazy\" class=\"alignnone size-full wp-image-178\" src=\"http:\/\/dataminingsoccer.com\/fr\/wp-content\/uploads\/sites\/6\/Ligue-1-Football-Resultats-Prediction-m.png\" alt=\"Ligue-1-Football-Resultats-Prediction\" width=\"35\" height=\"50\" \/>\u00a0\u00a0\u00a0\u00a0 <img loading=\"lazy\" class=\"alignnone size-full wp-image-2093\" src=\"http:\/\/dataminingsoccer.com\/fr\/wp-content\/uploads\/sites\/6\/Coupe-de-France.png\" alt=\"Coupe-de-France\" width=\"51\" height=\"50\" \/><\/p>\n<p>Les gagnants des titres historiques de la <a href=\"http:\/\/dataminingsoccer.com\/fr\/france\/pronostics-ligue-1\/coupe-de-france-2015-2016\/\">[Coupe de France]<\/a>:<\/p>\n<p>Olympique Marseille\u00a0\u00a0\u00a0 (10)<br \/>\nParis Saint-Germain\u00a0\u00a0\u00a0 (9)\u00a0\u00a0\u00a0<img loading=\"lazy\" class=\"alignnone size-full wp-image-2092\" src=\"http:\/\/dataminingsoccer.com\/fr\/wp-content\/uploads\/sites\/6\/Coupe-de-France-s.png\" alt=\"Coupe-de-France\" width=\"26\" height=\"25\" \/>\u00a0\u00a0 (champion acutel)<br \/>\nOSC Lille\u00a0\u00a0\u00a0 (6)<br \/>\nAS Saint-\u00c9tienne\u00a0\u00a0\u00a0 (6)<br \/>\nAS Monaco \u00a0\u00a0 (5)<br \/>\nRacing Paris\u00a0\u00a0\u00a0 (5)<br \/>\nOlympique Lyon\u00a0\u00a0\u00a0 (5)<br \/>\nRed Star\u00a0\u00a0\u00a0 (5)<br \/>\nGirondins Bordeaux\u00a0\u00a0\u00a0 (4)<br \/>\nAJ Auxerre\u00a0\u00a0\u00a0 (4)<br \/>\nFC Nantes\u00a0\u00a0\u00a0 (3)<br \/>\nRacing Strasbourg \u00a0\u00a0 (3)<br \/>\nOGC Nizza\u00a0\u00a0\u00a0 (3)<br \/>\nFC S\u00e8te \u00a0\u00a0 (2)<br \/>\nStade Rennes\u00a0\u00a0\u00a0 (2)<br \/>\nFC Sochaux\u00a0\u00a0\u00a0 (2)<br \/>\nCS Sedan\u00a0\u00a0\u00a0 (2)<br \/>\nHSC Montpellier \u00a0\u00a0 (2)<br \/>\nFC Metz\u00a0\u00a0\u00a0 (2)<br \/>\nStade Reims \u00a0\u00a0 (2)<br \/>\nEA Guingamp \u00a0\u00a0 (2)<br \/>\nCASG Paris\u00a0\u00a0\u00a0 (2)<br \/>\nOlympique Paris\u00a0\u00a0\u00a0 (1)<br \/>\nSC Bastia \u00a0\u00a0 (1)<br \/>\nCA Paris\u00a0\u00a0\u00a0 (1)<br \/>\nLe Havre AC \u00a0\u00a0 (1)<br \/>\nClub Fran\u00e7ais Paris \u00a0\u00a0 (1)<br \/>\nAS Cannes \u00a0\u00a0 (1)<br \/>\nExcelsior AC Roubaix \u00a0\u00a0 (1)<br \/>\nEF Nancy-Lorraine\u00a0\u00a0\u00a0 (1)<br \/>\nFC Toulouse \u00a0\u00a0 (1)<br \/>\nAS Nancy \u00a0\u00a0 (1)<br \/>\nFC Lorient\u00a0\u00a0\u00a0 (1)<\/p>\n<p><img loading=\"lazy\" class=\"alignnone size-full wp-image-178\" src=\"http:\/\/dataminingsoccer.com\/fr\/wp-content\/uploads\/sites\/6\/Ligue-1-Football-Resultats-Prediction-m.png\" alt=\"Ligue-1-Football-Resultats-Prediction\" width=\"35\" height=\"50\" \/>\u00a0\u00a0\u00a0\u00a0 <img loading=\"lazy\" class=\"alignnone size-full wp-image-2093\" src=\"http:\/\/dataminingsoccer.com\/fr\/wp-content\/uploads\/sites\/6\/Coupe-de-France.png\" alt=\"Coupe-de-France\" width=\"51\" height=\"50\" \/><\/p>\n","protected":false},"excerpt":{"rendered":"<p>R\u00e9sultats de Football: Pronostics utilisant Data Mining\u00a0\u00a0\u00a0\u00a0 En France nous calculons des [pronostics], des [statistiques par \u00e9quipe] et des [taux de succ\u00e8s] pour les comp\u00e9titions suivantes: [pronostics] [statistiques par \u00e9quipe] [nos taux de succ\u00e8s] [Ligue 1 2015\/16] [Ligue 1 2015\/16] [Ligue 1 2015\/16] [Coupe de France 2015\/16] [avant] [avant] [avant] Pronostics de r\u00e9sultats de football &hellip; <a href=\"http:\/\/dataminingsoccer.com\/fr\/france\/\" class=\"more-link\">Continuer la lecture de <span class=\"screen-reader-text\">France<\/span> <span class=\"meta-nav\">&rarr;<\/span><\/a><\/p>\n","protected":false},"author":7,"featured_media":0,"parent":0,"menu_order":14,"comment_status":"closed","ping_status":"closed","template":"","meta":[],"yoast_head":"<!-- This site is optimized with the Yoast SEO plugin v14.8 - https:\/\/yoast.com\/wordpress\/plugins\/seo\/ -->\n<meta name=\"description\" content=\"Pronostics Football fran\u00e7ais. Aper\u00e7u historique des championnats de la Ligue 1. Pronostics football en utilisant r\u00e9sultat de data mining.\" \/>\n<meta name=\"robots\" content=\"index, follow\" \/>\n<meta name=\"googlebot\" content=\"index, follow, max-snippet:-1, max-image-preview:large, max-video-preview:-1\" \/>\n<meta name=\"bingbot\" content=\"index, follow, max-snippet:-1, max-image-preview:large, max-video-preview:-1\" \/>\n<link rel=\"canonical\" href=\"http:\/\/dataminingsoccer.com\/fr\/france\/\" \/>\n<script type=\"application\/ld+json\" class=\"yoast-schema-graph\">{\"@context\":\"https:\/\/schema.org\",\"@graph\":[{\"@type\":\"WebSite\",\"@id\":\"http:\/\/dataminingsoccer.com\/fr\/#website\",\"url\":\"http:\/\/dataminingsoccer.com\/fr\/\",\"name\":\"Pronostics de R\\u00e9sultats de Football\",\"description\":\"bas\\u00e9 sur des analyses statistiques utilisant data mining.. Nous aimons le football!     Nous aimons les jeux de nombre!\",\"potentialAction\":[{\"@type\":\"SearchAction\",\"target\":\"http:\/\/dataminingsoccer.com\/fr\/?s={search_term_string}\",\"query-input\":\"required name=search_term_string\"}],\"inLanguage\":\"fr-FR\"},{\"@type\":\"ImageObject\",\"@id\":\"http:\/\/dataminingsoccer.com\/fr\/france\/#primaryimage\",\"inLanguage\":\"fr-FR\",\"url\":\"http:\/\/dataminingsoccer.com\/fr\/wp-content\/uploads\/sites\/6\/Ligue-1-Football-Resultats-Prediction-m.png\",\"width\":35,\"height\":50,\"caption\":\"Ligue-1-Football-Resultats-Prediction\"},{\"@type\":\"WebPage\",\"@id\":\"http:\/\/dataminingsoccer.com\/fr\/france\/#webpage\",\"url\":\"http:\/\/dataminingsoccer.com\/fr\/france\/\",\"name\":\"France - Pronostics de R\\u00e9sultats de Football\",\"isPartOf\":{\"@id\":\"http:\/\/dataminingsoccer.com\/fr\/#website\"},\"primaryImageOfPage\":{\"@id\":\"http:\/\/dataminingsoccer.com\/fr\/france\/#primaryimage\"},\"datePublished\":\"2013-09-12T00:31:20+00:00\",\"dateModified\":\"2015-06-25T18:37:20+00:00\",\"description\":\"Pronostics Football fran\\u00e7ais. Aper\\u00e7u historique des championnats de la Ligue 1. Pronostics football en utilisant r\\u00e9sultat de data mining.\",\"inLanguage\":\"fr-FR\",\"potentialAction\":[{\"@type\":\"ReadAction\",\"target\":[\"http:\/\/dataminingsoccer.com\/fr\/france\/\"]}]}]}<\/script>\n<!-- \/ Yoast SEO plugin. -->","_links":{"self":[{"href":"http:\/\/dataminingsoccer.com\/fr\/wp-json\/wp\/v2\/pages\/22"}],"collection":[{"href":"http:\/\/dataminingsoccer.com\/fr\/wp-json\/wp\/v2\/pages"}],"about":[{"href":"http:\/\/dataminingsoccer.com\/fr\/wp-json\/wp\/v2\/types\/page"}],"author":[{"embeddable":true,"href":"http:\/\/dataminingsoccer.com\/fr\/wp-json\/wp\/v2\/users\/7"}],"replies":[{"embeddable":true,"href":"http:\/\/dataminingsoccer.com\/fr\/wp-json\/wp\/v2\/comments?post=22"}],"version-history":[{"count":15,"href":"http:\/\/dataminingsoccer.com\/fr\/wp-json\/wp\/v2\/pages\/22\/revisions"}],"predecessor-version":[{"id":3094,"href":"http:\/\/dataminingsoccer.com\/fr\/wp-json\/wp\/v2\/pages\/22\/revisions\/3094"}],"wp:attachment":[{"href":"http:\/\/dataminingsoccer.com\/fr\/wp-json\/wp\/v2\/media?parent=22"}],"curies":[{"name":"wp","href":"https:\/\/api.w.org\/{rel}","templated":true}]}}