{"id":20,"date":"2013-09-12T02:23:57","date_gmt":"2013-09-12T00:23:57","guid":{"rendered":"http:\/\/dataminingsoccer.com\/fr\/?page_id=20"},"modified":"2015-06-25T20:07:27","modified_gmt":"2015-06-25T18:07:27","slug":"italie","status":"publish","type":"page","link":"http:\/\/dataminingsoccer.com\/fr\/italie\/","title":{"rendered":"Italie"},"content":{"rendered":"<h2>R\u00e9sultats de Football: Pronostics utilisant Data Mining<\/h2><p><img loading=\"lazy\" class=\"alignnone size-full wp-image-2097\" src=\"http:\/\/dataminingsoccer.com\/fr\/wp-content\/uploads\/sites\/6\/Serie-A.png\" alt=\"Serie-A\" width=\"61\" height=\"50\" \/>\u00a0\u00a0\u00a0\u00a0 <img loading=\"lazy\" class=\"alignnone size-full wp-image-2100\" src=\"http:\/\/dataminingsoccer.com\/fr\/wp-content\/uploads\/sites\/6\/Coppa-Italia.png\" alt=\"Coppa-Italia\" width=\"50\" height=\"50\" \/><\/p>\n<p>En Italie nous calculons des <a title=\"Pronostics\" href=\"http:\/\/dataminingsoccer.com\/fr\/italie\/pronostics-serie-a\/\">[pronostics]<\/a>, des <a title=\"Statistiques par \u00c9quipe\" href=\"http:\/\/dataminingsoccer.com\/fr\/italie\/statistiques-equipe\/\">[statistiques par \u00e9quipe]<\/a> et des <a title=\"Taux de Succ\u00e8s\" href=\"http:\/\/dataminingsoccer.com\/fr\/italie\/taux-succes\/\">[taux de succ\u00e8s]<\/a> pour les comp\u00e9titions suivantes:<\/p>\n<table>\n<tbody>\n<tr>\n<td><\/td>\n<td><a title=\"Pronostics\" href=\"http:\/\/dataminingsoccer.com\/fr\/italie\/pronostics-serie-a\/\">[pronostics]<\/a><\/td>\n<td><a title=\"Statistiques par \u00c9quipe\" href=\"http:\/\/dataminingsoccer.com\/fr\/italie\/statistiques-equipe\/\">[statistiques par \u00e9quipe]<\/a><\/td>\n<td><a title=\"Taux de Succ\u00e8s\" href=\"http:\/\/dataminingsoccer.com\/fr\/italie\/taux-succes\/\">[nos taux de succ\u00e8s]<\/a><\/td>\n<\/tr>\n<tr>\n<td><img loading=\"lazy\" class=\"alignnone size-full wp-image-2096\" src=\"http:\/\/dataminingsoccer.com\/fr\/wp-content\/uploads\/sites\/6\/Serie-A-s.png\" alt=\"Serie-A\" width=\"31\" height=\"25\" \/><\/td>\n<td><a href=\"http:\/\/dataminingsoccer.com\/fr\/italie\/pronostics-serie-a\/serie-a-2015-2016\/\">[Serie A 2015\/16]<\/a><\/td>\n<td><a href=\"http:\/\/dataminingsoccer.com\/fr\/italie\/statistiques-equipe\/serie-a-2015-2016\/\">[Serie A 2015\/16]<\/a><\/td>\n<td><a href=\"http:\/\/dataminingsoccer.com\/fr\/italie\/taux-succes\/serie-a-2015-2016\/\">[Serie A 2015\/16]<\/a><\/td>\n<\/tr>\n<tr>\n<td><img loading=\"lazy\" class=\"alignnone size-full wp-image-2099\" src=\"http:\/\/dataminingsoccer.com\/fr\/wp-content\/uploads\/sites\/6\/Coppa-Italia-s.png\" alt=\"Coppa-Italia\" width=\"25\" height=\"25\" \/><\/td>\n<td><a href=\"http:\/\/dataminingsoccer.com\/fr\/italie\/pronostics-serie-a\/coppa-italia-2015-2016\/\">[Coppa Italia 2015\/16]<\/a><\/td>\n<td><\/td>\n<td><\/td>\n<\/tr>\n<tr>\n<td><\/td>\n<td><a title=\"Pronostics\" href=\"http:\/\/dataminingsoccer.com\/fr\/italie\/pronostics-serie-a\/\">[avant]<\/a><\/td>\n<td><a title=\"Statistiques par \u00c9quipe\" href=\"http:\/\/dataminingsoccer.com\/fr\/italie\/statistiques-equipe\/\">[avant]<\/a><\/td>\n<td><a title=\"Taux de Succ\u00e8s\" href=\"http:\/\/dataminingsoccer.com\/fr\/italie\/taux-succes\/\">[avant]<\/a><\/td>\n<\/tr>\n<\/tbody>\n<\/table>\n<p>Pronostics de r\u00e9sultats de football utilisant data mining pour l\u2019Italie\u00a0@ Data.Mininig.Soccer<\/p>\n<p><img loading=\"lazy\" class=\"alignnone size-full wp-image-2097\" src=\"http:\/\/dataminingsoccer.com\/fr\/wp-content\/uploads\/sites\/6\/Serie-A.png\" alt=\"Serie-A\" width=\"61\" height=\"50\" \/>\u00a0\u00a0\u00a0\u00a0 <img loading=\"lazy\" class=\"alignnone size-full wp-image-2100\" src=\"http:\/\/dataminingsoccer.com\/fr\/wp-content\/uploads\/sites\/6\/Coppa-Italia.png\" alt=\"Coppa-Italia\" width=\"50\" height=\"50\" \/><\/p>\n<p>Les gagnants des titres historiques de la\u00a0<a title=\"Serie A 2014\/15\" href=\"http:\/\/dataminingsoccer.com\/fr\/italie\/pronostics-serie-a\/serie-a-2015-2016\/\">[Serie A]<\/a> en Italie, et le nombre de championnats remport\u00e9s en bref:<\/p>\n<p>Juventus \u00a0 (31) \u00a0 *** \u00a0\u00a0<img loading=\"lazy\" class=\"alignnone size-full wp-image-1827\" src=\"http:\/\/dataminingsoccer.com\/es\/wp-content\/uploads\/sites\/4\/Serie-A-s.png\" alt=\"Serie-A\" width=\"31\" height=\"25\" \/> \u00a0 (champion actuel)<br \/>\nInter\u00a0\u00a0 (18)\u00a0\u00a0 *<br \/>\nMilan \u00a0 (18)\u00a0\u00a0 *<br \/>\nGenoa \u00a0 (9)<br \/>\nPro Vercelli \u00a0 (7)<br \/>\nBologna\u00a0\u00a0 (7)<br \/>\nTorino \u00a0 (7)<br \/>\nRoma \u00a0 (3)<br \/>\nFiorentina \u00a0 (2)<br \/>\nNapoli \u00a0 (2)<br \/>\nLazio\u00a0\u00a0 (2)<br \/>\nCasale \u00a0 (1)<br \/>\nNovese \u00a0 (1)<br \/>\nCagliari\u00a0\u00a0 (1)<br \/>\nVerona\u00a0\u00a0 (1)<br \/>\nSampdoria \u00a0 (1)<\/p>\n<p><img loading=\"lazy\" class=\"alignnone size-full wp-image-2097\" src=\"http:\/\/dataminingsoccer.com\/fr\/wp-content\/uploads\/sites\/6\/Serie-A.png\" alt=\"Serie-A\" width=\"61\" height=\"50\" \/>\u00a0\u00a0\u00a0\u00a0 <img loading=\"lazy\" class=\"alignnone size-full wp-image-2100\" src=\"http:\/\/dataminingsoccer.com\/fr\/wp-content\/uploads\/sites\/6\/Coppa-Italia.png\" alt=\"Coppa-Italia\" width=\"50\" height=\"50\" \/><\/p>\n<p>Les gagnants des titres historiques de la coupe italienne <a href=\"http:\/\/dataminingsoccer.com\/fr\/italie\/pronostics-serie-a\/coppa-italia-2015-2016\/\">[&lsquo;Coppa Italia&rsquo;]<\/a>:<\/p>\n<p>Juventus \u00a0 (10)\u00a0\u00a0\u00a0<img loading=\"lazy\" class=\"alignnone size-full wp-image-2099\" src=\"http:\/\/dataminingsoccer.com\/fr\/wp-content\/uploads\/sites\/6\/Coppa-Italia-s.png\" alt=\"Coppa-Italia\" width=\"25\" height=\"25\" \/>\u00a0\u00a0 (champion actuel)<br \/>\nRoma \u00a0 (9)<br \/>\nInter\u00a0\u00a0 (7)<br \/>\nFiorentina \u00a0 (6)<br \/>\nLazio\u00a0\u00a0 (6)<br \/>\nTorino \u00a0 (5)<br \/>\nMilan \u00a0 (5)<br \/>\nNapoli \u00a0 (5)<br \/>\nSampdoria\u00a0\u00a0 (4)<br \/>\nParma\u00a0\u00a0 (3)<br \/>\nBologna\u00a0\u00a0 (2)<br \/>\nAtalanta\u00a0\u00a0 (1)<br \/>\nGenoa \u00a0 (1)<br \/>\nVenezia \u00a0 (1)<br \/>\nVado\u00a0\u00a0 (1)<br \/>\nVicenza\u00a0\u00a0 (1)<\/p>\n<p><img loading=\"lazy\" class=\"alignnone size-full wp-image-2097\" src=\"http:\/\/dataminingsoccer.com\/fr\/wp-content\/uploads\/sites\/6\/Serie-A.png\" alt=\"Serie-A\" width=\"61\" height=\"50\" \/>\u00a0\u00a0\u00a0\u00a0 <img loading=\"lazy\" class=\"alignnone size-full wp-image-2100\" src=\"http:\/\/dataminingsoccer.com\/fr\/wp-content\/uploads\/sites\/6\/Coppa-Italia.png\" alt=\"Coppa-Italia\" width=\"50\" height=\"50\" \/><\/p>\n","protected":false},"excerpt":{"rendered":"<p>R\u00e9sultats de Football: Pronostics utilisant Data Mining\u00a0\u00a0\u00a0\u00a0 En Italie nous calculons des [pronostics], des [statistiques par \u00e9quipe] et des [taux de succ\u00e8s] pour les comp\u00e9titions suivantes: [pronostics] [statistiques par \u00e9quipe] [nos taux de succ\u00e8s] [Serie A 2015\/16] [Serie A 2015\/16] [Serie A 2015\/16] [Coppa Italia 2015\/16] [avant] [avant] [avant] Pronostics de r\u00e9sultats de football utilisant &hellip; <a href=\"http:\/\/dataminingsoccer.com\/fr\/italie\/\" class=\"more-link\">Continuer la lecture de <span class=\"screen-reader-text\">Italie<\/span> <span class=\"meta-nav\">&rarr;<\/span><\/a><\/p>\n","protected":false},"author":7,"featured_media":0,"parent":0,"menu_order":13,"comment_status":"closed","ping_status":"closed","template":"","meta":[],"yoast_head":"<!-- This site is optimized with the Yoast SEO plugin v14.8 - https:\/\/yoast.com\/wordpress\/plugins\/seo\/ -->\n<meta name=\"description\" content=\"Football italien. Aper\u00e7u historique des championnats de la Serie A. Pronostics football en utilisant r\u00e9sultat de data mining.\" \/>\n<meta name=\"robots\" content=\"index, follow\" \/>\n<meta name=\"googlebot\" content=\"index, follow, max-snippet:-1, max-image-preview:large, max-video-preview:-1\" \/>\n<meta name=\"bingbot\" content=\"index, follow, max-snippet:-1, max-image-preview:large, max-video-preview:-1\" \/>\n<link rel=\"canonical\" href=\"http:\/\/dataminingsoccer.com\/fr\/italie\/\" \/>\n<script type=\"application\/ld+json\" class=\"yoast-schema-graph\">{\"@context\":\"https:\/\/schema.org\",\"@graph\":[{\"@type\":\"WebSite\",\"@id\":\"http:\/\/dataminingsoccer.com\/fr\/#website\",\"url\":\"http:\/\/dataminingsoccer.com\/fr\/\",\"name\":\"Pronostics de R\\u00e9sultats de Football\",\"description\":\"bas\\u00e9 sur des analyses statistiques utilisant data mining.. Nous aimons le football!     Nous aimons les jeux de nombre!\",\"potentialAction\":[{\"@type\":\"SearchAction\",\"target\":\"http:\/\/dataminingsoccer.com\/fr\/?s={search_term_string}\",\"query-input\":\"required name=search_term_string\"}],\"inLanguage\":\"fr-FR\"},{\"@type\":\"ImageObject\",\"@id\":\"http:\/\/dataminingsoccer.com\/fr\/italie\/#primaryimage\",\"inLanguage\":\"fr-FR\",\"url\":\"http:\/\/dataminingsoccer.com\/fr\/wp-content\/uploads\/sites\/6\/Serie-A.png\",\"width\":61,\"height\":50,\"caption\":\"Serie-A\"},{\"@type\":\"WebPage\",\"@id\":\"http:\/\/dataminingsoccer.com\/fr\/italie\/#webpage\",\"url\":\"http:\/\/dataminingsoccer.com\/fr\/italie\/\",\"name\":\"Italie - Pronostics de R\\u00e9sultats de Football\",\"isPartOf\":{\"@id\":\"http:\/\/dataminingsoccer.com\/fr\/#website\"},\"primaryImageOfPage\":{\"@id\":\"http:\/\/dataminingsoccer.com\/fr\/italie\/#primaryimage\"},\"datePublished\":\"2013-09-12T00:23:57+00:00\",\"dateModified\":\"2015-06-25T18:07:27+00:00\",\"description\":\"Football italien. Aper\\u00e7u historique des championnats de la Serie A. Pronostics football en utilisant r\\u00e9sultat de data mining.\",\"inLanguage\":\"fr-FR\",\"potentialAction\":[{\"@type\":\"ReadAction\",\"target\":[\"http:\/\/dataminingsoccer.com\/fr\/italie\/\"]}]}]}<\/script>\n<!-- \/ Yoast SEO plugin. -->","_links":{"self":[{"href":"http:\/\/dataminingsoccer.com\/fr\/wp-json\/wp\/v2\/pages\/20"}],"collection":[{"href":"http:\/\/dataminingsoccer.com\/fr\/wp-json\/wp\/v2\/pages"}],"about":[{"href":"http:\/\/dataminingsoccer.com\/fr\/wp-json\/wp\/v2\/types\/page"}],"author":[{"embeddable":true,"href":"http:\/\/dataminingsoccer.com\/fr\/wp-json\/wp\/v2\/users\/7"}],"replies":[{"embeddable":true,"href":"http:\/\/dataminingsoccer.com\/fr\/wp-json\/wp\/v2\/comments?post=20"}],"version-history":[{"count":14,"href":"http:\/\/dataminingsoccer.com\/fr\/wp-json\/wp\/v2\/pages\/20\/revisions"}],"predecessor-version":[{"id":3092,"href":"http:\/\/dataminingsoccer.com\/fr\/wp-json\/wp\/v2\/pages\/20\/revisions\/3092"}],"wp:attachment":[{"href":"http:\/\/dataminingsoccer.com\/fr\/wp-json\/wp\/v2\/media?parent=20"}],"curies":[{"name":"wp","href":"https:\/\/api.w.org\/{rel}","templated":true}]}}