{"id":1944,"date":"2014-08-01T12:15:59","date_gmt":"2014-08-01T10:15:59","guid":{"rendered":"http:\/\/dataminingsoccer.com\/fr\/?page_id=1944"},"modified":"2016-05-10T03:00:33","modified_gmt":"2016-05-10T01:00:33","slug":"dfb-pokal-2014-2015","status":"publish","type":"page","link":"http:\/\/dataminingsoccer.com\/fr\/allemagne\/pronostics-1-bundesliga\/dfb-pokal-2014-2015\/","title":{"rendered":"DFB-Pokal 2014\/15"},"content":{"rendered":"<h2>R\u00e9sultats de Football: Pronostics utilisant Data Mining<\/h2><p>Logiciel data mining utilis\u00e9 : <a title=\"Data.Mining.Fox\" href=\"http:\/\/www.easydatamining.com\" target=\"_blank\">[Data.Mining.Fox\u00ae (DMF) de Easy.Data.Mining\u2122]<\/a><br \/>\nFais attention stp. \u00e0 notre <a title=\"Sans Responsabilit\u00e9\" href=\"http:\/\/dataminingsoccer.com\/fr\/information\/sans-responsabilite\/\">[clause de non-responsabilit\u00e9]<\/a> pour les pr\u00e9dictions suivantes.<\/p>\n<p><img loading=\"lazy\" class=\"alignnone size-full wp-image-1936\" src=\"http:\/\/dataminingsoccer.com\/fr\/wp-content\/uploads\/sites\/6\/dfb-pokal.png\" alt=\"dfb-pokal\" width=\"50\" height=\"50\" \/><\/p>\n<p style=\"text-align: justify;\"><strong>Finale<\/strong>, Coupe d&rsquo;Allemagne &lsquo;DFB Pokal&rsquo; 2014-2015: pronostics \u00a0 <em><em><em>&gt;&gt;&gt; \u00a0 <\/em><\/em><\/em>r\u00e9sultats r\u00e9els:<\/p>\n<p style=\"text-align: justify;\">Les chiffres entre parenth\u00e8ses indiquent les ligues des \u00e9quipes. Le nombre d&rsquo;\u00e9toiles * est notre indicateur DMSU\u2122 (indicateur Data.Mining.Soccer-Underdog) de la probabilit\u00e9 statistique que l&rsquo;\u00e9quipe de la ligue inf\u00e9rieure gagne.<\/p>\n<p style=\"text-align: justify;\">2015-05-30: \u00a0 Borussia Dortmund\u00a0(1.) \u2013 VfL Wolfburg\u00a0(1.) \u00a0 2-1 a.p. \u00a0 @\u00a0\u00a0 &gt;&gt;&gt; \u00a0 1-3<\/p>\n<p style=\"text-align: justify;\"><strong>Quota de tendance<\/strong> finale : 0 sur 1 \/ <strong>0%<\/strong> (\u00ab\u00a0par hasard\u00a0\u00bb serait \u00f8 50%)<br \/>\n<strong>Quota correct<\/strong> depuis le 1\u00b0 tour : 47 sur 63 \/ <strong>75%<\/strong> (\u00ab\u00a0par hasard\u00a0\u00bb serait \u00f8 50%)<\/p>\n<p><img loading=\"lazy\" class=\"alignnone size-full wp-image-1936\" src=\"http:\/\/dataminingsoccer.com\/fr\/wp-content\/uploads\/sites\/6\/dfb-pokal.png\" alt=\"dfb-pokal\" width=\"50\" height=\"50\" \/><\/p>\n<p style=\"text-align: justify;\"><strong>Demi-finales<\/strong>, Coupe d&rsquo;Allemagne &lsquo;DFB Pokal&rsquo; 2014-2015: pronostics \u00a0 <em><em><em>&gt;&gt;&gt; \u00a0 <\/em><\/em><\/em>r\u00e9sultats r\u00e9els:<\/p>\n<p style=\"text-align: justify;\">2015-04-28: \u00a0 Bayern M\u00fcnchen (1.) &#8211; Borussia Dortmund (1.) \u00a0 2-1 \u00a0 @\u00a0\u00a0 &gt;&gt;&gt; \u00a0 1-3 t.a.b.<br \/>\n2015-04-29: \u00a0 <strong>Arminia Bielefeld (3) &#8211; VfL Wolfsburg (1.)<\/strong> \u00a0 0-2 \u00a0 @* \u00a0 &gt;&gt;&gt; \u00a0 0-4<\/p>\n<p style=\"text-align: justify;\"><strong>Quota de tendance<\/strong> demi-finales : 1 sur 2 \/ <strong>50%<\/strong> (\u00ab\u00a0par hasard\u00a0\u00bb serait \u00f8 50%)<br \/>\n<strong>Quota correct<\/strong> depuis le 1\u00b0 tour : 47 sur 62 \/ <strong>76%<\/strong> (\u00ab\u00a0par hasard\u00a0\u00bb serait \u00f8 50%)<\/p>\n<p><img loading=\"lazy\" class=\"alignnone size-full wp-image-1936\" src=\"http:\/\/dataminingsoccer.com\/fr\/wp-content\/uploads\/sites\/6\/dfb-pokal.png\" alt=\"dfb-pokal\" width=\"50\" height=\"50\" \/><\/p>\n<p style=\"text-align: justify;\"><strong>Quarts de finale<\/strong>, Coupe d&rsquo;Allemagne &lsquo;DFB Pokal&rsquo; 2014-2015: pronostics \u00a0 <em><em><em>&gt;&gt;&gt; \u00a0 <\/em><\/em><\/em>r\u00e9sultats r\u00e9els:<\/p>\n<p style=\"text-align: justify;\">2015-04-07:\u00a0\u00a0 <strong>VfL Wolfsburg (1.) &#8211; SC Freiburg (1.)<\/strong>\u00a0\u00a0 2-0 \u00a0 @\u00a0\u00a0 &gt;&gt;&gt;\u00a0\u00a0 1-0<br \/>\n2015-04-07:\u00a0\u00a0 <strong>Borussia Dortmund (1.) &#8211; TSG Hoffenheim (1.)<\/strong>\u00a0\u00a0 2-1 \u00a0 @\u00a0\u00a0 &gt;&gt;&gt;\u00a0\u00a0 3-2 a.p.<br \/>\n2015-04-08:\u00a0\u00a0 Arminia Bielefeld (3.) &#8211; Bor. M\u00f6nchengladbach (1.)\u00a0\u00a0 0-2 \u00a0 @* \u00a0 &gt;&gt;&gt;\u00a0\u00a0 5-4 t.a.b.<br \/>\n2015-04-08:\u00a0\u00a0 <strong>Bayer 04 Leverkusen (1.) &#8211; Bayern M\u00fcnchen (1.)<\/strong>\u00a0\u00a0 1-2 \u00a0 @\u00a0\u00a0 &gt;&gt;&gt;\u00a0\u00a0 3-5 t.a.b.<\/p>\n<p style=\"text-align: justify;\"><strong>Quota de tendance<\/strong> <strong>quarts de finale<\/strong> : 3 sur 4 \/ <strong>75%<\/strong> (\u00ab\u00a0par hasard\u00a0\u00bb serait \u00f8 50%)<br \/>\n<strong>Quota correct<\/strong> depuis le 1\u00b0 tour : 46 sur 60 \/ <strong>77%<\/strong> (\u00ab\u00a0par hasard\u00a0\u00bb serait \u00f8 50%)<\/p>\n<p><img loading=\"lazy\" class=\"alignnone size-full wp-image-1936\" src=\"http:\/\/dataminingsoccer.com\/fr\/wp-content\/uploads\/sites\/6\/dfb-pokal.png\" alt=\"dfb-pokal\" width=\"50\" height=\"50\" \/><\/p>\n<p style=\"text-align: justify;\"><strong>Huiti\u00e8mes de finale<\/strong>, Coupe d&rsquo;Allemagne &lsquo;DFB Pokal&rsquo; 2014-2015: pronostics \u00a0 <em><em><em>&gt;&gt;&gt; \u00a0 <\/em><\/em><\/em>r\u00e9sultats r\u00e9els:<\/p>\n<p style=\"text-align: justify;\">2015-03-03:\u00a0\u00a0 <strong>Bayer 04 Leverkusen (1.) \u2013 1.FC Kaiserslautern (2.)<\/strong> \u00a0 2-1 \u00a0 @* \u00a0 &gt;&gt;&gt;\u00a0\u00a0 2-0 a.p.<br \/>\n2015-03-03:\u00a0\u00a0\u00a0<strong>VfR Aalen (2.) \u2013 TSG Hoffenheim (1.) \u00a0 0-2 \u00a0 @* \u00a0 &gt;&gt;&gt;\u00a0\u00a0 0-2<\/strong><br \/>\n2015-03-03:\u00a0\u00a0 <strong>SC Freiburg (1.) \u2013 1.FC K\u00f6ln (1.)<\/strong> \u00a0 2-1 a.p. \u00a0 @\u00a0\u00a0 &gt;&gt;&gt;\u00a0\u00a0 2-1<br \/>\n2015-03-03:\u00a0\u00a0 <strong>Dynamo Dresden (3.) \u2013 Borussia Dortmund (1.) \u00a0 0-2 \u00a0 @\u00a0\u00a0 &gt;&gt;&gt;\u00a0\u00a0 0-2<\/strong><br \/>\n2015-03-04:\u00a0\u00a0 <strong>RB Leipzig (2.) \u2013 VfL Wolfsburg (1.)<\/strong> \u00a0 1-3 \u00a0 @\u00a0\u00a0 &gt;&gt;&gt;\u00a0\u00a0 0-2<br \/>\n2015-03-04:\u00a0\u00a0 Arminia Bielefeld (3.) \u2013 Werder Bremen (1.) \u00a0 1-2 a.p. \u00a0 @** \u00a0 &gt;&gt;&gt;\u00a0\u00a0 3-1<br \/>\n2015-03-04:\u00a0\u00a0 <strong>Kickers Offenbach (4.) \u2013 Bor. M\u00f6nchengladbach (1.)<\/strong> \u00a0 0-3 \u00a0 @\u00a0\u00a0 &gt;&gt;&gt;\u00a0\u00a0 0-2<br \/>\n2015-03-04:\u00a0\u00a0 <strong>Bayern M\u00fcnchen (1.) \u2013 Eintracht Braunschweig (2.) \u00a0 2-0 \u00a0 @\u00a0\u00a0 &gt;&gt;&gt;\u00a0\u00a0 2-0<\/strong><\/p>\n<p style=\"text-align: justify;\"><strong>Quota de tendance<\/strong> <strong>huiti\u00e8mes de finale<\/strong> : 7 sur 8 \/ <strong>88%<\/strong> (\u00ab\u00a0par hasard\u00a0\u00bb serait \u00f8 50%)<br \/>\n<strong>Quota correct<\/strong> depuis le 1\u00b0 tour : 43 sur 56 \/ <strong>77%<\/strong> (\u00ab\u00a0par hasard\u00a0\u00bb serait \u00f8 50%)<\/p>\n<p><img loading=\"lazy\" class=\"alignnone size-full wp-image-1936\" src=\"http:\/\/dataminingsoccer.com\/fr\/wp-content\/uploads\/sites\/6\/dfb-pokal.png\" alt=\"dfb-pokal\" width=\"50\" height=\"50\" \/><\/p>\n<p style=\"text-align: justify;\"><strong>2\u00b0 tour<\/strong>, Coupe d&rsquo;Allemagne &lsquo;DFB Pokal&rsquo; 2014-2015: pronostics \u00a0 <em><em><em>&gt;&gt;&gt; \u00a0 <\/em><\/em><\/em>r\u00e9sultats r\u00e9els:<\/p>\n<p style=\"text-align: justify;\">2014-10-28:\u00a0\u00a0 <strong>Chemnitzer FC (3.) \u2013 Werder Bremen (1.)<\/strong> \u00a0 1-2 a.p. \u00a0 @ ** \u00a0 &gt;&gt;&gt; \u00a0 0-2<br \/>\n2014-10-28:\u00a0\u00a0 Arminia Bielefeld (3.) \u2013 Hertha BSC (1.) \u00a0 1-2 \u00a0 @ * \u00a0 &gt;&gt;&gt; \u00a0 4-2 t.a.b.<br \/>\n2014-10-28:\u00a0\u00a0 Kickers Offenbach (4.) \u2013 Karlsruher SC (2.) \u00a0 0-1\u00a0a.p.\u00a0 @ ** \u00a0 &gt;&gt;&gt; \u00a0 1-0<br \/>\n2014-10-28:\u00a0\u00a0 VfR Aalen (2.) \u2013 Hannover 96 (1.) \u00a0 0-2\u00a0\u00a0 @ * \u00a0 &gt;&gt;&gt;\u00a0\u00a0 2-0<br \/>\n2014-10-28:\u00a0\u00a0 Dynamo Dresden (3.) \u2013 VfL Bochum (2.) \u00a0 1-2 \u00a0 @ * \u00a0 &gt;&gt;&gt; \u00a0 2-1 a.p.<br \/>\n2014-10-28:\u00a0\u00a0 <strong>MSV Duisburg (3.) \u2013 1. FC Koeln (1.)<\/strong> \u00a0 1-2 \u00a0 @ * \u00a0 &gt;&gt;&gt; \u00a0 1-4 t.a.b.<br \/>\n2014-10-28:\u00a0\u00a0 <strong>1. FC Kaiserslautern (2.) \u2013 SpVgg Greuther Fuerth (2.)<\/strong>\u00a0\u00a0 2-1 \u00a0 @\u00a0\u00a0 &gt;&gt;&gt;\u00a0\u00a0 2-0<br \/>\n2014-10-28:\u00a0\u00a0 <strong>FC St. Pauli (2.) \u2013 Borussia Dortmund (1.)<\/strong>\u00a0 1-3 \u00a0 @\u00a0\u00a0 &gt;&gt;&gt; \u00a0 0-3<br \/>\n2014-10-29:\u00a0\u00a0 <strong>1. FC Magdeburg (4.) \u2013 Bayer 04 Leverkusen (1.)<\/strong> \u00a0 0-3 \u00a0 @\u00a0\u00a0 &gt;&gt;&gt;\u00a0\u00a0 4-5 t.a.b.<br \/>\n2014-10-29:\u00a0\u00a0 <strong>Wuerzburger Kickers (4.) \u2013 Eintracht Braunschweig (2.)<\/strong> \u00a0 1-2 \u00a0 @ * \u00a0 &gt;&gt;&gt; \u00a0 0-1<br \/>\n2014-10-29:\u00a0\u00a0 <strong>1860 Muenchen (2.) \u2013 SC Freiburg (1.)<\/strong> \u00a0 0-2 \u00a0 @ * \u00a0 &gt;&gt;&gt; \u00a0 2-5<br \/>\n2014-10-29:\u00a0\u00a0 <strong>RasenBallsport Leipzig (2.) \u2013 Erzgebirge Aue (2.)<\/strong>\u00a0\u00a0 2-1 \u00a0 @\u00a0\u00a0 &gt;&gt;&gt;\u00a0\u00a0 3-1 a.p.<br \/>\n2014-10-29:\u00a0\u00a0 <strong>Hamburger SV (1.) \u2013 Bayern Muenchen (1.)<\/strong> \u00a0 0-2 \u00a0 @\u00a0\u00a0 &gt;&gt;&gt; \u00a0 1-3<br \/>\n2014-10-29:\u00a0\u00a0 <strong>TSG Hoffenheim (1.) \u2013 FSV Frankfurt (2.)<\/strong> \u00a0 3-1 \u00a0 @\u00a0\u00a0 &gt;&gt;&gt; \u00a0 5-1<br \/>\n2014-10-29:\u00a0\u00a0 <strong>VfL Wolfsburg (1.) \u2013 1. FC Heidenheim (2.)<\/strong> \u00a0 2-0 \u00a0 @\u00a0\u00a0 &gt;&gt;&gt; \u00a0 4-1<br \/>\n2014-10-29:\u00a0\u00a0 <strong>Eintracht Frankfurt (1.) \u2013 Bor. Moenchengladbach (1.)<\/strong> \u00a0 1-2\u00a0a.p. \u00a0 @\u00a0\u00a0 &gt;&gt;&gt; \u00a0 1-2<\/p>\n<p style=\"text-align: justify;\"><strong>Quota de tendance<\/strong> <strong>du 2\u00b0 tour<\/strong> : 12 sur 16 \/ <strong>75%<\/strong> (\u00ab\u00a0par hasard\u00a0\u00bb serait \u00f8 50%)<br \/>\n<strong>Quota correct<\/strong> depuis le 1\u00b0 tour : 36 sur 48 \/ <strong>75%<\/strong> (\u00ab\u00a0par hasard\u00a0\u00bb serait \u00f8 50%)<\/p>\n<p><img loading=\"lazy\" class=\"alignnone size-full wp-image-1936\" src=\"http:\/\/dataminingsoccer.com\/fr\/wp-content\/uploads\/sites\/6\/dfb-pokal.png\" alt=\"dfb-pokal\" width=\"50\" height=\"50\" \/><\/p>\n<p style=\"text-align: justify;\"><strong>1\u00b0 tour<\/strong>, Coupe d&rsquo;Allemagne &lsquo;DFB Pokal&rsquo; 2014-2015: pronostics \u00a0 <em><em><em>&gt;&gt;&gt; \u00a0 <\/em><\/em><\/em>r\u00e9sultats r\u00e9els:<\/p>\n<p style=\"text-align: justify;\">2014-08-15:\u00a0\u00a0 Chemnitzer FC (3.) \u2013 Mainz 05 (1.) \u00a0 1-2\u00a0\u00a0 @ **\u00a0\u00a0 &gt;&gt;&gt; \u00a0 10-9 t.a.b.<br \/>\n2014-08-15:\u00a0\u00a0 <strong>SV Alemannia Waldalgesheim (6.) \u2013 Bayer Leverkusen\u00a0(1.)<\/strong> \u00a0 0-5<span id=\"more-2740\"><\/span>\u00a0\u00a0 @ *\u00a0\u00a0 &gt;&gt;&gt; \u00a0 0-6<br \/>\n2014-08-15:\u00a0\u00a0 MSV Duisburg (3.) \u2013 1. FC Nuernberg (2.)\u00a0\u00a0 1-2\u00a0\u00a0 @ **\u00a0\u00a0 &gt;&gt;&gt; \u00a0 1-0<br \/>\n2014-08-16:\u00a0\u00a0 <strong>FC 08 Homburg (4.) \u2013 Bor. Moenchengladbach\u00a0(1.)<\/strong> \u00a0 1-4\u00a0\u00a0@ * \u00a0 &gt;&gt;&gt;\u00a0\u00a0 1-3<br \/>\n2014-08-16:\u00a0\u00a0 <strong>Optik Rathenow (5.) \u2013 St. Pauli (2.)\u00a0\u00a0 1-3\u00a0\u00a0 @ * \u00a0 &gt;&gt;&gt;\u00a0\u00a0 1-3<\/strong><br \/>\n2014-08-16:\u00a0\u00a0 <strong>Bremer SV (5.) \u2013 Eintracht Braunschweig (2.)<\/strong>\u00a0\u00a0 0-3\u00a0\u00a0 @ * \u00a0 &gt;&gt;&gt;\u00a0\u00a0 0-1<br \/>\n2014-08-16:\u00a0\u00a0 <strong>VfL Bochum (2.) \u2013 VfB Stuttgart\u00a0(1.)<\/strong> \u00a0 2-1 \u00a0 @ *** \u00a0 &gt;&gt;&gt;\u00a0\u00a0 2-0<br \/>\n2014-08-16:\u00a0\u00a0 <strong>Viktoria Koeln (4.) \u2013 Hertha BSC\u00a0(1.)<\/strong> \u00a0 0-3 \u00a0 @ * \u00a0 &gt;&gt;&gt;\u00a0\u00a0 2-4<br \/>\n2014-08-16:\u00a0\u00a0 <strong>Stuttgarter Kickers (3.) \u2013 Borussia Dortmund\u00a0(1.)<\/strong> \u00a0 1-3 \u00a0 @ * \u00a0 &gt;&gt;&gt;\u00a0\u00a0 1-4<br \/>\n2014-08-16:\u00a0\u00a0 <strong>Astoria Walldorf (4.) \u2013 Hannover 96\u00a0(1.)<\/strong> \u00a0 1-4 \u00a0 @ * \u00a0 &gt;&gt;&gt;\u00a0\u00a0 1-3<br \/>\n2014-08-16:\u00a0\u00a0 <strong>FT Braunschweig (4.) \u2013 1. FC Koeln\u00a0(1.)<\/strong> \u00a0 1-3 \u00a0 @ * \u00a0 &gt;&gt;&gt;\u00a0\u00a0 0-4<br \/>\n2014-08-16:\u00a0\u00a0 <strong>SV Waldkirch (6.) \u2013 Greuther Fuerth (2.)\u00a0\u00a0 0-3 \u00a0 @ * \u00a0 &gt;&gt;&gt;\u00a0\u00a0 0-3<\/strong><br \/>\n2014-08-16:\u00a0\u00a0 <strong>Wehen Wiesbaden (3.) \u2013 Kaiserslautern (2.)<\/strong>\u00a0\u00a0 1-2 \u00a0 @ ** \u00a0 &gt;&gt;&gt;\u00a0\u00a0 3-5 t.a.b.<br \/>\n2014-08-16:\u00a0\u00a0 <strong>Viktoria Berlin (4.) \u2013 Eintracht Frankfurt (1.) \u00a0 0-2 \u00a0 @ * \u00a0 &gt;&gt;&gt;\u00a0\u00a0 0-2<\/strong><br \/>\n2014-08-16:\u00a0\u00a0 <strong>Sportfreunde Siegen (4.) \u2013 FSV Frankfurt (2.)<\/strong>\u00a0\u00a0 1-2 \u00a0 @ ** \u00a0 &gt;&gt;&gt;\u00a0\u00a0 4-5 t.a.b.<br \/>\n2014-08-17:\u00a0\u00a0 <strong>Schwarz-Weiss Rehden (4.) \u2013 VfR Aalen (2.)<\/strong>\u00a0\u00a0 1-2 \u00a0 @ ** \u00a0 &gt;&gt;&gt;\u00a0\u00a0 3-4 t.a.b.<br \/>\n2014-08-17:\u00a0\u00a0 <strong>Holstein Kiel (3.) \u2013 1860 Muenchen (2.)<\/strong>\u00a0\u00a0 2-3 \u00a0 @ ** \u00a0 &gt;&gt;&gt;\u00a0\u00a0 1-2<br \/>\n2014-08-17:\u00a0\u00a0 FV Illertissen (4.) \u2013 Werder Bremen\u00a0(1.) \u00a0 1-0\u00a0\u00a0 @ ***\u00a0\u00a0 &gt;&gt;&gt;\u00a0\u00a0 2-3 a.p.<br \/>\n2014-08-17:\u00a0\u00a0 <strong>Carl Zeiss Jena (4.) \u2013 Erzgebirge Aue (2.)<\/strong>\u00a0\u00a0 1-2 \u00a0 @ ** \u00a0 &gt;&gt;&gt;\u00a0\u00a0 0-1<br \/>\n2014-08-17:\u00a0\u00a0 <strong>USC Paloma (5.) \u2013 1899 Hoffenheim\u00a0(1.)<\/strong> \u00a0 1-5 \u00a0 @ * \u00a0 &gt;&gt;&gt;\u00a0\u00a0 0-9<br \/>\n2014-08-17:\u00a0\u00a0 <strong>Eintracht Trier (4.) \u2013 SC Freiburg\u00a0(1.) \u00a0 0-2 \u00a0 @ * \u00a0 &gt;&gt;&gt;\u00a0\u00a0 0-2<\/strong><br \/>\n2014-08-17:\u00a0\u00a0 <strong>Preussen Muenster (3.) \u2013 Bayern Muenchen\u00a0(1.) \u00a0 1-4 \u00a0 @ * \u00a0 &gt;&gt;&gt;\u00a0\u00a0 1-4<\/strong><br \/>\n2014-08-17:\u00a0\u00a0 Wuerzburger Kickers (4.) \u2013 Fortuna Duesseldorf (2.)\u00a0\u00a0 1-2 \u00a0 @ ** \u00a0 &gt;&gt;&gt;\u00a0\u00a0 3-2 a.p.<br \/>\n2014-08-17:\u00a0\u00a0 <strong>1. FC Neubrandenburg 04 (5.) \u2013 Karlsruher SC (2.)<\/strong>\u00a0\u00a0 0-3 \u00a0 @ * \u00a0 &gt;&gt;&gt;\u00a0\u00a0 1-3<br \/>\n2014-08-17:\u00a0\u00a0 Arminia Bielefeld (3.) \u2013 Sandhausen (2.)\u00a0\u00a0 1-2 \u00a0 @ ** \u00a0 &gt;&gt;&gt;\u00a0\u00a0 4-1<br \/>\n2014-08-17:\u00a0\u00a0 1. FC Magdeburg (4.) \u2013 Augsburg (1.)\u00a0\u00a0 1-3 \u00a0 @ * \u00a0 &gt;&gt;&gt;\u00a0\u00a0 1-0<br \/>\n2014-08-17:\u00a0\u00a0 <strong>RB Leipzig (2.) \u2013 Paderborn (1.)\u00a0\u00a0 2-1 \u00a0 @ ***\u00a0\u00a0 &gt;&gt;&gt;\u00a0\u00a0 2-1 a.p.<\/strong><br \/>\n2014-08-17:\u00a0\u00a0 <strong>Darmstadt 98 (2.) \u2013 Wolfsburg (1.)<\/strong>\u00a0\u00a0 1-2 \u00a0 @ ** \u00a0 &gt;&gt;&gt;\u00a0\u00a0 4-5 t.a.b.<br \/>\n2014-08-18:\u00a0\u00a0 <strong>Heidenheim (2.) \u2013 Union Berlin (2.)\u00a0\u00a0 2-1 \u00a0 &gt;&gt;&gt;\u00a0\u00a0 2-1<\/strong><br \/>\n2014-08-18:\u00a0\u00a0 Kickers Offenbach (4.) \u2013 Ingolstadt (2.) \u00a0 1-2 \u00a0 @ ** \u00a0 &gt;&gt;&gt;\u00a0\u00a0 4-2 t.a.b.<br \/>\n2014-08-18:\u00a0\u00a0 <strong>Energie Cottbus (3.) \u2013 Hamburger SV (1.)<\/strong>\u00a0\u00a0 2-3 \u00a0 @ ** \u00a0 &gt;&gt;&gt;\u00a0\u00a0 3-6 t.a.b.<br \/>\n2014-08-18:\u00a0\u00a0 Dynamo Dresden (3.) \u2013 Schalke 04 (1.)\u00a0\u00a0 1-2 \u00a0 @ ** \u00a0 &gt;&gt;&gt;\u00a0\u00a0 2-1<\/p>\n<p><strong>Quota de tendance<\/strong> <strong>du 1\u00b0 tour<\/strong> : 24 sur 32 \/ <strong>75%<\/strong> (\u00ab\u00a0par hasard\u00a0\u00bb serait \u00f8 50%)<br \/>\n<strong>Quota correct<\/strong> depuis le 1\u00b0 tour : 24 sur 32 \/ <strong>75%<\/strong> (\u00ab\u00a0par hasard\u00a0\u00bb serait \u00f8 50%)<\/p>\n<p>Logiciel data mining utilis\u00e9 : <a title=\"Data.Mining.Fox\" href=\"http:\/\/www.easydatamining.com\" target=\"_blank\">[Data.Mining.Fox\u00ae (DMF) de Easy.Data.Mining\u2122]<\/a><\/p>\n<p><img loading=\"lazy\" class=\"alignnone size-full wp-image-1936\" src=\"http:\/\/dataminingsoccer.com\/fr\/wp-content\/uploads\/sites\/6\/dfb-pokal.png\" alt=\"dfb-pokal\" width=\"50\" height=\"50\" \/><\/p>\n<p><a title=\"DFB-Pokal 2014\/15\" href=\"http:\/\/dataminingsoccer.com\/fr\/allemagne\/pronostics-coupe-dfb-pokal\/dfb-pokal-2014-2015\/\"><img loading=\"lazy\" class=\"alignnone size-full wp-image-1072\" src=\"http:\/\/dataminingsoccer.com\/fr\/wp-content\/uploads\/sites\/6\/Data-Mining-Soccer-haut-de-page-m.png\" alt=\"Data-Mining-Soccer-haut-de-page\" width=\"50\" height=\"50\" \/><\/a>\u00a0\u00a0\u00a0\u00a0 <a href=\"http:\/\/dataminingsoccer.com\/fr\/\"><img loading=\"lazy\" class=\"alignnone size-full wp-image-1070\" src=\"http:\/\/dataminingsoccer.com\/fr\/wp-content\/uploads\/sites\/6\/Data-Mining-Soccer-football-resultat-pronostics-m.png\" alt=\"Data-Mining-Soccer-football-resultat-pronostics\" width=\"50\" height=\"50\" \/><\/a>\u00a0\u00a0\u00a0\u00a0 <a title=\"DataMiningSoccer (fran\u00e7ais) @Twitter\" href=\"http:\/\/twitter.com\/DataMinSoccerFR\" target=\"_blank\"><img loading=\"lazy\" class=\"alignnone size-full wp-image-1473\" src=\"http:\/\/dataminingsoccer.com\/fr\/wp-content\/uploads\/sites\/6\/Twitter-Data-Mining-Soccer.png\" alt=\"Twitter-Data-Mining-Soccer\" width=\"50\" height=\"50\" \/><\/a>\u00a0\u00a0\u00a0\u00a0 <a title=\"DataMiningSoccer (anglais) @Facebook\" href=\"http:\/\/www.facebook.com\/dataminingsoccer\" target=\"_blank\"><img loading=\"lazy\" class=\"alignnone size-full wp-image-1469\" src=\"http:\/\/dataminingsoccer.com\/fr\/wp-content\/uploads\/sites\/6\/Facebook-Data-Mining-Soccer.png\" alt=\"Facebook-Data-Mining-Soccer\" width=\"50\" height=\"50\" \/><\/a>\u00a0\u00a0\u00a0\u00a0 <a title=\"DataMiningSoccer @YouTube\" href=\"http:\/\/www.youtube.com\/channel\/UCxGBQc_ziGx_Ylgc0k94QWg\" target=\"_blank\"><img loading=\"lazy\" class=\"alignnone size-full wp-image-1475\" src=\"http:\/\/dataminingsoccer.com\/fr\/wp-content\/uploads\/sites\/6\/YouTube-Data-Mining-Soccer.png\" alt=\"YouTube-Data-Mining-Soccer\" width=\"50\" height=\"50\" \/><\/a><\/p>\n<p>&nbsp;<\/p>\n","protected":false},"excerpt":{"rendered":"<p>R\u00e9sultats de Football: Pronostics utilisant Data MiningLogiciel data mining utilis\u00e9 : [Data.Mining.Fox\u00ae (DMF) de Easy.Data.Mining\u2122] Fais attention stp. \u00e0 notre [clause de non-responsabilit\u00e9] pour les pr\u00e9dictions suivantes. Finale, Coupe d&rsquo;Allemagne &lsquo;DFB Pokal&rsquo; 2014-2015: pronostics \u00a0 &gt;&gt;&gt; \u00a0 r\u00e9sultats r\u00e9els: Les chiffres entre parenth\u00e8ses indiquent les ligues des \u00e9quipes. Le nombre d&rsquo;\u00e9toiles * est notre indicateur &hellip; <a href=\"http:\/\/dataminingsoccer.com\/fr\/allemagne\/pronostics-1-bundesliga\/dfb-pokal-2014-2015\/\" class=\"more-link\">Continuer la lecture de <span class=\"screen-reader-text\">DFB-Pokal 2014\/15<\/span> <span class=\"meta-nav\">&rarr;<\/span><\/a><\/p>\n","protected":false},"author":7,"featured_media":0,"parent":926,"menu_order":99,"comment_status":"closed","ping_status":"closed","template":"","meta":[],"yoast_head":"<!-- This site is optimized with the Yoast SEO plugin v14.8 - https:\/\/yoast.com\/wordpress\/plugins\/seo\/ -->\n<meta name=\"description\" content=\"Pronostics de r\u00e9sultats de football de la Coupe d&#039;Allemagne (&#039;DFB Pokal&#039;) 2014-2015 bas\u00e9 sur les analyses statistiques utilisant un logiciel data mining.\" \/>\n<meta name=\"robots\" content=\"index, follow\" \/>\n<meta name=\"googlebot\" content=\"index, follow, max-snippet:-1, max-image-preview:large, max-video-preview:-1\" \/>\n<meta name=\"bingbot\" content=\"index, follow, max-snippet:-1, max-image-preview:large, max-video-preview:-1\" \/>\n<link rel=\"canonical\" href=\"http:\/\/dataminingsoccer.com\/fr\/allemagne\/pronostics-1-bundesliga\/dfb-pokal-2014-2015\/\" \/>\n<script type=\"application\/ld+json\" class=\"yoast-schema-graph\">{\"@context\":\"https:\/\/schema.org\",\"@graph\":[{\"@type\":\"WebSite\",\"@id\":\"http:\/\/dataminingsoccer.com\/fr\/#website\",\"url\":\"http:\/\/dataminingsoccer.com\/fr\/\",\"name\":\"Pronostics de R\\u00e9sultats de Football\",\"description\":\"bas\\u00e9 sur des analyses statistiques utilisant data mining.. Nous aimons le football!     Nous aimons les jeux de nombre!\",\"potentialAction\":[{\"@type\":\"SearchAction\",\"target\":\"http:\/\/dataminingsoccer.com\/fr\/?s={search_term_string}\",\"query-input\":\"required name=search_term_string\"}],\"inLanguage\":\"fr-FR\"},{\"@type\":\"ImageObject\",\"@id\":\"http:\/\/dataminingsoccer.com\/fr\/allemagne\/pronostics-1-bundesliga\/dfb-pokal-2014-2015\/#primaryimage\",\"inLanguage\":\"fr-FR\",\"url\":\"http:\/\/dataminingsoccer.com\/fr\/wp-content\/uploads\/sites\/6\/dfb-pokal.png\",\"width\":50,\"height\":50,\"caption\":\"dfb-pokal\"},{\"@type\":\"WebPage\",\"@id\":\"http:\/\/dataminingsoccer.com\/fr\/allemagne\/pronostics-1-bundesliga\/dfb-pokal-2014-2015\/#webpage\",\"url\":\"http:\/\/dataminingsoccer.com\/fr\/allemagne\/pronostics-1-bundesliga\/dfb-pokal-2014-2015\/\",\"name\":\"DFB-Pokal 2014\/15 - Pronostics de R\\u00e9sultats de Football\",\"isPartOf\":{\"@id\":\"http:\/\/dataminingsoccer.com\/fr\/#website\"},\"primaryImageOfPage\":{\"@id\":\"http:\/\/dataminingsoccer.com\/fr\/allemagne\/pronostics-1-bundesliga\/dfb-pokal-2014-2015\/#primaryimage\"},\"datePublished\":\"2014-08-01T10:15:59+00:00\",\"dateModified\":\"2016-05-10T01:00:33+00:00\",\"description\":\"Pronostics de r\\u00e9sultats de football de la Coupe d'Allemagne ('DFB Pokal') 2014-2015 bas\\u00e9 sur les analyses statistiques utilisant un logiciel data mining.\",\"inLanguage\":\"fr-FR\",\"potentialAction\":[{\"@type\":\"ReadAction\",\"target\":[\"http:\/\/dataminingsoccer.com\/fr\/allemagne\/pronostics-1-bundesliga\/dfb-pokal-2014-2015\/\"]}]}]}<\/script>\n<!-- \/ Yoast SEO plugin. -->","_links":{"self":[{"href":"http:\/\/dataminingsoccer.com\/fr\/wp-json\/wp\/v2\/pages\/1944"}],"collection":[{"href":"http:\/\/dataminingsoccer.com\/fr\/wp-json\/wp\/v2\/pages"}],"about":[{"href":"http:\/\/dataminingsoccer.com\/fr\/wp-json\/wp\/v2\/types\/page"}],"author":[{"embeddable":true,"href":"http:\/\/dataminingsoccer.com\/fr\/wp-json\/wp\/v2\/users\/7"}],"replies":[{"embeddable":true,"href":"http:\/\/dataminingsoccer.com\/fr\/wp-json\/wp\/v2\/comments?post=1944"}],"version-history":[{"count":42,"href":"http:\/\/dataminingsoccer.com\/fr\/wp-json\/wp\/v2\/pages\/1944\/revisions"}],"predecessor-version":[{"id":3167,"href":"http:\/\/dataminingsoccer.com\/fr\/wp-json\/wp\/v2\/pages\/1944\/revisions\/3167"}],"up":[{"embeddable":true,"href":"http:\/\/dataminingsoccer.com\/fr\/wp-json\/wp\/v2\/pages\/926"}],"wp:attachment":[{"href":"http:\/\/dataminingsoccer.com\/fr\/wp-json\/wp\/v2\/media?parent=1944"}],"curies":[{"name":"wp","href":"https:\/\/api.w.org\/{rel}","templated":true}]}}