{"id":1749,"date":"2014-07-04T01:44:27","date_gmt":"2014-07-03T23:44:27","guid":{"rendered":"http:\/\/dataminingsoccer.com\/fr\/?page_id=1749"},"modified":"2014-07-16T23:19:09","modified_gmt":"2014-07-16T21:19:09","slug":"videos-fournis-par-des-tiers","status":"publish","type":"page","link":"http:\/\/dataminingsoccer.com\/fr\/videos\/videos-fournis-par-des-tiers\/","title":{"rendered":"Vid\u00e9os fournis par des Tiers"},"content":{"rendered":"<h2>Vid\u00e9os Infotainment sur Football et Statistiques <\/h2><p style=\"text-align: justify;\">Ci-dessous vous trouvez un certain nombre de nos vid\u00e9os d&rsquo;info-divertissement sur \u200b\u200ble football et des statistiques fournies par de tierces parties.<\/p>\n<p>Par ailleurs, nous essayons toujours d\u2019\u00e9num\u00e9rer toutes les sources et contributeurs comme auteurs. Dans le cas o\u00f9 vous identifiez une source pas encore mentionn\u00e9, nous vous serions reconnaissants d\u2019une indication par <a title=\"Contact\" href=\"http:\/\/dataminingsoccer.com\/fr\/contact\/\">[contact]<\/a>.<\/p>\n<p>Lego Ligue des Champions 2012-2013, finale Borussia Dortmund &#8211; Bayern Munich (en anglais):<\/p>\n<p><iframe src=\"\/\/www.youtube-nocookie.com\/embed\/jnm6sJsbkOk?rel=0\" width=\"640\" height=\"360\" frameborder=\"0\" allowfullscreen=\"allowfullscreen\"><\/iframe><\/p>\n<p>Source \/ auteur: The Guardian\u00a0Brick-by-Brick @ Youtube<\/p>\n<p>Lego Coupe du Monde 1966, finale Angleterre &#8211; Allemagne (en anglais):<\/p>\n<p><iframe src=\"\/\/www.youtube-nocookie.com\/embed\/c7DIf1Z-CPQ?rel=0\" width=\"640\" height=\"360\" frameborder=\"0\" allowfullscreen=\"allowfullscreen\"><\/iframe><\/p>\n<p>Source \/ auteur: The Guardian\u00a0Brick-by-Brick @ Youtube<\/p>\n<p style=\"text-align: justify;\"><a title=\"Vid\u00e9os fournis par des tiers\" href=\"http:\/\/dataminingsoccer.com\/fr\/videos\/videos-fournis-par-des-tiers\/\"><img loading=\"lazy\" class=\"alignnone size-full wp-image-1072\" src=\"http:\/\/dataminingsoccer.com\/fr\/wp-content\/uploads\/sites\/6\/Data-Mining-Soccer-haut-de-page-m.png\" alt=\"Data-Mining-Soccer-haut-de-page\" width=\"50\" height=\"50\" \/><\/a>\u00a0\u00a0\u00a0\u00a0 <a href=\"http:\/\/dataminingsoccer.com\/fr\/\"><img loading=\"lazy\" class=\"alignnone size-full wp-image-1070\" src=\"http:\/\/dataminingsoccer.com\/fr\/wp-content\/uploads\/sites\/6\/Data-Mining-Soccer-football-resultat-pronostics-m.png\" alt=\"Data-Mining-Soccer-football-resultat-pronostics\" width=\"50\" height=\"50\" \/><\/a>\u00a0\u00a0\u00a0\u00a0 <a title=\"DataMiningSoccer (fran\u00e7ais) @Twitter\" href=\"http:\/\/twitter.com\/DataMinSoccerFR\" target=\"_blank\"><img loading=\"lazy\" class=\"alignnone size-full wp-image-1473\" src=\"http:\/\/dataminingsoccer.com\/fr\/wp-content\/uploads\/sites\/6\/Twitter-Data-Mining-Soccer.png\" alt=\"Twitter-Data-Mining-Soccer\" width=\"50\" height=\"50\" \/><\/a>\u00a0\u00a0\u00a0\u00a0 <a title=\"DataMiningSoccer (anglais) @Facebook\" href=\"http:\/\/www.facebook.com\/dataminingsoccer\" target=\"_blank\"><img loading=\"lazy\" class=\"alignnone size-full wp-image-1469\" src=\"http:\/\/dataminingsoccer.com\/fr\/wp-content\/uploads\/sites\/6\/Facebook-Data-Mining-Soccer.png\" alt=\"Facebook-Data-Mining-Soccer\" width=\"50\" height=\"50\" \/><\/a>\u00a0\u00a0\u00a0\u00a0 <a title=\"DataMiningSoccer @YouTube\" href=\"http:\/\/www.youtube.com\/channel\/UCxGBQc_ziGx_Ylgc0k94QWg\" target=\"_blank\"><img loading=\"lazy\" class=\"alignnone size-full wp-image-1475\" src=\"http:\/\/dataminingsoccer.com\/fr\/wp-content\/uploads\/sites\/6\/YouTube-Data-Mining-Soccer.png\" alt=\"YouTube-Data-Mining-Soccer\" width=\"50\" height=\"50\" \/><\/a><\/p>\n","protected":false},"excerpt":{"rendered":"<p>Vid\u00e9os Infotainment sur Football et Statistiques Ci-dessous vous trouvez un certain nombre de nos vid\u00e9os d&rsquo;info-divertissement sur \u200b\u200ble football et des statistiques fournies par de tierces parties. Par ailleurs, nous essayons toujours d\u2019\u00e9num\u00e9rer toutes les sources et contributeurs comme auteurs. Dans le cas o\u00f9 vous identifiez une source pas encore mentionn\u00e9, nous vous serions reconnaissants &hellip; <a href=\"http:\/\/dataminingsoccer.com\/fr\/videos\/videos-fournis-par-des-tiers\/\" class=\"more-link\">Continuer la lecture de <span class=\"screen-reader-text\">Vid\u00e9os fournis par des Tiers<\/span> <span class=\"meta-nav\">&rarr;<\/span><\/a><\/p>\n","protected":false},"author":7,"featured_media":0,"parent":1746,"menu_order":20,"comment_status":"closed","ping_status":"closed","template":"","meta":[],"yoast_head":"<!-- This site is optimized with the Yoast SEO plugin v14.8 - https:\/\/yoast.com\/wordpress\/plugins\/seo\/ -->\n<meta name=\"description\" content=\"Vid\u00e9os infotainment par par des tiers sur nos sujets centraux de football et des statistiques\" \/>\n<meta name=\"robots\" content=\"index, follow\" \/>\n<meta name=\"googlebot\" content=\"index, follow, max-snippet:-1, max-image-preview:large, max-video-preview:-1\" \/>\n<meta name=\"bingbot\" content=\"index, follow, max-snippet:-1, max-image-preview:large, max-video-preview:-1\" \/>\n<link rel=\"canonical\" href=\"http:\/\/dataminingsoccer.com\/fr\/videos\/videos-fournis-par-des-tiers\/\" \/>\n<script type=\"application\/ld+json\" class=\"yoast-schema-graph\">{\"@context\":\"https:\/\/schema.org\",\"@graph\":[{\"@type\":\"WebSite\",\"@id\":\"http:\/\/dataminingsoccer.com\/fr\/#website\",\"url\":\"http:\/\/dataminingsoccer.com\/fr\/\",\"name\":\"Pronostics de R\\u00e9sultats de Football\",\"description\":\"bas\\u00e9 sur des analyses statistiques utilisant data mining.. Nous aimons le football!     Nous aimons les jeux de nombre!\",\"potentialAction\":[{\"@type\":\"SearchAction\",\"target\":\"http:\/\/dataminingsoccer.com\/fr\/?s={search_term_string}\",\"query-input\":\"required name=search_term_string\"}],\"inLanguage\":\"fr-FR\"},{\"@type\":\"ImageObject\",\"@id\":\"http:\/\/dataminingsoccer.com\/fr\/videos\/videos-fournis-par-des-tiers\/#primaryimage\",\"inLanguage\":\"fr-FR\",\"url\":\"http:\/\/dataminingsoccer.com\/fr\/wp-content\/uploads\/sites\/6\/Data-Mining-Soccer-haut-de-page-m.png\",\"width\":50,\"height\":50,\"caption\":\"haut de la page\"},{\"@type\":\"WebPage\",\"@id\":\"http:\/\/dataminingsoccer.com\/fr\/videos\/videos-fournis-par-des-tiers\/#webpage\",\"url\":\"http:\/\/dataminingsoccer.com\/fr\/videos\/videos-fournis-par-des-tiers\/\",\"name\":\"Vid\\u00e9os fournis par des Tiers - Pronostics de R\\u00e9sultats de Football\",\"isPartOf\":{\"@id\":\"http:\/\/dataminingsoccer.com\/fr\/#website\"},\"primaryImageOfPage\":{\"@id\":\"http:\/\/dataminingsoccer.com\/fr\/videos\/videos-fournis-par-des-tiers\/#primaryimage\"},\"datePublished\":\"2014-07-03T23:44:27+00:00\",\"dateModified\":\"2014-07-16T21:19:09+00:00\",\"description\":\"Vid\\u00e9os infotainment par par des tiers sur nos sujets centraux de football et des statistiques\",\"inLanguage\":\"fr-FR\",\"potentialAction\":[{\"@type\":\"ReadAction\",\"target\":[\"http:\/\/dataminingsoccer.com\/fr\/videos\/videos-fournis-par-des-tiers\/\"]}]}]}<\/script>\n<!-- \/ Yoast SEO plugin. -->","_links":{"self":[{"href":"http:\/\/dataminingsoccer.com\/fr\/wp-json\/wp\/v2\/pages\/1749"}],"collection":[{"href":"http:\/\/dataminingsoccer.com\/fr\/wp-json\/wp\/v2\/pages"}],"about":[{"href":"http:\/\/dataminingsoccer.com\/fr\/wp-json\/wp\/v2\/types\/page"}],"author":[{"embeddable":true,"href":"http:\/\/dataminingsoccer.com\/fr\/wp-json\/wp\/v2\/users\/7"}],"replies":[{"embeddable":true,"href":"http:\/\/dataminingsoccer.com\/fr\/wp-json\/wp\/v2\/comments?post=1749"}],"version-history":[{"count":7,"href":"http:\/\/dataminingsoccer.com\/fr\/wp-json\/wp\/v2\/pages\/1749\/revisions"}],"predecessor-version":[{"id":1907,"href":"http:\/\/dataminingsoccer.com\/fr\/wp-json\/wp\/v2\/pages\/1749\/revisions\/1907"}],"up":[{"embeddable":true,"href":"http:\/\/dataminingsoccer.com\/fr\/wp-json\/wp\/v2\/pages\/1746"}],"wp:attachment":[{"href":"http:\/\/dataminingsoccer.com\/fr\/wp-json\/wp\/v2\/media?parent=1749"}],"curies":[{"name":"wp","href":"https:\/\/api.w.org\/{rel}","templated":true}]}}