{"id":1746,"date":"2014-07-03T03:07:26","date_gmt":"2014-07-03T01:07:26","guid":{"rendered":"http:\/\/dataminingsoccer.com\/fr\/?page_id=1746"},"modified":"2014-07-15T14:06:24","modified_gmt":"2014-07-15T12:06:24","slug":"videos","status":"publish","type":"page","link":"http:\/\/dataminingsoccer.com\/fr\/videos\/","title":{"rendered":"Vid\u00e9os"},"content":{"rendered":"<h2>Vid\u00e9os Infotainment par DataMiningSoccer et Tiers<\/h2><p style=\"text-align: justify;\"><span id=\"result_box\" lang=\"fr\"><span class=\"hps\">Sur<\/span> <span class=\"hps\">les<\/span> <span class=\"hps atn\">sous-<\/span>pages suivantes, vous <span class=\"hps\">pouvez<\/span> <span class=\"hps\">trouver<\/span> <span class=\"hps\">de nombreuses vid\u00e9os<\/span> <span class=\"hps\">divertissants et<\/span> <span class=\"hps\">en m\u00eame temps<\/span> <span class=\"hps\">souvent<\/span> <span class=\"hps\">informatifs sur<\/span> <span class=\"hps\">nos<\/span> <span class=\"hps\">th\u00e8mes centraux<\/span> <span class=\"hps\">de football<\/span> <span class=\"hps\">et des statistiques<\/span>. <\/span><\/p>\n<p style=\"text-align: justify;\"><span id=\"result_box\" lang=\"fr\"><span class=\"hps\">Ici vous arrivez<\/span> <span class=\"hps\">directement aux <\/span><a title=\"Vid\u00e9os cr\u00e9\u00e9s par nous\" href=\"http:\/\/dataminingsoccer.com\/fr\/videos\/videos-crees-par-nous\/\"><span class=\"hps atn\">[<\/span>vid\u00e9os <span class=\"hps\">produits par nous-m\u00eame<\/span>]<\/a>, <span class=\"hps\">et<\/span> <span class=\"hps\">ici<\/span> <span class=\"hps\">aux<\/span> <a title=\"Vid\u00e9os fournis par des tiers\" href=\"http:\/\/dataminingsoccer.com\/fr\/videos\/videos-fournis-par-des-tiers\/\"><span class=\"hps atn\">[<\/span>vid\u00e9os <span class=\"hps\">fournis par des tiers<\/span>]<\/a>.<\/span><\/p>\n<p><span class=\"hps\">Amusez-vous bien<\/span>!<\/p>\n<p style=\"text-align: justify;\"><a title=\"Videos\" href=\"http:\/\/dataminingsoccer.com\/fr\/videos\/\"><img loading=\"lazy\" class=\"alignnone size-full wp-image-1072\" src=\"http:\/\/dataminingsoccer.com\/fr\/wp-content\/uploads\/sites\/6\/Data-Mining-Soccer-haut-de-page-m.png\" alt=\"Data-Mining-Soccer-haut-de-page\" width=\"50\" height=\"50\" \/><\/a>\u00a0\u00a0\u00a0\u00a0 <a href=\"http:\/\/dataminingsoccer.com\/fr\/\"><img loading=\"lazy\" class=\"alignnone size-full wp-image-1070\" src=\"http:\/\/dataminingsoccer.com\/fr\/wp-content\/uploads\/sites\/6\/Data-Mining-Soccer-football-resultat-pronostics-m.png\" alt=\"Data-Mining-Soccer-football-resultat-pronostics\" width=\"50\" height=\"50\" \/><\/a>\u00a0\u00a0\u00a0\u00a0 <a title=\"DataMiningSoccer (fran\u00e7ais) @Twitter\" href=\"http:\/\/twitter.com\/DataMinSoccerFR\" target=\"_blank\"><img loading=\"lazy\" class=\"alignnone size-full wp-image-1473\" src=\"http:\/\/dataminingsoccer.com\/fr\/wp-content\/uploads\/sites\/6\/Twitter-Data-Mining-Soccer.png\" alt=\"Twitter-Data-Mining-Soccer\" width=\"50\" height=\"50\" \/><\/a>\u00a0\u00a0\u00a0\u00a0 <a title=\"DataMiningSoccer (anglais) @Facebook\" href=\"http:\/\/www.facebook.com\/dataminingsoccer\" target=\"_blank\"><img loading=\"lazy\" class=\"alignnone size-full wp-image-1469\" src=\"http:\/\/dataminingsoccer.com\/fr\/wp-content\/uploads\/sites\/6\/Facebook-Data-Mining-Soccer.png\" alt=\"Facebook-Data-Mining-Soccer\" width=\"50\" height=\"50\" \/><\/a>\u00a0\u00a0\u00a0\u00a0 <a title=\"DataMiningSoccer @YouTube\" href=\"http:\/\/www.youtube.com\/channel\/UCxGBQc_ziGx_Ylgc0k94QWg\" target=\"_blank\"><img loading=\"lazy\" class=\"alignnone size-full wp-image-1475\" src=\"http:\/\/dataminingsoccer.com\/fr\/wp-content\/uploads\/sites\/6\/YouTube-Data-Mining-Soccer.png\" alt=\"YouTube-Data-Mining-Soccer\" width=\"50\" height=\"50\" \/><\/a><\/p>\n","protected":false},"excerpt":{"rendered":"<p>Vid\u00e9os Infotainment par DataMiningSoccer et TiersSur les sous-pages suivantes, vous pouvez trouver de nombreuses vid\u00e9os divertissants et en m\u00eame temps souvent informatifs sur nos th\u00e8mes centraux de football et des statistiques. Ici vous arrivez directement aux [vid\u00e9os produits par nous-m\u00eame], et ici aux [vid\u00e9os fournis par des tiers]. Amusez-vous bien! \u00a0\u00a0\u00a0\u00a0 \u00a0\u00a0\u00a0\u00a0 \u00a0\u00a0\u00a0\u00a0 \u00a0\u00a0\u00a0\u00a0<\/p>\n","protected":false},"author":7,"featured_media":0,"parent":0,"menu_order":55,"comment_status":"closed","ping_status":"closed","template":"","meta":[],"yoast_head":"<!-- This site is optimized with the Yoast SEO plugin v14.8 - https:\/\/yoast.com\/wordpress\/plugins\/seo\/ -->\n<meta name=\"description\" content=\"Vid\u00e9os infotainment par DataMiningSoccer et des tiers sur nos sujets de base: football et statistiques\" \/>\n<meta name=\"robots\" content=\"index, follow\" \/>\n<meta name=\"googlebot\" content=\"index, follow, max-snippet:-1, max-image-preview:large, max-video-preview:-1\" \/>\n<meta name=\"bingbot\" content=\"index, follow, max-snippet:-1, max-image-preview:large, max-video-preview:-1\" \/>\n<link rel=\"canonical\" href=\"http:\/\/dataminingsoccer.com\/fr\/videos\/\" \/>\n<script type=\"application\/ld+json\" class=\"yoast-schema-graph\">{\"@context\":\"https:\/\/schema.org\",\"@graph\":[{\"@type\":\"WebSite\",\"@id\":\"http:\/\/dataminingsoccer.com\/fr\/#website\",\"url\":\"http:\/\/dataminingsoccer.com\/fr\/\",\"name\":\"Pronostics de R\\u00e9sultats de Football\",\"description\":\"bas\\u00e9 sur des analyses statistiques utilisant data mining.. Nous aimons le football!     Nous aimons les jeux de nombre!\",\"potentialAction\":[{\"@type\":\"SearchAction\",\"target\":\"http:\/\/dataminingsoccer.com\/fr\/?s={search_term_string}\",\"query-input\":\"required name=search_term_string\"}],\"inLanguage\":\"fr-FR\"},{\"@type\":\"ImageObject\",\"@id\":\"http:\/\/dataminingsoccer.com\/fr\/videos\/#primaryimage\",\"inLanguage\":\"fr-FR\",\"url\":\"http:\/\/dataminingsoccer.com\/fr\/wp-content\/uploads\/sites\/6\/Data-Mining-Soccer-haut-de-page-m.png\",\"width\":50,\"height\":50,\"caption\":\"haut de la page\"},{\"@type\":\"WebPage\",\"@id\":\"http:\/\/dataminingsoccer.com\/fr\/videos\/#webpage\",\"url\":\"http:\/\/dataminingsoccer.com\/fr\/videos\/\",\"name\":\"Vid\\u00e9os - Pronostics de R\\u00e9sultats de Football\",\"isPartOf\":{\"@id\":\"http:\/\/dataminingsoccer.com\/fr\/#website\"},\"primaryImageOfPage\":{\"@id\":\"http:\/\/dataminingsoccer.com\/fr\/videos\/#primaryimage\"},\"datePublished\":\"2014-07-03T01:07:26+00:00\",\"dateModified\":\"2014-07-15T12:06:24+00:00\",\"description\":\"Vid\\u00e9os infotainment par DataMiningSoccer et des tiers sur nos sujets de base: football et statistiques\",\"inLanguage\":\"fr-FR\",\"potentialAction\":[{\"@type\":\"ReadAction\",\"target\":[\"http:\/\/dataminingsoccer.com\/fr\/videos\/\"]}]}]}<\/script>\n<!-- \/ Yoast SEO plugin. -->","_links":{"self":[{"href":"http:\/\/dataminingsoccer.com\/fr\/wp-json\/wp\/v2\/pages\/1746"}],"collection":[{"href":"http:\/\/dataminingsoccer.com\/fr\/wp-json\/wp\/v2\/pages"}],"about":[{"href":"http:\/\/dataminingsoccer.com\/fr\/wp-json\/wp\/v2\/types\/page"}],"author":[{"embeddable":true,"href":"http:\/\/dataminingsoccer.com\/fr\/wp-json\/wp\/v2\/users\/7"}],"replies":[{"embeddable":true,"href":"http:\/\/dataminingsoccer.com\/fr\/wp-json\/wp\/v2\/comments?post=1746"}],"version-history":[{"count":6,"href":"http:\/\/dataminingsoccer.com\/fr\/wp-json\/wp\/v2\/pages\/1746\/revisions"}],"predecessor-version":[{"id":1900,"href":"http:\/\/dataminingsoccer.com\/fr\/wp-json\/wp\/v2\/pages\/1746\/revisions\/1900"}],"wp:attachment":[{"href":"http:\/\/dataminingsoccer.com\/fr\/wp-json\/wp\/v2\/media?parent=1746"}],"curies":[{"name":"wp","href":"https:\/\/api.w.org\/{rel}","templated":true}]}}