{"id":1590,"date":"2014-06-18T14:04:38","date_gmt":"2014-06-18T12:04:38","guid":{"rendered":"http:\/\/dataminingsoccer.com\/fr\/?page_id=1590"},"modified":"2014-07-05T02:25:39","modified_gmt":"2014-07-05T00:25:39","slug":"coupe-du-monde-2010","status":"publish","type":"page","link":"http:\/\/dataminingsoccer.com\/fr\/coupe-du-monde-et-coupe-d-europe\/taux-de-succes\/coupe-du-monde-2010\/","title":{"rendered":"Coupe du Monde 2010"},"content":{"rendered":"<h2>Nos Taux de Succ\u00e8s (Cat\u00e9gories differentes)<\/h2><p style=\"text-align: justify;\"><img loading=\"lazy\" class=\"alignnone size-full wp-image-172\" src=\"http:\/\/dataminingsoccer.com\/fr\/wp-content\/uploads\/sites\/6\/Coupe-Monde-2010-Afrique-du-Sud-Football-Resultats-Prediction-m.png\" alt=\"Coupe-Monde-2010-Afrique-du-Sud-Football-Resultats-Prediction\" width=\"46\" height=\"50\" \/>\u00a0\u00a0\u00a0\u00a0 \u00a0\u00a0\u00a0\u00a0 \u00a0\u00a0\u00a0\u00a0  \u00a0 \u00a0  \u00a0 \u00a0  \u00a0 \u00a0  \u00a0 \u00a0 <\/p>\n<p style=\"text-align: justify;\">Taux de succ\u00e8s pour la <strong>tendance du r\u00e9sultat<\/strong> (victoire \u00e0 domicile\/ match nul\/ victoire \u00e0 l&rsquo;ext\u00e9rieur) de tous les matches au Championnat du Monde 2010 en Afrique du Sud (2010-07-11):<\/p>\n<p style=\"text-align: justify;\"><script type='text\/javascript' src='http:\/\/dataminingsoccer.com\/fr\/wp-content\/plugins\/easy-chart-builder\/js\/easy-chart-builder.js'><\/script>\n\n<div id=\"easyChartDiv42338001\" style='width:100%;'  style='text-align:center;' align='center'>\n<!-- Easy Chart Builder by dyerware -->\n<img id=\"easyChartDiv42338001_img\" style='text-align:center;float:center;' alt='pr\u00e9diction de r\u00e9sultats de football' title='pr\u00e9diction de r\u00e9sultats de football'  align='center' border='0' \/>\n\n<\/div>\n<script type=\"text\/javascript\">\n\/\/<![CDATA[\nwpEasyChart.wpNewChart(\"easyChartDiv42338001\", {\"type\":\"horizbar\",\"width\":\"350\",\"height\":\"65\",\"title\":\"Taux de Succ\\u00e8s pour la Tendance du R\\u00e9sultat de tous les Matches\",\"minaxis\":\"\",\"groupnames\":\"par hasard serait \\u00f8 ~37%, taux de succ\\u00e8s de nos pronostics\",\"groupcolors\":\"44280c,4e9f22,f3a214,ffffff,A3A3A3,007070,00FFFF,CC7000,00CC70,CC0070,7000CC,A370CC\",\"valuenames\":\" , success rate, \",\"group1values\":\"37\",\"group2values\":\"48\",\"group3values\":\"0,0,0\",\"group4values\":\"0,0,0\",\"group5values\":\"0,0,0\",\"group6values\":\"0,0,0\",\"group7values\":\"0,0,0\",\"group8values\":\"0,0,0\",\"group9values\":\"0,0,0\",\"group10values\":\"0,0,0\",\"group11values\":\"0,0,0\",\"group12values\":\"0,0,0\",\"group1markers\":\"\",\"group2markers\":\"\",\"group3markers\":\"\",\"group4markers\":\"\",\"group5markers\":\"\",\"group6markers\":\"\",\"group7markers\":\"\",\"group8markers\":\"\",\"group9markers\":\"\",\"group10markers\":\"\",\"group11markers\":\"\",\"group12markers\":\"\",\"markercolor\":\"FFFF00\",\"imagealtattr\":\"pr\\u00e9diction de r\\u00e9sultats de football\",\"imagetitleattr\":\"pr\\u00e9diction de r\\u00e9sultats de football\",\"hidechartdata\":true,\"chartcolor\":\"FFFFFF\",\"chartfadecolor\":\"ffffff\",\"datatablecss\":\"hentry easyChartDataTable\",\"imgstyle\":\"text-align:center;float:center;\",\"watermark\":\"\",\"watermarkvert\":\"\",\"watermarkcolor\":\"A0BAE9\",\"currency\":\"\",\"currencyright\":false,\"precision\":\"\",\"grid\":false,\"axis\":\"both\"});\n\/\/]]>\n<\/script><\/p>\n<p style=\"text-align: justify;\">48% de tous les matches ont \u00e9t\u00e9 pr\u00e9dits avec la tendance correcte (par hasard statistique serait environ 37%: 33% pour les matches de groupes, 50% pour les finales).<\/p>\n<p style=\"text-align: justify;\"><img loading=\"lazy\" class=\"alignnone size-full wp-image-172\" src=\"http:\/\/dataminingsoccer.com\/fr\/wp-content\/uploads\/sites\/6\/Coupe-Monde-2010-Afrique-du-Sud-Football-Resultats-Prediction-m.png\" alt=\"Coupe-Monde-2010-Afrique-du-Sud-Football-Resultats-Prediction\" width=\"46\" height=\"50\" \/>\u00a0\u00a0\u00a0\u00a0 \u00a0\u00a0\u00a0\u00a0 \u00a0\u00a0\u00a0\u00a0  \u00a0 \u00a0  \u00a0 \u00a0  \u00a0 \u00a0  \u00a0 \u00a0 <\/p>\n<p style=\"text-align: justify;\">Taux de succ\u00e8s pour tous les matches au Championnat du Monde 2010 en Afrique du Sud <strong>par groupe<\/strong> (2010-07-11):<\/p>\n<p style=\"text-align: justify;\">\n<div id=\"easyChartDiv61ca8002\" style='width:100%;'  style='text-align:center;' align='center'>\n<!-- Easy Chart Builder by dyerware -->\n<img id=\"easyChartDiv61ca8002_img\" style='text-align:center;float:center;' alt='pr\u00e9diction de r\u00e9sultats de football' title='pr\u00e9diction de r\u00e9sultats de football'  align='center' border='0' \/>\n\n<\/div>\n<script type=\"text\/javascript\">\n\/\/<![CDATA[\nwpEasyChart.wpNewChart(\"easyChartDiv61ca8002\", {\"type\":\"vertbar\",\"width\":\"350\",\"height\":\"120\",\"title\":\"Taux de Succ\\u00e8s pour tous les Matches par Groupe\",\"minaxis\":\"\",\"groupnames\":\"par hasard serait \\u00f8 ~33%, taux de succ\\u00e8s de nos pronostics\",\"groupcolors\":\"44280c,4e9f22,f3a214,ffffff,A3A3A3,007070,00FFFF,CC7000,00CC70,CC0070,7000CC,A370CC\",\"valuenames\":\"groupe A , groupe B, groupe C, groupe D, groupe E, groupe F, groupe G, groupe H\",\"group1values\":\"33, 33, 33, 33, 33, 33, 33, 33\",\"group2values\":\"17, 67, 33, 33, 67, 50, 83, 50\",\"group3values\":\"0,0,0\",\"group4values\":\"0,0,0\",\"group5values\":\"0,0,0\",\"group6values\":\"0,0,0\",\"group7values\":\"0,0,0\",\"group8values\":\"0,0,0\",\"group9values\":\"0,0,0\",\"group10values\":\"0,0,0\",\"group11values\":\"0,0,0\",\"group12values\":\"0,0,0\",\"group1markers\":\"\",\"group2markers\":\"\",\"group3markers\":\"\",\"group4markers\":\"\",\"group5markers\":\"\",\"group6markers\":\"\",\"group7markers\":\"\",\"group8markers\":\"\",\"group9markers\":\"\",\"group10markers\":\"\",\"group11markers\":\"\",\"group12markers\":\"\",\"markercolor\":\"FFFF00\",\"imagealtattr\":\"pr\\u00e9diction de r\\u00e9sultats de football\",\"imagetitleattr\":\"pr\\u00e9diction de r\\u00e9sultats de football\",\"hidechartdata\":true,\"chartcolor\":\"FFFFFF\",\"chartfadecolor\":\"ffffff\",\"datatablecss\":\"hentry easyChartDataTable\",\"imgstyle\":\"text-align:center;float:center;\",\"watermark\":\"\",\"watermarkvert\":\"\",\"watermarkcolor\":\"A0BAE9\",\"currency\":\"\",\"currencyright\":false,\"precision\":\"\",\"grid\":false,\"axis\":\"both\"});\n\/\/]]>\n<\/script><\/p>\n<p style=\"text-align: justify;\"><span id=\"result_box\" lang=\"fr\"><span class=\"hps\">Tous les<\/span> <span class=\"hps\">chiffres sont<\/span> <span class=\"hps\">des pourcentages<\/span>. <span id=\"result_box\" lang=\"fr\"><span id=\"result_box\" lang=\"fr\"><span class=\"hps\">Quota<\/span> <span class=\"hps\">pour tous les matches<\/span> <span class=\"hps\">de groupe<\/span>: <span class=\"hps\">50<\/span>% <span class=\"hps atn\">(<\/span>24 sur 48).<\/span> <\/span>Par <span class=\"hps\">hasard statistique<\/span> <span class=\"hps\">serait \u00e0 peu pr\u00e8s<\/span> <span class=\"hps\">33<\/span>% <span class=\"hps atn\">(<\/span>comparaison <span class=\"hps\">des<\/span> <span class=\"hps\">colonnes<\/span> <span class=\"hps alt-edited\">marrons<\/span>). <span id=\"result_box\" lang=\"fr\"><span id=\"result_box\" lang=\"fr\"><span class=\"hps\">La meilleure qualit\u00e9<\/span> <span class=\"hps\">de pr\u00e9diction<\/span> <span class=\"hps\">pour groupe<\/span> <span class=\"hps\">G<\/span> <span class=\"hps atn\">(<\/span>83%), la pire <span class=\"hps\">pour groupe<\/span> <span class=\"hps\">A<\/span> <span class=\"hps atn\">(17<\/span>%).<\/span><\/span><br \/>\n<\/span><\/p>\n<p style=\"text-align: justify;\"><img loading=\"lazy\" class=\"alignnone size-full wp-image-172\" src=\"http:\/\/dataminingsoccer.com\/fr\/wp-content\/uploads\/sites\/6\/Coupe-Monde-2010-Afrique-du-Sud-Football-Resultats-Prediction-m.png\" alt=\"Coupe-Monde-2010-Afrique-du-Sud-Football-Resultats-Prediction\" width=\"46\" height=\"50\" \/>\u00a0\u00a0\u00a0\u00a0 \u00a0\u00a0\u00a0\u00a0 \u00a0\u00a0\u00a0\u00a0  \u00a0 \u00a0  \u00a0 \u00a0  \u00a0 \u00a0  \u00a0 \u00a0 <\/p>\n<p style=\"text-align: justify;\">Taux de succ\u00e8s concernant les <strong>vainqueurs des groupes<\/strong> au Championnat du Monde 2010 en Afrique du Sud (2010-07-11):<\/p>\n<p style=\"text-align: justify;\">\n<div id=\"easyChartDiv3cd88003\" style='width:100%;'  style='text-align:center;' align='center'>\n<!-- Easy Chart Builder by dyerware -->\n<img id=\"easyChartDiv3cd88003_img\" style='text-align:center;float:center;' alt='pr\u00e9diction de r\u00e9sultats de football' title='pr\u00e9diction de r\u00e9sultats de football'  align='center' border='0' \/>\n\n<\/div>\n<script type=\"text\/javascript\">\n\/\/<![CDATA[\nwpEasyChart.wpNewChart(\"easyChartDiv3cd88003\", {\"type\":\"horizbar\",\"width\":\"350\",\"height\":\"65\",\"title\":\"Taux de Succ\\u00e8s concernant les Vainqueurs des Groupes\",\"minaxis\":\"\",\"groupnames\":\"par hasard serait \\u00f8 ~25%, taux de succ\\u00e8s de nos pronostics\",\"groupcolors\":\"44280c,4e9f22,f3a214,ffffff,A3A3A3,007070,00FFFF,CC7000,00CC70,CC0070,7000CC,A370CC\",\"valuenames\":\" , success rate, \",\"group1values\":\"25\",\"group2values\":\"50\",\"group3values\":\"0,0,0\",\"group4values\":\"0,0,0\",\"group5values\":\"0,0,0\",\"group6values\":\"0,0,0\",\"group7values\":\"0,0,0\",\"group8values\":\"0,0,0\",\"group9values\":\"0,0,0\",\"group10values\":\"0,0,0\",\"group11values\":\"0,0,0\",\"group12values\":\"0,0,0\",\"group1markers\":\"\",\"group2markers\":\"\",\"group3markers\":\"\",\"group4markers\":\"\",\"group5markers\":\"\",\"group6markers\":\"\",\"group7markers\":\"\",\"group8markers\":\"\",\"group9markers\":\"\",\"group10markers\":\"\",\"group11markers\":\"\",\"group12markers\":\"\",\"markercolor\":\"FFFF00\",\"imagealtattr\":\"pr\\u00e9diction de r\\u00e9sultats de football\",\"imagetitleattr\":\"pr\\u00e9diction de r\\u00e9sultats de football\",\"hidechartdata\":true,\"chartcolor\":\"FFFFFF\",\"chartfadecolor\":\"ffffff\",\"datatablecss\":\"hentry easyChartDataTable\",\"imgstyle\":\"text-align:center;float:center;\",\"watermark\":\"\",\"watermarkvert\":\"\",\"watermarkcolor\":\"A0BAE9\",\"currency\":\"\",\"currencyright\":false,\"precision\":\"\",\"grid\":false,\"axis\":\"both\"});\n\/\/]]>\n<\/script><\/p>\n<p style=\"text-align: justify;\"><span id=\"result_box\" lang=\"fr\"><span class=\"hps\">4<\/span> sur <span class=\"hps\">8<\/span> <span class=\"hps\">vainqueurs de groupe<\/span> <span class=\"hps atn\">(<\/span>50%) <span class=\"hps\">ont \u00e9t\u00e9<\/span> <span id=\"result_box\" lang=\"fr\"><span class=\"hps\">pr\u00e9dits<\/span><\/span> <span class=\"hps\">correctement<\/span> (par hasard statistique serait 25%). <\/span><\/p>\n<p style=\"text-align: justify;\"><img loading=\"lazy\" class=\"alignnone size-full wp-image-172\" src=\"http:\/\/dataminingsoccer.com\/fr\/wp-content\/uploads\/sites\/6\/Coupe-Monde-2010-Afrique-du-Sud-Football-Resultats-Prediction-m.png\" alt=\"Coupe-Monde-2010-Afrique-du-Sud-Football-Resultats-Prediction\" width=\"46\" height=\"50\" \/>\u00a0\u00a0\u00a0\u00a0 \u00a0\u00a0\u00a0\u00a0 \u00a0\u00a0\u00a0\u00a0  \u00a0 \u00a0  \u00a0 \u00a0  \u00a0 \u00a0  \u00a0 \u00a0 <\/p>\n<p style=\"text-align: justify;\">Taux de succ\u00e8s concernant les <strong>\u00e9quipes qualifi\u00e9es pour les huiti\u00e8mes de finale<\/strong> au Championnat du Monde 2010 en Afrique du Sud (2010-07-11):<\/p>\n<p style=\"text-align: justify;\">\n<div id=\"easyChartDiv74658004\" style='width:100%;'  style='text-align:center;' align='center'>\n<!-- Easy Chart Builder by dyerware -->\n<img id=\"easyChartDiv74658004_img\" style='text-align:center;float:center;' alt='pr\u00e9diction de r\u00e9sultats de football' title='pr\u00e9diction de r\u00e9sultats de football'  align='center' border='0' \/>\n\n<\/div>\n<script type=\"text\/javascript\">\n\/\/<![CDATA[\nwpEasyChart.wpNewChart(\"easyChartDiv74658004\", {\"type\":\"horizbar\",\"width\":\"350\",\"height\":\"65\",\"title\":\"Taux de Succ\\u00e8s concernant les \\u00c9quipes qualifi\\u00e9es pour les Huiti\\u00e8mes de Finale\",\"minaxis\":\"\",\"groupnames\":\"par hasard serait \\u00f8 ~50%, taux de succ\\u00e8s de nos pronostics\",\"groupcolors\":\"44280c,4e9f22,f3a214,ffffff,A3A3A3,007070,00FFFF,CC7000,00CC70,CC0070,7000CC,A370CC\",\"valuenames\":\" , success rate, \",\"group1values\":\"50\",\"group2values\":\"81\",\"group3values\":\"0,0,0\",\"group4values\":\"0,0,0\",\"group5values\":\"0,0,0\",\"group6values\":\"0,0,0\",\"group7values\":\"0,0,0\",\"group8values\":\"0,0,0\",\"group9values\":\"0,0,0\",\"group10values\":\"0,0,0\",\"group11values\":\"0,0,0\",\"group12values\":\"0,0,0\",\"group1markers\":\"\",\"group2markers\":\"\",\"group3markers\":\"\",\"group4markers\":\"\",\"group5markers\":\"\",\"group6markers\":\"\",\"group7markers\":\"\",\"group8markers\":\"\",\"group9markers\":\"\",\"group10markers\":\"\",\"group11markers\":\"\",\"group12markers\":\"\",\"markercolor\":\"FFFF00\",\"imagealtattr\":\"pr\\u00e9diction de r\\u00e9sultats de football\",\"imagetitleattr\":\"pr\\u00e9diction de r\\u00e9sultats de football\",\"hidechartdata\":true,\"chartcolor\":\"FFFFFF\",\"chartfadecolor\":\"ffffff\",\"datatablecss\":\"hentry easyChartDataTable\",\"imgstyle\":\"text-align:center;float:center;\",\"watermark\":\"\",\"watermarkvert\":\"\",\"watermarkcolor\":\"A0BAE9\",\"currency\":\"\",\"currencyright\":false,\"precision\":\"\",\"grid\":false,\"axis\":\"both\"});\n\/\/]]>\n<\/script><\/p>\n<p style=\"text-align: justify;\">13 sur 16 \u00e9quipes (81%) qualifi\u00e9es pour les huiti\u00e8mes de finale ont \u00e9t\u00e9 pr\u00e9dit correctement (par hasard statistique serait 50%).<\/p>\n<p style=\"text-align: justify;\"><img loading=\"lazy\" class=\"alignnone size-full wp-image-172\" src=\"http:\/\/dataminingsoccer.com\/fr\/wp-content\/uploads\/sites\/6\/Coupe-Monde-2010-Afrique-du-Sud-Football-Resultats-Prediction-m.png\" alt=\"Coupe-Monde-2010-Afrique-du-Sud-Football-Resultats-Prediction\" width=\"46\" height=\"50\" \/>\u00a0\u00a0\u00a0\u00a0 \u00a0\u00a0\u00a0\u00a0 \u00a0\u00a0\u00a0\u00a0  \u00a0 \u00a0  \u00a0 \u00a0  \u00a0 \u00a0  \u00a0 \u00a0 <\/p>\n<p style=\"text-align: justify;\">Taux de succ\u00e8s pour la tendance du r\u00e9sultat (victoire \u00e0 domicile\/ match nul\/ victoire \u00e0 l&rsquo;ext\u00e9rieur) de toutes les <strong>finales <span id=\"result_box\" lang=\"fr\"><span class=\"hps\">au cours de la<\/span> <span class=\"hps\">phase \u00e0 \u00e9limination<\/span><\/span><\/strong> au Championnat du Monde 2010 en Afrique du Sud (2010-07-11):<\/p>\n<p style=\"text-align: justify;\">\n<div id=\"easyChartDiv20e58005\" style='width:100%;'  style='text-align:center;' align='center'>\n<!-- Easy Chart Builder by dyerware -->\n<img id=\"easyChartDiv20e58005_img\" style='text-align:center;float:center;' alt='pr\u00e9diction de r\u00e9sultats de football' title='pr\u00e9diction de r\u00e9sultats de football'  align='center' border='0' \/>\n\n<\/div>\n<script type=\"text\/javascript\">\n\/\/<![CDATA[\nwpEasyChart.wpNewChart(\"easyChartDiv20e58005\", {\"type\":\"horizbar\",\"width\":\"350\",\"height\":\"65\",\"title\":\"Taux de Succ\\u00e8s pour la Tendance du R\\u00e9sultat de toutes les Finales\",\"minaxis\":\"\",\"groupnames\":\"par hasard serait \\u00f8 ~50%, taux de succ\\u00e8s de nos pronostics\",\"groupcolors\":\"44280c,4e9f22,f3a214,ffffff,A3A3A3,007070,00FFFF,CC7000,00CC70,CC0070,7000CC,A370CC\",\"valuenames\":\" , success rate, \",\"group1values\":\"50\",\"group2values\":\"44\",\"group3values\":\"0,0,0\",\"group4values\":\"0,0,0\",\"group5values\":\"0,0,0\",\"group6values\":\"0,0,0\",\"group7values\":\"0,0,0\",\"group8values\":\"0,0,0\",\"group9values\":\"0,0,0\",\"group10values\":\"0,0,0\",\"group11values\":\"0,0,0\",\"group12values\":\"0,0,0\",\"group1markers\":\"\",\"group2markers\":\"\",\"group3markers\":\"\",\"group4markers\":\"\",\"group5markers\":\"\",\"group6markers\":\"\",\"group7markers\":\"\",\"group8markers\":\"\",\"group9markers\":\"\",\"group10markers\":\"\",\"group11markers\":\"\",\"group12markers\":\"\",\"markercolor\":\"FFFF00\",\"imagealtattr\":\"pr\\u00e9diction de r\\u00e9sultats de football\",\"imagetitleattr\":\"pr\\u00e9diction de r\\u00e9sultats de football\",\"hidechartdata\":true,\"chartcolor\":\"FFFFFF\",\"chartfadecolor\":\"ffffff\",\"datatablecss\":\"hentry easyChartDataTable\",\"imgstyle\":\"text-align:center;float:center;\",\"watermark\":\"\",\"watermarkvert\":\"\",\"watermarkcolor\":\"A0BAE9\",\"currency\":\"\",\"currencyright\":false,\"precision\":\"\",\"grid\":false,\"axis\":\"both\"});\n\/\/]]>\n<\/script><\/p>\n<p style=\"text-align: justify;\"><span id=\"result_box\" lang=\"fr\"><span class=\"hps\">44<\/span>% <span class=\"hps\">de<\/span> <span class=\"hps\">toutes les finales<\/span> <span class=\"hps\">au cours de la<\/span> <span class=\"hps\">phase \u00e0 \u00e9limination directe<\/span> <span class=\"hps atn\">(7<\/span> sur <span class=\"hps\">16<\/span>) <span class=\"hps\">ont \u00e9t\u00e9 pr\u00e9dites<\/span> <span class=\"hps\">avec la tendance<\/span> <span class=\"hps\">correcte<\/span> <span class=\"hps atn\">(<\/span><span class=\"hps\">par hasard statistique serait 50<\/span>%). <span class=\"hps\">Base de l&rsquo;analyse<\/span>: <span class=\"hps\">le r\u00e9sultat final<\/span> <span class=\"hps\">apr\u00e8s 90 minutes<\/span> <span class=\"hps\">ou \u00e9ventuellement<\/span> <span class=\"hps\">apr\u00e8s prolongation<\/span> <span class=\"hps\">ou<\/span> <span class=\"hps\">tirs au but<\/span>. <\/span><\/p>\n<p style=\"text-align: justify;\"><img loading=\"lazy\" class=\"alignnone size-full wp-image-172\" src=\"http:\/\/dataminingsoccer.com\/fr\/wp-content\/uploads\/sites\/6\/Coupe-Monde-2010-Afrique-du-Sud-Football-Resultats-Prediction-m.png\" alt=\"Coupe-Monde-2010-Afrique-du-Sud-Football-Resultats-Prediction\" width=\"46\" height=\"50\" \/>\u00a0\u00a0\u00a0\u00a0 \u00a0\u00a0\u00a0\u00a0 \u00a0\u00a0\u00a0\u00a0  \u00a0 \u00a0  \u00a0 \u00a0  \u00a0 \u00a0  \u00a0 \u00a0 <\/p>\n<p style=\"text-align: justify;\"><span class=\"hps\">Vous pouvez acc\u00e9der \u00e0<\/span> <strong><span class=\"hps atn\">l\u2019<\/span>aper\u00e7u de tous les <span class=\"hps\">matches<\/span><\/strong> <span class=\"hps\">de la Coupe<\/span> <span class=\"hps\">du Monde en Afrique du Sud<\/span> <span class=\"hps\">sur notre page<\/span> <a title=\"Championnat du Monde 2010\" href=\"http:\/\/dataminingsoccer.com\/fr\/coupe-du-monde-et-coupe-d-europe\/championnat-du-monde-2010\/\"><span class=\"hps atn\">[<\/span>Championnat <span class=\"hps\">du Monde 2010<\/span>]<\/a>.<\/p>\n<p style=\"text-align: justify;\"><img loading=\"lazy\" class=\"alignnone size-full wp-image-172\" src=\"http:\/\/dataminingsoccer.com\/fr\/wp-content\/uploads\/sites\/6\/Coupe-Monde-2010-Afrique-du-Sud-Football-Resultats-Prediction-m.png\" alt=\"Coupe-Monde-2010-Afrique-du-Sud-Football-Resultats-Prediction\" width=\"46\" height=\"50\" \/>\u00a0\u00a0\u00a0\u00a0 \u00a0\u00a0\u00a0\u00a0 \u00a0\u00a0\u00a0\u00a0  \u00a0 \u00a0  \u00a0 \u00a0  \u00a0 \u00a0  \u00a0 \u00a0 <\/p>\n<p><a title=\"Coupe du Monde 2010\" href=\"http:\/\/dataminingsoccer.com\/fr\/coupe-du-monde-et-coupe-d-europe\/taux-de-succes\/coupe-du-monde-2010\/\"><img loading=\"lazy\" class=\"alignnone size-full wp-image-1072\" src=\"http:\/\/dataminingsoccer.com\/fr\/wp-content\/uploads\/sites\/6\/Data-Mining-Soccer-haut-de-page-m.png\" alt=\"Data-Mining-Soccer-haut-de-page\" width=\"50\" height=\"50\" \/><\/a>\u00a0\u00a0\u00a0\u00a0 <a href=\"http:\/\/dataminingsoccer.com\/fr\/\"><img loading=\"lazy\" class=\"alignnone size-full wp-image-1070\" src=\"http:\/\/dataminingsoccer.com\/fr\/wp-content\/uploads\/sites\/6\/Data-Mining-Soccer-football-resultat-pronostics-m.png\" alt=\"Data-Mining-Soccer-football-resultat-pronostics\" width=\"50\" height=\"50\" \/><\/a>\u00a0\u00a0\u00a0\u00a0 <a title=\"DataMiningSoccer (fran\u00e7ais) @Twitter\" href=\"http:\/\/twitter.com\/DataMinSoccerFR\" target=\"_blank\"><img loading=\"lazy\" class=\"alignnone size-full wp-image-1473\" src=\"http:\/\/dataminingsoccer.com\/fr\/wp-content\/uploads\/sites\/6\/Twitter-Data-Mining-Soccer.png\" alt=\"Twitter-Data-Mining-Soccer\" width=\"50\" height=\"50\" \/><\/a>\u00a0\u00a0\u00a0\u00a0 <a title=\"DataMiningSoccer (anglais) @Facebook\" href=\"http:\/\/www.facebook.com\/dataminingsoccer\" target=\"_blank\"><img loading=\"lazy\" class=\"alignnone size-full wp-image-1469\" src=\"http:\/\/dataminingsoccer.com\/fr\/wp-content\/uploads\/sites\/6\/Facebook-Data-Mining-Soccer.png\" alt=\"Facebook-Data-Mining-Soccer\" width=\"50\" height=\"50\" \/><\/a><\/p>\n","protected":false},"excerpt":{"rendered":"<p>Nos Taux de Succ\u00e8s (Cat\u00e9gories differentes)\u00a0\u00a0\u00a0\u00a0 \u00a0\u00a0\u00a0\u00a0 \u00a0\u00a0\u00a0\u00a0 \u00a0 \u00a0 \u00a0 \u00a0 \u00a0 \u00a0 \u00a0 \u00a0 Taux de succ\u00e8s pour la tendance du r\u00e9sultat (victoire \u00e0 domicile\/ match nul\/ victoire \u00e0 l&rsquo;ext\u00e9rieur) de tous les matches au Championnat du Monde 2010 en Afrique du Sud (2010-07-11): 48% de tous les matches ont \u00e9t\u00e9 pr\u00e9dits avec &hellip; <a href=\"http:\/\/dataminingsoccer.com\/fr\/coupe-du-monde-et-coupe-d-europe\/taux-de-succes\/coupe-du-monde-2010\/\" class=\"more-link\">Continuer la lecture de <span class=\"screen-reader-text\">Coupe du Monde 2010<\/span> <span class=\"meta-nav\">&rarr;<\/span><\/a><\/p>\n","protected":false},"author":7,"featured_media":0,"parent":1559,"menu_order":100,"comment_status":"closed","ping_status":"closed","template":"","meta":[],"yoast_head":"<!-- This site is optimized with the Yoast SEO plugin v14.8 - https:\/\/yoast.com\/wordpress\/plugins\/seo\/ -->\n<meta name=\"description\" content=\"Pr\u00e9visions de r\u00e9sultats de football pour la Coupe du Monde 2010 en Afrique du Sud: taux de succ\u00e8s de notre logiciel par diff\u00e9rentes cat\u00e9gories de pr\u00e9diction\" \/>\n<meta name=\"robots\" content=\"index, follow\" \/>\n<meta name=\"googlebot\" content=\"index, follow, max-snippet:-1, max-image-preview:large, max-video-preview:-1\" \/>\n<meta name=\"bingbot\" content=\"index, follow, max-snippet:-1, max-image-preview:large, max-video-preview:-1\" \/>\n<link rel=\"canonical\" href=\"http:\/\/dataminingsoccer.com\/fr\/coupe-du-monde-et-coupe-d-europe\/taux-de-succes\/coupe-du-monde-2010\/\" \/>\n<script type=\"application\/ld+json\" class=\"yoast-schema-graph\">{\"@context\":\"https:\/\/schema.org\",\"@graph\":[{\"@type\":\"WebSite\",\"@id\":\"http:\/\/dataminingsoccer.com\/fr\/#website\",\"url\":\"http:\/\/dataminingsoccer.com\/fr\/\",\"name\":\"Pronostics de R\\u00e9sultats de Football\",\"description\":\"bas\\u00e9 sur des analyses statistiques utilisant data mining.. Nous aimons le football!     Nous aimons les jeux de nombre!\",\"potentialAction\":[{\"@type\":\"SearchAction\",\"target\":\"http:\/\/dataminingsoccer.com\/fr\/?s={search_term_string}\",\"query-input\":\"required name=search_term_string\"}],\"inLanguage\":\"fr-FR\"},{\"@type\":\"ImageObject\",\"@id\":\"http:\/\/dataminingsoccer.com\/fr\/coupe-du-monde-et-coupe-d-europe\/taux-de-succes\/coupe-du-monde-2010\/#primaryimage\",\"inLanguage\":\"fr-FR\",\"url\":\"http:\/\/dataminingsoccer.com\/fr\/wp-content\/uploads\/sites\/6\/Coupe-Monde-2010-Afrique-du-Sud-Football-Resultats-Prediction-m.png\",\"width\":46,\"height\":50,\"caption\":\"Coupe-Monde-2010-Afrique-du-Sud-Football-Resultats-Prediction\"},{\"@type\":\"WebPage\",\"@id\":\"http:\/\/dataminingsoccer.com\/fr\/coupe-du-monde-et-coupe-d-europe\/taux-de-succes\/coupe-du-monde-2010\/#webpage\",\"url\":\"http:\/\/dataminingsoccer.com\/fr\/coupe-du-monde-et-coupe-d-europe\/taux-de-succes\/coupe-du-monde-2010\/\",\"name\":\"Coupe du Monde 2010 - Pronostics de R\\u00e9sultats de Football\",\"isPartOf\":{\"@id\":\"http:\/\/dataminingsoccer.com\/fr\/#website\"},\"primaryImageOfPage\":{\"@id\":\"http:\/\/dataminingsoccer.com\/fr\/coupe-du-monde-et-coupe-d-europe\/taux-de-succes\/coupe-du-monde-2010\/#primaryimage\"},\"datePublished\":\"2014-06-18T12:04:38+00:00\",\"dateModified\":\"2014-07-05T00:25:39+00:00\",\"description\":\"Pr\\u00e9visions de r\\u00e9sultats de football pour la Coupe du Monde 2010 en Afrique du Sud: taux de succ\\u00e8s de notre logiciel par diff\\u00e9rentes cat\\u00e9gories de pr\\u00e9diction\",\"inLanguage\":\"fr-FR\",\"potentialAction\":[{\"@type\":\"ReadAction\",\"target\":[\"http:\/\/dataminingsoccer.com\/fr\/coupe-du-monde-et-coupe-d-europe\/taux-de-succes\/coupe-du-monde-2010\/\"]}]}]}<\/script>\n<!-- \/ Yoast SEO plugin. -->","_links":{"self":[{"href":"http:\/\/dataminingsoccer.com\/fr\/wp-json\/wp\/v2\/pages\/1590"}],"collection":[{"href":"http:\/\/dataminingsoccer.com\/fr\/wp-json\/wp\/v2\/pages"}],"about":[{"href":"http:\/\/dataminingsoccer.com\/fr\/wp-json\/wp\/v2\/types\/page"}],"author":[{"embeddable":true,"href":"http:\/\/dataminingsoccer.com\/fr\/wp-json\/wp\/v2\/users\/7"}],"replies":[{"embeddable":true,"href":"http:\/\/dataminingsoccer.com\/fr\/wp-json\/wp\/v2\/comments?post=1590"}],"version-history":[{"count":13,"href":"http:\/\/dataminingsoccer.com\/fr\/wp-json\/wp\/v2\/pages\/1590\/revisions"}],"predecessor-version":[{"id":1782,"href":"http:\/\/dataminingsoccer.com\/fr\/wp-json\/wp\/v2\/pages\/1590\/revisions\/1782"}],"up":[{"embeddable":true,"href":"http:\/\/dataminingsoccer.com\/fr\/wp-json\/wp\/v2\/pages\/1559"}],"wp:attachment":[{"href":"http:\/\/dataminingsoccer.com\/fr\/wp-json\/wp\/v2\/media?parent=1590"}],"curies":[{"name":"wp","href":"https:\/\/api.w.org\/{rel}","templated":true}]}}