{"id":1559,"date":"2014-06-17T23:54:22","date_gmt":"2014-06-17T21:54:22","guid":{"rendered":"http:\/\/dataminingsoccer.com\/fr\/?page_id=1559"},"modified":"2016-06-05T23:58:53","modified_gmt":"2016-06-05T21:58:53","slug":"taux-de-succes","status":"publish","type":"page","link":"http:\/\/dataminingsoccer.com\/fr\/coupe-du-monde-et-coupe-d-europe\/taux-de-succes\/","title":{"rendered":"Taux de Succ\u00e8s"},"content":{"rendered":"<h2>Football Result Predictions for World &amp; Euro Cup<\/h2><p><img loading=\"lazy\" class=\"alignnone size-full wp-image-1562\" src=\"http:\/\/dataminingsoccer.com\/fr\/wp-content\/uploads\/sites\/6\/Champion-Monde-Trophee-Coupe.jpg\" alt=\"Champion-Monde-Trophee-Coupe\" width=\"23\" height=\"50\" \/> \u00a0\u00a0<img loading=\"lazy\" class=\"alignnone size-full wp-image-1561\" src=\"http:\/\/dataminingsoccer.com\/fr\/wp-content\/uploads\/sites\/6\/Champion-Europe-Trophee-Coupe.jpg\" alt=\"Champion-Europe-Trophee-Coupe\" width=\"28\" height=\"50\" \/>\u00a0\u00a0\u00a0\u00a0 <img loading=\"lazy\" class=\"alignnone size-full wp-image-3219\" src=\"http:\/\/dataminingsoccer.com\/fr\/wp-content\/uploads\/sites\/6\/Copa-America-Coupe-m.png\" alt=\"Copa-America-Coupe\" width=\"22\" height=\"51\" \/><\/p>\n<p style=\"text-align: justify;\">Ici tu peux trouver des taux de succ\u00e8s\u00a0diff\u00e9rents pour nos pronostics de la Coupe du Monde et le Championnat d&rsquo;Europe.<\/p>\n<p style=\"text-align: justify;\">Tu peux acc\u00e9der \u00e0 cette page avec des taux de r\u00e9ussite soit dans la barre de menu au-dessus via <strong>&gt; Coupe du Monde &amp; Euro &gt; taux de succ\u00e8s &gt; comp\u00e9tition<\/strong> de ton choix, soit par le menu d\u00e9roulant \u2018<strong>nos taux de succ\u00e8s pour\u2026<\/strong>\u2018 sur la droite, soit en cliquant simplement sur un des liens suivants:<\/p>\n<p><img loading=\"lazy\" class=\"alignnone size-full wp-image-175\" src=\"http:\/\/dataminingsoccer.com\/fr\/wp-content\/uploads\/sites\/6\/Coupe-Monde-2014-Bresil-Football-Resultats-Prediction-s.png\" alt=\"Coupe-Monde-2014-Bresil-Football-Resultats-Prediction\" width=\"19\" height=\"25\" \/>\u00a0\u00a0\u00a0\u00a0\u00a0 <a title=\"CM 2014: Taux de Succ\u00e8s pour les Pronostics\" href=\"http:\/\/dataminingsoccer.com\/fr\/2014\/06\/18\/coupe-monde-2014-taux-succes-pronostics\/\">[Coupe du Monde de football 2014 au Br\u00e9sil]<\/a><br \/>\n<img loading=\"lazy\" class=\"alignnone size-full wp-image-171\" src=\"http:\/\/dataminingsoccer.com\/fr\/wp-content\/uploads\/sites\/6\/Coupe-Euro-2012-Pologne-Ukraine-Football-Resultats-Prediction-s.png\" alt=\"Coupe-Euro-2012-Pologne-Ukraine-Football-Resultats-Prediction\" width=\"28\" height=\"25\" \/>\u00a0\u00a0 <a title=\"Championnat d\u2019Europe 2012\" href=\"http:\/\/dataminingsoccer.com\/fr\/coupe-du-monde-et-coupe-d-europe\/taux-de-succes\/championnat-europe-2012\/\">[Coupe d&rsquo;Europe de football 2012 en Pologne et Ukraine]<\/a><br \/>\n<img loading=\"lazy\" class=\"alignnone size-full wp-image-173\" src=\"http:\/\/dataminingsoccer.com\/fr\/wp-content\/uploads\/sites\/6\/Coupe-Monde-2010-Afrique-du-Sud-Football-Resultats-Prediction-s.png\" alt=\"Coupe-Monde-2010-Afrique-du-Sud-Football-Resultats-Prediction\" width=\"22\" height=\"25\" \/>\u00a0\u00a0\u00a0\u00a0 <a title=\"Coupe du Monde 2010\" href=\"http:\/\/dataminingsoccer.com\/fr\/coupe-du-monde-et-coupe-d-europe\/taux-de-succes\/coupe-du-monde-2010\/\">[Coupe du Monde de football 2010 en Afrique du Sud]<\/a><\/p>\n<p style=\"text-align: justify;\"><span id=\"result_box\" lang=\"fr\"><span class=\"hps\">Meilleurs<\/span> <span class=\"hps\">taux de succ\u00e8s<\/span> <span class=\"hps\">pour les tournois<\/span> <span class=\"hps\">pr\u00e9vus<\/span> <span class=\"hps\">\u00e0 ce jour:<\/span><br \/>\n<\/span><\/p>\n<ul>\n<li><span id=\"result_box\" lang=\"fr\"><span class=\"hps\">Vainqueurs<\/span> <span class=\"hps\">des groupes:<\/span> <span class=\"hps\">75<\/span>% lors de<span class=\"hps\"> la Coupe Euro<\/span><span class=\"hps\"> 2012<\/span> <span class=\"hps atn\">(par <\/span>hasard statistique <span class=\"hps\">serait 25<\/span>%) <\/span><\/li>\n<li><span id=\"result_box\" lang=\"fr\"><span class=\"hps\">\u00c9quipes qualifi\u00e9es<\/span> <span class=\"hps\">pour<\/span> <span class=\"hps\">les huiti\u00e8mes de finale<\/span>: <span class=\"hps\">81<\/span>%\u00a0<span id=\"result_box\" lang=\"fr\">lors de<\/span><span class=\"hps\"> la Coupe<\/span> <span class=\"hps\">du Monde 2010<\/span>\u00a0<span id=\"result_box\" lang=\"fr\"><span class=\"hps atn\">(par <\/span>hasard statistique <span class=\"hps\">serait 50<\/span>%)<\/span> <\/span><\/li>\n<li><span id=\"result_box\" lang=\"fr\"><span class=\"hps\">Matches de groupe<\/span>: <span class=\"hps\">52<\/span>%\u00a0<span id=\"result_box\" lang=\"fr\">lors de<\/span><span class=\"hps\"> la Coupe<\/span> <span class=\"hps\">du Monde 2014<\/span>\u00a0<span id=\"result_box\" lang=\"fr\"><span class=\"hps atn\">(par <\/span>hasard statistique <span class=\"hps\">serait 33<\/span>%);\u00a0<span id=\"result_box\" lang=\"fr\"><span id=\"result_box\" lang=\"fr\"><span class=\"hps\">r\u00e9f\u00e9rence<\/span> (benchmark)<\/span> <span class=\"hps\">surperform\u00e9<\/span>: Bloomberg <span class=\"hps atn\">(<\/span>44%) <span class=\"hps\">et<\/span> <span class=\"hps\">Goldman<\/span> <span class=\"hps\">Sachs<\/span> <span class=\"hps atn\">(<\/span>38%)<\/span><br \/>\n<\/span><\/span><\/li>\n<li><span id=\"result_box\" lang=\"fr\"><span class=\"hps\">Meilleur<\/span> pronostic par <span class=\"hps\">groupe<\/span>: <span class=\"hps\">83<\/span>% lors de<span class=\"hps\"> la Coupe<\/span> <span class=\"hps\">du Monde 2014<\/span>\u00a0<span id=\"result_box\" lang=\"fr\"><span id=\"result_box\" lang=\"fr\"><span class=\"hps atn\">(par <\/span>hasard statistique <span class=\"hps\">serait 33<\/span>%)<\/span><\/span><\/span><\/li>\n<li>\u00c9quipes aux demi-finales: 75% <span id=\"result_box\" lang=\"fr\">lors de<span class=\"hps\"> la Coupe<\/span> <span class=\"hps\">du Monde 2014<\/span>\u00a0<span id=\"result_box\" lang=\"fr\"><span id=\"result_box\" lang=\"fr\"><span class=\"hps atn\">(par <\/span>hasard statistique <span class=\"hps\">serait 12,5<\/span>%)<\/span><\/span><\/span><\/li>\n<li>Vainqueurs des finales au cours de la phase \u00e0 \u00e9limination: 88% <span id=\"result_box\" lang=\"fr\">lors de<span class=\"hps\"> la Coupe<\/span> <span class=\"hps\">du Monde 2014<\/span>\u00a0<span id=\"result_box\" lang=\"fr\"><span id=\"result_box\" lang=\"fr\"><span class=\"hps atn\">(par <\/span>hasard statistique <span class=\"hps\">serait 50<\/span>%)<\/span><\/span><\/span><\/li>\n<\/ul>\n<p style=\"text-align: justify;\"><img loading=\"lazy\" class=\"alignnone size-full wp-image-1562\" src=\"http:\/\/dataminingsoccer.com\/fr\/wp-content\/uploads\/sites\/6\/Champion-Monde-Trophee-Coupe.jpg\" alt=\"Champion-Monde-Trophee-Coupe\" width=\"23\" height=\"50\" \/> \u00a0\u00a0<img loading=\"lazy\" class=\"alignnone size-full wp-image-1561\" src=\"http:\/\/dataminingsoccer.com\/fr\/wp-content\/uploads\/sites\/6\/Champion-Europe-Trophee-Coupe.jpg\" alt=\"Champion-Europe-Trophee-Coupe\" width=\"28\" height=\"50\" \/>\u00a0\u00a0\u00a0\u00a0 <img loading=\"lazy\" class=\"alignnone size-full wp-image-3219\" src=\"http:\/\/dataminingsoccer.com\/fr\/wp-content\/uploads\/sites\/6\/Copa-America-Coupe-m.png\" alt=\"Copa-America-Coupe\" width=\"22\" height=\"51\" \/><\/p>\n","protected":false},"excerpt":{"rendered":"<p>Football Result Predictions for World &amp; Euro Cup \u00a0\u00a0\u00a0\u00a0\u00a0\u00a0 Ici tu peux trouver des taux de succ\u00e8s\u00a0diff\u00e9rents pour nos pronostics de la Coupe du Monde et le Championnat d&rsquo;Europe. Tu peux acc\u00e9der \u00e0 cette page avec des taux de r\u00e9ussite soit dans la barre de menu au-dessus via &gt; Coupe du Monde &amp; Euro &gt; &hellip; <a href=\"http:\/\/dataminingsoccer.com\/fr\/coupe-du-monde-et-coupe-d-europe\/taux-de-succes\/\" class=\"more-link\">Continuer la lecture de <span class=\"screen-reader-text\">Taux de Succ\u00e8s<\/span> <span class=\"meta-nav\">&rarr;<\/span><\/a><\/p>\n","protected":false},"author":7,"featured_media":0,"parent":26,"menu_order":30,"comment_status":"closed","ping_status":"closed","template":"","meta":[],"yoast_head":"<!-- This site is optimized with the Yoast SEO plugin v14.8 - https:\/\/yoast.com\/wordpress\/plugins\/seo\/ -->\n<meta name=\"description\" content=\"Fussball Ergebnis-Vorhersagen f\u00fcr Weltmeisterschaft und Europameisterschaft: Treffer-Quoten unserer Software f\u00fcr verschiedene Vorhersage-Kategorien.\" \/>\n<meta name=\"robots\" content=\"index, follow\" \/>\n<meta name=\"googlebot\" content=\"index, follow, max-snippet:-1, max-image-preview:large, max-video-preview:-1\" \/>\n<meta name=\"bingbot\" content=\"index, follow, max-snippet:-1, max-image-preview:large, max-video-preview:-1\" \/>\n<link rel=\"canonical\" href=\"http:\/\/dataminingsoccer.com\/fr\/coupe-du-monde-et-coupe-d-europe\/taux-de-succes\/\" \/>\n<script type=\"application\/ld+json\" class=\"yoast-schema-graph\">{\"@context\":\"https:\/\/schema.org\",\"@graph\":[{\"@type\":\"WebSite\",\"@id\":\"http:\/\/dataminingsoccer.com\/fr\/#website\",\"url\":\"http:\/\/dataminingsoccer.com\/fr\/\",\"name\":\"Pronostics de R\\u00e9sultats de Football\",\"description\":\"bas\\u00e9 sur des analyses statistiques utilisant data mining.. Nous aimons le football!     Nous aimons les jeux de nombre!\",\"potentialAction\":[{\"@type\":\"SearchAction\",\"target\":\"http:\/\/dataminingsoccer.com\/fr\/?s={search_term_string}\",\"query-input\":\"required name=search_term_string\"}],\"inLanguage\":\"fr-FR\"},{\"@type\":\"ImageObject\",\"@id\":\"http:\/\/dataminingsoccer.com\/fr\/coupe-du-monde-et-coupe-d-europe\/taux-de-succes\/#primaryimage\",\"inLanguage\":\"fr-FR\",\"url\":\"http:\/\/dataminingsoccer.com\/fr\/wp-content\/uploads\/sites\/6\/Champion-Monde-Trophee-Coupe.jpg\",\"width\":23,\"height\":50,\"caption\":\"Champion-Monde-Trophee-Coupe\"},{\"@type\":\"WebPage\",\"@id\":\"http:\/\/dataminingsoccer.com\/fr\/coupe-du-monde-et-coupe-d-europe\/taux-de-succes\/#webpage\",\"url\":\"http:\/\/dataminingsoccer.com\/fr\/coupe-du-monde-et-coupe-d-europe\/taux-de-succes\/\",\"name\":\"Taux de Succ\\u00e8s - Pronostics de R\\u00e9sultats de Football\",\"isPartOf\":{\"@id\":\"http:\/\/dataminingsoccer.com\/fr\/#website\"},\"primaryImageOfPage\":{\"@id\":\"http:\/\/dataminingsoccer.com\/fr\/coupe-du-monde-et-coupe-d-europe\/taux-de-succes\/#primaryimage\"},\"datePublished\":\"2014-06-17T21:54:22+00:00\",\"dateModified\":\"2016-06-05T21:58:53+00:00\",\"description\":\"Fussball Ergebnis-Vorhersagen f\\u00fcr Weltmeisterschaft und Europameisterschaft: Treffer-Quoten unserer Software f\\u00fcr verschiedene Vorhersage-Kategorien.\",\"inLanguage\":\"fr-FR\",\"potentialAction\":[{\"@type\":\"ReadAction\",\"target\":[\"http:\/\/dataminingsoccer.com\/fr\/coupe-du-monde-et-coupe-d-europe\/taux-de-succes\/\"]}]}]}<\/script>\n<!-- \/ Yoast SEO plugin. -->","_links":{"self":[{"href":"http:\/\/dataminingsoccer.com\/fr\/wp-json\/wp\/v2\/pages\/1559"}],"collection":[{"href":"http:\/\/dataminingsoccer.com\/fr\/wp-json\/wp\/v2\/pages"}],"about":[{"href":"http:\/\/dataminingsoccer.com\/fr\/wp-json\/wp\/v2\/types\/page"}],"author":[{"embeddable":true,"href":"http:\/\/dataminingsoccer.com\/fr\/wp-json\/wp\/v2\/users\/7"}],"replies":[{"embeddable":true,"href":"http:\/\/dataminingsoccer.com\/fr\/wp-json\/wp\/v2\/comments?post=1559"}],"version-history":[{"count":12,"href":"http:\/\/dataminingsoccer.com\/fr\/wp-json\/wp\/v2\/pages\/1559\/revisions"}],"predecessor-version":[{"id":3225,"href":"http:\/\/dataminingsoccer.com\/fr\/wp-json\/wp\/v2\/pages\/1559\/revisions\/3225"}],"up":[{"embeddable":true,"href":"http:\/\/dataminingsoccer.com\/fr\/wp-json\/wp\/v2\/pages\/26"}],"wp:attachment":[{"href":"http:\/\/dataminingsoccer.com\/fr\/wp-json\/wp\/v2\/media?parent=1559"}],"curies":[{"name":"wp","href":"https:\/\/api.w.org\/{rel}","templated":true}]}}