{"id":9,"date":"2013-09-12T01:41:02","date_gmt":"2013-09-11T23:41:02","guid":{"rendered":"http:\/\/dataminingsoccer.com\/es\/?page_id=9"},"modified":"2015-07-26T01:57:10","modified_gmt":"2015-07-25T23:57:10","slug":"alemania","status":"publish","type":"page","link":"http:\/\/dataminingsoccer.com\/es\/alemania\/","title":{"rendered":"Alemania"},"content":{"rendered":"<h2>Resultados de F\u00fatbol: Pron\u00f3sticos utilizando Data Mining<\/h2><p style=\"text-align: justify;\"><img loading=\"lazy\" src=\"http:\/\/dataminingsoccer.com\/es\/wp-content\/uploads\/sites\/4\/Bundesliga-Futbol-Resultados-Prediccion-s.png\" alt=\"Bundesliga-Futbol-Resultados-Prediccion\" width=\"59\" height=\"50\" \/>\u00a0\u00a0\u00a0\u00a0<img src=\"http:\/\/dataminingsoccer.com\/wp-content\/uploads\/league-logos\/Liga-3-Fussball-Ergebnis-Vorhersagen.png\" alt=\"Liga-3-Fussball-Ergebnis-Vorhersagen\" \/>\u00a0 \u00a0 \u00a0<img loading=\"lazy\" class=\"alignnone size-full wp-image-1674\" src=\"http:\/\/dataminingsoccer.com\/es\/wp-content\/uploads\/sites\/4\/dfb-pokal.png\" alt=\"dfb-pokal\" width=\"50\" height=\"50\" \/><\/p>\n<p style=\"text-align: justify;\">En Alemania calculamos <a title=\"Pron\u00f3sticos\" href=\"http:\/\/dataminingsoccer.com\/es\/alemania\/pronosticos-1-bundesliga\/\">[pron\u00f3sticos]<\/a>, <a title=\"Estad\u00edstica por Equipo\" href=\"http:\/\/dataminingsoccer.com\/es\/alemania\/estadistica-por-equipo\/\">[estad\u00edsticas por equipo]<\/a> y <a title=\"\u00cdndices de \u00c9xito\" href=\"http:\/\/dataminingsoccer.com\/es\/alemania\/indices-de-exito\/\">[\u00edndices de \u00e9xito]<\/a> para las competici\u00f3nes siguientes:<\/p>\n<table>\n<tbody>\n<tr>\n<td><\/td>\n<td><a title=\"Pron\u00f3sticos\" href=\"http:\/\/dataminingsoccer.com\/es\/alemania\/pronosticos-1-bundesliga\/\">[pron\u00f3sticos]<\/a><\/td>\n<td><a title=\"Estad\u00edstica por Equipo\" href=\"http:\/\/dataminingsoccer.com\/es\/alemania\/estadistica-por-equipo\/\">[estad\u00edsticas por equipo]<\/a><\/td>\n<td><a title=\"\u00cdndices de \u00c9xito\" href=\"http:\/\/dataminingsoccer.com\/es\/alemania\/indices-de-exito\/\">[nuestros \u00edndices de \u00e9xito]<\/a><\/td>\n<\/tr>\n<tr>\n<td><img loading=\"lazy\" class=\"alignnone size-full wp-image-167\" src=\"http:\/\/dataminingsoccer.com\/es\/wp-content\/uploads\/sites\/4\/Bundesliga-Futbol-Resultados-Prediccion-m.png\" alt=\"Bundesliga-Futbol-Resultados-Prediccion\" width=\"37\" height=\"25\" \/><\/td>\n<td><a href=\"http:\/\/dataminingsoccer.com\/es\/alemania\/pronosticos-1-bundesliga\/1-bundesliga-2015-2016\/\">[1.Bundesliga 2015\/16]<\/a><\/td>\n<td><a href=\"http:\/\/dataminingsoccer.com\/es\/alemania\/estadistica-por-equipo\/1-bundesliga-2015-2016\/\">[1.Bundesliga 2015\/16]<\/a><\/td>\n<td><a href=\"http:\/\/dataminingsoccer.com\/es\/alemania\/indices-de-exito\/1-bundesliga-2015-2016\/\">[1.Bundesliga 2015\/16]<\/a><\/td>\n<\/tr>\n<tr>\n<td><img loading=\"lazy\" class=\"alignnone size-full wp-image-167\" src=\"http:\/\/dataminingsoccer.com\/es\/wp-content\/uploads\/sites\/4\/Bundesliga-Futbol-Resultados-Prediccion-m.png\" alt=\"Bundesliga-Futbol-Resultados-Prediccion\" width=\"37\" height=\"25\" \/><\/td>\n<td><a href=\"http:\/\/dataminingsoccer.com\/es\/alemania\/pronosticos-1-bundesliga\/2-bundesliga-2015-2016\/\">[2.Bundesliga 2015\/16]<\/a><\/td>\n<td><a href=\"http:\/\/dataminingsoccer.com\/es\/alemania\/estadistica-por-equipo\/2-bundesliga-2015-2016\/\">[2.Bundesliga 2015\/16]<\/a><\/td>\n<td><a href=\"http:\/\/dataminingsoccer.com\/es\/alemania\/indices-de-exito\/2-bundesliga-2015-2016\/\">[2.Bundesliga 2015\/16]<\/a><\/td>\n<\/tr>\n<tr>\n<td><img src=\"http:\/\/dataminingsoccer.com\/wp-content\/uploads\/league-logos\/Liga-3-Fussball-Ergebnis-Vorhersagen-s.png\" alt=\"Liga-3-Fussball-Ergebnis-Vorhersagen\" \/><\/td>\n<td><a href=\"http:\/\/dataminingsoccer.com\/es\/alemania\/pronosticos-1-bundesliga\/3-liga-2015-2016\/\">[3.Liga 2015\/16]<\/a><\/td>\n<td><a href=\"http:\/\/dataminingsoccer.com\/es\/alemania\/estadistica-por-equipo\/3-liga-2015-2016\/\">[3.Liga 2015\/16]<\/a><\/td>\n<td><a href=\"http:\/\/dataminingsoccer.com\/es\/alemania\/indices-de-exito\/3-liga-2015-2016\/\">[3.Liga 2015\/16]<\/a><\/td>\n<\/tr>\n<tr>\n<td><img loading=\"lazy\" class=\"alignnone size-full wp-image-1673\" src=\"http:\/\/dataminingsoccer.com\/es\/wp-content\/uploads\/sites\/4\/dfb-pokal-s.png\" alt=\"dfb-pokal\" width=\"25\" height=\"25\" \/><\/td>\n<td><a href=\"http:\/\/dataminingsoccer.com\/es\/alemania\/pronosticos-1-bundesliga\/dfb-pokal-2015-2016\/\">[DFB-Pokal 2015\/16]<\/a><\/td>\n<td><\/td>\n<td><\/td>\n<\/tr>\n<tr>\n<td><\/td>\n<td><a title=\"Pron\u00f3sticos\" href=\"http:\/\/dataminingsoccer.com\/es\/alemania\/pronosticos-1-bundesliga\/\">[antes]<\/a><\/td>\n<td><a title=\"Estad\u00edstica por Equipo\" href=\"http:\/\/dataminingsoccer.com\/es\/alemania\/estadistica-por-equipo\/\">[antes]<\/a><\/td>\n<td><a title=\"\u00cdndices de \u00c9xito\" href=\"http:\/\/dataminingsoccer.com\/es\/alemania\/indices-de-exito\/\">[antes]<\/a><\/td>\n<\/tr>\n<\/tbody>\n<\/table>\n<p>Pron\u00f3sticos de resultados de f\u00fatbol utilizando\u00a0data mining para Alemania @ Data.Mininig.Soccer<\/p>\n<p><img loading=\"lazy\" src=\"http:\/\/dataminingsoccer.com\/es\/wp-content\/uploads\/sites\/4\/Bundesliga-Futbol-Resultados-Prediccion-s.png\" alt=\"Bundesliga-Futbol-Resultados-Prediccion\" width=\"59\" height=\"50\" \/>\u00a0\u00a0\u00a0\u00a0<img src=\"http:\/\/dataminingsoccer.com\/wp-content\/uploads\/league-logos\/Liga-3-Fussball-Ergebnis-Vorhersagen.png\" alt=\"Liga-3-Fussball-Ergebnis-Vorhersagen\" \/>\u00a0 \u00a0 \u00a0<img loading=\"lazy\" class=\"alignnone size-full wp-image-1674\" src=\"http:\/\/dataminingsoccer.com\/es\/wp-content\/uploads\/sites\/4\/dfb-pokal.png\" alt=\"dfb-pokal\" width=\"50\" height=\"50\" \/><\/p>\n<p style=\"text-align: justify;\">Los ganadores de t\u00edtulos hist\u00f3ricos de la\u00a0<a title=\"1.Bundesliga 2014\/15\" href=\"http:\/\/dataminingsoccer.com\/es\/alemania\/pronosticos-1-bundesliga\/1-bundesliga-2015-2016\/\">[1.Bundesliga]<\/a> en Alemania y el n\u00famero de campeonatos ganados en un vistazo:<\/p>\n<p style=\"text-align: justify;\">FC Bayern M\u00fanich \u00a0 (24)\u00a0\u00a0 ****\u00a0\u00a0 <img loading=\"lazy\" class=\"alignnone size-full wp-image-167\" src=\"http:\/\/dataminingsoccer.com\/es\/wp-content\/uploads\/sites\/4\/Bundesliga-Futbol-Resultados-Prediccion-m.png\" alt=\"Bundesliga-Futbol-Resultados-Prediccion\" width=\"37\" height=\"25\" \/>\u00a0\u00a0 (campe\u00f3n actual)<br \/>\nBorussia Dortmund \u00a0 (5)\u00a0\u00a0 **<br \/>\nBorussia M&#8217;Gladbach\u00a0\u00a0 (5)\u00a0\u00a0 **<br \/>\nWerder Bremen\u00a0\u00a0 (4)\u00a0\u00a0 *<br \/>\nHamburgo\u00a0SV \u00a0 (3)\u00a0\u00a0 *<br \/>\nVfB Stuttgart\u00a0\u00a0 (3)\u00a0\u00a0 *<br \/>\n1 FC Kaiserslautern \u00a0 (2)<br \/>\n1 FC Cologne \u00a0 (2)<br \/>\nEintracht Braunschweig \u00a0 (1)<br \/>\nTSV 1860 Munich \u00a0 (1)<br \/>\n1 FC Nuremberg \u00a0 (1)<br \/>\nVfL Wolfsburgo\u00a0\u00a0 (1)<\/p>\n<p style=\"text-align: justify;\"><img loading=\"lazy\" src=\"http:\/\/dataminingsoccer.com\/es\/wp-content\/uploads\/sites\/4\/Bundesliga-Futbol-Resultados-Prediccion-s.png\" alt=\"Bundesliga-Futbol-Resultados-Prediccion\" width=\"59\" height=\"50\" \/>\u00a0\u00a0\u00a0\u00a0<img src=\"http:\/\/dataminingsoccer.com\/wp-content\/uploads\/league-logos\/Liga-3-Fussball-Ergebnis-Vorhersagen.png\" alt=\"Liga-3-Fussball-Ergebnis-Vorhersagen\" \/>\u00a0 \u00a0 \u00a0<img loading=\"lazy\" class=\"alignnone size-full wp-image-1674\" src=\"http:\/\/dataminingsoccer.com\/es\/wp-content\/uploads\/sites\/4\/dfb-pokal.png\" alt=\"dfb-pokal\" width=\"50\" height=\"50\" \/><\/p>\n<p style=\"text-align: justify;\">Los ganadores de t\u00edtulos hist\u00f3ricos de la <a title=\"Pron\u00f3sticos Copa \u2018DFB Pokal\u2019\" href=\"http:\/\/dataminingsoccer.com\/es\/alemania\/pronosticos-1-bundesliga\/dfb-pokal-2015-2016\/\">[Copa de Alemania &#8216;DFB Pokal&#8217;]<\/a>:<\/p>\n<p style=\"text-align: justify;\">FC Bayern M\u00fanich\u00a0\u00a0 (17)<br \/>\nWerder Bremen \u00a0 (6)<br \/>\nFC Schalke 04 \u00a0 (5)<br \/>\n1. FC Cologne \u00a0 (4)<br \/>\nEintracht Frankfurt\u00a0\u00a0 (4)<br \/>\n1. FC Nuremberg \u00a0 (4)<br \/>\nHamburg SV\u00a0\u00a0 (3)<br \/>\nVfB Stuttgart\u00a0\u00a0 (3)<br \/>\nBorussia Dortmund\u00a0\u00a0 (3)<br \/>\nBorussia M\u2019Gladbach\u00a0\u00a0 (3)<br \/>\nFortuna Dusseldorf\u00a0\u00a0 (2)<br \/>\n1. FC Kaiserslautern\u00a0\u00a0 (2)<br \/>\nKarlsruher SC\u00a0\u00a0 (2)<br \/>\nDresdner SC\u00a0\u00a0 (2)<br \/>\nTSV 1860 Munich \u00a0 (2)<br \/>\nBayer 04 Leverkusen\u00a0\u00a0 (1)<br \/>\nRot-Weiss Essen\u00a0\u00a0 (1)<br \/>\nSchwarz-Weiss Essen\u00a0\u00a0 (1)<br \/>\nHanover 96\u00a0\u00a0 (1)<br \/>\nVfB Leipzig\u00a0\u00a0 (1)<br \/>\nKickers Offenbach\u00a0\u00a0 (1)<br \/>\nKFC Uerdingen 05\u00a0\u00a0 (1)<br \/>\nFirst Vienna FC 1894\u00a0\u00a0 (1)<br \/>\nSK Rapid Wien\u00a0\u00a0 (1)<br \/>\nVfL Wolfsburg \u00a0 (1)\u00a0\u00a0 <img loading=\"lazy\" class=\"alignnone size-full wp-image-1673\" src=\"http:\/\/dataminingsoccer.com\/es\/wp-content\/uploads\/sites\/4\/dfb-pokal-s.png\" alt=\"dfb-pokal\" width=\"25\" height=\"25\" \/>\u00a0\u00a0 (campe\u00f3n actual)<\/p>\n<p style=\"text-align: justify;\"><img loading=\"lazy\" src=\"http:\/\/dataminingsoccer.com\/es\/wp-content\/uploads\/sites\/4\/Bundesliga-Futbol-Resultados-Prediccion-s.png\" alt=\"Bundesliga-Futbol-Resultados-Prediccion\" width=\"59\" height=\"50\" \/>\u00a0\u00a0\u00a0\u00a0<img src=\"http:\/\/dataminingsoccer.com\/wp-content\/uploads\/league-logos\/Liga-3-Fussball-Ergebnis-Vorhersagen.png\" alt=\"Liga-3-Fussball-Ergebnis-Vorhersagen\" \/>\u00a0 \u00a0 \u00a0<img loading=\"lazy\" class=\"alignnone size-full wp-image-1674\" src=\"http:\/\/dataminingsoccer.com\/es\/wp-content\/uploads\/sites\/4\/dfb-pokal.png\" alt=\"dfb-pokal\" width=\"50\" height=\"50\" \/><\/p>\n","protected":false},"excerpt":{"rendered":"<p>Resultados de F\u00fatbol: Pron\u00f3sticos utilizando Data Mining\u00a0\u00a0\u00a0\u00a0\u00a0 \u00a0 \u00a0 En Alemania calculamos [pron\u00f3sticos], [estad\u00edsticas por equipo] y [\u00edndices de \u00e9xito] para las competici\u00f3nes siguientes: [pron\u00f3sticos] [estad\u00edsticas por equipo] [nuestros \u00edndices de \u00e9xito] [1.Bundesliga 2015\/16] [1.Bundesliga 2015\/16] [1.Bundesliga 2015\/16] [2.Bundesliga 2015\/16] [2.Bundesliga 2015\/16] [2.Bundesliga 2015\/16] [3.Liga 2015\/16] [3.Liga 2015\/16] [3.Liga 2015\/16] [DFB-Pokal 2015\/16] [antes] [antes] [antes] &hellip; <a href=\"http:\/\/dataminingsoccer.com\/es\/alemania\/\" class=\"more-link\">Seguir leyendo <span class=\"screen-reader-text\">Alemania<\/span> <span class=\"meta-nav\">&rarr;<\/span><\/a><\/p>\n","protected":false},"author":5,"featured_media":0,"parent":0,"menu_order":10,"comment_status":"closed","ping_status":"closed","template":"","meta":[],"yoast_head":"<!-- This site is optimized with the Yoast SEO plugin v14.8 - https:\/\/yoast.com\/wordpress\/plugins\/seo\/ -->\n<meta name=\"description\" content=\"F\u00fatbol alem\u00e1n. Visi\u00f3n hist\u00f3rica de los campeonatos de la 1.Bundesliga. Pron\u00f3sticos de f\u00fatbol con resultados de miner\u00eda de datos.\" \/>\n<meta name=\"robots\" content=\"index, follow\" \/>\n<meta name=\"googlebot\" content=\"index, follow, max-snippet:-1, max-image-preview:large, max-video-preview:-1\" \/>\n<meta name=\"bingbot\" content=\"index, follow, max-snippet:-1, max-image-preview:large, max-video-preview:-1\" \/>\n<link rel=\"canonical\" href=\"http:\/\/dataminingsoccer.com\/es\/alemania\/\" \/>\n<script type=\"application\/ld+json\" class=\"yoast-schema-graph\">{\"@context\":\"https:\/\/schema.org\",\"@graph\":[{\"@type\":\"WebSite\",\"@id\":\"http:\/\/dataminingsoccer.com\/es\/#website\",\"url\":\"http:\/\/dataminingsoccer.com\/es\/\",\"name\":\"Pron\\u00f3sticos de Resultados de F\\u00fatbol\",\"description\":\"basado sobre an\\u00e1lisis estad\\u00edsticos utilizando data mining.. Amamos el f\\u00fatbol! Y nos encantan los juegos con n\\u00fameros!\",\"potentialAction\":[{\"@type\":\"SearchAction\",\"target\":\"http:\/\/dataminingsoccer.com\/es\/?s={search_term_string}\",\"query-input\":\"required name=search_term_string\"}],\"inLanguage\":\"es\"},{\"@type\":\"ImageObject\",\"@id\":\"http:\/\/dataminingsoccer.com\/es\/alemania\/#primaryimage\",\"inLanguage\":\"es\",\"url\":\"http:\/\/dataminingsoccer.com\/es\/wp-content\/uploads\/sites\/4\/Bundesliga-Futbol-Resultados-Prediccion-s.png\",\"width\":59,\"height\":50,\"caption\":\"Bundesliga-Futbol-Resultados-Prediccion\"},{\"@type\":\"WebPage\",\"@id\":\"http:\/\/dataminingsoccer.com\/es\/alemania\/#webpage\",\"url\":\"http:\/\/dataminingsoccer.com\/es\/alemania\/\",\"name\":\"Alemania - Pron\\u00f3sticos de Resultados de F\\u00fatbol\",\"isPartOf\":{\"@id\":\"http:\/\/dataminingsoccer.com\/es\/#website\"},\"primaryImageOfPage\":{\"@id\":\"http:\/\/dataminingsoccer.com\/es\/alemania\/#primaryimage\"},\"datePublished\":\"2013-09-11T23:41:02+00:00\",\"dateModified\":\"2015-07-25T23:57:10+00:00\",\"description\":\"F\\u00fatbol alem\\u00e1n. Visi\\u00f3n hist\\u00f3rica de los campeonatos de la 1.Bundesliga. Pron\\u00f3sticos de f\\u00fatbol con resultados de miner\\u00eda de datos.\",\"inLanguage\":\"es\",\"potentialAction\":[{\"@type\":\"ReadAction\",\"target\":[\"http:\/\/dataminingsoccer.com\/es\/alemania\/\"]}]}]}<\/script>\n<!-- \/ Yoast SEO plugin. -->","_links":{"self":[{"href":"http:\/\/dataminingsoccer.com\/es\/wp-json\/wp\/v2\/pages\/9"}],"collection":[{"href":"http:\/\/dataminingsoccer.com\/es\/wp-json\/wp\/v2\/pages"}],"about":[{"href":"http:\/\/dataminingsoccer.com\/es\/wp-json\/wp\/v2\/types\/page"}],"author":[{"embeddable":true,"href":"http:\/\/dataminingsoccer.com\/es\/wp-json\/wp\/v2\/users\/5"}],"replies":[{"embeddable":true,"href":"http:\/\/dataminingsoccer.com\/es\/wp-json\/wp\/v2\/comments?post=9"}],"version-history":[{"count":24,"href":"http:\/\/dataminingsoccer.com\/es\/wp-json\/wp\/v2\/pages\/9\/revisions"}],"predecessor-version":[{"id":2835,"href":"http:\/\/dataminingsoccer.com\/es\/wp-json\/wp\/v2\/pages\/9\/revisions\/2835"}],"wp:attachment":[{"href":"http:\/\/dataminingsoccer.com\/es\/wp-json\/wp\/v2\/media?parent=9"}],"curies":[{"name":"wp","href":"https:\/\/api.w.org\/{rel}","templated":true}]}}