{"id":725,"date":"2013-12-28T01:10:02","date_gmt":"2013-12-27T23:10:02","guid":{"rendered":"http:\/\/dataminingsoccer.com\/es\/?page_id=725"},"modified":"2015-06-24T05:46:24","modified_gmt":"2015-06-24T03:46:24","slug":"pronosticos-ligue-1","status":"publish","type":"page","link":"http:\/\/dataminingsoccer.com\/es\/francia\/pronosticos-ligue-1\/","title":{"rendered":"Pron\u00f3sticos"},"content":{"rendered":"<h2>Resultados de F\u00fatbol: Pron\u00f3sticos utilizando Data Mining<\/h2><p><img loading=\"lazy\" class=\"alignnone size-full wp-image-181\" src=\"http:\/\/dataminingsoccer.com\/es\/wp-content\/uploads\/sites\/4\/Ligue-1-Futbol-Resultados-Prediccion-m.png\" alt=\"Ligue-1-Futbol-Resultados-Prediccion\" width=\"35\" height=\"50\" \/>\u00a0\u00a0\u00a0\u00a0 <img loading=\"lazy\" class=\"alignnone size-full wp-image-1824\" src=\"http:\/\/dataminingsoccer.com\/es\/wp-content\/uploads\/sites\/4\/Coupe-de-France.png\" alt=\"Coupe-de-France\" width=\"51\" height=\"50\" \/><\/p>\n<p style=\"text-align: justify;\">Francia: Para cualquier competici\u00f3n y temporada de tu elecci\u00f3n puedes encontrar aqu\u00ed todos los partidos pronosticados por nosotros, as\u00ed como los correspondientes resultados reales.<\/p>\n<p style=\"text-align: justify;\">Puedes acceder a esta p\u00e1gina con las predicciones y los resultados reales, ya sea en la barra de men\u00fa de arriba a trav\u00e9s de <strong>&gt; Francia &gt; pron\u00f3sticos &gt; competici\u00f3n y temporada<\/strong> de tu elecci\u00f3n, o a trav\u00e9s del men\u00fa desplegable \u2018<strong>nuestros\u00a0pron\u00f3sticos para\u2026<\/strong>\u2018 en el lado derecho, o simplemente\u00a0haciendo clic en uno de los siguientes enlaces:<\/p>\n<p style=\"text-align: justify;\"><img loading=\"lazy\" class=\"alignnone size-full wp-image-182\" src=\"http:\/\/dataminingsoccer.com\/es\/wp-content\/uploads\/sites\/4\/Ligue-1-Futbol-Resultados-Prediccion-s.png\" alt=\"Ligue-1-Futbol-Resultados-Prediccion\" width=\"25\" height=\"25\" \/> <a title=\"Ligue 1 2014\/15\" href=\"http:\/\/dataminingsoccer.com\/es\/francia\/pronosticos-ligue-1\/ligue-1-2015-2016\/\">[Ligue 1 2015\/16]<br \/>\n<\/a><img loading=\"lazy\" class=\"alignnone size-full wp-image-1823\" src=\"http:\/\/dataminingsoccer.com\/es\/wp-content\/uploads\/sites\/4\/Coupe-de-France-s.png\" alt=\"Coupe-de-France\" width=\"26\" height=\"25\" \/> <a title=\"Ligue 1 2014\/15\" href=\"http:\/\/dataminingsoccer.com\/es\/francia\/pronosticos-ligue-1\/coupe-de-france-2015-2016\/\">[Coupe de France 2015\/16]<\/a><a title=\"Ligue 1 2014\/15\" href=\"http:\/\/dataminingsoccer.com\/es\/francia\/pronosticos-ligue-1\/ligue-1-2014-15\/\"><br \/>\n<\/a><img loading=\"lazy\" class=\"alignnone size-full wp-image-182\" src=\"http:\/\/dataminingsoccer.com\/es\/wp-content\/uploads\/sites\/4\/Ligue-1-Futbol-Resultados-Prediccion-s.png\" alt=\"Ligue-1-Futbol-Resultados-Prediccion\" width=\"25\" height=\"25\" \/> <a title=\"Ligue 1 2014\/15\" href=\"http:\/\/dataminingsoccer.com\/es\/francia\/pronosticos-ligue-1\/ligue-1-2014-15\/\">[Ligue 1 2014\/15]<\/a><a title=\"Ligue 1 2014\/15\" href=\"http:\/\/dataminingsoccer.com\/es\/francia\/pronosticos-ligue-1\/ligue-1-2014-15\/\"><br \/>\n<\/a><\/p>\n<p style=\"text-align: justify;\">Como indicador estad\u00edstico adicional siempre mostramos uno de nuestros factores de confianza estad\u00edstica (DMSC\u2122 o DMSU\u2122) para cada partido predicho por nosotros en Francia.<\/p>\n<p><img loading=\"lazy\" class=\"alignnone size-full wp-image-181\" src=\"http:\/\/dataminingsoccer.com\/es\/wp-content\/uploads\/sites\/4\/Ligue-1-Futbol-Resultados-Prediccion-m.png\" alt=\"Ligue-1-Futbol-Resultados-Prediccion\" width=\"35\" height=\"50\" \/>\u00a0\u00a0\u00a0\u00a0 <img loading=\"lazy\" class=\"alignnone size-full wp-image-1824\" src=\"http:\/\/dataminingsoccer.com\/es\/wp-content\/uploads\/sites\/4\/Coupe-de-France.png\" alt=\"Coupe-de-France\" width=\"51\" height=\"50\" \/><\/p>\n","protected":false},"excerpt":{"rendered":"<p>Resultados de F\u00fatbol: Pron\u00f3sticos utilizando Data Mining\u00a0\u00a0\u00a0\u00a0 Francia: Para cualquier competici\u00f3n y temporada de tu elecci\u00f3n puedes encontrar aqu\u00ed todos los partidos pronosticados por nosotros, as\u00ed como los correspondientes resultados reales. Puedes acceder a esta p\u00e1gina con las predicciones y los resultados reales, ya sea en la barra de men\u00fa de arriba a trav\u00e9s de &hellip; <a href=\"http:\/\/dataminingsoccer.com\/es\/francia\/pronosticos-ligue-1\/\" class=\"more-link\">Seguir leyendo <span class=\"screen-reader-text\">Pron\u00f3sticos<\/span> <span class=\"meta-nav\">&rarr;<\/span><\/a><\/p>\n","protected":false},"author":5,"featured_media":0,"parent":24,"menu_order":10,"comment_status":"closed","ping_status":"closed","template":"","meta":[],"yoast_head":"<!-- This site is optimized with the Yoast SEO plugin v14.8 - https:\/\/yoast.com\/wordpress\/plugins\/seo\/ -->\n<meta name=\"description\" content=\"Predicci\u00f3nes de resultados de f\u00fatbol de la Ligue 1 in Francia basado sobre an\u00e1lisis estad\u00edsticos utilizando data mining.\" \/>\n<meta name=\"robots\" content=\"index, follow\" \/>\n<meta name=\"googlebot\" content=\"index, follow, max-snippet:-1, max-image-preview:large, max-video-preview:-1\" \/>\n<meta name=\"bingbot\" content=\"index, follow, max-snippet:-1, max-image-preview:large, max-video-preview:-1\" \/>\n<link rel=\"canonical\" href=\"http:\/\/dataminingsoccer.com\/es\/francia\/pronosticos-ligue-1\/\" \/>\n<script type=\"application\/ld+json\" class=\"yoast-schema-graph\">{\"@context\":\"https:\/\/schema.org\",\"@graph\":[{\"@type\":\"WebSite\",\"@id\":\"http:\/\/dataminingsoccer.com\/es\/#website\",\"url\":\"http:\/\/dataminingsoccer.com\/es\/\",\"name\":\"Pron\\u00f3sticos de Resultados de F\\u00fatbol\",\"description\":\"basado sobre an\\u00e1lisis estad\\u00edsticos utilizando data mining.. Amamos el f\\u00fatbol! Y nos encantan los juegos con n\\u00fameros!\",\"potentialAction\":[{\"@type\":\"SearchAction\",\"target\":\"http:\/\/dataminingsoccer.com\/es\/?s={search_term_string}\",\"query-input\":\"required name=search_term_string\"}],\"inLanguage\":\"es\"},{\"@type\":\"ImageObject\",\"@id\":\"http:\/\/dataminingsoccer.com\/es\/francia\/pronosticos-ligue-1\/#primaryimage\",\"inLanguage\":\"es\",\"url\":\"http:\/\/dataminingsoccer.com\/es\/wp-content\/uploads\/sites\/4\/Ligue-1-Futbol-Resultados-Prediccion-m.png\",\"width\":35,\"height\":50,\"caption\":\"Ligue-1-Futbol-Resultados-Prediccion\"},{\"@type\":\"WebPage\",\"@id\":\"http:\/\/dataminingsoccer.com\/es\/francia\/pronosticos-ligue-1\/#webpage\",\"url\":\"http:\/\/dataminingsoccer.com\/es\/francia\/pronosticos-ligue-1\/\",\"name\":\"Pron\\u00f3sticos - Pron\\u00f3sticos de Resultados de F\\u00fatbol\",\"isPartOf\":{\"@id\":\"http:\/\/dataminingsoccer.com\/es\/#website\"},\"primaryImageOfPage\":{\"@id\":\"http:\/\/dataminingsoccer.com\/es\/francia\/pronosticos-ligue-1\/#primaryimage\"},\"datePublished\":\"2013-12-27T23:10:02+00:00\",\"dateModified\":\"2015-06-24T03:46:24+00:00\",\"description\":\"Predicci\\u00f3nes de resultados de f\\u00fatbol de la Ligue 1 in Francia basado sobre an\\u00e1lisis estad\\u00edsticos utilizando data mining.\",\"inLanguage\":\"es\",\"potentialAction\":[{\"@type\":\"ReadAction\",\"target\":[\"http:\/\/dataminingsoccer.com\/es\/francia\/pronosticos-ligue-1\/\"]}]}]}<\/script>\n<!-- \/ Yoast SEO plugin. -->","_links":{"self":[{"href":"http:\/\/dataminingsoccer.com\/es\/wp-json\/wp\/v2\/pages\/725"}],"collection":[{"href":"http:\/\/dataminingsoccer.com\/es\/wp-json\/wp\/v2\/pages"}],"about":[{"href":"http:\/\/dataminingsoccer.com\/es\/wp-json\/wp\/v2\/types\/page"}],"author":[{"embeddable":true,"href":"http:\/\/dataminingsoccer.com\/es\/wp-json\/wp\/v2\/users\/5"}],"replies":[{"embeddable":true,"href":"http:\/\/dataminingsoccer.com\/es\/wp-json\/wp\/v2\/comments?post=725"}],"version-history":[{"count":7,"href":"http:\/\/dataminingsoccer.com\/es\/wp-json\/wp\/v2\/pages\/725\/revisions"}],"predecessor-version":[{"id":2787,"href":"http:\/\/dataminingsoccer.com\/es\/wp-json\/wp\/v2\/pages\/725\/revisions\/2787"}],"up":[{"embeddable":true,"href":"http:\/\/dataminingsoccer.com\/es\/wp-json\/wp\/v2\/pages\/24"}],"wp:attachment":[{"href":"http:\/\/dataminingsoccer.com\/es\/wp-json\/wp\/v2\/media?parent=725"}],"curies":[{"name":"wp","href":"https:\/\/api.w.org\/{rel}","templated":true}]}}