{"id":723,"date":"2013-12-28T00:56:48","date_gmt":"2013-12-27T22:56:48","guid":{"rendered":"http:\/\/dataminingsoccer.com\/es\/?page_id=723"},"modified":"2015-06-24T04:51:15","modified_gmt":"2015-06-24T02:51:15","slug":"pronosticos-primera-division","status":"publish","type":"page","link":"http:\/\/dataminingsoccer.com\/es\/espana\/pronosticos-primera-division\/","title":{"rendered":"Pron\u00f3sticos"},"content":{"rendered":"<h2>Resultados de F\u00fatbol: Pron\u00f3sticos utilizando Data Mining<\/h2><p><img loading=\"lazy\" class=\"alignnone size-full wp-image-185\" src=\"http:\/\/dataminingsoccer.com\/es\/wp-content\/uploads\/sites\/4\/Primera-Division-Futbol-Resultados-Prediccion-m.png\" alt=\"Primera-Division-Futbol-Resultados-Prediccion\" width=\"39\" height=\"49\" \/>\u00a0\u00a0\u00a0\u00a0 <img loading=\"lazy\" class=\"alignnone size-full wp-image-1835\" src=\"http:\/\/dataminingsoccer.com\/es\/wp-content\/uploads\/sites\/4\/Copa-del-Rey.png\" alt=\"Copa-del-Rey\" width=\"58\" height=\"50\" \/><\/p>\n<p style=\"text-align: justify;\">Espa\u00f1a: Para cualquier competici\u00f3n y temporada de tu elecci\u00f3n puedes encontrar aqu\u00ed todos los partidos pronosticados por nosotros, as\u00ed como los correspondientes resultados reales.<\/p>\n<p style=\"text-align: justify;\">Puedes acceder a esta p\u00e1gina con las predicciones y los resultados reales, ya sea en la barra de men\u00fa de arriba a trav\u00e9s de <strong>&gt;\u00a0<strong><strong>Espa\u00f1a<\/strong><\/strong> &gt; pron\u00f3sticos &gt; competici\u00f3n y temporada<\/strong> de tu elecci\u00f3n, o a trav\u00e9s del men\u00fa desplegable \u2018<strong>nuestros\u00a0pron\u00f3sticos para\u2026<\/strong>\u2018 en el lado derecho, o simplemente\u00a0haciendo clic en uno de los siguientes enlaces:<\/p>\n<p style=\"text-align: justify;\"><img loading=\"lazy\" class=\"alignnone size-full wp-image-186\" src=\"http:\/\/dataminingsoccer.com\/es\/wp-content\/uploads\/sites\/4\/Primera-Division-Futbol-Resultados-Prediccion-s.png\" alt=\"Primera-Division-Futbol-Resultados-Prediccion\" width=\"25\" height=\"25\" \/> <a title=\"Primera Divisi\u00f3n 2014\/15\" href=\"http:\/\/dataminingsoccer.com\/es\/espana\/pronosticos-primera-division\/primera-division-2015-2016\/\">[Primera Divisi\u00f3n 2015\/16]<br \/>\n<\/a><img loading=\"lazy\" class=\"alignnone size-full wp-image-1834\" src=\"http:\/\/dataminingsoccer.com\/es\/wp-content\/uploads\/sites\/4\/Copa-del-Rey-s.png\" alt=\"Copa-del-Rey\" width=\"29\" height=\"25\" \/> <a title=\"Primera Divisi\u00f3n 2014\/15\" href=\"http:\/\/dataminingsoccer.com\/es\/espana\/pronosticos-primera-division\/copa-del-rey-2015-2016\/\">[Copa del Rey 2015\/16]<\/a><a title=\"Primera Divisi\u00f3n 2014\/15\" href=\"http:\/\/dataminingsoccer.com\/es\/espana\/pronosticos-primera-division\/primera-division-2015-2016\/\"><br \/>\n<\/a><img loading=\"lazy\" class=\"alignnone size-full wp-image-186\" src=\"http:\/\/dataminingsoccer.com\/es\/wp-content\/uploads\/sites\/4\/Primera-Division-Futbol-Resultados-Prediccion-s.png\" alt=\"Primera-Division-Futbol-Resultados-Prediccion\" width=\"25\" height=\"25\" \/> <a title=\"Primera Divisi\u00f3n 2014\/15\" href=\"http:\/\/dataminingsoccer.com\/es\/espana\/pronosticos-primera-division\/primera-division-2014-15\/\">[Primera Divisi\u00f3n 2014\/15]<\/a><a title=\"Primera Divisi\u00f3n 2014\/15\" href=\"http:\/\/dataminingsoccer.com\/es\/espana\/pronosticos-primera-division\/primera-division-2014-15\/\"><br \/>\n<\/a><\/p>\n<p style=\"text-align: justify;\">Como indicador estad\u00edstico adicional siempre mostramos uno de nuestros factores de confianza estad\u00edstica (DMSC\u2122 o DMSU\u2122) para cada partido predicho por nosotros en Espa\u00f1a.<\/p>\n<p><img loading=\"lazy\" class=\"alignnone size-full wp-image-185\" src=\"http:\/\/dataminingsoccer.com\/es\/wp-content\/uploads\/sites\/4\/Primera-Division-Futbol-Resultados-Prediccion-m.png\" alt=\"Primera-Division-Futbol-Resultados-Prediccion\" width=\"39\" height=\"49\" \/>\u00a0\u00a0\u00a0\u00a0 <img loading=\"lazy\" class=\"alignnone size-full wp-image-1835\" src=\"http:\/\/dataminingsoccer.com\/es\/wp-content\/uploads\/sites\/4\/Copa-del-Rey.png\" alt=\"Copa-del-Rey\" width=\"58\" height=\"50\" \/><\/p>\n","protected":false},"excerpt":{"rendered":"<p>Resultados de F\u00fatbol: Pron\u00f3sticos utilizando Data Mining\u00a0\u00a0\u00a0\u00a0 Espa\u00f1a: Para cualquier competici\u00f3n y temporada de tu elecci\u00f3n puedes encontrar aqu\u00ed todos los partidos pronosticados por nosotros, as\u00ed como los correspondientes resultados reales. Puedes acceder a esta p\u00e1gina con las predicciones y los resultados reales, ya sea en la barra de men\u00fa de arriba a trav\u00e9s de &hellip; <a href=\"http:\/\/dataminingsoccer.com\/es\/espana\/pronosticos-primera-division\/\" class=\"more-link\">Seguir leyendo <span class=\"screen-reader-text\">Pron\u00f3sticos<\/span> <span class=\"meta-nav\">&rarr;<\/span><\/a><\/p>\n","protected":false},"author":5,"featured_media":0,"parent":12,"menu_order":10,"comment_status":"closed","ping_status":"closed","template":"","meta":[],"yoast_head":"<!-- This site is optimized with the Yoast SEO plugin v14.8 - https:\/\/yoast.com\/wordpress\/plugins\/seo\/ -->\n<meta name=\"description\" content=\"Predicci\u00f3nes de resultados de f\u00fatbol de la Primera Divisi\u00f3n in Espa\u00f1a basado sobre an\u00e1lisis estad\u00edsticos utilizando data mining.\" \/>\n<meta name=\"robots\" content=\"index, follow\" \/>\n<meta name=\"googlebot\" content=\"index, follow, max-snippet:-1, max-image-preview:large, max-video-preview:-1\" \/>\n<meta name=\"bingbot\" content=\"index, follow, max-snippet:-1, max-image-preview:large, max-video-preview:-1\" \/>\n<link rel=\"canonical\" href=\"http:\/\/dataminingsoccer.com\/es\/espana\/pronosticos-primera-division\/\" \/>\n<script type=\"application\/ld+json\" class=\"yoast-schema-graph\">{\"@context\":\"https:\/\/schema.org\",\"@graph\":[{\"@type\":\"WebSite\",\"@id\":\"http:\/\/dataminingsoccer.com\/es\/#website\",\"url\":\"http:\/\/dataminingsoccer.com\/es\/\",\"name\":\"Pron\\u00f3sticos de Resultados de F\\u00fatbol\",\"description\":\"basado sobre an\\u00e1lisis estad\\u00edsticos utilizando data mining.. Amamos el f\\u00fatbol! Y nos encantan los juegos con n\\u00fameros!\",\"potentialAction\":[{\"@type\":\"SearchAction\",\"target\":\"http:\/\/dataminingsoccer.com\/es\/?s={search_term_string}\",\"query-input\":\"required name=search_term_string\"}],\"inLanguage\":\"es\"},{\"@type\":\"ImageObject\",\"@id\":\"http:\/\/dataminingsoccer.com\/es\/espana\/pronosticos-primera-division\/#primaryimage\",\"inLanguage\":\"es\",\"url\":\"http:\/\/dataminingsoccer.com\/es\/wp-content\/uploads\/sites\/4\/Primera-Division-Futbol-Resultados-Prediccion-m.png\",\"width\":39,\"height\":49,\"caption\":\"Primera-Division-Futbol-Resultados-Prediccion\"},{\"@type\":\"WebPage\",\"@id\":\"http:\/\/dataminingsoccer.com\/es\/espana\/pronosticos-primera-division\/#webpage\",\"url\":\"http:\/\/dataminingsoccer.com\/es\/espana\/pronosticos-primera-division\/\",\"name\":\"Pron\\u00f3sticos - Pron\\u00f3sticos de Resultados de F\\u00fatbol\",\"isPartOf\":{\"@id\":\"http:\/\/dataminingsoccer.com\/es\/#website\"},\"primaryImageOfPage\":{\"@id\":\"http:\/\/dataminingsoccer.com\/es\/espana\/pronosticos-primera-division\/#primaryimage\"},\"datePublished\":\"2013-12-27T22:56:48+00:00\",\"dateModified\":\"2015-06-24T02:51:15+00:00\",\"description\":\"Predicci\\u00f3nes de resultados de f\\u00fatbol de la Primera Divisi\\u00f3n in Espa\\u00f1a basado sobre an\\u00e1lisis estad\\u00edsticos utilizando data mining.\",\"inLanguage\":\"es\",\"potentialAction\":[{\"@type\":\"ReadAction\",\"target\":[\"http:\/\/dataminingsoccer.com\/es\/espana\/pronosticos-primera-division\/\"]}]}]}<\/script>\n<!-- \/ Yoast SEO plugin. -->","_links":{"self":[{"href":"http:\/\/dataminingsoccer.com\/es\/wp-json\/wp\/v2\/pages\/723"}],"collection":[{"href":"http:\/\/dataminingsoccer.com\/es\/wp-json\/wp\/v2\/pages"}],"about":[{"href":"http:\/\/dataminingsoccer.com\/es\/wp-json\/wp\/v2\/types\/page"}],"author":[{"embeddable":true,"href":"http:\/\/dataminingsoccer.com\/es\/wp-json\/wp\/v2\/users\/5"}],"replies":[{"embeddable":true,"href":"http:\/\/dataminingsoccer.com\/es\/wp-json\/wp\/v2\/comments?post=723"}],"version-history":[{"count":8,"href":"http:\/\/dataminingsoccer.com\/es\/wp-json\/wp\/v2\/pages\/723\/revisions"}],"predecessor-version":[{"id":2750,"href":"http:\/\/dataminingsoccer.com\/es\/wp-json\/wp\/v2\/pages\/723\/revisions\/2750"}],"up":[{"embeddable":true,"href":"http:\/\/dataminingsoccer.com\/es\/wp-json\/wp\/v2\/pages\/12"}],"wp:attachment":[{"href":"http:\/\/dataminingsoccer.com\/es\/wp-json\/wp\/v2\/media?parent=723"}],"curies":[{"name":"wp","href":"https:\/\/api.w.org\/{rel}","templated":true}]}}