{"id":698,"date":"2013-12-22T21:58:56","date_gmt":"2013-12-22T19:58:56","guid":{"rendered":"http:\/\/dataminingsoccer.com\/es\/?page_id=698"},"modified":"2014-09-20T03:07:20","modified_gmt":"2014-09-20T01:07:20","slug":"copa-mundial-clubes-2013","status":"publish","type":"page","link":"http:\/\/dataminingsoccer.com\/es\/liga-de-campiones-y-liga-europea\/pronosticos\/copa-mundial-clubes-2013\/","title":{"rendered":"Copa Mundial de Clubes 2013"},"content":{"rendered":"<h2>Resultados de F\u00fatbol: Pron\u00f3sticos utilizando Data Mining<\/h2><p style=\"text-align: justify;\"><img loading=\"lazy\" class=\"alignnone size-full wp-image-673\" src=\"http:\/\/dataminingsoccer.com\/es\/wp-content\/uploads\/sites\/4\/Copa-Mundial-Clubes-2013-Marruecos-m.png\" alt=\"Copa-Mundial-Clubes-2013-Marruecos\" width=\"44\" height=\"50\" \/>\u00a0\u00a0\u00a0\u00a0\u00a0 \u00a0\u00a0\u00a0\u00a0 \u00a0\u00a0\u00a0\u00a0  \u00a0 \u00a0  \u00a0 \u00a0  \u00a0 \u00a0  \u00a0 \u00a0 <\/p>\n<p style=\"text-align: justify;\"><img loading=\"lazy\" class=\"alignnone size-full wp-image-717\" src=\"http:\/\/dataminingsoccer.com\/es\/wp-content\/uploads\/sites\/4\/FIFA-Copa-Mundial-Clubes-m.png\" alt=\"FIFA-Copa-Mundial-Clubes\" width=\"39\" height=\"50\" \/>\u00a0\u00a0 La 10\u00ba Copa Mundial de Clubes de la FIFA 2013 para los ganadores de la Liga de Campeones de todo el mundo se lleva a cabo en Marruecos. Hemos predicho los partidos a partir de las semifinales para vosotros.<\/p>\n<p style=\"text-align: justify;\"><script type='text\/javascript' src='http:\/\/dataminingsoccer.com\/es\/wp-content\/plugins\/easy-chart-builder\/js\/easy-chart-builder.js'><\/script>\n\n<div id=\"easyChartDivc3e8001\" style='width:100%;'  style='text-align:center;' align='center'>\n<!-- Easy Chart Builder by dyerware -->\n<img id=\"easyChartDivc3e8001_img\" style='text-align:center;float:center;' alt='Predicci\u00f3n de resultados de f\u00fatbol' title='Predicci\u00f3n de resultados de f\u00fatbol'  align='center' border='0' \/>\n\n<\/div>\n<script type=\"text\/javascript\">\n\/\/<![CDATA[\nwpEasyChart.wpNewChart(\"easyChartDivc3e8001\", {\"type\":\"horizbar\",\"width\":\"350\",\"height\":\"75\",\"title\":\"\\u00edndice de \\u00e9xito para nuestros pron\\u00f3sticos\",\"minaxis\":\"\",\"groupnames\":\"por casualidad serian \\u00f8 ~33%, \\u00edndice de \\u00e9xito para nuestros pron\\u00f3sticos\",\"groupcolors\":\"44280c,4e9f22,f3a214,ffffff,A3A3A3,007070,00FFFF,CC7000,00CC70,CC0070,7000CC,A370CC\",\"valuenames\":\" , \\u00edndice de \\u00e9xito para nuestros pron\\u00f3sticos, \",\"group1values\":\"0, 33, 0\",\"group2values\":\"0, 75, 0\",\"group3values\":\"0,0,0\",\"group4values\":\"0,0,0\",\"group5values\":\"0,0,0\",\"group6values\":\"0,0,0\",\"group7values\":\"0,0,0\",\"group8values\":\"0,0,0\",\"group9values\":\"0,0,0\",\"group10values\":\"0,0,0\",\"group11values\":\"0,0,0\",\"group12values\":\"0,0,0\",\"group1markers\":\"\",\"group2markers\":\"\",\"group3markers\":\"\",\"group4markers\":\"\",\"group5markers\":\"\",\"group6markers\":\"\",\"group7markers\":\"\",\"group8markers\":\"\",\"group9markers\":\"\",\"group10markers\":\"\",\"group11markers\":\"\",\"group12markers\":\"\",\"markercolor\":\"FFFF00\",\"imagealtattr\":\"Predicci\\u00f3n de resultados de f\\u00fatbol\",\"imagetitleattr\":\"Predicci\\u00f3n de resultados de f\\u00fatbol\",\"hidechartdata\":true,\"chartcolor\":\"FFFFFF\",\"chartfadecolor\":\"ffffff\",\"datatablecss\":\"hentry easyChartDataTable\",\"imgstyle\":\"text-align:center;float:center;\",\"watermark\":\"\",\"watermarkvert\":\"\",\"watermarkcolor\":\"A0BAE9\",\"currency\":\"\",\"currencyright\":false,\"precision\":\"\",\"grid\":false,\"axis\":\"both\"});\n\/\/]]>\n<\/script><\/p>\n<p style=\"text-align: justify;\">Los equipos participantes:<\/p>\n<p>Guangzhou Evergrande: ganador de la Liga de Campeones 2013 en Asia<br \/>\nal Ahly S.C.:\u00a0ganador de la Liga de Campeones 2013 en Africa<br \/>\nMonterrey:\u00a0ganador de la Liga de Campeones 2012\/13 en Am\u00e9rica del Norte y Central<br \/>\nAtl\u00e9tico Mineiro: ganadores de la Copa Libertadores 2013 en Am\u00e9rica del Sur<br \/>\nAuckland City:\u00a0ganador de la Liga de Campeones 2012\/13 en Ocean\u00eda<br \/>\nFC Bayern M\u00fanich:\u00a0ganador de la Liga de Campeones 2012\/13 en Europa<br \/>\nRaja Casablanca: ganador del Campeonato del pa\u00eds anfitri\u00f3n Marruecos 2012\/13<\/p>\n<p><img loading=\"lazy\" src=\"http:\/\/dataminingsoccer.com\/es\/wp-content\/uploads\/sites\/4\/Copa-Mundial-Clubes-2013-Marruecos-m.png\" alt=\"Copa-Mundial-Clubes-2013-Marruecos\" width=\"44\" height=\"50\" \/>\u00a0\u00a0\u00a0\u00a0\u00a0 \u00a0\u00a0\u00a0\u00a0 \u00a0\u00a0\u00a0\u00a0  \u00a0 \u00a0  \u00a0 \u00a0  \u00a0 \u00a0  \u00a0 \u00a0 <\/p>\n<p>Eliminaci\u00f3n preliminar:<\/p>\n<p>Raja Casablanca &#8211; Auckland City \u00a0 2-1<\/p>\n<p><img loading=\"lazy\" src=\"http:\/\/dataminingsoccer.com\/es\/wp-content\/uploads\/sites\/4\/Copa-Mundial-Clubes-2013-Marruecos-m.png\" alt=\"Copa-Mundial-Clubes-2013-Marruecos\" width=\"44\" height=\"50\" \/>\u00a0\u00a0\u00a0\u00a0\u00a0 \u00a0\u00a0\u00a0\u00a0 \u00a0\u00a0\u00a0\u00a0  \u00a0 \u00a0  \u00a0 \u00a0  \u00a0 \u00a0  \u00a0 \u00a0 <\/p>\n<p>Cuartos de final:<\/p>\n<p>Guangzhou Evergrande &#8211; al Ahly S.C. \u00a0 2-1<br \/>\nRaja Casablanca &#8211; Monterrey\u00a0\u00a0 2-1 pr\u00f3.<\/p>\n<p><img loading=\"lazy\" src=\"http:\/\/dataminingsoccer.com\/es\/wp-content\/uploads\/sites\/4\/Copa-Mundial-Clubes-2013-Marruecos-m.png\" alt=\"Copa-Mundial-Clubes-2013-Marruecos\" width=\"44\" height=\"50\" \/>\u00a0\u00a0\u00a0\u00a0\u00a0 \u00a0\u00a0\u00a0\u00a0 \u00a0\u00a0\u00a0\u00a0  \u00a0 \u00a0  \u00a0 \u00a0  \u00a0 \u00a0  \u00a0 \u00a0 <\/p>\n<p>Semifinales:<\/p>\n<p><strong>Guangzhou Evergrande &#8211; FC Bayern M\u00fanich\u00a0<\/strong>\u00a0 0-3 \u00a0 ( predicci\u00f3n: \u00a0 1-3 )<br \/>\nRaja Casablanca &#8211; Atl\u00e9tico Mineiro\u00a0\u00a0 3-1 \u00a0 ( predicci\u00f3n:\u00a0\u00a0 0-2 )<\/p>\n<p><img loading=\"lazy\" src=\"http:\/\/dataminingsoccer.com\/es\/wp-content\/uploads\/sites\/4\/Copa-Mundial-Clubes-2013-Marruecos-m.png\" alt=\"Copa-Mundial-Clubes-2013-Marruecos\" width=\"44\" height=\"50\" \/>\u00a0\u00a0\u00a0\u00a0\u00a0 \u00a0\u00a0\u00a0\u00a0 \u00a0\u00a0\u00a0\u00a0  \u00a0 \u00a0  \u00a0 \u00a0  \u00a0 \u00a0  \u00a0 \u00a0 <\/p>\n<p>Partido tercer lugar:<\/p>\n<p><strong>Guangzhou Evergrande &#8211; Atl\u00e9tico Mineiro<\/strong> \u00a0 2-3 \u00a0 ( predicci\u00f3n: \u00a0 1-2 )<\/p>\n<p><img loading=\"lazy\" src=\"http:\/\/dataminingsoccer.com\/es\/wp-content\/uploads\/sites\/4\/Copa-Mundial-Clubes-2013-Marruecos-m.png\" alt=\"Copa-Mundial-Clubes-2013-Marruecos\" width=\"44\" height=\"50\" \/>\u00a0\u00a0\u00a0\u00a0\u00a0 \u00a0\u00a0\u00a0\u00a0 \u00a0\u00a0\u00a0\u00a0  \u00a0 \u00a0  \u00a0 \u00a0  \u00a0 \u00a0  \u00a0 \u00a0 <\/p>\n<p>Final:<\/p>\n<p><strong>FC Bayern M\u00fanich &#8211; Raja Casablanca \u00a0 2-0 \u00a0 ( predicci\u00f3n: \u00a0 2-0 )<\/strong><\/p>\n<p><img loading=\"lazy\" src=\"http:\/\/dataminingsoccer.com\/es\/wp-content\/uploads\/sites\/4\/FIFA-Copa-Mundial-Clubes-m.png\" alt=\"FIFA-Copa-Mundial-Clubes\" width=\"39\" height=\"50\" \/>\u00a0\u00a0 Ganador de la Copa Mundial de Clubes de la FIFA 2013: FC Bayern M\u00fanich<\/p>\n<p style=\"text-align: justify;\"><img loading=\"lazy\" src=\"http:\/\/dataminingsoccer.com\/es\/wp-content\/uploads\/sites\/4\/Copa-Mundial-Clubes-2013-Marruecos-m.png\" alt=\"Copa-Mundial-Clubes-2013-Marruecos\" width=\"44\" height=\"50\" \/>\u00a0\u00a0\u00a0\u00a0\u00a0 \u00a0\u00a0\u00a0\u00a0 \u00a0\u00a0\u00a0\u00a0  \u00a0 \u00a0  \u00a0 \u00a0  \u00a0 \u00a0  \u00a0 \u00a0 <\/p>\n<p style=\"text-align: justify;\"><a title=\"Copa Mundial de Clubes 2013\" href=\"http:\/\/dataminingsoccer.com\/es\/liga-de-campiones-y-liga-europea\/pronosticos-copa-mundial-de-clubes-fifa\/copa-mundial-clubes-2013\/\"><img loading=\"lazy\" class=\"alignnone size-full wp-image-870\" src=\"http:\/\/dataminingsoccer.com\/es\/wp-content\/uploads\/sites\/4\/Data-Mining-Soccer-encima-pagina-m.png\" alt=\"Data-Mining-Soccer-encima-pagina\" width=\"50\" height=\"50\" \/><\/a>\u00a0\u00a0\u00a0\u00a0 <a href=\"http:\/\/dataminingsoccer.com\/es\/\"><img loading=\"lazy\" class=\"alignnone size-full wp-image-872\" src=\"http:\/\/dataminingsoccer.com\/es\/wp-content\/uploads\/sites\/4\/Data-Mining-Soccer-futbol-resultado-pronostico-m.png\" alt=\"Data-Mining-Soccer-futbol-resultado-pronostico\" width=\"50\" height=\"50\" \/><\/a>\u00a0\u00a0\u00a0\u00a0 <a title=\"DataMiningSoccer (espa\u00f1ol) @Twitter\" href=\"http:\/\/twitter.com\/DataMinSoccerES\" target=\"_blank\"><img loading=\"lazy\" class=\"alignnone size-full wp-image-1245\" src=\"http:\/\/dataminingsoccer.com\/es\/wp-content\/uploads\/sites\/4\/Twitter-Data-Mining-Soccer.png\" alt=\"Twitter-Data-Mining-Soccer\" width=\"50\" height=\"50\" \/><\/a>\u00a0\u00a0\u00a0\u00a0 <a title=\"DataMiningSoccer (ingl\u00e9s) @Facebook\" href=\"http:\/\/www.facebook.com\/dataminingsoccer\" target=\"_blank\"><img loading=\"lazy\" class=\"alignnone size-full wp-image-1241\" src=\"http:\/\/dataminingsoccer.com\/es\/wp-content\/uploads\/sites\/4\/Facebook-Data-Mining-Soccer.png\" alt=\"Facebook-Data-Mining-Soccer\" width=\"50\" height=\"50\" \/><\/a><\/p>\n","protected":false},"excerpt":{"rendered":"<p>Resultados de F\u00fatbol: Pron\u00f3sticos utilizando Data Mining\u00a0\u00a0\u00a0\u00a0\u00a0 \u00a0\u00a0\u00a0\u00a0 \u00a0\u00a0\u00a0\u00a0 \u00a0 \u00a0 \u00a0 \u00a0 \u00a0 \u00a0 \u00a0 \u00a0 \u00a0\u00a0 La 10\u00ba Copa Mundial de Clubes de la FIFA 2013 para los ganadores de la Liga de Campeones de todo el mundo se lleva a cabo en Marruecos. Hemos predicho los partidos a partir de las semifinales &hellip; <a href=\"http:\/\/dataminingsoccer.com\/es\/liga-de-campiones-y-liga-europea\/pronosticos\/copa-mundial-clubes-2013\/\" class=\"more-link\">Seguir leyendo <span class=\"screen-reader-text\">Copa Mundial de Clubes 2013<\/span> <span class=\"meta-nav\">&rarr;<\/span><\/a><\/p>\n","protected":false},"author":5,"featured_media":0,"parent":2501,"menu_order":100,"comment_status":"closed","ping_status":"closed","template":"","meta":[],"yoast_head":"<!-- This site is optimized with the Yoast SEO plugin v14.8 - https:\/\/yoast.com\/wordpress\/plugins\/seo\/ -->\n<meta name=\"description\" content=\"Pron\u00f3sticos de Resultados para la Copa Mundial de Clubes de la FIFA 2013 en Marruecos: 75% predicciones correctas ( &quot;por casualidad&quot; serian \u00f8 ~ 33 %)\" \/>\n<meta name=\"robots\" content=\"index, follow\" \/>\n<meta name=\"googlebot\" content=\"index, follow, max-snippet:-1, max-image-preview:large, max-video-preview:-1\" \/>\n<meta name=\"bingbot\" content=\"index, follow, max-snippet:-1, max-image-preview:large, max-video-preview:-1\" \/>\n<link rel=\"canonical\" href=\"http:\/\/dataminingsoccer.com\/es\/liga-de-campiones-y-liga-europea\/pronosticos\/copa-mundial-clubes-2013\/\" \/>\n<script type=\"application\/ld+json\" class=\"yoast-schema-graph\">{\"@context\":\"https:\/\/schema.org\",\"@graph\":[{\"@type\":\"WebSite\",\"@id\":\"http:\/\/dataminingsoccer.com\/es\/#website\",\"url\":\"http:\/\/dataminingsoccer.com\/es\/\",\"name\":\"Pron\\u00f3sticos de Resultados de F\\u00fatbol\",\"description\":\"basado sobre an\\u00e1lisis estad\\u00edsticos utilizando data mining.. Amamos el f\\u00fatbol! Y nos encantan los juegos con n\\u00fameros!\",\"potentialAction\":[{\"@type\":\"SearchAction\",\"target\":\"http:\/\/dataminingsoccer.com\/es\/?s={search_term_string}\",\"query-input\":\"required name=search_term_string\"}],\"inLanguage\":\"es\"},{\"@type\":\"ImageObject\",\"@id\":\"http:\/\/dataminingsoccer.com\/es\/liga-de-campiones-y-liga-europea\/pronosticos\/copa-mundial-clubes-2013\/#primaryimage\",\"inLanguage\":\"es\",\"url\":\"http:\/\/dataminingsoccer.com\/es\/wp-content\/uploads\/sites\/4\/Copa-Mundial-Clubes-2013-Marruecos-m.png\",\"width\":44,\"height\":50,\"caption\":\"Copa-Mundial-Clubes-2013-Marruecos\"},{\"@type\":\"WebPage\",\"@id\":\"http:\/\/dataminingsoccer.com\/es\/liga-de-campiones-y-liga-europea\/pronosticos\/copa-mundial-clubes-2013\/#webpage\",\"url\":\"http:\/\/dataminingsoccer.com\/es\/liga-de-campiones-y-liga-europea\/pronosticos\/copa-mundial-clubes-2013\/\",\"name\":\"Copa Mundial de Clubes 2013 - Pron\\u00f3sticos de Resultados de F\\u00fatbol\",\"isPartOf\":{\"@id\":\"http:\/\/dataminingsoccer.com\/es\/#website\"},\"primaryImageOfPage\":{\"@id\":\"http:\/\/dataminingsoccer.com\/es\/liga-de-campiones-y-liga-europea\/pronosticos\/copa-mundial-clubes-2013\/#primaryimage\"},\"datePublished\":\"2013-12-22T19:58:56+00:00\",\"dateModified\":\"2014-09-20T01:07:20+00:00\",\"description\":\"Pron\\u00f3sticos de Resultados para la Copa Mundial de Clubes de la FIFA 2013 en Marruecos: 75% predicciones correctas ( \\\"por casualidad\\\" serian \\u00f8 ~ 33 %)\",\"inLanguage\":\"es\",\"potentialAction\":[{\"@type\":\"ReadAction\",\"target\":[\"http:\/\/dataminingsoccer.com\/es\/liga-de-campiones-y-liga-europea\/pronosticos\/copa-mundial-clubes-2013\/\"]}]}]}<\/script>\n<!-- \/ Yoast SEO plugin. -->","_links":{"self":[{"href":"http:\/\/dataminingsoccer.com\/es\/wp-json\/wp\/v2\/pages\/698"}],"collection":[{"href":"http:\/\/dataminingsoccer.com\/es\/wp-json\/wp\/v2\/pages"}],"about":[{"href":"http:\/\/dataminingsoccer.com\/es\/wp-json\/wp\/v2\/types\/page"}],"author":[{"embeddable":true,"href":"http:\/\/dataminingsoccer.com\/es\/wp-json\/wp\/v2\/users\/5"}],"replies":[{"embeddable":true,"href":"http:\/\/dataminingsoccer.com\/es\/wp-json\/wp\/v2\/comments?post=698"}],"version-history":[{"count":8,"href":"http:\/\/dataminingsoccer.com\/es\/wp-json\/wp\/v2\/pages\/698\/revisions"}],"predecessor-version":[{"id":1385,"href":"http:\/\/dataminingsoccer.com\/es\/wp-json\/wp\/v2\/pages\/698\/revisions\/1385"}],"up":[{"embeddable":true,"href":"http:\/\/dataminingsoccer.com\/es\/wp-json\/wp\/v2\/pages\/2501"}],"wp:attachment":[{"href":"http:\/\/dataminingsoccer.com\/es\/wp-json\/wp\/v2\/media?parent=698"}],"curies":[{"name":"wp","href":"https:\/\/api.w.org\/{rel}","templated":true}]}}