{"id":51,"date":"2013-09-12T04:08:35","date_gmt":"2013-09-12T02:08:35","guid":{"rendered":"http:\/\/dataminingsoccer.com\/es\/?page_id=51"},"modified":"2018-05-20T10:24:51","modified_gmt":"2018-05-20T08:24:51","slug":"aviso-legal","status":"publish","type":"page","link":"http:\/\/dataminingsoccer.com\/es\/aviso-legal\/","title":{"rendered":"Aviso legal"},"content":{"rendered":"<h2>Resultados de F\u00fatbol: Pron\u00f3sticos utilizando Data Mining<\/h2><p>Responsable del contenido de este blog de Data.Mining.Soccer es:<\/p>\n<p>Thomas J. Meyer<br \/>\n@ ROGEON Verlag<br \/>\nTalstr. 106<br \/>\n73732 Esslingen a.N.<br \/>\nAlemania<br \/>\nEmail: info [at] dataminingsoccer.com<\/p>\n<p style=\"text-align: justify;\">IMPORTANTE: No se asume responsabilidad por la informaci\u00f3n obtenida a trav\u00e9s de este sitio para fines de predicci\u00f3n de resultados de informaci\u00f3n y entretenimiento!<\/p>\n<p style=\"text-align: justify;\">Estamos muy felices de que estas interesada\u200b\u200b\/o en nuestras predicciones de resultados de f\u00fatbol, y tal vez te sirven de vez en cuando para tus apuestas. Gracias a nuestra presentaci\u00f3n transparente de todas nuestras predicciones calculadas a priori, as\u00ed como los resultados reales de los partidos, se puede entender de manera objetiva que el an\u00e1lisis estad\u00edstico proporciona una ganancia promedio de informaci\u00f3n. Es todav\u00eda importante entender que \u2013 y hacer muy expl\u00edcita aqu\u00ed \u2013 que nuestras predicciones para los campeonatos o torneos individuales, para un d\u00eda de partido en particular, y sobre todo para un solo partido pueden ser equivocados, aun cuando nuestro factor de\u00a0confianza\u00a0estad\u00edstica (DMS-C) es relativamente alta. En consecuencia, se excluye cualquier responsabilidad derivada del uso de nuestras predicciones.<\/p>\n<p style=\"text-align: justify;\">Otros aspectos legales<\/p>\n<p style=\"text-align: justify;\">Los due\u00f1os de este sitio son independientes y no son de ninguna dependencia del derecho social o una relaci\u00f3n similar a la apuesta tiendas y empresas similares, por un lado, o las asociaciones de f\u00fatbol, sociedades y organizaciones similares de todo tipo sobre el otro. Lo mismo es el caso en cuanto a nuestras relaciones con nuestros socios de publicidad. Las previsiones de resultados de f\u00fatbol calculados en este sitio se calculan de forma totalmente independiente por lo tanto sobre la base de la informaci\u00f3n estad\u00edstica disponible para el p\u00fablico (cuya validez no ha sido controlada por los operadores de este sitio) a los efectos de informaci\u00f3n y entretenimiento en los campos de f\u00fatbol, as\u00ed como estad\u00edsticas y data mining. Tenga en cuenta en este sentido, entre otros, la nuestra <a title=\"Sin Garant\u00eda\" href=\"http:\/\/dataminingsoccer.com\/es\/aviso-legal\/sin-garantia\/\">[responsabilidad limitada]<\/a> para las predicciones de resultados de f\u00fatbol que calculamos para fines de informaci\u00f3n y entretenimiento.<\/p>\n<p style=\"text-align: justify;\">Este sitio se ofrece en varios idiomas para atender a m\u00e1s personas en su lengua madre. Con el fin de lograr esto de manera eficiente usamos \u2013 al menos parcialmente \u2013 el servicio de traducci\u00f3n en l\u00ednea de Google. Sabemos que los resultados a veces pueden ser muy sub \u00f3ptima. Por lo tanto, pedimos disculpas por cualquier inconveniente, redacci\u00f3n poco clara o malentendidos potenciales. Eso inevitablemente resulta en el hecho de que tenemos que <a title=\"Sin Garant\u00eda\" href=\"http:\/\/dataminingsoccer.com\/es\/aviso-legal\/sin-garantia\/\">[excluir toda responsabilidad]<\/a> de los contenidos de esta p\u00e1gina web de entretenimiento.<\/p>\n<p style=\"text-align: justify;\">Todo el contenido de este sitio y, en particular, las previsiones de resultados y las cuotas calculadas son propiedad intelectual de e-stablish business GmbH. Duplicaciones, cambios, reutilizaci\u00f3n\u00a0econ\u00f3mica y similares s\u00f3lo se permiten con el consentimiento expl\u00edcito de la empresa y haciendo nota de DataMiningSoccer.com como fuente.<\/p>\n<p style=\"text-align: justify;\">El e-afirmados negocio GmbH no asume ninguna responsabilidad por las conclusiones que se hacen sobre la base de las predicciones de la Data.Mining.Fox software.<\/p>\n<p style=\"text-align: justify;\">No se acepta responsabilidad por el contenido de las p\u00e1ginas enlazadas (vinculado). A pesar de estos v\u00ednculos han sido cuidadosamente seleccionados, ni el contenido ni el cambio din\u00e1mico constante de sub enlaces en este sitio pueden ser constantemente revisados \u200b\u200bo influenciados. As\u00ed, se excluye cualquier responsabilidad por estos contenidos.<\/p>\n<p style=\"text-align: justify;\">Informaci\u00f3n sobre derechos de imagen:<\/p>\n<p>(c) 8bit-football.com: 8bit imagenes dise\u00f1ado de Matheus Toscano<br \/>\n(c) DFL: logo de la 1.Bundesliga<br \/>\n(c) FIFA: logo del Campeonato Mundial 2010<br \/>\n(c) FIFA:\u00a0logo del Campeonato Mundial 2014<br \/>\n(c) LFP: Insignia de la Ligue 1<br \/>\n(c) LFP: logo de la Primera Divisi\u00f3n<br \/>\n(c) Lega Nazionale Professionisti: logo de la Serie A<br \/>\n(c) Premier League: logo de la Premier League<br \/>\n(c) UEFA: logo de la Liga de Campeones<br \/>\n(c) UEFA: logo del Campeonato de Europa<br \/>\n(c) UEFA:\u00a0logo de la Liga Europea<\/p>\n","protected":false},"excerpt":{"rendered":"<p>Resultados de F\u00fatbol: Pron\u00f3sticos utilizando Data MiningResponsable del contenido de este blog de Data.Mining.Soccer es: Thomas J. Meyer @ ROGEON Verlag Talstr. 106 73732 Esslingen a.N. Alemania Email: info [at] dataminingsoccer.com IMPORTANTE: No se asume responsabilidad por la informaci\u00f3n obtenida a trav\u00e9s de este sitio para fines de predicci\u00f3n de resultados de informaci\u00f3n y entretenimiento! &hellip; <a href=\"http:\/\/dataminingsoccer.com\/es\/aviso-legal\/\" class=\"more-link\">Seguir leyendo <span class=\"screen-reader-text\">Aviso legal<\/span> <span class=\"meta-nav\">&rarr;<\/span><\/a><\/p>\n","protected":false},"author":5,"featured_media":0,"parent":0,"menu_order":80,"comment_status":"closed","ping_status":"closed","template":"","meta":[],"yoast_head":"<!-- This site is optimized with the Yoast SEO plugin v14.8 - https:\/\/yoast.com\/wordpress\/plugins\/seo\/ -->\n<meta name=\"description\" content=\"Responsable del contenido de esta p\u00e1gina es: e-stablish business GmbH, sede social en Munich, Alemania.\" \/>\n<meta name=\"robots\" content=\"noindex, follow\" \/>\n<script type=\"application\/ld+json\" class=\"yoast-schema-graph\">{\"@context\":\"https:\/\/schema.org\",\"@graph\":[{\"@type\":\"WebSite\",\"@id\":\"http:\/\/dataminingsoccer.com\/es\/#website\",\"url\":\"http:\/\/dataminingsoccer.com\/es\/\",\"name\":\"Pron\\u00f3sticos de Resultados de F\\u00fatbol\",\"description\":\"basado sobre an\\u00e1lisis estad\\u00edsticos utilizando data mining.. Amamos el f\\u00fatbol! Y nos encantan los juegos con n\\u00fameros!\",\"potentialAction\":[{\"@type\":\"SearchAction\",\"target\":\"http:\/\/dataminingsoccer.com\/es\/?s={search_term_string}\",\"query-input\":\"required name=search_term_string\"}],\"inLanguage\":\"es\"},{\"@type\":\"WebPage\",\"@id\":\"http:\/\/dataminingsoccer.com\/es\/aviso-legal\/#webpage\",\"url\":\"http:\/\/dataminingsoccer.com\/es\/aviso-legal\/\",\"name\":\"Aviso legal - Pron\\u00f3sticos de Resultados de F\\u00fatbol\",\"isPartOf\":{\"@id\":\"http:\/\/dataminingsoccer.com\/es\/#website\"},\"datePublished\":\"2013-09-12T02:08:35+00:00\",\"dateModified\":\"2018-05-20T08:24:51+00:00\",\"description\":\"Responsable del contenido de esta p\\u00e1gina es: e-stablish business GmbH, sede social en Munich, Alemania.\",\"inLanguage\":\"es\",\"potentialAction\":[{\"@type\":\"ReadAction\",\"target\":[\"http:\/\/dataminingsoccer.com\/es\/aviso-legal\/\"]}]}]}<\/script>\n<!-- \/ Yoast SEO plugin. -->","_links":{"self":[{"href":"http:\/\/dataminingsoccer.com\/es\/wp-json\/wp\/v2\/pages\/51"}],"collection":[{"href":"http:\/\/dataminingsoccer.com\/es\/wp-json\/wp\/v2\/pages"}],"about":[{"href":"http:\/\/dataminingsoccer.com\/es\/wp-json\/wp\/v2\/types\/page"}],"author":[{"embeddable":true,"href":"http:\/\/dataminingsoccer.com\/es\/wp-json\/wp\/v2\/users\/5"}],"replies":[{"embeddable":true,"href":"http:\/\/dataminingsoccer.com\/es\/wp-json\/wp\/v2\/comments?post=51"}],"version-history":[{"count":18,"href":"http:\/\/dataminingsoccer.com\/es\/wp-json\/wp\/v2\/pages\/51\/revisions"}],"predecessor-version":[{"id":3123,"href":"http:\/\/dataminingsoccer.com\/es\/wp-json\/wp\/v2\/pages\/51\/revisions\/3123"}],"wp:attachment":[{"href":"http:\/\/dataminingsoccer.com\/es\/wp-json\/wp\/v2\/media?parent=51"}],"curies":[{"name":"wp","href":"https:\/\/api.w.org\/{rel}","templated":true}]}}