{"id":47,"date":"2013-09-12T03:53:30","date_gmt":"2013-09-12T01:53:30","guid":{"rendered":"http:\/\/dataminingsoccer.com\/es\/?page_id=47"},"modified":"2018-05-18T07:30:06","modified_gmt":"2018-05-18T05:30:06","slug":"nuestro-analisis","status":"publish","type":"page","link":"http:\/\/dataminingsoccer.com\/es\/nuestro-analisis\/","title":{"rendered":"Nuestro An\u00e1lisis"},"content":{"rendered":"<h2>Resultados de F\u00fatbol: Pron\u00f3sticos utilizando Data Mining<\/h2><p style=\"text-align: justify;\">Con un poco de orgullo, nos gustar\u00eda empezar diciendo que creamos nuestras predicciones totalmente <strong>independiente<\/strong> de las predicciones de los dem\u00e1s. En particular, no utilizamos probabilidades de oficinas de apuestas o proveedores similares para los partidos individuales. S\u00f3lo utilizamos la informaci\u00f3n disponible al p\u00fablico para el an\u00e1lisis estad\u00edstico mediante el data mining.<\/p>\n<p style=\"text-align: justify;\">Hemos recogido y modificado <strong>un mont\u00f3n de informaci\u00f3n hist\u00f3rica<\/strong> relevante para los partidos de f\u00fatbol. Estos datos son analizados por nosotros con el software de data mining <a title=\"Data.Mining.Fox\" href=\"http:\/\/www.easydatamining.com\">[Data.Mining.Fox (DMF) de Easy.Data.Mining]<\/a>. Lo hacemos en dos pasos. Paso 1 genera un denominado <strong>modelo<\/strong> que se calcula estad\u00edsticamente sobre la base de los datos hist\u00f3ricos. En este modelo, el software de data mining extrae todas las relaciones multi-factoriales que puede\u00a0detectar en los datos hist\u00f3ricos. Y en el paso 2 se aplica este modelo para predecir los resultados de los partidos de f\u00fatbol en el futuro.<\/p>\n<p style=\"text-align: justify;\">Realizamos esto para todos los partidos en <strong>tres ciclos de predicci\u00f3n<\/strong>. Cada ciclo consiste &#8211; como se explica en el p\u00e1rrafo anterior &#8211; en la creaci\u00f3n de un modelo, por una parte, y la aplicaci\u00f3n de este modelo en el otro.<\/p>\n<p style=\"text-align: justify;\">En el 1\u00ba ciclo, siempre respondemos primero a la pregunta de si un partido es un empate o si gana el equipo de casa o aquello fuera de casa. En el 2\u00ba y 3\u00ba ciclo entonces calculamos cu\u00e1ntos goles marca el equipo de casa y el equipo fuera de casa. Entonces, de los tres ciclos juntos componemos el resultado del partido previsto.<\/p>\n<p style=\"text-align: justify;\"><strong>Tenga en cuenta<\/strong>, por supuesto, que no es posible de considerar en nuestros\u00a0c\u00e1lculos las circunstancias estad\u00edsticamente impredecibles o factores que cambian a corto plazo &#8211; por ejemplo, decisiones equivocadas de los \u00e1rbitros, condiciones excepcionales del campo de juego, lesi\u00f3n o enfermedad de los jugadores, la luz y las condiciones meteorologicas, la\u00a0punici\u00f3n de jugadores a causa de tarjetas rojas, efectos del cambio de un entrenador, disputas en el club, problemas financieros de la asociaci\u00f3n, la negociaci\u00f3n de contratos pendientes, excesos de aficionados, la carga extra de algunos jugadores de la selecci\u00f3n nacional, etc ., y de manipulaciones no queremos ni hablar ;-)<\/p>\n<p style=\"text-align: justify;\">Nuestro <strong>DMSC (Data.Mining.Soccer-Confidence)<\/strong> es un porcentaje de confianza\u00a0estad\u00edstica que da una idea en lo que concierne la validez estad\u00edstica de la predicci\u00f3n. Este porcentaje es una cuota h\u00edbrida artificial que se compone de varios elementos, por ejemplo: el nivel de confianza estad\u00edstica calculada por el software de miner\u00eda de datos con respecto a la clase de resultado de la salida del partido; la esperanza matem\u00e1tica para una victoria en casa, un empate, y una victoria fuera de casa; la media de las tasas de \u00e9xito que se podr\u00eda lograr para ambos equipos en t\u00e9rminos de las predicci\u00f3nes hasta la fecha; una cuota calculada por nosotros de forma manual sobre el resultado de factores victoria en casa, empate y victoria fuera casa.<\/p>\n<p style=\"text-align: justify;\">Por \u00faltimo, pero no menos importante, nos gustar\u00eda llamar la atenci\u00f3n sobre nuestra <strong>transparencia<\/strong>. Todas las previsiones se pondr\u00e1n a disposici\u00f3n antes de cada partido en este sitio web. Nuestras predicciones siguen siendo transparentes en comparaci\u00f3n directa con los resultados reales, incluso si nuestras predicciones eran muy pobres una jornada (no siempre es el caso en otros sitios web ;-) ). Tambi\u00e9n proporcionamos res\u00famenes estad\u00edsticos sobre nuestra validez de predicci\u00f3n para una categor\u00eda determinada (es decir, en general por una temporada de un concurso espec\u00edfico como p.e. la Primera Divisi\u00f3n).<\/p>\n<p><a title=\"Nuestro An\u00e1lisis\" href=\"http:\/\/dataminingsoccer.com\/es\/nuestro-analisis\/\"><img loading=\"lazy\" class=\"alignnone size-full wp-image-870\" src=\"http:\/\/dataminingsoccer.com\/es\/wp-content\/uploads\/sites\/4\/Data-Mining-Soccer-encima-pagina-m.png\" alt=\"Data-Mining-Soccer-encima-pagina\" width=\"50\" height=\"50\" \/><\/a>\u00a0\u00a0\u00a0\u00a0 <a href=\"http:\/\/dataminingsoccer.com\/es\/\"><img loading=\"lazy\" class=\"alignnone size-full wp-image-872\" src=\"http:\/\/dataminingsoccer.com\/es\/wp-content\/uploads\/sites\/4\/Data-Mining-Soccer-futbol-resultado-pronostico-m.png\" alt=\"Data-Mining-Soccer-futbol-resultado-pronostico\" width=\"50\" height=\"50\" \/><\/a>\u00a0\u00a0\u00a0\u00a0 <a title=\"DataMiningSoccer (espa\u00f1ol) @Twitter\" href=\"http:\/\/twitter.com\/DataMinSoccerES\" target=\"_blank\" rel=\"noopener\"><img loading=\"lazy\" class=\"alignnone size-full wp-image-1245\" src=\"http:\/\/dataminingsoccer.com\/es\/wp-content\/uploads\/sites\/4\/Twitter-Data-Mining-Soccer.png\" alt=\"Twitter-Data-Mining-Soccer\" width=\"50\" height=\"50\" \/><\/a>\u00a0\u00a0\u00a0\u00a0 <a title=\"DataMiningSoccer (ingl\u00e9s) @Facebook\" href=\"http:\/\/www.facebook.com\/dataminingsoccer\" target=\"_blank\" rel=\"noopener\"><img loading=\"lazy\" class=\"alignnone size-full wp-image-1241\" src=\"http:\/\/dataminingsoccer.com\/es\/wp-content\/uploads\/sites\/4\/Facebook-Data-Mining-Soccer.png\" alt=\"Facebook-Data-Mining-Soccer\" width=\"50\" height=\"50\" \/><\/a><\/p>\n","protected":false},"excerpt":{"rendered":"<p>Resultados de F\u00fatbol: Pron\u00f3sticos utilizando Data MiningCon un poco de orgullo, nos gustar\u00eda empezar diciendo que creamos nuestras predicciones totalmente independiente de las predicciones de los dem\u00e1s. En particular, no utilizamos probabilidades de oficinas de apuestas o proveedores similares para los partidos individuales. S\u00f3lo utilizamos la informaci\u00f3n disponible al p\u00fablico para el an\u00e1lisis estad\u00edstico mediante &hellip; <a href=\"http:\/\/dataminingsoccer.com\/es\/nuestro-analisis\/\" class=\"more-link\">Seguir leyendo <span class=\"screen-reader-text\">Nuestro An\u00e1lisis<\/span> <span class=\"meta-nav\">&rarr;<\/span><\/a><\/p>\n","protected":false},"author":5,"featured_media":0,"parent":0,"menu_order":50,"comment_status":"closed","ping_status":"closed","template":"","meta":[],"yoast_head":"<!-- This site is optimized with the Yoast SEO plugin v14.8 - https:\/\/yoast.com\/wordpress\/plugins\/seo\/ -->\n<meta name=\"description\" content=\"Nuestras predicciones de resultados de f\u00fatbol con data mining: M\u00e1s informaci\u00f3n sobre nuestro enfoque, nuestro software y los datos utilizados.\" \/>\n<meta name=\"robots\" content=\"index, follow\" \/>\n<meta name=\"googlebot\" content=\"index, follow, max-snippet:-1, max-image-preview:large, max-video-preview:-1\" \/>\n<meta name=\"bingbot\" content=\"index, follow, max-snippet:-1, max-image-preview:large, max-video-preview:-1\" \/>\n<link rel=\"canonical\" href=\"https:\/\/dataminingsoccer.com\/es\/nuestro-analisis\/\" \/>\n<script type=\"application\/ld+json\" class=\"yoast-schema-graph\">{\"@context\":\"https:\/\/schema.org\",\"@graph\":[{\"@type\":\"WebSite\",\"@id\":\"http:\/\/dataminingsoccer.com\/es\/#website\",\"url\":\"http:\/\/dataminingsoccer.com\/es\/\",\"name\":\"Pron\\u00f3sticos de Resultados de F\\u00fatbol\",\"description\":\"basado sobre an\\u00e1lisis estad\\u00edsticos utilizando data mining.. Amamos el f\\u00fatbol! Y nos encantan los juegos con n\\u00fameros!\",\"potentialAction\":[{\"@type\":\"SearchAction\",\"target\":\"http:\/\/dataminingsoccer.com\/es\/?s={search_term_string}\",\"query-input\":\"required name=search_term_string\"}],\"inLanguage\":\"es\"},{\"@type\":\"ImageObject\",\"@id\":\"https:\/\/dataminingsoccer.com\/es\/nuestro-analisis\/#primaryimage\",\"inLanguage\":\"es\",\"url\":\"http:\/\/dataminingsoccer.com\/es\/wp-content\/uploads\/sites\/4\/Data-Mining-Soccer-encima-pagina-m.png\",\"width\":50,\"height\":50,\"caption\":\"parte superior de la pagina\"},{\"@type\":\"WebPage\",\"@id\":\"https:\/\/dataminingsoccer.com\/es\/nuestro-analisis\/#webpage\",\"url\":\"https:\/\/dataminingsoccer.com\/es\/nuestro-analisis\/\",\"name\":\"Nuestro An\\u00e1lisis - Pron\\u00f3sticos de Resultados de F\\u00fatbol\",\"isPartOf\":{\"@id\":\"http:\/\/dataminingsoccer.com\/es\/#website\"},\"primaryImageOfPage\":{\"@id\":\"https:\/\/dataminingsoccer.com\/es\/nuestro-analisis\/#primaryimage\"},\"datePublished\":\"2013-09-12T01:53:30+00:00\",\"dateModified\":\"2018-05-18T05:30:06+00:00\",\"description\":\"Nuestras predicciones de resultados de f\\u00fatbol con data mining: M\\u00e1s informaci\\u00f3n sobre nuestro enfoque, nuestro software y los datos utilizados.\",\"inLanguage\":\"es\",\"potentialAction\":[{\"@type\":\"ReadAction\",\"target\":[\"https:\/\/dataminingsoccer.com\/es\/nuestro-analisis\/\"]}]}]}<\/script>\n<!-- \/ Yoast SEO plugin. -->","_links":{"self":[{"href":"http:\/\/dataminingsoccer.com\/es\/wp-json\/wp\/v2\/pages\/47"}],"collection":[{"href":"http:\/\/dataminingsoccer.com\/es\/wp-json\/wp\/v2\/pages"}],"about":[{"href":"http:\/\/dataminingsoccer.com\/es\/wp-json\/wp\/v2\/types\/page"}],"author":[{"embeddable":true,"href":"http:\/\/dataminingsoccer.com\/es\/wp-json\/wp\/v2\/users\/5"}],"replies":[{"embeddable":true,"href":"http:\/\/dataminingsoccer.com\/es\/wp-json\/wp\/v2\/comments?post=47"}],"version-history":[{"count":19,"href":"http:\/\/dataminingsoccer.com\/es\/wp-json\/wp\/v2\/pages\/47\/revisions"}],"predecessor-version":[{"id":3096,"href":"http:\/\/dataminingsoccer.com\/es\/wp-json\/wp\/v2\/pages\/47\/revisions\/3096"}],"wp:attachment":[{"href":"http:\/\/dataminingsoccer.com\/es\/wp-json\/wp\/v2\/media?parent=47"}],"curies":[{"name":"wp","href":"https:\/\/api.w.org\/{rel}","templated":true}]}}