{"id":444,"date":"2013-10-18T13:09:18","date_gmt":"2013-10-18T11:09:18","guid":{"rendered":"http:\/\/dataminingsoccer.com\/es\/?page_id=444"},"modified":"2014-06-21T00:35:35","modified_gmt":"2014-06-20T22:35:35","slug":"datos-copas-europa","status":"publish","type":"page","link":"http:\/\/dataminingsoccer.com\/es\/download-descarga-de-datos\/datos-copas-europa\/","title":{"rendered":"Datos de las Copas de Europa"},"content":{"rendered":"<h2>Descarga resultados y datos de f\u00fatbol<\/h2><p style=\"text-align: justify;\">Aqu\u00ed puedes encontrar y descargar todos los resultados hist\u00f3ricos de los partidos de f\u00fatbol de los Campeonatos Europeos entre 1960 y hoy.<\/p>\n<p style=\"text-align: justify;\">Hemos recogido todos los partidos y resultados de cada uno de los Campeonatos Europeos de f\u00fatbol para tu descarga gratuita. Tienes acceso a todos los partidos de la fase de grupos hasta la final.<\/p>\n<p style=\"text-align: justify;\">No importa si deseas ver a trav\u00e9s de las victorias hist\u00f3ricas de los grandes equipos o hacer tu propio an\u00e1lisis de predicci\u00f3n: ofrecemos todos los datos para tu descarga gratuita. Nota especial: el software <a title=\"Data.Mining.Fox\u00ae de Easy.Data.Mining\u2122\" href=\"http:\/\/www.easydatamining.com\" target=\"_blank\">[Data.Mining.Fox\u00ae de Easy.Data.Mining\u2122]<\/a> tambi\u00e9n se puede descargar de forma gratuita.<\/p>\n<p style=\"text-align: justify;\">La lista de datos con los resultados de todos los Campeonatos Europeos de f\u00fatbol de la cubierta:<\/p>\n<p>Campeonato Europeo 1960: Francia<br \/>\nCampeonato Europeo\u00a01964: Espa\u00f1a<br \/>\nCampeonato Europeo\u00a01968: Italia<br \/>\nCampeonato Europeo\u00a01972: B\u00e9lgica<br \/>\nCampeonato Europeo\u00a01976: Yugoslavia<br \/>\nCampeonato Europeo\u00a01980: Italia<br \/>\nCampeonato Europeo\u00a01984: Francia<br \/>\nCampeonato Europeo\u00a01988: Alemania<br \/>\nCampeonato Europeo\u00a01992: Suecia<br \/>\nCampeonato Europeo\u00a01996: Inglaterra<br \/>\nCampeonato Europeo\u00a02000: B\u00e9lgica y Pa\u00edses Bajos<br \/>\nCampeonato Europeo\u00a02004: Portugal<br \/>\nCampeonato Europeo\u00a02008: Austria y Suiza<br \/>\nCampeonato Europeo\u00a02012: Polonia y Ucrania<\/p>\n<p><a title=\"Data.Mining.Soccer\u2122 datos de las Copas de Europa\" href=\"http:\/\/dataminingsoccer.com\/de\/wp-content\/downloads\/SoccerDataAllEuropeanChampionships.csv\" target=\"_blank\">[Enlace de descarga para todos los datos hist\u00f3ricos de los Campeonatos Europeos de f\u00fatbol]<\/a><\/p>\n<p><a title=\"Datos de las Copas de Europa\" href=\"http:\/\/dataminingsoccer.com\/es\/download-descarga-de-datos\/datos-copas-europa\/\"><img loading=\"lazy\" class=\"alignnone size-full wp-image-870\" src=\"http:\/\/dataminingsoccer.com\/es\/wp-content\/uploads\/sites\/4\/Data-Mining-Soccer-encima-pagina-m.png\" alt=\"Data-Mining-Soccer-encima-pagina\" width=\"50\" height=\"50\" \/><\/a>\u00a0\u00a0\u00a0\u00a0 <a href=\"http:\/\/dataminingsoccer.com\/es\/\"><img loading=\"lazy\" class=\"alignnone size-full wp-image-872\" src=\"http:\/\/dataminingsoccer.com\/es\/wp-content\/uploads\/sites\/4\/Data-Mining-Soccer-futbol-resultado-pronostico-m.png\" alt=\"Data-Mining-Soccer-futbol-resultado-pronostico\" width=\"50\" height=\"50\" \/><\/a>\u00a0\u00a0\u00a0\u00a0 <a title=\"DataMiningSoccer (espa\u00f1ol) @Twitter\" href=\"http:\/\/twitter.com\/DataMinSoccerES\" target=\"_blank\"><img loading=\"lazy\" class=\"alignnone size-full wp-image-1245\" src=\"http:\/\/dataminingsoccer.com\/es\/wp-content\/uploads\/sites\/4\/Twitter-Data-Mining-Soccer.png\" alt=\"Twitter-Data-Mining-Soccer\" width=\"50\" height=\"50\" \/><\/a>\u00a0\u00a0\u00a0\u00a0 <a title=\"DataMiningSoccer (ingl\u00e9s) @Facebook\" href=\"http:\/\/www.facebook.com\/dataminingsoccer\" target=\"_blank\"><img loading=\"lazy\" class=\"alignnone size-full wp-image-1241\" src=\"http:\/\/dataminingsoccer.com\/es\/wp-content\/uploads\/sites\/4\/Facebook-Data-Mining-Soccer.png\" alt=\"Facebook-Data-Mining-Soccer\" width=\"50\" height=\"50\" \/><\/a><\/p>\n","protected":false},"excerpt":{"rendered":"<p>Descarga resultados y datos de f\u00fatbolAqu\u00ed puedes encontrar y descargar todos los resultados hist\u00f3ricos de los partidos de f\u00fatbol de los Campeonatos Europeos entre 1960 y hoy. Hemos recogido todos los partidos y resultados de cada uno de los Campeonatos Europeos de f\u00fatbol para tu descarga gratuita. Tienes acceso a todos los partidos de la &hellip; <a href=\"http:\/\/dataminingsoccer.com\/es\/download-descarga-de-datos\/datos-copas-europa\/\" class=\"more-link\">Seguir leyendo <span class=\"screen-reader-text\">Datos de las Copas de Europa<\/span> <span class=\"meta-nav\">&rarr;<\/span><\/a><\/p>\n","protected":false},"author":5,"featured_media":0,"parent":442,"menu_order":20,"comment_status":"closed","ping_status":"closed","template":"","meta":[],"yoast_head":"<!-- This site is optimized with the Yoast SEO plugin v14.8 - https:\/\/yoast.com\/wordpress\/plugins\/seo\/ -->\n<meta name=\"description\" content=\"Data.Mining.Soccer\u2122 ofrece todos los partidos y resultados hist\u00f3ricos de los Campeonatos de Europa de f\u00fatbol desde 1960 como descarga (download) gratuita.\" \/>\n<meta name=\"robots\" content=\"index, follow\" \/>\n<meta name=\"googlebot\" content=\"index, follow, max-snippet:-1, max-image-preview:large, max-video-preview:-1\" \/>\n<meta name=\"bingbot\" content=\"index, follow, max-snippet:-1, max-image-preview:large, max-video-preview:-1\" \/>\n<link rel=\"canonical\" href=\"http:\/\/dataminingsoccer.com\/es\/download-descarga-de-datos\/datos-copas-europa\/\" \/>\n<script type=\"application\/ld+json\" class=\"yoast-schema-graph\">{\"@context\":\"https:\/\/schema.org\",\"@graph\":[{\"@type\":\"WebSite\",\"@id\":\"http:\/\/dataminingsoccer.com\/es\/#website\",\"url\":\"http:\/\/dataminingsoccer.com\/es\/\",\"name\":\"Pron\\u00f3sticos de Resultados de F\\u00fatbol\",\"description\":\"basado sobre an\\u00e1lisis estad\\u00edsticos utilizando data mining.. Amamos el f\\u00fatbol! Y nos encantan los juegos con n\\u00fameros!\",\"potentialAction\":[{\"@type\":\"SearchAction\",\"target\":\"http:\/\/dataminingsoccer.com\/es\/?s={search_term_string}\",\"query-input\":\"required name=search_term_string\"}],\"inLanguage\":\"es\"},{\"@type\":\"ImageObject\",\"@id\":\"http:\/\/dataminingsoccer.com\/es\/download-descarga-de-datos\/datos-copas-europa\/#primaryimage\",\"inLanguage\":\"es\",\"url\":\"http:\/\/dataminingsoccer.com\/es\/wp-content\/uploads\/sites\/4\/Data-Mining-Soccer-encima-pagina-m.png\",\"width\":50,\"height\":50,\"caption\":\"parte superior de la pagina\"},{\"@type\":\"WebPage\",\"@id\":\"http:\/\/dataminingsoccer.com\/es\/download-descarga-de-datos\/datos-copas-europa\/#webpage\",\"url\":\"http:\/\/dataminingsoccer.com\/es\/download-descarga-de-datos\/datos-copas-europa\/\",\"name\":\"Datos de las Copas de Europa - Pron\\u00f3sticos de Resultados de F\\u00fatbol\",\"isPartOf\":{\"@id\":\"http:\/\/dataminingsoccer.com\/es\/#website\"},\"primaryImageOfPage\":{\"@id\":\"http:\/\/dataminingsoccer.com\/es\/download-descarga-de-datos\/datos-copas-europa\/#primaryimage\"},\"datePublished\":\"2013-10-18T11:09:18+00:00\",\"dateModified\":\"2014-06-20T22:35:35+00:00\",\"description\":\"Data.Mining.Soccer\\u2122 ofrece todos los partidos y resultados hist\\u00f3ricos de los Campeonatos de Europa de f\\u00fatbol desde 1960 como descarga (download) gratuita.\",\"inLanguage\":\"es\",\"potentialAction\":[{\"@type\":\"ReadAction\",\"target\":[\"http:\/\/dataminingsoccer.com\/es\/download-descarga-de-datos\/datos-copas-europa\/\"]}]}]}<\/script>\n<!-- \/ Yoast SEO plugin. -->","_links":{"self":[{"href":"http:\/\/dataminingsoccer.com\/es\/wp-json\/wp\/v2\/pages\/444"}],"collection":[{"href":"http:\/\/dataminingsoccer.com\/es\/wp-json\/wp\/v2\/pages"}],"about":[{"href":"http:\/\/dataminingsoccer.com\/es\/wp-json\/wp\/v2\/types\/page"}],"author":[{"embeddable":true,"href":"http:\/\/dataminingsoccer.com\/es\/wp-json\/wp\/v2\/users\/5"}],"replies":[{"embeddable":true,"href":"http:\/\/dataminingsoccer.com\/es\/wp-json\/wp\/v2\/comments?post=444"}],"version-history":[{"count":3,"href":"http:\/\/dataminingsoccer.com\/es\/wp-json\/wp\/v2\/pages\/444\/revisions"}],"predecessor-version":[{"id":1389,"href":"http:\/\/dataminingsoccer.com\/es\/wp-json\/wp\/v2\/pages\/444\/revisions\/1389"}],"up":[{"embeddable":true,"href":"http:\/\/dataminingsoccer.com\/es\/wp-json\/wp\/v2\/pages\/442"}],"wp:attachment":[{"href":"http:\/\/dataminingsoccer.com\/es\/wp-json\/wp\/v2\/media?parent=444"}],"curies":[{"name":"wp","href":"https:\/\/api.w.org\/{rel}","templated":true}]}}