{"id":32,"date":"2013-09-12T03:08:17","date_gmt":"2013-09-12T01:08:17","guid":{"rendered":"http:\/\/dataminingsoccer.com\/es\/?page_id=32"},"modified":"2014-09-02T23:03:27","modified_gmt":"2014-09-02T21:03:27","slug":"campeonato-mundial-2010","status":"publish","type":"page","link":"http:\/\/dataminingsoccer.com\/es\/copa-mundial-y-euro\/pronosticos\/campeonato-mundial-2010\/","title":{"rendered":"Campeonato Mundial 2010"},"content":{"rendered":"<h2>Resultados de F\u00fatbol: Pron\u00f3sticos utilizando Data Mining<\/h2><p style=\"text-align: justify;\"><img loading=\"lazy\" class=\"alignnone size-full wp-image-926\" src=\"http:\/\/dataminingsoccer.com\/es\/wp-content\/uploads\/sites\/4\/Copa-Mundial-2010-Sudafrica-Futbol-Resultados-Prediccion-m.png\" alt=\"Copa-Mundial-2010-Sudafrica-Futbol-Resultados-Prediccion\" width=\"46\" height=\"50\" \/>\u00a0\u00a0\u00a0\u00a0 \u00a0\u00a0\u00a0\u00a0 \u00a0\u00a0\u00a0\u00a0  \u00a0 \u00a0  \u00a0 \u00a0  \u00a0 \u00a0  \u00a0 \u00a0 <\/p>\n<p style=\"text-align: justify;\">Con la <strong>Copa Mundial de F\u00fatbol 2010 en Sud\u00e1frica<\/strong> todo comenz\u00f3 &#8211; por lo menos en cuanto a la predicci\u00f3n de los resultados de f\u00fatbol con el software <a title=\"Data.Mining.Fox\" href=\"http:\/\/www.easydatamining.com\" target=\"_blank\">[Data.Mining.Fox\u00ae (DMF) de Easy.Data.Mining\u2122]<\/a> ;-)<\/p>\n<p style=\"text-align: justify;\">V\u00eda el link siguiente puedes veer los <a title=\"Copa Mundial 2010\" href=\"http:\/\/dataminingsoccer.com\/es\/copa-mundial-y-euro\/indices-de-exito\/copa-mundial-2010\/\">[\u00edndices de \u00e9xito]<\/a> para nuestros modelos de predicci\u00f3n.<\/p>\n<p style=\"text-align: justify;\">Los resultados previstos (y entre par\u00e9ntesis los resultados reales) 2010 en Sud\u00e1frica:<\/p>\n<p style=\"text-align: justify;\"><img loading=\"lazy\" src=\"http:\/\/dataminingsoccer.com\/es\/wp-content\/uploads\/sites\/4\/Copa-Mundial-2010-Sudafrica-Futbol-Resultados-Prediccion-m.png\" alt=\"Copa-Mundial-2010-Sudafrica-Futbol-Resultados-Prediccion\" width=\"46\" height=\"50\" \/>\u00a0\u00a0\u00a0\u00a0 \u00a0\u00a0\u00a0\u00a0 \u00a0\u00a0\u00a0\u00a0  \u00a0 \u00a0  \u00a0 \u00a0  \u00a0 \u00a0  \u00a0 \u00a0 <\/p>\n<p style=\"text-align: justify;\"><strong>Grupo A:<\/strong><br \/>\nSud\u00e1frica &#8211; M\u00e9xico\u00a0\u00a0 0-2\u00a0\u00a0 (1-1)<br \/>\nUruguay &#8211; Francia\u00a0\u00a0 2-0 \u00a0 (0-0)<br \/>\n<strong>Sud\u00e1frica &#8211; Uruguay<\/strong>\u00a0\u00a0 0-1\u00a0\u00a0 (0-3)<br \/>\nFrancia &#8211; M\u00e9xico\u00a0\u00a0 2-2\u00a0\u00a0 (0-2)<br \/>\nM\u00e9xico &#8211; Uruguay\u00a0\u00a0 3-3 \u00a0 (0-1)<br \/>\nFrancia &#8211; Sud\u00e1frica\u00a0\u00a0 4-2\u00a0\u00a0 (1-2)<\/p>\n<p style=\"text-align: justify;\"><strong>Resultados predichos de grupo A:<\/strong><br \/>\n1 <strong>Uruguay<\/strong> (7 puntos, +3 goles)<br \/>\n2 <strong>M\u00e9xico<\/strong> (5\u00a0puntos, +2 goles)<br \/>\n3 Francia (4 puntos, 0 goles)<br \/>\n4 Sud\u00e1frica (0 puntos, -5 goles)<\/p>\n<p style=\"text-align: justify;\"><strong>Resultados reales de grupo A:<\/strong><br \/>\n1 <strong>Uruguay<\/strong> (7 puntos, +4 goles)<br \/>\n2 <strong>M\u00e9xico<\/strong> (4 puntos, +1 gol)<br \/>\n3 Sud\u00e1frica (4 puntos, -2 goles)<br \/>\n4 Francia (1 punto, -3 goles)<\/p>\n<p style=\"text-align: justify;\"><img loading=\"lazy\" src=\"http:\/\/dataminingsoccer.com\/es\/wp-content\/uploads\/sites\/4\/Copa-Mundial-2010-Sudafrica-Futbol-Resultados-Prediccion-m.png\" alt=\"Copa-Mundial-2010-Sudafrica-Futbol-Resultados-Prediccion\" width=\"46\" height=\"50\" \/>\u00a0\u00a0\u00a0\u00a0 \u00a0\u00a0\u00a0\u00a0 \u00a0\u00a0\u00a0\u00a0  \u00a0 \u00a0  \u00a0 \u00a0  \u00a0 \u00a0  \u00a0 \u00a0 <\/p>\n<p style=\"text-align: justify;\"><strong>Grupo B:<\/strong><br \/>\n<strong>Corea del Sur &#8211; Grecia<\/strong>\u00a0\u00a0 2-1\u00a0\u00a0 (2-0)<br \/>\n<strong>Argentina &#8211; Nigeria<\/strong>\u00a0\u00a0 6-3 \u00a0 (1-0)<br \/>\n<strong>Argentina &#8211; Corea del Sur<\/strong>\u00a0\u00a0 2-0\u00a0\u00a0 (4-1)<br \/>\nGrecia &#8211; Nigeria\u00a0\u00a0 1-1\u00a0\u00a0 (2-1)<br \/>\nNigeria &#8211; Corea del Sur \u00a0 3-2 \u00a0 (2-2)<br \/>\n<strong>Grecia &#8211; Argentina<\/strong>\u00a0\u00a0 3-4\u00a0\u00a0 (0-2)<\/p>\n<p style=\"text-align: justify;\"><strong>Resultados predichos de grupo B:<\/strong><br \/>\n1 <strong>Argentina<\/strong> (9 puntos, +6 goles)<br \/>\n2 Nigeria (4\u00a0puntos, -2 goles)<br \/>\n3 Corea del Sur (3\u00a0puntos, -2 goles)<br \/>\n4 Grecia (1 punto, -2 goles)<\/p>\n<p style=\"text-align: justify;\"><strong>Resultados reales de grupo B:<\/strong><br \/>\n1 <strong>Argentina<\/strong> (9 puntos, +6 goles)<br \/>\n2 Corea del Sur (4\u00a0puntos, -1 gol)<br \/>\n3 Grecia (3\u00a0puntos, -3 goles)<br \/>\n4 Nigeria (1 punto, -2 goles)<\/p>\n<p style=\"text-align: justify;\"><img loading=\"lazy\" src=\"http:\/\/dataminingsoccer.com\/es\/wp-content\/uploads\/sites\/4\/Copa-Mundial-2010-Sudafrica-Futbol-Resultados-Prediccion-m.png\" alt=\"Copa-Mundial-2010-Sudafrica-Futbol-Resultados-Prediccion\" width=\"46\" height=\"50\" \/>\u00a0\u00a0\u00a0\u00a0 \u00a0\u00a0\u00a0\u00a0 \u00a0\u00a0\u00a0\u00a0  \u00a0 \u00a0  \u00a0 \u00a0  \u00a0 \u00a0  \u00a0 \u00a0 <\/p>\n<p style=\"text-align: justify;\"><strong>Grupo C:<\/strong><br \/>\nInglaterra &#8211; EE.UU.\u00a0\u00a0 1-0 \u00a0 (1-1)<br \/>\n<strong>Argelia &#8211; Eslovenia\u00a0\u00a0 0-1\u00a0\u00a0 (0-1)<\/strong><br \/>\nEslovenia &#8211; EE.UU.\u00a0\u00a0 0-2 \u00a0 (2-2)<br \/>\nInglaterra &#8211; Argelia\u00a0\u00a0 3-1\u00a0\u00a0 (0-0)<br \/>\n<strong>EE.UU. &#8211; Argelia<\/strong>\u00a0\u00a0 2-1 \u00a0 (1-0)<br \/>\nEslovenia &#8211; Inglaterra\u00a0\u00a0 1-1 \u00a0 (0-1)<\/p>\n<p style=\"text-align: justify;\"><strong>Resultados predichos de grupo C:<\/strong><br \/>\n1 <strong>Inglaterra<\/strong> (7 puntos, +3 goles)<br \/>\n2 <strong>EE.UU.<\/strong> (6\u00a0puntos, +2 goles)<br \/>\n3 Eslovenia (4\u00a0puntos, -1 goles)<br \/>\n4 Argelia (0\u00a0puntos, -4 goles)<\/p>\n<p style=\"text-align: justify;\"><strong>Resultados reales de grupo C:<\/strong><br \/>\n1\u00a0<strong>EE.UU.<\/strong> (5 puntos, +1 gol)<br \/>\n2 <strong>Inglaterra<\/strong> (5 puntos, +1 gol)<br \/>\n3 Eslovenia (4 puntos, 0 goles )<br \/>\n4 Argelia (1 punto, -2 goles)<\/p>\n<p style=\"text-align: justify;\"><img loading=\"lazy\" src=\"http:\/\/dataminingsoccer.com\/es\/wp-content\/uploads\/sites\/4\/Copa-Mundial-2010-Sudafrica-Futbol-Resultados-Prediccion-m.png\" alt=\"Copa-Mundial-2010-Sudafrica-Futbol-Resultados-Prediccion\" width=\"46\" height=\"50\" \/>\u00a0\u00a0\u00a0\u00a0 \u00a0\u00a0\u00a0\u00a0 \u00a0\u00a0\u00a0\u00a0  \u00a0 \u00a0  \u00a0 \u00a0  \u00a0 \u00a0  \u00a0 \u00a0 <\/p>\n<p style=\"text-align: justify;\"><strong>Grupo D:<\/strong><br \/>\nSerbia &#8211; Ghana 1-1 ( 0-1 )<br \/>\n<strong>Alemania &#8211; Australia<\/strong> 2-0 ( 4-0 )<br \/>\nAlemania &#8211; Serbia 0-0 ( 0-1 )<br \/>\nGhana &#8211; Australia 2-0 ( 1-1 )<br \/>\n<strong>Australia &#8211; Serbia<\/strong> 2-0 ( 2-1 )<br \/>\nGhana &#8211; Alemania 0-0 ( 0-1 )<\/p>\n<p style=\"text-align: justify;\"><strong>Resultados predichos de grupo D:<\/strong><br \/>\n1 <strong>Ghana<\/strong> (5\u00a0puntos, +2 goles)<br \/>\n2 <strong>Alemania<\/strong> (5\u00a0puntos, +2 goles)<br \/>\n3 Australia (3 puntos, -2 goles)<br \/>\n4 Serbia (2\u00a0puntos, -2 goles)<\/p>\n<p style=\"text-align: justify;\"><strong>Resultados reales de grupo D:<\/strong><br \/>\n1 <strong>Alemania<\/strong> (6 puntos, +4 goles)<br \/>\n2 <strong>Ghana<\/strong> (4 puntos, 0 goles)<br \/>\n3 Australia (4 puntos, -3 goles)<br \/>\n4 Serbia (3 puntos, -1 goles)<\/p>\n<p style=\"text-align: justify;\"><img loading=\"lazy\" src=\"http:\/\/dataminingsoccer.com\/es\/wp-content\/uploads\/sites\/4\/Copa-Mundial-2010-Sudafrica-Futbol-Resultados-Prediccion-m.png\" alt=\"Copa-Mundial-2010-Sudafrica-Futbol-Resultados-Prediccion\" width=\"46\" height=\"50\" \/>\u00a0\u00a0\u00a0\u00a0 \u00a0\u00a0\u00a0\u00a0 \u00a0\u00a0\u00a0\u00a0  \u00a0 \u00a0  \u00a0 \u00a0  \u00a0 \u00a0  \u00a0 \u00a0 <\/p>\n<p style=\"text-align: justify;\"><strong>Grupo E:<\/strong><br \/>\n<strong>Holanda &#8211; Dinamarca<\/strong>\u00a0\u00a0 4-0\u00a0\u00a0 (2-0)<br \/>\nJap\u00f3n &#8211; Camer\u00fan\u00a0\u00a0 0-3\u00a0\u00a0 (1-0)<br \/>\n<strong>Holanda &#8211; Jap\u00f3n<\/strong>\u00a0\u00a0 8-0\u00a0\u00a0 (1-0)<br \/>\n<strong>Camer\u00fan &#8211; Dinamarca \u00a0 1-2 \u00a0 (1-2)<\/strong><br \/>\nDinamarca &#8211; Jap\u00f3n\u00a0\u00a0 4-0\u00a0\u00a0 (1-3)<br \/>\n<strong>Camer\u00fan &#8211; Holanda \u00a0<\/strong> 0-1 \u00a0 (1-2)<\/p>\n<p style=\"text-align: justify;\"><strong>Resultados predichos de grupo E:<\/strong><br \/>\n1\u00a0<strong>Holanda<\/strong> (9 puntos, +13 goles)<br \/>\n2 Dinamarca (6 puntos, +1 gol)<br \/>\n3 Camer\u00fan (3 puntos, +1 gol)<br \/>\n4 Jap\u00f3n (0 puntos, -15 goles)<\/p>\n<p style=\"text-align: justify;\"><strong>Resultados reales de grupo E:<\/strong><br \/>\n1\u00a0<strong>Holanda<\/strong> (9 puntos, +4 goles)<br \/>\n2 Jap\u00f3n (6 puntos, +2 goles)<br \/>\n3 Dinamarca (3\u00a0puntos, -3 goles)<br \/>\n4 Camer\u00fan (0 puntos, -3 goles)<\/p>\n<p style=\"text-align: justify;\"><img loading=\"lazy\" src=\"http:\/\/dataminingsoccer.com\/es\/wp-content\/uploads\/sites\/4\/Copa-Mundial-2010-Sudafrica-Futbol-Resultados-Prediccion-m.png\" alt=\"Copa-Mundial-2010-Sudafrica-Futbol-Resultados-Prediccion\" width=\"46\" height=\"50\" \/>\u00a0\u00a0\u00a0\u00a0 \u00a0\u00a0\u00a0\u00a0 \u00a0\u00a0\u00a0\u00a0  \u00a0 \u00a0  \u00a0 \u00a0  \u00a0 \u00a0  \u00a0 \u00a0 <\/p>\n<p style=\"text-align: justify;\"><strong>Grupo F:<\/strong><br \/>\nItalia &#8211; Paraguay \u00a0 4-0 \u00a0 (1-1)<br \/>\n<strong>Nueva Zelanda &#8211; Eslovaquia \u00a0<\/strong> 0-0 \u00a0 (1-1)<br \/>\nEslovaquia &#8211; Paraguay\u00a0\u00a0 2-2\u00a0\u00a0 (0-2)<br \/>\n<strong>Italia &#8211; Nueva Zelanda \u00a0<\/strong> 0-0 \u00a0 (1-1)<br \/>\nParaguay &#8211; Nueva Zelanda\u00a0\u00a0 3-1\u00a0\u00a0 (0-0)<br \/>\n<strong>Eslovaquia &#8211; Italia\u00a0\u00a0 3-2\u00a0\u00a0 (3-2)<\/strong><\/p>\n<p style=\"text-align: justify;\"><strong>Resultados predichos de grupo F:<\/strong><br \/>\n1 <strong>Eslovaquia<\/strong> (5 puntos, +1 gol)<br \/>\n2 Italia (4\u00a0puntos, +3 goles)<br \/>\n3 Paraguay (4 puntos, -2 goles)<br \/>\n4 Nueva Zelanda (2\u00a0puntos, -2 goles)<\/p>\n<p style=\"text-align: justify;\"><strong>Resultados reales de grupo F:<\/strong><br \/>\n1 Paraguay (5\u00a0puntos, +2 goles)<br \/>\n2 <strong>Eslovaquia<\/strong> (4\u00a0puntos, -1 gol)<br \/>\n3 Nueva Zelanda (3 puntos, 0 goles )<br \/>\n4 Italia (2\u00a0puntos, -1 gol)<\/p>\n<p style=\"text-align: justify;\"><img loading=\"lazy\" src=\"http:\/\/dataminingsoccer.com\/es\/wp-content\/uploads\/sites\/4\/Copa-Mundial-2010-Sudafrica-Futbol-Resultados-Prediccion-m.png\" alt=\"Copa-Mundial-2010-Sudafrica-Futbol-Resultados-Prediccion\" width=\"46\" height=\"50\" \/>\u00a0\u00a0\u00a0\u00a0 \u00a0\u00a0\u00a0\u00a0 \u00a0\u00a0\u00a0\u00a0  \u00a0 \u00a0  \u00a0 \u00a0  \u00a0 \u00a0  \u00a0 \u00a0 <\/p>\n<p style=\"text-align: justify;\"><strong>Grupo G:<\/strong><br \/>\n<strong>Costa de Marfil &#8211; Portugal<\/strong>\u00a0\u00a0 1-1 \u00a0 (0-0)<br \/>\n<strong>Brasil &#8211; Corea del Norte<\/strong>\u00a0\u00a0 1-0\u00a0\u00a0 (2-1)<br \/>\n<strong>Brasil &#8211; Costa de Marfil<\/strong>\u00a0\u00a0 2-0\u00a0\u00a0 (3-1)<br \/>\n<strong>Portugal &#8211; Corea del Norte<\/strong>\u00a0\u00a0 4-0 \u00a0 (7-0)<br \/>\n<strong>Corea del Norte &#8211; Costa de Marfil<\/strong>\u00a0\u00a0 0-1\u00a0\u00a0 (0-3)<br \/>\nPortugal &#8211; Brasil\u00a0\u00a0 1-3\u00a0\u00a0 (0-0)<\/p>\n<p style=\"text-align: justify;\"><strong>Resultados predichos de grupo G:<\/strong><br \/>\n1 <strong>Brasil<\/strong> (9\u00a0puntos, +5 goles)<br \/>\n2 <strong>Portugal<\/strong> (4\u00a0puntos , +2 goles)<br \/>\n3 Costa de Marfil (4\u00a0puntos, -1 gol)<br \/>\n4 Corea del Norte (0 puntos, -6 goles)<\/p>\n<p style=\"text-align: justify;\"><strong>Resultados reales de grupo G:<\/strong><br \/>\n1 <strong>Brasil<\/strong> (7 puntos, +3 goles)<br \/>\n2 <strong>Portugal<\/strong> (5\u00a0puntos, +7 goles)<br \/>\n3 Costa de Marfil (4 puntos, +1 gol)<br \/>\n4 Corea del Norte (0 puntos, -11 goles)<\/p>\n<p style=\"text-align: justify;\"><img loading=\"lazy\" src=\"http:\/\/dataminingsoccer.com\/es\/wp-content\/uploads\/sites\/4\/Copa-Mundial-2010-Sudafrica-Futbol-Resultados-Prediccion-m.png\" alt=\"Copa-Mundial-2010-Sudafrica-Futbol-Resultados-Prediccion\" width=\"46\" height=\"50\" \/>\u00a0\u00a0\u00a0\u00a0 \u00a0\u00a0\u00a0\u00a0 \u00a0\u00a0\u00a0\u00a0  \u00a0 \u00a0  \u00a0 \u00a0  \u00a0 \u00a0  \u00a0 \u00a0 <\/p>\n<p style=\"text-align: justify;\"><strong>Grupo H:<\/strong><br \/>\n<strong>Honduras &#8211; Chile<\/strong>\u00a0\u00a0 0-3 \u00a0 (0-1)<br \/>\nEspa\u00f1a &#8211; Suiza\u00a0\u00a0 1-1\u00a0\u00a0 (0-1)<br \/>\nChile &#8211; Suiza\u00a0\u00a0 1-1 \u00a0 (1-0)<br \/>\n<strong>Espa\u00f1a &#8211; Honduras\u00a0\u00a0 2-0 \u00a0 (2-0)<\/strong><br \/>\n<strong> Suiza &#8211; Honduras\u00a0\u00a0 0-0 \u00a0 (0-0)<\/strong><br \/>\nChile &#8211; Espa\u00f1a\u00a0\u00a0 3-1\u00a0\u00a0 (1-2)<\/p>\n<p style=\"text-align: justify;\"><strong>Resultados predichos de grupo H:<\/strong><br \/>\n1 <strong>Chile<\/strong> (7 puntos, +5 goles)<br \/>\n2 <strong>Espa\u00f1a<\/strong> (4 puntos, 0 goles)<br \/>\n3 Suiza (3 puntos, 0 goles)<br \/>\n4 Honduras (1 punto, -5 goles)<\/p>\n<p style=\"text-align: justify;\"><strong>Resultados reales de grupo H:<\/strong><br \/>\n1 <strong>Espa\u00f1a<\/strong> (6 puntos, +2 goles)<br \/>\n2 <strong>Chile<\/strong> (6 puntos, +1 gol)<br \/>\n3 Suiza (4 puntos, 0 goles)<br \/>\n4 Honduras (1\u00a0punto, -3 goles)<\/p>\n<p style=\"text-align: justify;\"><img loading=\"lazy\" src=\"http:\/\/dataminingsoccer.com\/es\/wp-content\/uploads\/sites\/4\/Copa-Mundial-2010-Sudafrica-Futbol-Resultados-Prediccion-m.png\" alt=\"Copa-Mundial-2010-Sudafrica-Futbol-Resultados-Prediccion\" width=\"46\" height=\"50\" \/>\u00a0\u00a0\u00a0\u00a0 \u00a0\u00a0\u00a0\u00a0 \u00a0\u00a0\u00a0\u00a0  \u00a0 \u00a0  \u00a0 \u00a0  \u00a0 \u00a0  \u00a0 \u00a0 <\/p>\n<p style=\"text-align: justify;\"><strong>Octavos de final 2010:<\/strong><\/p>\n<p style=\"text-align: justify;\"><strong>Uruguay &#8211; Corea del Sur \u00a0<\/strong> 2-0 \u00a0 (2-1)<br \/>\nEE.UU. &#8211; Ghana\u00a0\u00a0 1-0 \u00a0 (1-2 tras la pr\u00f3rroga)<br \/>\n<strong>Alemania &#8211; Inglaterra \u00a0<\/strong> 1-0 \u00a0 (4-1)<br \/>\n<strong>Argentina &#8211; M\u00e9xico<\/strong>\u00a0\u00a0 2-1\u00a0\u00a0 (3-1)<br \/>\n<strong>Holanda &#8211; Eslovaquia<\/strong>\u00a0\u00a0 3-2 \u00a0 (2-1)<br \/>\n<strong>Brasil &#8211; Chile<\/strong>\u00a0\u00a0 2-0\u00a0\u00a0 (3-0)<br \/>\nParaguay &#8211; Jap\u00f3n\u00a0\u00a0 1-3 \u00a0 (5-3 d.p.)<br \/>\nEspa\u00f1a &#8211; Portugal\u00a0\u00a0 1-2\u00a0\u00a0 (1-0)<\/p>\n<p style=\"text-align: justify;\"><img loading=\"lazy\" src=\"http:\/\/dataminingsoccer.com\/es\/wp-content\/uploads\/sites\/4\/Copa-Mundial-2010-Sudafrica-Futbol-Resultados-Prediccion-m.png\" alt=\"Copa-Mundial-2010-Sudafrica-Futbol-Resultados-Prediccion\" width=\"46\" height=\"50\" \/>\u00a0\u00a0\u00a0\u00a0 \u00a0\u00a0\u00a0\u00a0 \u00a0\u00a0\u00a0\u00a0  \u00a0 \u00a0  \u00a0 \u00a0  \u00a0 \u00a0  \u00a0 \u00a0 <\/p>\n<p style=\"text-align: justify;\"><strong>Cuartos de final 2010:<\/strong><\/p>\n<p style=\"text-align: justify;\">Holanda &#8211; Brasil\u00a0\u00a0 1-3\u00a0\u00a0 (2-1)<br \/>\n<strong>Uruguay &#8211; Ghana<\/strong>\u00a0\u00a0 2-1 \u00a0 (5-3)<br \/>\nArgentina &#8211; Alemania\u00a0\u00a0 6-5\u00a0\u00a0 (0-4)<br \/>\n<strong>Paraguay &#8211; Espa\u00f1a<\/strong>\u00a0\u00a0 2-3\u00a0\u00a0 (0-1)<\/p>\n<p style=\"text-align: justify;\"><img loading=\"lazy\" src=\"http:\/\/dataminingsoccer.com\/es\/wp-content\/uploads\/sites\/4\/Copa-Mundial-2010-Sudafrica-Futbol-Resultados-Prediccion-m.png\" alt=\"Copa-Mundial-2010-Sudafrica-Futbol-Resultados-Prediccion\" width=\"46\" height=\"50\" \/>\u00a0\u00a0\u00a0\u00a0 \u00a0\u00a0\u00a0\u00a0 \u00a0\u00a0\u00a0\u00a0  \u00a0 \u00a0  \u00a0 \u00a0  \u00a0 \u00a0  \u00a0 \u00a0 <\/p>\n<p style=\"text-align: justify;\"><strong>Semifinales 2010:<\/strong><\/p>\n<p style=\"text-align: justify;\">Uruguay &#8211; Holanda \u00a0 4-2 \u00a0 (2-3)<br \/>\nAlemania &#8211; Espa\u00f1a\u00a0\u00a0 2-0\u00a0\u00a0 (0-1)<\/p>\n<p style=\"text-align: justify;\"><img loading=\"lazy\" src=\"http:\/\/dataminingsoccer.com\/es\/wp-content\/uploads\/sites\/4\/Copa-Mundial-2010-Sudafrica-Futbol-Resultados-Prediccion-m.png\" alt=\"Copa-Mundial-2010-Sudafrica-Futbol-Resultados-Prediccion\" width=\"46\" height=\"50\" \/>\u00a0\u00a0\u00a0\u00a0 \u00a0\u00a0\u00a0\u00a0 \u00a0\u00a0\u00a0\u00a0  \u00a0 \u00a0  \u00a0 \u00a0  \u00a0 \u00a0  \u00a0 \u00a0 <\/p>\n<p style=\"text-align: justify;\"><strong>Partido por el tercer lugar 2010:<\/strong><\/p>\n<p style=\"text-align: justify;\">Uruguay &#8211; Alemania\u00a0\u00a0 2-1\u00a0\u00a0 (2-3)<\/p>\n<p style=\"text-align: justify;\"><img loading=\"lazy\" src=\"http:\/\/dataminingsoccer.com\/es\/wp-content\/uploads\/sites\/4\/Copa-Mundial-2010-Sudafrica-Futbol-Resultados-Prediccion-m.png\" alt=\"Copa-Mundial-2010-Sudafrica-Futbol-Resultados-Prediccion\" width=\"46\" height=\"50\" \/>\u00a0\u00a0\u00a0\u00a0 \u00a0\u00a0\u00a0\u00a0 \u00a0\u00a0\u00a0\u00a0  \u00a0 \u00a0  \u00a0 \u00a0  \u00a0 \u00a0  \u00a0 \u00a0 <\/p>\n<p style=\"text-align: justify;\"><strong>Final del Campeonato Mundial 2010:<\/strong><\/p>\n<p style=\"text-align: justify;\">Holanda &#8211; Espa\u00f1a\u00a0\u00a0 3-1 \u00a0 (0-1 t.p.)<\/p>\n<p style=\"text-align: justify;\"><img loading=\"lazy\" src=\"http:\/\/dataminingsoccer.com\/es\/wp-content\/uploads\/sites\/4\/Copa-Mundial-2010-Sudafrica-Futbol-Resultados-Prediccion-m.png\" alt=\"Copa-Mundial-2010-Sudafrica-Futbol-Resultados-Prediccion\" width=\"46\" height=\"50\" \/>\u00a0\u00a0\u00a0\u00a0 \u00a0\u00a0\u00a0\u00a0 \u00a0\u00a0\u00a0\u00a0  \u00a0 \u00a0  \u00a0 \u00a0  \u00a0 \u00a0  \u00a0 \u00a0 <\/p>\n<p style=\"text-align: justify;\"><a title=\"Campeonato Mundial 2010\" href=\"http:\/\/dataminingsoccer.com\/es\/copa-mundial-y-euro\/campeonato-mundial-2010\/\"><img loading=\"lazy\" class=\"alignnone size-full wp-image-870\" src=\"http:\/\/dataminingsoccer.com\/es\/wp-content\/uploads\/sites\/4\/Data-Mining-Soccer-encima-pagina-m.png\" alt=\"Data-Mining-Soccer-encima-pagina\" width=\"50\" height=\"50\" \/><\/a>\u00a0\u00a0\u00a0\u00a0 <a href=\"http:\/\/dataminingsoccer.com\/es\/\"><img loading=\"lazy\" class=\"alignnone size-full wp-image-872\" src=\"http:\/\/dataminingsoccer.com\/es\/wp-content\/uploads\/sites\/4\/Data-Mining-Soccer-futbol-resultado-pronostico-m.png\" alt=\"Data-Mining-Soccer-futbol-resultado-pronostico\" width=\"50\" height=\"50\" \/><\/a>\u00a0\u00a0\u00a0\u00a0 <a title=\"DataMiningSoccer (espa\u00f1ol) @Twitter\" href=\"http:\/\/twitter.com\/DataMinSoccerES\" target=\"_blank\"><img loading=\"lazy\" class=\"alignnone size-full wp-image-1245\" src=\"http:\/\/dataminingsoccer.com\/es\/wp-content\/uploads\/sites\/4\/Twitter-Data-Mining-Soccer.png\" alt=\"Twitter-Data-Mining-Soccer\" width=\"50\" height=\"50\" \/><\/a>\u00a0\u00a0\u00a0\u00a0 <a title=\"DataMiningSoccer (ingl\u00e9s) @Facebook\" href=\"http:\/\/www.facebook.com\/dataminingsoccer\" target=\"_blank\"><img loading=\"lazy\" class=\"alignnone size-full wp-image-1241\" src=\"http:\/\/dataminingsoccer.com\/es\/wp-content\/uploads\/sites\/4\/Facebook-Data-Mining-Soccer.png\" alt=\"Facebook-Data-Mining-Soccer\" width=\"50\" height=\"50\" \/><\/a><\/p>\n","protected":false},"excerpt":{"rendered":"<p>Resultados de F\u00fatbol: Pron\u00f3sticos utilizando Data Mining\u00a0\u00a0\u00a0\u00a0 \u00a0\u00a0\u00a0\u00a0 \u00a0\u00a0\u00a0\u00a0 \u00a0 \u00a0 \u00a0 \u00a0 \u00a0 \u00a0 \u00a0 \u00a0 Con la Copa Mundial de F\u00fatbol 2010 en Sud\u00e1frica todo comenz\u00f3 &#8211; por lo menos en cuanto a la predicci\u00f3n de los resultados de f\u00fatbol con el software [Data.Mining.Fox\u00ae (DMF) de Easy.Data.Mining\u2122] ;-) V\u00eda el link siguiente puedes &hellip; <a href=\"http:\/\/dataminingsoccer.com\/es\/copa-mundial-y-euro\/pronosticos\/campeonato-mundial-2010\/\" class=\"more-link\">Seguir leyendo <span class=\"screen-reader-text\">Campeonato Mundial 2010<\/span> <span class=\"meta-nav\">&rarr;<\/span><\/a><\/p>\n","protected":false},"author":5,"featured_media":0,"parent":2426,"menu_order":100,"comment_status":"closed","ping_status":"closed","template":"","meta":[],"yoast_head":"<!-- This site is optimized with the Yoast SEO plugin v14.8 - https:\/\/yoast.com\/wordpress\/plugins\/seo\/ -->\n<meta name=\"description\" content=\"Resultados pron\u00f3sticos de f\u00fatbol para la Copa del Mundo de 2010 en Sud\u00e1frika. Las predicciones basadas en el an\u00e1lisis estad\u00edstico con la miner\u00eda de datos.\" \/>\n<meta name=\"robots\" content=\"index, follow\" \/>\n<meta name=\"googlebot\" content=\"index, follow, max-snippet:-1, max-image-preview:large, max-video-preview:-1\" \/>\n<meta name=\"bingbot\" content=\"index, follow, max-snippet:-1, max-image-preview:large, max-video-preview:-1\" \/>\n<link rel=\"canonical\" href=\"http:\/\/dataminingsoccer.com\/es\/copa-mundial-y-euro\/pronosticos\/campeonato-mundial-2010\/\" \/>\n<script type=\"application\/ld+json\" class=\"yoast-schema-graph\">{\"@context\":\"https:\/\/schema.org\",\"@graph\":[{\"@type\":\"WebSite\",\"@id\":\"http:\/\/dataminingsoccer.com\/es\/#website\",\"url\":\"http:\/\/dataminingsoccer.com\/es\/\",\"name\":\"Pron\\u00f3sticos de Resultados de F\\u00fatbol\",\"description\":\"basado sobre an\\u00e1lisis estad\\u00edsticos utilizando data mining.. Amamos el f\\u00fatbol! Y nos encantan los juegos con n\\u00fameros!\",\"potentialAction\":[{\"@type\":\"SearchAction\",\"target\":\"http:\/\/dataminingsoccer.com\/es\/?s={search_term_string}\",\"query-input\":\"required name=search_term_string\"}],\"inLanguage\":\"es\"},{\"@type\":\"ImageObject\",\"@id\":\"http:\/\/dataminingsoccer.com\/es\/copa-mundial-y-euro\/pronosticos\/campeonato-mundial-2010\/#primaryimage\",\"inLanguage\":\"es\",\"url\":\"http:\/\/dataminingsoccer.com\/es\/wp-content\/uploads\/sites\/4\/Copa-Mundial-2010-Sudafrica-Futbol-Resultados-Prediccion-m.png\",\"width\":46,\"height\":50,\"caption\":\"Copa-Mundial-2010-Sudafrica-Futbol-Resultados-Prediccion\"},{\"@type\":\"WebPage\",\"@id\":\"http:\/\/dataminingsoccer.com\/es\/copa-mundial-y-euro\/pronosticos\/campeonato-mundial-2010\/#webpage\",\"url\":\"http:\/\/dataminingsoccer.com\/es\/copa-mundial-y-euro\/pronosticos\/campeonato-mundial-2010\/\",\"name\":\"Campeonato Mundial 2010 - Pron\\u00f3sticos de Resultados de F\\u00fatbol\",\"isPartOf\":{\"@id\":\"http:\/\/dataminingsoccer.com\/es\/#website\"},\"primaryImageOfPage\":{\"@id\":\"http:\/\/dataminingsoccer.com\/es\/copa-mundial-y-euro\/pronosticos\/campeonato-mundial-2010\/#primaryimage\"},\"datePublished\":\"2013-09-12T01:08:17+00:00\",\"dateModified\":\"2014-09-02T21:03:27+00:00\",\"description\":\"Resultados pron\\u00f3sticos de f\\u00fatbol para la Copa del Mundo de 2010 en Sud\\u00e1frika. Las predicciones basadas en el an\\u00e1lisis estad\\u00edstico con la miner\\u00eda de datos.\",\"inLanguage\":\"es\",\"potentialAction\":[{\"@type\":\"ReadAction\",\"target\":[\"http:\/\/dataminingsoccer.com\/es\/copa-mundial-y-euro\/pronosticos\/campeonato-mundial-2010\/\"]}]}]}<\/script>\n<!-- \/ Yoast SEO plugin. -->","_links":{"self":[{"href":"http:\/\/dataminingsoccer.com\/es\/wp-json\/wp\/v2\/pages\/32"}],"collection":[{"href":"http:\/\/dataminingsoccer.com\/es\/wp-json\/wp\/v2\/pages"}],"about":[{"href":"http:\/\/dataminingsoccer.com\/es\/wp-json\/wp\/v2\/types\/page"}],"author":[{"embeddable":true,"href":"http:\/\/dataminingsoccer.com\/es\/wp-json\/wp\/v2\/users\/5"}],"replies":[{"embeddable":true,"href":"http:\/\/dataminingsoccer.com\/es\/wp-json\/wp\/v2\/comments?post=32"}],"version-history":[{"count":19,"href":"http:\/\/dataminingsoccer.com\/es\/wp-json\/wp\/v2\/pages\/32\/revisions"}],"predecessor-version":[{"id":1381,"href":"http:\/\/dataminingsoccer.com\/es\/wp-json\/wp\/v2\/pages\/32\/revisions\/1381"}],"up":[{"embeddable":true,"href":"http:\/\/dataminingsoccer.com\/es\/wp-json\/wp\/v2\/pages\/2426"}],"wp:attachment":[{"href":"http:\/\/dataminingsoccer.com\/es\/wp-json\/wp\/v2\/media?parent=32"}],"curies":[{"name":"wp","href":"https:\/\/api.w.org\/{rel}","templated":true}]}}