{"id":3100,"date":"2018-05-18T08:05:28","date_gmt":"2018-05-18T06:05:28","guid":{"rendered":"http:\/\/dataminingsoccer.com\/es\/?page_id=3100"},"modified":"2018-05-20T08:19:08","modified_gmt":"2018-05-20T06:19:08","slug":"proteccion-datos-personales","status":"publish","type":"page","link":"http:\/\/dataminingsoccer.com\/es\/proteccion-datos-personales\/","title":{"rendered":"Protecci\u00f3n de Datos personales"},"content":{"rendered":"<h2>Resultados de F\u00fatbol: Pron\u00f3sticos utilizando Data Mining<\/h2><p><span class=\"tlid-translation translation\"><span class=\"\" title=\"\">Actualmente esta informaci\u00f3n sobre la protecci\u00f3n de datos personales y el Reglamento General de Protecci\u00f3n de Datos (RGPD) solo est\u00e1 disponible en alem\u00e1n.<\/span><\/span><\/p>\n","protected":false},"excerpt":{"rendered":"<p>Resultados de F\u00fatbol: Pron\u00f3sticos utilizando Data MiningActualmente esta informaci\u00f3n sobre la protecci\u00f3n de datos personales y el Reglamento General de Protecci\u00f3n de Datos (RGPD) solo est\u00e1 disponible en alem\u00e1n.<\/p>\n","protected":false},"author":5,"featured_media":0,"parent":0,"menu_order":0,"comment_status":"closed","ping_status":"closed","template":"","meta":[],"yoast_head":"<!-- This site is optimized with the Yoast SEO plugin v14.8 - https:\/\/yoast.com\/wordpress\/plugins\/seo\/ -->\n<meta name=\"robots\" content=\"noindex, follow\" \/>\n<script type=\"application\/ld+json\" class=\"yoast-schema-graph\">{\"@context\":\"https:\/\/schema.org\",\"@graph\":[{\"@type\":\"WebSite\",\"@id\":\"http:\/\/dataminingsoccer.com\/es\/#website\",\"url\":\"http:\/\/dataminingsoccer.com\/es\/\",\"name\":\"Pron\\u00f3sticos de Resultados de F\\u00fatbol\",\"description\":\"basado sobre an\\u00e1lisis estad\\u00edsticos utilizando data mining.. Amamos el f\\u00fatbol! Y nos encantan los juegos con n\\u00fameros!\",\"potentialAction\":[{\"@type\":\"SearchAction\",\"target\":\"http:\/\/dataminingsoccer.com\/es\/?s={search_term_string}\",\"query-input\":\"required name=search_term_string\"}],\"inLanguage\":\"es\"},{\"@type\":\"WebPage\",\"@id\":\"http:\/\/dataminingsoccer.com\/es\/proteccion-datos-personales\/#webpage\",\"url\":\"http:\/\/dataminingsoccer.com\/es\/proteccion-datos-personales\/\",\"name\":\"Protecci\\u00f3n de Datos personales - Pron\\u00f3sticos de Resultados de F\\u00fatbol\",\"isPartOf\":{\"@id\":\"http:\/\/dataminingsoccer.com\/es\/#website\"},\"datePublished\":\"2018-05-18T06:05:28+00:00\",\"dateModified\":\"2018-05-20T06:19:08+00:00\",\"inLanguage\":\"es\",\"potentialAction\":[{\"@type\":\"ReadAction\",\"target\":[\"http:\/\/dataminingsoccer.com\/es\/proteccion-datos-personales\/\"]}]}]}<\/script>\n<!-- \/ Yoast SEO plugin. -->","_links":{"self":[{"href":"http:\/\/dataminingsoccer.com\/es\/wp-json\/wp\/v2\/pages\/3100"}],"collection":[{"href":"http:\/\/dataminingsoccer.com\/es\/wp-json\/wp\/v2\/pages"}],"about":[{"href":"http:\/\/dataminingsoccer.com\/es\/wp-json\/wp\/v2\/types\/page"}],"author":[{"embeddable":true,"href":"http:\/\/dataminingsoccer.com\/es\/wp-json\/wp\/v2\/users\/5"}],"replies":[{"embeddable":true,"href":"http:\/\/dataminingsoccer.com\/es\/wp-json\/wp\/v2\/comments?post=3100"}],"version-history":[{"count":16,"href":"http:\/\/dataminingsoccer.com\/es\/wp-json\/wp\/v2\/pages\/3100\/revisions"}],"predecessor-version":[{"id":3118,"href":"http:\/\/dataminingsoccer.com\/es\/wp-json\/wp\/v2\/pages\/3100\/revisions\/3118"}],"wp:attachment":[{"href":"http:\/\/dataminingsoccer.com\/es\/wp-json\/wp\/v2\/media?parent=3100"}],"curies":[{"name":"wp","href":"https:\/\/api.w.org\/{rel}","templated":true}]}}