{"id":30,"date":"2013-09-12T03:06:06","date_gmt":"2013-09-12T01:06:06","guid":{"rendered":"http:\/\/dataminingsoccer.com\/es\/?page_id=30"},"modified":"2014-09-02T23:01:20","modified_gmt":"2014-09-02T21:01:20","slug":"campeonato-de-europa-2012","status":"publish","type":"page","link":"http:\/\/dataminingsoccer.com\/es\/copa-mundial-y-euro\/pronosticos\/campeonato-de-europa-2012\/","title":{"rendered":"Campeonato de Europa 2012"},"content":{"rendered":"<h2>Resultados de F\u00fatbol: Pron\u00f3sticos utilizando Data Mining<\/h2><p style=\"text-align: justify;\"><img loading=\"lazy\" class=\"alignnone size-full wp-image-169\" src=\"http:\/\/dataminingsoccer.com\/es\/wp-content\/uploads\/sites\/4\/Copa-Euro-2012-Polonia-Ucrania-Futbol-Resultados-Prediccion-m.png\" alt=\"Copa-Euro-2012-Polonia-Ucrania-Futbol-Resultados-Prediccion\" width=\"42\" height=\"49\" \/>\u00a0\u00a0\u00a0\u00a0 \u00a0\u00a0\u00a0\u00a0 \u00a0\u00a0\u00a0\u00a0  \u00a0 \u00a0  \u00a0 \u00a0  \u00a0 \u00a0  \u00a0 \u00a0 <\/p>\n<p style=\"text-align: justify;\">Con el <strong>Campeonato de Europa 2012 en Polonia y Ucrania<\/strong>, hemos retomado nuestras predicciones de informaci\u00f3n y entretenimiento para los resultados de f\u00fatbol despues el gran inter\u00e9s en nuestras predicciones para el Mundial de 2010 en Sud\u00e1frica.<\/p>\n<p style=\"text-align: justify;\">V\u00eda el link siguiente puedes veer los <a title=\"Campeonato de Europa 2012\" href=\"http:\/\/dataminingsoccer.com\/es\/copa-mundial-y-euro\/indices-de-exito\/championnat-deurope-2012\/\">[\u00edndices de \u00e9xito]<\/a> para nuestros modelos de predicci\u00f3n.<\/p>\n<p style=\"text-align: justify;\">Los resultados previstos (y entre par\u00e9ntesis los resultados reales) 2012 en Polonia y Ucrania:<\/p>\n<p style=\"text-align: justify;\"><img loading=\"lazy\" src=\"http:\/\/dataminingsoccer.com\/es\/wp-content\/uploads\/sites\/4\/Copa-Euro-2012-Polonia-Ucrania-Futbol-Resultados-Prediccion-m.png\" alt=\"Copa-Euro-2012-Polonia-Ucrania-Futbol-Resultados-Prediccion\" width=\"42\" height=\"49\" \/>\u00a0\u00a0\u00a0\u00a0 \u00a0\u00a0\u00a0\u00a0 \u00a0\u00a0\u00a0\u00a0  \u00a0 \u00a0  \u00a0 \u00a0  \u00a0 \u00a0  \u00a0 \u00a0 <\/p>\n<p style=\"text-align: justify;\"><strong>Grupo A:<\/strong><br \/>\nPolonia &#8211; Grecia\u00a0\u00a0 2-0 \u00a0 (1-1)<br \/>\n<strong>Rusia &#8211; Rep\u00fablica Checa<\/strong>\u00a0\u00a0 3-1 \u00a0 (4-1)<br \/>\n<strong>Grecia &#8211; Rep\u00fablica Checa<\/strong>\u00a0\u00a0 1-6\u00a0\u00a0 (1-2)<br \/>\nPolonia &#8211; Rusia\u00a0\u00a0 3-2\u00a0\u00a0 (1-1)<br \/>\nGrecia &#8211; Rusia\u00a0\u00a0 2-2 \u00a0 (1-0)<br \/>\n<strong>Rep\u00fablica Checa &#8211; Polonia<\/strong>\u00a0\u00a0 3-1 \u00a0 (1-0)<\/p>\n<p style=\"text-align: justify;\"><strong>Resultados predichos de grupo A:<\/strong><br \/>\n1 <strong>Rep\u00fablica Checa<\/strong> (6 puntos, +5 goles)<br \/>\n2 Polonia (6 puntos, +1 gol)<br \/>\n3 Rusia (4\u00a0puntos, +1 gol)<br \/>\n4 Grecia (1 punto, -7 goles)<\/p>\n<p style=\"text-align: justify;\"><strong>Resultados reales de grupo A:<\/strong><br \/>\n1 <strong>Rep\u00fablica Checa<\/strong> (6 puntos , -1 gol)<br \/>\n2 Grecia (4 puntos , 0 goles)<br \/>\n3 Rusia (4\u00a0puntos, +2 goles)<br \/>\n4 Polonia (2 puntos, -1 gol)<\/p>\n<p style=\"text-align: justify;\"><img loading=\"lazy\" src=\"http:\/\/dataminingsoccer.com\/es\/wp-content\/uploads\/sites\/4\/Copa-Euro-2012-Polonia-Ucrania-Futbol-Resultados-Prediccion-m.png\" alt=\"Copa-Euro-2012-Polonia-Ucrania-Futbol-Resultados-Prediccion\" width=\"42\" height=\"49\" \/>\u00a0\u00a0\u00a0\u00a0 \u00a0\u00a0\u00a0\u00a0 \u00a0\u00a0\u00a0\u00a0  \u00a0 \u00a0  \u00a0 \u00a0  \u00a0 \u00a0  \u00a0 \u00a0 <\/p>\n<p style=\"text-align: justify;\"><strong>Grupo B:<\/strong><br \/>\nHolanda &#8211; Dinamarca \u00a0 0-0 \u00a0 (0-1)<br \/>\nAlemania &#8211; Portugal\u00a0\u00a0 1-1\u00a0\u00a0 (1-0)<br \/>\n<strong>Dinamarca &#8211; Portugal<\/strong>\u00a0\u00a0 1-2 \u00a0 (2-3)<br \/>\n<strong>Holanda &#8211; Alemania\u00a0\u00a0 1-2\u00a0\u00a0 (1-2)<\/strong><br \/>\nPortugal &#8211; Holanda\u00a0\u00a0 2-3 \u00a0 (2-1)<br \/>\nDinamarca &#8211; Alemania\u00a0\u00a0 0-0 \u00a0 (1-2)<\/p>\n<p style=\"text-align: justify;\"><strong>Resultados predichos de grupo B:<\/strong><br \/>\n1 <strong>Alemania<\/strong> (5 puntos, +1 gol)<br \/>\n2 Pa\u00edses Bajos (4 puntos, 0 goles)<br \/>\n3 Portugal (4 puntos, 0 goles)<br \/>\n4 Dinamarca (2\u00a0puntos, -1 gol)<\/p>\n<p style=\"text-align: justify;\"><strong>Resultados reales de grupo B:<\/strong><br \/>\n1 <strong>Alemania<\/strong> (9 puntos, +3 goles)<br \/>\n2 Portugal (6 puntos, +1 gol)<br \/>\n3 Dinamarca (3 puntos, -1 gol)<br \/>\n4 Pa\u00edses Bajos (0 puntos, -3 goles)<\/p>\n<p style=\"text-align: justify;\"><img loading=\"lazy\" src=\"http:\/\/dataminingsoccer.com\/es\/wp-content\/uploads\/sites\/4\/Copa-Euro-2012-Polonia-Ucrania-Futbol-Resultados-Prediccion-m.png\" alt=\"Copa-Euro-2012-Polonia-Ucrania-Futbol-Resultados-Prediccion\" width=\"42\" height=\"49\" \/>\u00a0\u00a0\u00a0\u00a0 \u00a0\u00a0\u00a0\u00a0 \u00a0\u00a0\u00a0\u00a0  \u00a0 \u00a0  \u00a0 \u00a0  \u00a0 \u00a0  \u00a0 \u00a0 <\/p>\n<p style=\"text-align: justify;\"><strong>Grupo C:<\/strong><br \/>\nEspa\u00f1a &#8211; Italia\u00a0\u00a0 2-1\u00a0\u00a0 (1-1)<br \/>\nIrlanda &#8211; Croacia\u00a0\u00a0 0-0 \u00a0 (1-3)<br \/>\nItalia &#8211; Croacia\u00a0\u00a0 3-1\u00a0\u00a0 (1-1)<br \/>\n<strong>Espa\u00f1a &#8211; Irlanda\u00a0\u00a0 4-0 \u00a0 (4-0)<\/strong><br \/>\nCroacia &#8211; Espa\u00f1a\u00a0\u00a0 1-1\u00a0\u00a0 (0-1)<br \/>\nItalia &#8211; Irlanda\u00a0\u00a0 0-0 \u00a0 (2-0)<\/p>\n<p style=\"text-align: justify;\"><strong>Resultados predichos de grupo C:<\/strong><br \/>\n1 <strong>Espa\u00f1a<\/strong> (7 puntos, +5 goles )<br \/>\n2 <strong>Italia<\/strong> (4\u00a0puntos, +1 gol)<br \/>\n3 Croacia (2\u00a0puntos, -2 goles)<br \/>\n4 Irlanda (2\u00a0puntos, -4 goles)<\/p>\n<p style=\"text-align: justify;\"><strong>Resultados reales de grupo C:<\/strong><br \/>\n1 <strong>Espa\u00f1a<\/strong> (7 puntos, +5 goles)<br \/>\n2 <strong>Italia<\/strong> (5\u00a0puntos, +2 goles)<br \/>\n3 Croacia (4 puntos, 1 gol)<br \/>\n4 Irlanda (0\u00a0puntos, -8 goles)<\/p>\n<p style=\"text-align: justify;\"><img loading=\"lazy\" src=\"http:\/\/dataminingsoccer.com\/es\/wp-content\/uploads\/sites\/4\/Copa-Euro-2012-Polonia-Ucrania-Futbol-Resultados-Prediccion-m.png\" alt=\"Copa-Euro-2012-Polonia-Ucrania-Futbol-Resultados-Prediccion\" width=\"42\" height=\"49\" \/>\u00a0\u00a0\u00a0\u00a0 \u00a0\u00a0\u00a0\u00a0 \u00a0\u00a0\u00a0\u00a0  \u00a0 \u00a0  \u00a0 \u00a0  \u00a0 \u00a0  \u00a0 \u00a0 <\/p>\n<p style=\"text-align: justify;\"><strong>Grupo D:<\/strong><br \/>\n<strong>Francia &#8211; Inglaterra<\/strong>\u00a0\u00a0 0-0 \u00a0 (1-1)<br \/>\nUcrania &#8211; Suecia\u00a0\u00a0 1-3\u00a0\u00a0 (2-1)<br \/>\n<strong>Ucrania &#8211; Francia \u00a0<\/strong> 1-3 \u00a0 (0-2)<br \/>\nSuecia &#8211; Inglaterra\u00a0\u00a0 1-0\u00a0\u00a0 (2-3)<br \/>\nSuecia &#8211; Francia\u00a0\u00a0 0-0 \u00a0 (2-0)<br \/>\nInglaterra &#8211; Ucrania\u00a0\u00a0 1-1 \u00a0 (1-0)<\/p>\n<p style=\"text-align: justify;\"><strong>Resultados predichos de grupo D:<\/strong><br \/>\n1 Suecia (7 puntos, +3 goles)<br \/>\n2 <strong>Francia<\/strong> (5\u00a0puntos, +2 goles)<br \/>\n3 Inglaterra (2\u00a0puntos, -1 goles)<br \/>\n4 Ucrania (1\u00a0punto, -4 goles)<\/p>\n<p style=\"text-align: justify;\"><strong>Resultados reales de grupo D:<\/strong><br \/>\n1 Inglaterra (7 puntos, 2 goles)<br \/>\n2 <strong>Francia<\/strong> (4 puntos, 0 goles)<br \/>\n3 Ucrania (3\u00a0puntos, -2 goles)<br \/>\n4 Suecia (3 puntos, 0 goles)<\/p>\n<p style=\"text-align: justify;\"><img loading=\"lazy\" src=\"http:\/\/dataminingsoccer.com\/es\/wp-content\/uploads\/sites\/4\/Copa-Euro-2012-Polonia-Ucrania-Futbol-Resultados-Prediccion-m.png\" alt=\"Copa-Euro-2012-Polonia-Ucrania-Futbol-Resultados-Prediccion\" width=\"42\" height=\"49\" \/>\u00a0\u00a0\u00a0\u00a0 \u00a0\u00a0\u00a0\u00a0 \u00a0\u00a0\u00a0\u00a0  \u00a0 \u00a0  \u00a0 \u00a0  \u00a0 \u00a0  \u00a0 \u00a0 <\/p>\n<p style=\"text-align: justify;\"><strong>Cuartos de final 2012:<\/strong><\/p>\n<p style=\"text-align: justify;\"><strong>Rep\u00fablica Checa &#8211; Portugal \u00a0<\/strong> 0-2 \u00a0 (0-1)<br \/>\n<strong>Alemania &#8211; Grecia<\/strong>\u00a0\u00a0 2-1\u00a0\u00a0 (4-2)<br \/>\nEspa\u00f1a &#8211; Francia\u00a0\u00a0 0-2 \u00a0 (2-0)<br \/>\n<strong>Inglaterra &#8211; Italia<\/strong>\u00a0\u00a0 1-2 \u00a0 (2-4 despu\u00e9s de los penaltis)<\/p>\n<p style=\"text-align: justify;\"><img loading=\"lazy\" src=\"http:\/\/dataminingsoccer.com\/es\/wp-content\/uploads\/sites\/4\/Copa-Euro-2012-Polonia-Ucrania-Futbol-Resultados-Prediccion-m.png\" alt=\"Copa-Euro-2012-Polonia-Ucrania-Futbol-Resultados-Prediccion\" width=\"42\" height=\"49\" \/>\u00a0\u00a0\u00a0\u00a0 \u00a0\u00a0\u00a0\u00a0 \u00a0\u00a0\u00a0\u00a0  \u00a0 \u00a0  \u00a0 \u00a0  \u00a0 \u00a0  \u00a0 \u00a0 <\/p>\n<p style=\"text-align: justify;\"><strong>Semifinales 2012:<\/strong><\/p>\n<p style=\"text-align: justify;\"><strong>Portugal &#8211; Espa\u00f1a<\/strong>\u00a0\u00a0 1-2\u00a0\u00a0 (2-4 despu\u00e9s de los penaltis)<br \/>\nAlemania &#8211; Italia\u00a0\u00a0 2-1\u00a0\u00a0 (1-2)<\/p>\n<p style=\"text-align: justify;\"><img loading=\"lazy\" src=\"http:\/\/dataminingsoccer.com\/es\/wp-content\/uploads\/sites\/4\/Copa-Euro-2012-Polonia-Ucrania-Futbol-Resultados-Prediccion-m.png\" alt=\"Copa-Euro-2012-Polonia-Ucrania-Futbol-Resultados-Prediccion\" width=\"42\" height=\"49\" \/>\u00a0\u00a0\u00a0\u00a0 \u00a0\u00a0\u00a0\u00a0 \u00a0\u00a0\u00a0\u00a0  \u00a0 \u00a0  \u00a0 \u00a0  \u00a0 \u00a0  \u00a0 \u00a0 <\/p>\n<p style=\"text-align: justify;\"><strong>Final del Campeonato de Europa 2012:<\/strong><\/p>\n<p style=\"text-align: justify;\">Espa\u00f1a &#8211; Italia \u00a0 0-2 \u00a0 (4-0)<\/p>\n<p style=\"text-align: justify;\"><img loading=\"lazy\" src=\"http:\/\/dataminingsoccer.com\/es\/wp-content\/uploads\/sites\/4\/Copa-Euro-2012-Polonia-Ucrania-Futbol-Resultados-Prediccion-m.png\" alt=\"Copa-Euro-2012-Polonia-Ucrania-Futbol-Resultados-Prediccion\" width=\"42\" height=\"49\" \/>\u00a0\u00a0\u00a0\u00a0 \u00a0\u00a0\u00a0\u00a0 \u00a0\u00a0\u00a0\u00a0  \u00a0 \u00a0  \u00a0 \u00a0  \u00a0 \u00a0  \u00a0 \u00a0 <\/p>\n<p style=\"text-align: justify;\"><a title=\"Campeonato de Europa 2012\" href=\"http:\/\/dataminingsoccer.com\/es\/copa-mundial-y-euro\/campeonato-de-europa-2012\/\"><img loading=\"lazy\" class=\"alignnone size-full wp-image-870\" src=\"http:\/\/dataminingsoccer.com\/es\/wp-content\/uploads\/sites\/4\/Data-Mining-Soccer-encima-pagina-m.png\" alt=\"Data-Mining-Soccer-encima-pagina\" width=\"50\" height=\"50\" \/><\/a>\u00a0\u00a0\u00a0\u00a0 <a href=\"http:\/\/dataminingsoccer.com\/es\/\"><img loading=\"lazy\" class=\"alignnone size-full wp-image-872\" src=\"http:\/\/dataminingsoccer.com\/es\/wp-content\/uploads\/sites\/4\/Data-Mining-Soccer-futbol-resultado-pronostico-m.png\" alt=\"Data-Mining-Soccer-futbol-resultado-pronostico\" width=\"50\" height=\"50\" \/><\/a>\u00a0\u00a0\u00a0\u00a0 <a title=\"DataMiningSoccer (espa\u00f1ol) @Twitter\" href=\"http:\/\/twitter.com\/DataMinSoccerES\" target=\"_blank\"><img loading=\"lazy\" class=\"alignnone size-full wp-image-1245\" src=\"http:\/\/dataminingsoccer.com\/es\/wp-content\/uploads\/sites\/4\/Twitter-Data-Mining-Soccer.png\" alt=\"Twitter-Data-Mining-Soccer\" width=\"50\" height=\"50\" \/><\/a>\u00a0\u00a0\u00a0\u00a0 <a title=\"DataMiningSoccer (ingl\u00e9s) @Facebook\" href=\"http:\/\/www.facebook.com\/dataminingsoccer\" target=\"_blank\"><img loading=\"lazy\" class=\"alignnone size-full wp-image-1241\" src=\"http:\/\/dataminingsoccer.com\/es\/wp-content\/uploads\/sites\/4\/Facebook-Data-Mining-Soccer.png\" alt=\"Facebook-Data-Mining-Soccer\" width=\"50\" height=\"50\" \/><\/a><\/p>\n","protected":false},"excerpt":{"rendered":"<p>Resultados de F\u00fatbol: Pron\u00f3sticos utilizando Data Mining\u00a0\u00a0\u00a0\u00a0 \u00a0\u00a0\u00a0\u00a0 \u00a0\u00a0\u00a0\u00a0 \u00a0 \u00a0 \u00a0 \u00a0 \u00a0 \u00a0 \u00a0 \u00a0 Con el Campeonato de Europa 2012 en Polonia y Ucrania, hemos retomado nuestras predicciones de informaci\u00f3n y entretenimiento para los resultados de f\u00fatbol despues el gran inter\u00e9s en nuestras predicciones para el Mundial de 2010 en Sud\u00e1frica. V\u00eda &hellip; <a href=\"http:\/\/dataminingsoccer.com\/es\/copa-mundial-y-euro\/pronosticos\/campeonato-de-europa-2012\/\" class=\"more-link\">Seguir leyendo <span class=\"screen-reader-text\">Campeonato de Europa 2012<\/span> <span class=\"meta-nav\">&rarr;<\/span><\/a><\/p>\n","protected":false},"author":5,"featured_media":0,"parent":2426,"menu_order":99,"comment_status":"closed","ping_status":"closed","template":"","meta":[],"yoast_head":"<!-- This site is optimized with the Yoast SEO plugin v14.8 - https:\/\/yoast.com\/wordpress\/plugins\/seo\/ -->\n<meta name=\"description\" content=\"Resultados pron\u00f3sticos de f\u00fatbol para la Copa de Europa de 2012 en Polonia y Ucrania. Predicciones basadas en el an\u00e1lisis estad\u00edstico con miner\u00eda de datos.\" \/>\n<meta name=\"robots\" content=\"index, follow\" \/>\n<meta name=\"googlebot\" content=\"index, follow, max-snippet:-1, max-image-preview:large, max-video-preview:-1\" \/>\n<meta name=\"bingbot\" content=\"index, follow, max-snippet:-1, max-image-preview:large, max-video-preview:-1\" \/>\n<link rel=\"canonical\" href=\"http:\/\/dataminingsoccer.com\/es\/copa-mundial-y-euro\/pronosticos\/campeonato-de-europa-2012\/\" \/>\n<script type=\"application\/ld+json\" class=\"yoast-schema-graph\">{\"@context\":\"https:\/\/schema.org\",\"@graph\":[{\"@type\":\"WebSite\",\"@id\":\"http:\/\/dataminingsoccer.com\/es\/#website\",\"url\":\"http:\/\/dataminingsoccer.com\/es\/\",\"name\":\"Pron\\u00f3sticos de Resultados de F\\u00fatbol\",\"description\":\"basado sobre an\\u00e1lisis estad\\u00edsticos utilizando data mining.. Amamos el f\\u00fatbol! Y nos encantan los juegos con n\\u00fameros!\",\"potentialAction\":[{\"@type\":\"SearchAction\",\"target\":\"http:\/\/dataminingsoccer.com\/es\/?s={search_term_string}\",\"query-input\":\"required name=search_term_string\"}],\"inLanguage\":\"es\"},{\"@type\":\"ImageObject\",\"@id\":\"http:\/\/dataminingsoccer.com\/es\/copa-mundial-y-euro\/pronosticos\/campeonato-de-europa-2012\/#primaryimage\",\"inLanguage\":\"es\",\"url\":\"http:\/\/dataminingsoccer.com\/es\/wp-content\/uploads\/sites\/4\/Copa-Euro-2012-Polonia-Ucrania-Futbol-Resultados-Prediccion-m.png\",\"width\":42,\"height\":49,\"caption\":\"Copa-Euro-2012-Polonia-Ucrania-Futbol-Resultados-Prediccion\"},{\"@type\":\"WebPage\",\"@id\":\"http:\/\/dataminingsoccer.com\/es\/copa-mundial-y-euro\/pronosticos\/campeonato-de-europa-2012\/#webpage\",\"url\":\"http:\/\/dataminingsoccer.com\/es\/copa-mundial-y-euro\/pronosticos\/campeonato-de-europa-2012\/\",\"name\":\"Campeonato de Europa 2012 - Pron\\u00f3sticos de Resultados de F\\u00fatbol\",\"isPartOf\":{\"@id\":\"http:\/\/dataminingsoccer.com\/es\/#website\"},\"primaryImageOfPage\":{\"@id\":\"http:\/\/dataminingsoccer.com\/es\/copa-mundial-y-euro\/pronosticos\/campeonato-de-europa-2012\/#primaryimage\"},\"datePublished\":\"2013-09-12T01:06:06+00:00\",\"dateModified\":\"2014-09-02T21:01:20+00:00\",\"description\":\"Resultados pron\\u00f3sticos de f\\u00fatbol para la Copa de Europa de 2012 en Polonia y Ucrania. Predicciones basadas en el an\\u00e1lisis estad\\u00edstico con miner\\u00eda de datos.\",\"inLanguage\":\"es\",\"potentialAction\":[{\"@type\":\"ReadAction\",\"target\":[\"http:\/\/dataminingsoccer.com\/es\/copa-mundial-y-euro\/pronosticos\/campeonato-de-europa-2012\/\"]}]}]}<\/script>\n<!-- \/ Yoast SEO plugin. -->","_links":{"self":[{"href":"http:\/\/dataminingsoccer.com\/es\/wp-json\/wp\/v2\/pages\/30"}],"collection":[{"href":"http:\/\/dataminingsoccer.com\/es\/wp-json\/wp\/v2\/pages"}],"about":[{"href":"http:\/\/dataminingsoccer.com\/es\/wp-json\/wp\/v2\/types\/page"}],"author":[{"embeddable":true,"href":"http:\/\/dataminingsoccer.com\/es\/wp-json\/wp\/v2\/users\/5"}],"replies":[{"embeddable":true,"href":"http:\/\/dataminingsoccer.com\/es\/wp-json\/wp\/v2\/comments?post=30"}],"version-history":[{"count":16,"href":"http:\/\/dataminingsoccer.com\/es\/wp-json\/wp\/v2\/pages\/30\/revisions"}],"predecessor-version":[{"id":1380,"href":"http:\/\/dataminingsoccer.com\/es\/wp-json\/wp\/v2\/pages\/30\/revisions\/1380"}],"up":[{"embeddable":true,"href":"http:\/\/dataminingsoccer.com\/es\/wp-json\/wp\/v2\/pages\/2426"}],"wp:attachment":[{"href":"http:\/\/dataminingsoccer.com\/es\/wp-json\/wp\/v2\/media?parent=30"}],"curies":[{"name":"wp","href":"https:\/\/api.w.org\/{rel}","templated":true}]}}