{"id":28,"date":"2013-09-12T02:43:25","date_gmt":"2013-09-12T00:43:25","guid":{"rendered":"http:\/\/dataminingsoccer.com\/es\/?page_id=28"},"modified":"2016-06-06T00:29:33","modified_gmt":"2016-06-05T22:29:33","slug":"copa-mundial-y-euro","status":"publish","type":"page","link":"http:\/\/dataminingsoccer.com\/es\/copa-mundial-y-euro\/","title":{"rendered":"Copa Mundial &#038; Euro"},"content":{"rendered":"<h2>Football Result Predictions using Data Mining<\/h2><p>A trav\u00e9s de los siguientes links (o la barra de men\u00fa) se puede obtener las predicciones de miner\u00eda de datos y los resultados reales de la<\/p>\n<p><img loading=\"lazy\" class=\"alignnone size-full wp-image-2889\" src=\"http:\/\/dataminingsoccer.com\/es\/wp-content\/uploads\/sites\/4\/Copa-Euro-2016-Francia-Futbol-Resultados-Prediccion-s.png\" alt=\"Copa-Euro-2016-Francia-Futbol-Resultados-Prediccion\" width=\"25\" height=\"25\" \/> <a href=\"http:\/\/dataminingsoccer.com\/es\/copa-mundial-y-euro\/pronosticos\/campeonato-de-europa-2016\/\">[F\u00fatbol Copa Europa 2016 en Francia]<br \/>\n<\/a><img loading=\"lazy\" class=\"alignnone size-full wp-image-2926\" src=\"http:\/\/dataminingsoccer.com\/es\/wp-content\/uploads\/sites\/4\/Copa-America-2016-USA-futbol-pronosticos-resultados-s.png\" alt=\"Copa-America-2016-USA-futbol-pronosticos-resultados\" width=\"25\" height=\"25\" \/> <a href=\"http:\/\/dataminingsoccer.com\/es\/copa-mundial-y-euro\/pronosticos\/copa-america-2016\/\">[Copa Am\u00e9rica 2016 en los EEUU]<\/a><a href=\"http:\/\/dataminingsoccer.com\/es\/copa-mundial-y-euro\/pronosticos\/campeonato-de-europa-2016\/\"><br \/>\n<\/a><img loading=\"lazy\" class=\"alignnone size-full wp-image-174\" src=\"http:\/\/dataminingsoccer.com\/es\/wp-content\/uploads\/sites\/4\/Copa-Mundial-2014-Brasil-Futbol-Resultados-Prediccion-s.png\" alt=\"Copa-Mundial-2014-Brasil-Futbol-Resultados-Prediccion\" width=\"19\" height=\"25\" \/>\u00a0<a title=\"Campeonato Mundial 2014\" href=\"http:\/\/dataminingsoccer.com\/es\/copa-mundial-y-euro\/campeonato-mundial-2014\/\">[F\u00fatbol Copa del Mundo de 2014 en Brasil]<\/a><br \/>\n<img loading=\"lazy\" class=\"alignnone size-full wp-image-170\" src=\"http:\/\/dataminingsoccer.com\/es\/wp-content\/uploads\/sites\/4\/Copa-Euro-2012-Polonia-Ucrania-Futbol-Resultados-Prediccion-s.png\" alt=\"Copa-Euro-2012-Polonia-Ucrania-Futbol-Resultados-Prediccion\" width=\"28\" height=\"25\" \/>\u00a0<a title=\"Campeonato de Europa 2012\" href=\"http:\/\/dataminingsoccer.com\/es\/copa-mundial-y-euro\/campeonato-de-europa-2012\/\">[F\u00fatbol Copa Europa 2012 en Polonia y Ucrania]<\/a><br \/>\n<img loading=\"lazy\" class=\"alignnone size-full wp-image-927\" src=\"http:\/\/dataminingsoccer.com\/es\/wp-content\/uploads\/sites\/4\/Copa-Mundial-2010-Sudafrica-Futbol-Resultados-Prediccion-s.png\" alt=\"Copa-Mundial-2010-Sudafrica-Futbol-Resultados-Prediccion\" width=\"22\" height=\"25\" \/> <a title=\"Campeonato Mundial 2010\" href=\"http:\/\/dataminingsoccer.com\/es\/copa-mundial-y-euro\/campeonato-mundial-2010\/\">[F\u00fatbol Copa del Mundo 2010 en Sud\u00e1frica]<\/a><\/p>\n<p>Campe\u00f3nes del mundo y el n\u00famero de t\u00edtulos mundiales que ganaron:<\/p>\n<p>Brasil \u00a0 (5)\u00a0\u00a0 *****<br \/>\nItalia \u00a0 (4)\u00a0\u00a0 ****<br \/>\nAlemania \u00a0 (4)\u00a0\u00a0 ****\u00a0\u00a0 <img loading=\"lazy\" class=\"alignnone size-full wp-image-1848\" src=\"http:\/\/dataminingsoccer.com\/es\/wp-content\/uploads\/sites\/4\/Campeon-Mundial-Trofeo-Copa-s.jpg\" alt=\"Campeon-Mundial-Trofeo-Copa\" width=\"12\" height=\"26\" \/>\u00a0\u00a0 (campe\u00f3n actual)<br \/>\nArgentina \u00a0 (2)\u00a0\u00a0 **<br \/>\nUruguay \u00a0 (2)\u00a0\u00a0 **<br \/>\nFrancia \u00a0 (1)\u00a0\u00a0 *<br \/>\nInglaterra \u00a0 (1)\u00a0\u00a0 *<br \/>\nEspa\u00f1a\u00a0\u00a0 (1)\u00a0\u00a0 *<\/p>\n<p>Campe\u00f3nes de Europa y el numero de t\u00edtulos europeos que ganaron:<\/p>\n<p>Alemania\u00a0\u00a0 (3)<br \/>\nEspa\u00f1a\u00a0\u00a0 (3)\u00a0\u00a0\u00a0<img loading=\"lazy\" class=\"alignnone size-full wp-image-1847\" src=\"http:\/\/dataminingsoccer.com\/es\/wp-content\/uploads\/sites\/4\/Campeon-Europa-Trofeo-Copa-s.jpg\" alt=\"Campeon-Europa-Trofeo-Copa\" width=\"14\" height=\"25\" \/>\u00a0\u00a0 (campe\u00f3n actual)<br \/>\nFrancia \u00a0 (2)<br \/>\nUni\u00f3n Sovi\u00e9tica\u00a0\u00a0 (1)<br \/>\nItalia\u00a0\u00a0 (1)<br \/>\nChecoslovaquia \u00a0 (1)<br \/>\nPa\u00edses Bajos\u00a0\u00a0 (1)<br \/>\nDinamarca \u00a0 (1)<br \/>\nGrecia \u00a0 (1)<\/p>\n<p>Los ganadores de la Copa Am\u00e9rica y el numero de t\u00edtulos ganados:<\/p>\n<p>Uruguay \u00a0 (15)<br \/>\nArgentina \u00a0 (14)<br \/>\nBrasil \u00a0 (8)<br \/>\nParaguay \u00a0 (2)<br \/>\nPer\u00fa \u00a0 (2)<br \/>\nChile \u00a0 (1)\u00a0\u00a0\u00a0<img loading=\"lazy\" class=\"alignnone size-full wp-image-2942\" src=\"http:\/\/dataminingsoccer.com\/es\/wp-content\/uploads\/sites\/4\/Copa-America-Copa-s.png\" alt=\"Copa-America-Copa\" width=\"11\" height=\"26\" \/>\u00a0\u00a0 (campe\u00f3n actual)<br \/>\nColombia \u00a0 (1)<br \/>\nBolivia \u00a0 (1)<\/p>\n<p style=\"text-align: justify;\">Por cierto, en nuestra secci\u00f3n de <a title=\"Descarga de Datos\" href=\"http:\/\/dataminingsoccer.com\/es\/download-descarga-de-datos\/\">[descarga de datos]<\/a> se puede obtener gratis todos los datos de todos los partidos de los Campeonatos Europeos y Mundiales como download csv (o Excel).<\/p>\n<p><img loading=\"lazy\" class=\"alignnone size-full wp-image-2889\" src=\"http:\/\/dataminingsoccer.com\/es\/wp-content\/uploads\/sites\/4\/Copa-Euro-2016-Francia-Futbol-Resultados-Prediccion-s.png\" alt=\"Copa-Euro-2016-Francia-Futbol-Resultados-Prediccion\" width=\"25\" height=\"25\" \/> <a href=\"http:\/\/dataminingsoccer.com\/es\/copa-mundial-y-euro\/pronosticos\/campeonato-de-europa-2016\/\">[F\u00fatbol Copa Europa 2016 en Francia]<br \/>\n<\/a><img loading=\"lazy\" class=\"alignnone size-full wp-image-2926\" src=\"http:\/\/dataminingsoccer.com\/es\/wp-content\/uploads\/sites\/4\/Copa-America-2016-USA-futbol-pronosticos-resultados-s.png\" alt=\"Copa-America-2016-USA-futbol-pronosticos-resultados\" width=\"25\" height=\"25\" \/> <a href=\"http:\/\/dataminingsoccer.com\/es\/copa-mundial-y-euro\/pronosticos\/copa-america-2016\/\">[Copa Am\u00e9rica 2016 en los EEUU]<\/a><a href=\"http:\/\/dataminingsoccer.com\/es\/copa-mundial-y-euro\/pronosticos\/campeonato-de-europa-2016\/\"><br \/>\n<\/a><img loading=\"lazy\" class=\"alignnone size-full wp-image-174\" src=\"http:\/\/dataminingsoccer.com\/es\/wp-content\/uploads\/sites\/4\/Copa-Mundial-2014-Brasil-Futbol-Resultados-Prediccion-s.png\" alt=\"Copa-Mundial-2014-Brasil-Futbol-Resultados-Prediccion\" width=\"19\" height=\"25\" \/>\u00a0<a title=\"Campeonato Mundial 2014\" href=\"http:\/\/dataminingsoccer.com\/es\/copa-mundial-y-euro\/campeonato-mundial-2014\/\">[F\u00fatbol Copa del Mundo de 2014 en Brasil]<\/a><br \/>\n<img loading=\"lazy\" class=\"alignnone size-full wp-image-170\" src=\"http:\/\/dataminingsoccer.com\/es\/wp-content\/uploads\/sites\/4\/Copa-Euro-2012-Polonia-Ucrania-Futbol-Resultados-Prediccion-s.png\" alt=\"Copa-Euro-2012-Polonia-Ucrania-Futbol-Resultados-Prediccion\" width=\"28\" height=\"25\" \/>\u00a0<a title=\"Campeonato de Europa 2012\" href=\"http:\/\/dataminingsoccer.com\/es\/copa-mundial-y-euro\/campeonato-de-europa-2012\/\">[F\u00fatbol Copa Europa 2012 en Polonia y Ucrania]<\/a><br \/>\n<img loading=\"lazy\" class=\"alignnone size-full wp-image-927\" src=\"http:\/\/dataminingsoccer.com\/es\/wp-content\/uploads\/sites\/4\/Copa-Mundial-2010-Sudafrica-Futbol-Resultados-Prediccion-s.png\" alt=\"Copa-Mundial-2010-Sudafrica-Futbol-Resultados-Prediccion\" width=\"22\" height=\"25\" \/> <a title=\"Campeonato Mundial 2010\" href=\"http:\/\/dataminingsoccer.com\/es\/copa-mundial-y-euro\/campeonato-mundial-2010\/\">[F\u00fatbol Copa del Mundo 2010 en Sud\u00e1frica]<\/a><\/p>\n","protected":false},"excerpt":{"rendered":"<p>Football Result Predictions using Data MiningA trav\u00e9s de los siguientes links (o la barra de men\u00fa) se puede obtener las predicciones de miner\u00eda de datos y los resultados reales de la [F\u00fatbol Copa Europa 2016 en Francia] [Copa Am\u00e9rica 2016 en los EEUU] \u00a0[F\u00fatbol Copa del Mundo de 2014 en Brasil] \u00a0[F\u00fatbol Copa Europa 2012 &hellip; <a href=\"http:\/\/dataminingsoccer.com\/es\/copa-mundial-y-euro\/\" class=\"more-link\">Seguir leyendo <span class=\"screen-reader-text\">Copa Mundial &#038; Euro<\/span> <span class=\"meta-nav\">&rarr;<\/span><\/a><\/p>\n","protected":false},"author":5,"featured_media":0,"parent":0,"menu_order":3,"comment_status":"closed","ping_status":"closed","template":"","meta":[],"yoast_head":"<!-- This site is optimized with the Yoast SEO plugin v14.8 - https:\/\/yoast.com\/wordpress\/plugins\/seo\/ -->\n<meta name=\"description\" content=\"Fussball Ergebnis-Vorhersagen der Weltmeisterschaften und Europameisterschaften. \u00dcberblick \u00fcber alle WM-Titeltr\u00e4ger und EM-Gewinner.\" \/>\n<meta name=\"robots\" content=\"index, follow\" \/>\n<meta name=\"googlebot\" content=\"index, follow, max-snippet:-1, max-image-preview:large, max-video-preview:-1\" \/>\n<meta name=\"bingbot\" content=\"index, follow, max-snippet:-1, max-image-preview:large, max-video-preview:-1\" \/>\n<link rel=\"canonical\" href=\"http:\/\/dataminingsoccer.com\/es\/copa-mundial-y-euro\/\" \/>\n<script type=\"application\/ld+json\" class=\"yoast-schema-graph\">{\"@context\":\"https:\/\/schema.org\",\"@graph\":[{\"@type\":\"WebSite\",\"@id\":\"http:\/\/dataminingsoccer.com\/es\/#website\",\"url\":\"http:\/\/dataminingsoccer.com\/es\/\",\"name\":\"Pron\\u00f3sticos de Resultados de F\\u00fatbol\",\"description\":\"basado sobre an\\u00e1lisis estad\\u00edsticos utilizando data mining.. Amamos el f\\u00fatbol! Y nos encantan los juegos con n\\u00fameros!\",\"potentialAction\":[{\"@type\":\"SearchAction\",\"target\":\"http:\/\/dataminingsoccer.com\/es\/?s={search_term_string}\",\"query-input\":\"required name=search_term_string\"}],\"inLanguage\":\"es\"},{\"@type\":\"ImageObject\",\"@id\":\"http:\/\/dataminingsoccer.com\/es\/copa-mundial-y-euro\/#primaryimage\",\"inLanguage\":\"es\",\"url\":\"http:\/\/dataminingsoccer.com\/es\/wp-content\/uploads\/sites\/4\/Copa-Euro-2016-Francia-Futbol-Resultados-Prediccion-s.png\",\"width\":25,\"height\":25,\"caption\":\"Copa-Euro-2016-Francia-Futbol-Resultados-Prediccion\"},{\"@type\":\"WebPage\",\"@id\":\"http:\/\/dataminingsoccer.com\/es\/copa-mundial-y-euro\/#webpage\",\"url\":\"http:\/\/dataminingsoccer.com\/es\/copa-mundial-y-euro\/\",\"name\":\"Copa Mundial & Euro - Pron\\u00f3sticos de Resultados de F\\u00fatbol\",\"isPartOf\":{\"@id\":\"http:\/\/dataminingsoccer.com\/es\/#website\"},\"primaryImageOfPage\":{\"@id\":\"http:\/\/dataminingsoccer.com\/es\/copa-mundial-y-euro\/#primaryimage\"},\"datePublished\":\"2013-09-12T00:43:25+00:00\",\"dateModified\":\"2016-06-05T22:29:33+00:00\",\"description\":\"Fussball Ergebnis-Vorhersagen der Weltmeisterschaften und Europameisterschaften. \\u00dcberblick \\u00fcber alle WM-Titeltr\\u00e4ger und EM-Gewinner.\",\"inLanguage\":\"es\",\"potentialAction\":[{\"@type\":\"ReadAction\",\"target\":[\"http:\/\/dataminingsoccer.com\/es\/copa-mundial-y-euro\/\"]}]}]}<\/script>\n<!-- \/ Yoast SEO plugin. -->","_links":{"self":[{"href":"http:\/\/dataminingsoccer.com\/es\/wp-json\/wp\/v2\/pages\/28"}],"collection":[{"href":"http:\/\/dataminingsoccer.com\/es\/wp-json\/wp\/v2\/pages"}],"about":[{"href":"http:\/\/dataminingsoccer.com\/es\/wp-json\/wp\/v2\/types\/page"}],"author":[{"embeddable":true,"href":"http:\/\/dataminingsoccer.com\/es\/wp-json\/wp\/v2\/users\/5"}],"replies":[{"embeddable":true,"href":"http:\/\/dataminingsoccer.com\/es\/wp-json\/wp\/v2\/comments?post=28"}],"version-history":[{"count":13,"href":"http:\/\/dataminingsoccer.com\/es\/wp-json\/wp\/v2\/pages\/28\/revisions"}],"predecessor-version":[{"id":2946,"href":"http:\/\/dataminingsoccer.com\/es\/wp-json\/wp\/v2\/pages\/28\/revisions\/2946"}],"wp:attachment":[{"href":"http:\/\/dataminingsoccer.com\/es\/wp-json\/wp\/v2\/media?parent=28"}],"curies":[{"name":"wp","href":"https:\/\/api.w.org\/{rel}","templated":true}]}}