{"id":2501,"date":"2014-09-20T03:04:48","date_gmt":"2014-09-20T01:04:48","guid":{"rendered":"http:\/\/dataminingsoccer.com\/es\/?page_id=2501"},"modified":"2015-06-24T05:57:10","modified_gmt":"2015-06-24T03:57:10","slug":"pronosticos","status":"publish","type":"page","link":"http:\/\/dataminingsoccer.com\/es\/liga-de-campiones-y-liga-europea\/pronosticos\/","title":{"rendered":"Pron\u00f3sticos"},"content":{"rendered":"<h2>Resultados de F\u00fatbol: Pron\u00f3sticos utilizando Data Mining<\/h2><p style=\"text-align: justify;\"><img loading=\"lazy\" class=\"alignnone size-full wp-image-177\" src=\"http:\/\/dataminingsoccer.com\/es\/wp-content\/uploads\/sites\/4\/Liga-Campeones-Futbol-Resultados-Prediccion-m.png\" alt=\"Liga-Campeones-Futbol-Resultados-Prediccion\" width=\"52\" height=\"50\" \/>\u00a0\u00a0\u00a0\u00a0 <img loading=\"lazy\" class=\"alignnone size-full wp-image-179\" src=\"http:\/\/dataminingsoccer.com\/es\/wp-content\/uploads\/sites\/4\/Liga-Europea-Futbol-Resultados-Prediccion-m.png\" alt=\"Liga-Europea-Futbol-Resultados-Prediccion\" width=\"38\" height=\"50\" \/>\u00a0\u00a0\u00a0\u00a0 <img loading=\"lazy\" class=\"alignnone size-full wp-image-717\" src=\"http:\/\/dataminingsoccer.com\/es\/wp-content\/uploads\/sites\/4\/FIFA-Copa-Mundial-Clubes-m.png\" alt=\"FIFA-Copa-Mundial-Clubes\" width=\"39\" height=\"50\" \/><\/p>\n<p style=\"text-align: justify;\">Europa: Para cualquier competici\u00f3n y temporada de tu elecci\u00f3n puedes encontrar aqu\u00ed todos los partidos pronosticados por nosotros, as\u00ed como los correspondientes resultados reales.<\/p>\n<p style=\"text-align: justify;\">Puedes acceder a esta p\u00e1gina con las predicciones y los resultados reales, ya sea en la barra de men\u00fa de arriba a trav\u00e9s de <strong>&gt; LC &amp; LE &gt; pron\u00f3sticos &gt; competici\u00f3n y temporada<\/strong> de tu elecci\u00f3n, o a trav\u00e9s del men\u00fa desplegable &#8216;<strong>nuestros\u00a0pron\u00f3sticos para&#8230;<\/strong>&#8216; en el lado derecho, o simplemente\u00a0haciendo clic en uno de los siguientes enlaces:<\/p>\n<p style=\"text-align: justify;\"><img loading=\"lazy\" class=\"alignnone size-full wp-image-178\" src=\"http:\/\/dataminingsoccer.com\/es\/wp-content\/uploads\/sites\/4\/Liga-Campeones-Futbol-Resultados-Prediccion-s.png\" alt=\"Liga-Campeones-Futbol-Resultados-Prediccion\" width=\"27\" height=\"25\" \/>\u00a0\u00a0 <a title=\"Liga de Campeones 2014\/15\" href=\"http:\/\/dataminingsoccer.com\/es\/liga-de-campiones-y-liga-europea\/pronosticos\/liga-de-campeones-2015-2016\/\">[Liga de Campeones 2015\/16]<\/a><br \/>\n<img loading=\"lazy\" class=\"alignnone size-full wp-image-180\" src=\"http:\/\/dataminingsoccer.com\/es\/wp-content\/uploads\/sites\/4\/Liga-Europea-Futbol-Resultados-Prediccion-s.png\" alt=\"Liga-Europea-Futbol-Resultados-Prediccion\" width=\"26\" height=\"25\" \/>\u00a0\u00a0 <a title=\"Liga Europea 2014\/15\" href=\"http:\/\/dataminingsoccer.com\/es\/liga-de-campiones-y-liga-europea\/pronosticos\/liga-europea-2015-2016\/\">[Liga Europea 2015\/16]<br \/>\n<\/a><img loading=\"lazy\" class=\"alignnone size-full wp-image-178\" src=\"http:\/\/dataminingsoccer.com\/es\/wp-content\/uploads\/sites\/4\/Liga-Campeones-Futbol-Resultados-Prediccion-s.png\" alt=\"Liga-Campeones-Futbol-Resultados-Prediccion\" width=\"27\" height=\"25\" \/>\u00a0\u00a0 <a title=\"Liga de Campeones 2014\/15\" href=\"http:\/\/dataminingsoccer.com\/es\/liga-de-campiones-y-liga-europea\/pronosticos\/liga-de-campeones-2014-15\/\">[Liga de Campeones 2014\/15]<\/a><a title=\"Liga Europea 2014\/15\" href=\"http:\/\/dataminingsoccer.com\/es\/liga-de-campiones-y-liga-europea\/pronosticos\/liga-europea-2014-15\/\"><br \/>\n<\/a><img loading=\"lazy\" class=\"alignnone size-full wp-image-180\" src=\"http:\/\/dataminingsoccer.com\/es\/wp-content\/uploads\/sites\/4\/Liga-Europea-Futbol-Resultados-Prediccion-s.png\" alt=\"Liga-Europea-Futbol-Resultados-Prediccion\" width=\"26\" height=\"25\" \/>\u00a0\u00a0 <a title=\"Liga Europea 2014\/15\" href=\"http:\/\/dataminingsoccer.com\/es\/liga-de-campiones-y-liga-europea\/pronosticos\/liga-europea-2014-15\/\">[Liga Europea 2014\/15]<\/a><br \/>\n<img loading=\"lazy\" class=\"alignnone size-full wp-image-2499\" src=\"http:\/\/dataminingsoccer.com\/es\/wp-content\/uploads\/sites\/4\/FIFA-Copa-Mundial-Clubes-s.png\" alt=\"FIFA-Copa-Mundial-Clubes\" width=\"19\" height=\"25\" \/>\u00a0\u00a0 \u00a0 <a title=\"Copa Mundial de Clubes 2013\" href=\"http:\/\/dataminingsoccer.com\/es\/liga-de-campiones-y-liga-europea\/pronosticos\/copa-mundial-clubes-2013\/\">[Copa Mundial de Clubes 2013]<\/a><\/p>\n<p style=\"text-align: justify;\">Como indicador estad\u00edstico adicional siempre mostramos uno de nuestros factores de confianza estad\u00edstica (DMSC\u2122 o DMSU\u2122) para cada partido predicho por nosotros en Europa.<\/p>\n<p style=\"text-align: justify;\"><img loading=\"lazy\" class=\"alignnone size-full wp-image-177\" src=\"http:\/\/dataminingsoccer.com\/es\/wp-content\/uploads\/sites\/4\/Liga-Campeones-Futbol-Resultados-Prediccion-m.png\" alt=\"Liga-Campeones-Futbol-Resultados-Prediccion\" width=\"52\" height=\"50\" \/>\u00a0\u00a0\u00a0\u00a0 <img loading=\"lazy\" class=\"alignnone size-full wp-image-179\" src=\"http:\/\/dataminingsoccer.com\/es\/wp-content\/uploads\/sites\/4\/Liga-Europea-Futbol-Resultados-Prediccion-m.png\" alt=\"Liga-Europea-Futbol-Resultados-Prediccion\" width=\"38\" height=\"50\" \/>\u00a0\u00a0\u00a0\u00a0 <img loading=\"lazy\" class=\"alignnone size-full wp-image-717\" src=\"http:\/\/dataminingsoccer.com\/es\/wp-content\/uploads\/sites\/4\/FIFA-Copa-Mundial-Clubes-m.png\" alt=\"FIFA-Copa-Mundial-Clubes\" width=\"39\" height=\"50\" \/><\/p>\n","protected":false},"excerpt":{"rendered":"<p>Resultados de F\u00fatbol: Pron\u00f3sticos utilizando Data Mining\u00a0\u00a0\u00a0\u00a0 \u00a0\u00a0\u00a0\u00a0 Europa: Para cualquier competici\u00f3n y temporada de tu elecci\u00f3n puedes encontrar aqu\u00ed todos los partidos pronosticados por nosotros, as\u00ed como los correspondientes resultados reales. Puedes acceder a esta p\u00e1gina con las predicciones y los resultados reales, ya sea en la barra de men\u00fa de arriba a trav\u00e9s &hellip; <a href=\"http:\/\/dataminingsoccer.com\/es\/liga-de-campiones-y-liga-europea\/pronosticos\/\" class=\"more-link\">Seguir leyendo <span class=\"screen-reader-text\">Pron\u00f3sticos<\/span> <span class=\"meta-nav\">&rarr;<\/span><\/a><\/p>\n","protected":false},"author":5,"featured_media":0,"parent":34,"menu_order":10,"comment_status":"closed","ping_status":"closed","template":"","meta":[],"yoast_head":"<!-- This site is optimized with the Yoast SEO plugin v14.8 - https:\/\/yoast.com\/wordpress\/plugins\/seo\/ -->\n<meta name=\"description\" content=\"Predicci\u00f3nes de resultados de f\u00fatbol de la Liga de Campeones y la Liga Europea basado sobre an\u00e1lisis estad\u00edsticos utilizando data mining.\" \/>\n<meta name=\"robots\" content=\"index, follow\" \/>\n<meta name=\"googlebot\" content=\"index, follow, max-snippet:-1, max-image-preview:large, max-video-preview:-1\" \/>\n<meta name=\"bingbot\" content=\"index, follow, max-snippet:-1, max-image-preview:large, max-video-preview:-1\" \/>\n<link rel=\"canonical\" href=\"http:\/\/dataminingsoccer.com\/es\/liga-de-campiones-y-liga-europea\/pronosticos\/\" \/>\n<script type=\"application\/ld+json\" class=\"yoast-schema-graph\">{\"@context\":\"https:\/\/schema.org\",\"@graph\":[{\"@type\":\"WebSite\",\"@id\":\"http:\/\/dataminingsoccer.com\/es\/#website\",\"url\":\"http:\/\/dataminingsoccer.com\/es\/\",\"name\":\"Pron\\u00f3sticos de Resultados de F\\u00fatbol\",\"description\":\"basado sobre an\\u00e1lisis estad\\u00edsticos utilizando data mining.. Amamos el f\\u00fatbol! Y nos encantan los juegos con n\\u00fameros!\",\"potentialAction\":[{\"@type\":\"SearchAction\",\"target\":\"http:\/\/dataminingsoccer.com\/es\/?s={search_term_string}\",\"query-input\":\"required name=search_term_string\"}],\"inLanguage\":\"es\"},{\"@type\":\"ImageObject\",\"@id\":\"http:\/\/dataminingsoccer.com\/es\/liga-de-campiones-y-liga-europea\/pronosticos\/#primaryimage\",\"inLanguage\":\"es\",\"url\":\"http:\/\/dataminingsoccer.com\/es\/wp-content\/uploads\/sites\/4\/Liga-Campeones-Futbol-Resultados-Prediccion-m.png\",\"width\":52,\"height\":50,\"caption\":\"Liga-Campeones-Futbol-Resultados-Prediccion\"},{\"@type\":\"WebPage\",\"@id\":\"http:\/\/dataminingsoccer.com\/es\/liga-de-campiones-y-liga-europea\/pronosticos\/#webpage\",\"url\":\"http:\/\/dataminingsoccer.com\/es\/liga-de-campiones-y-liga-europea\/pronosticos\/\",\"name\":\"Pron\\u00f3sticos - Pron\\u00f3sticos de Resultados de F\\u00fatbol\",\"isPartOf\":{\"@id\":\"http:\/\/dataminingsoccer.com\/es\/#website\"},\"primaryImageOfPage\":{\"@id\":\"http:\/\/dataminingsoccer.com\/es\/liga-de-campiones-y-liga-europea\/pronosticos\/#primaryimage\"},\"datePublished\":\"2014-09-20T01:04:48+00:00\",\"dateModified\":\"2015-06-24T03:57:10+00:00\",\"description\":\"Predicci\\u00f3nes de resultados de f\\u00fatbol de la Liga de Campeones y la Liga Europea basado sobre an\\u00e1lisis estad\\u00edsticos utilizando data mining.\",\"inLanguage\":\"es\",\"potentialAction\":[{\"@type\":\"ReadAction\",\"target\":[\"http:\/\/dataminingsoccer.com\/es\/liga-de-campiones-y-liga-europea\/pronosticos\/\"]}]}]}<\/script>\n<!-- \/ Yoast SEO plugin. -->","_links":{"self":[{"href":"http:\/\/dataminingsoccer.com\/es\/wp-json\/wp\/v2\/pages\/2501"}],"collection":[{"href":"http:\/\/dataminingsoccer.com\/es\/wp-json\/wp\/v2\/pages"}],"about":[{"href":"http:\/\/dataminingsoccer.com\/es\/wp-json\/wp\/v2\/types\/page"}],"author":[{"embeddable":true,"href":"http:\/\/dataminingsoccer.com\/es\/wp-json\/wp\/v2\/users\/5"}],"replies":[{"embeddable":true,"href":"http:\/\/dataminingsoccer.com\/es\/wp-json\/wp\/v2\/comments?post=2501"}],"version-history":[{"count":5,"href":"http:\/\/dataminingsoccer.com\/es\/wp-json\/wp\/v2\/pages\/2501\/revisions"}],"predecessor-version":[{"id":2796,"href":"http:\/\/dataminingsoccer.com\/es\/wp-json\/wp\/v2\/pages\/2501\/revisions\/2796"}],"up":[{"embeddable":true,"href":"http:\/\/dataminingsoccer.com\/es\/wp-json\/wp\/v2\/pages\/34"}],"wp:attachment":[{"href":"http:\/\/dataminingsoccer.com\/es\/wp-json\/wp\/v2\/media?parent=2501"}],"curies":[{"name":"wp","href":"https:\/\/api.w.org\/{rel}","templated":true}]}}