{"id":2435,"date":"2014-09-03T17:36:50","date_gmt":"2014-09-03T15:36:50","guid":{"rendered":"http:\/\/dataminingsoccer.com\/es\/?page_id=2435"},"modified":"2016-06-05T23:58:26","modified_gmt":"2016-06-05T21:58:26","slug":"estadistica-por-equipo","status":"publish","type":"page","link":"http:\/\/dataminingsoccer.com\/es\/copa-mundial-y-euro\/estadistica-por-equipo\/","title":{"rendered":"Estad\u00edstica por Equipo"},"content":{"rendered":"<h2>Football Result Predictions using Data Mining<\/h2><p style=\"text-align: justify;\"><img loading=\"lazy\" class=\"alignnone size-full wp-image-1303\" src=\"http:\/\/dataminingsoccer.com\/es\/wp-content\/uploads\/sites\/4\/Campeon-Mundial-Trofeo-Copa.jpg\" alt=\"Campeon-Mundial-Trofeo-Copa\" width=\"23\" height=\"50\" \/> \u00a0\u00a0<img loading=\"lazy\" class=\"alignnone size-full wp-image-1302\" src=\"http:\/\/dataminingsoccer.com\/es\/wp-content\/uploads\/sites\/4\/Campeon-Europa-Trofeo-Copa.jpg\" alt=\"Campeon-Europa-Trofeo-Copa\" width=\"28\" height=\"50\" \/>\u00a0\u00a0\u00a0\u00a0 <img loading=\"lazy\" class=\"alignnone size-full wp-image-2941\" src=\"http:\/\/dataminingsoccer.com\/es\/wp-content\/uploads\/sites\/4\/Copa-America-Copa-m.png\" alt=\"Copa-America-Copa\" width=\"22\" height=\"51\" \/><\/p>\n<p style=\"text-align: justify;\">Para cualquier Copa del Mundo o cualquier Campeonato de Europa de tu elecci\u00f3n vees aqu\u00ed las estad\u00edsticas por equipo.<\/p>\n<p style=\"text-align: justify;\">Puedes acceder a esta p\u00e1gina con las predicciones y los resultados reales, ya sea en la barra de men\u00fa de arriba a trav\u00e9s de <strong>&gt; Copa Mundial &amp; Euro &gt;\u00a0<strong><strong>estad\u00edsticas por equipo<\/strong><\/strong> &gt; competici\u00f3n<\/strong> de tu elecci\u00f3n, o a trav\u00e9s del men\u00fa desplegable \u2018<strong>nuestros \u00edndices de \u00e9xito para\u2026<\/strong>\u2018 en el lado derecho, o simplemente\u00a0haciendo clic en uno de los siguientes enlaces:<\/p>\n<p><img loading=\"lazy\" class=\"alignnone size-full wp-image-174\" src=\"http:\/\/dataminingsoccer.com\/es\/wp-content\/uploads\/sites\/4\/Copa-Mundial-2014-Brasil-Futbol-Resultados-Prediccion-s.png\" alt=\"Copa-Mundial-2014-Brasil-Futbol-Resultados-Prediccion\" width=\"19\" height=\"25\" \/>\u00a0\u00a0\u00a0\u00a0\u00a0 [F\u00fatbol Copa del Mundo de 2014 en Brasil]<\/p>\n<p>Algunas estad\u00edsticas y datos interesantes &#8211; aunque no aplicables a nuestros pron\u00f3sticos:<\/p>\n<ul>\n<li>r\u00e9cord goleador: Miroslav Klose (Alemania): 16 goles en la Copa Mundial<\/li>\n<li>r\u00e9cord\u00a0capit\u00e1n: Rafael M\u00e1rquez (M\u00e9xico): 4 Copas del Mundo como capit\u00e1n del equipo<\/li>\n<\/ul>\n<p style=\"text-align: justify;\"><img loading=\"lazy\" class=\"alignnone size-full wp-image-1303\" src=\"http:\/\/dataminingsoccer.com\/es\/wp-content\/uploads\/sites\/4\/Campeon-Mundial-Trofeo-Copa.jpg\" alt=\"Campeon-Mundial-Trofeo-Copa\" width=\"23\" height=\"50\" \/> \u00a0\u00a0<img loading=\"lazy\" class=\"alignnone size-full wp-image-1302\" src=\"http:\/\/dataminingsoccer.com\/es\/wp-content\/uploads\/sites\/4\/Campeon-Europa-Trofeo-Copa.jpg\" alt=\"Campeon-Europa-Trofeo-Copa\" width=\"28\" height=\"50\" \/>\u00a0\u00a0\u00a0\u00a0 <img loading=\"lazy\" class=\"alignnone size-full wp-image-2941\" src=\"http:\/\/dataminingsoccer.com\/es\/wp-content\/uploads\/sites\/4\/Copa-America-Copa-m.png\" alt=\"Copa-America-Copa\" width=\"22\" height=\"51\" \/><\/p>\n","protected":false},"excerpt":{"rendered":"<p>Football Result Predictions using Data Mining \u00a0\u00a0\u00a0\u00a0\u00a0\u00a0 Para cualquier Copa del Mundo o cualquier Campeonato de Europa de tu elecci\u00f3n vees aqu\u00ed las estad\u00edsticas por equipo. Puedes acceder a esta p\u00e1gina con las predicciones y los resultados reales, ya sea en la barra de men\u00fa de arriba a trav\u00e9s de &gt; Copa Mundial &amp; Euro &hellip; <a href=\"http:\/\/dataminingsoccer.com\/es\/copa-mundial-y-euro\/estadistica-por-equipo\/\" class=\"more-link\">Seguir leyendo <span class=\"screen-reader-text\">Estad\u00edstica por Equipo<\/span> <span class=\"meta-nav\">&rarr;<\/span><\/a><\/p>\n","protected":false},"author":5,"featured_media":0,"parent":28,"menu_order":20,"comment_status":"closed","ping_status":"closed","template":"","meta":[],"yoast_head":"<!-- This site is optimized with the Yoast SEO plugin v14.8 - https:\/\/yoast.com\/wordpress\/plugins\/seo\/ -->\n<meta name=\"description\" content=\"Fussball Ergebnis-Vorhersagen f\u00fcr die WM (Weltmeisterschaften) &amp; EM (Europameisterschaften): Statistiken je Mannschaft\" \/>\n<meta name=\"robots\" content=\"index, follow\" \/>\n<meta name=\"googlebot\" content=\"index, follow, max-snippet:-1, max-image-preview:large, max-video-preview:-1\" \/>\n<meta name=\"bingbot\" content=\"index, follow, max-snippet:-1, max-image-preview:large, max-video-preview:-1\" \/>\n<link rel=\"canonical\" href=\"http:\/\/dataminingsoccer.com\/es\/copa-mundial-y-euro\/estadistica-por-equipo\/\" \/>\n<script type=\"application\/ld+json\" class=\"yoast-schema-graph\">{\"@context\":\"https:\/\/schema.org\",\"@graph\":[{\"@type\":\"WebSite\",\"@id\":\"http:\/\/dataminingsoccer.com\/es\/#website\",\"url\":\"http:\/\/dataminingsoccer.com\/es\/\",\"name\":\"Pron\\u00f3sticos de Resultados de F\\u00fatbol\",\"description\":\"basado sobre an\\u00e1lisis estad\\u00edsticos utilizando data mining.. Amamos el f\\u00fatbol! Y nos encantan los juegos con n\\u00fameros!\",\"potentialAction\":[{\"@type\":\"SearchAction\",\"target\":\"http:\/\/dataminingsoccer.com\/es\/?s={search_term_string}\",\"query-input\":\"required name=search_term_string\"}],\"inLanguage\":\"es\"},{\"@type\":\"ImageObject\",\"@id\":\"http:\/\/dataminingsoccer.com\/es\/copa-mundial-y-euro\/estadistica-por-equipo\/#primaryimage\",\"inLanguage\":\"es\",\"url\":\"http:\/\/dataminingsoccer.com\/es\/wp-content\/uploads\/sites\/4\/Campeon-Mundial-Trofeo-Copa.jpg\",\"width\":23,\"height\":50,\"caption\":\"Campeon-Mundial-Trofeo-Copa\"},{\"@type\":\"WebPage\",\"@id\":\"http:\/\/dataminingsoccer.com\/es\/copa-mundial-y-euro\/estadistica-por-equipo\/#webpage\",\"url\":\"http:\/\/dataminingsoccer.com\/es\/copa-mundial-y-euro\/estadistica-por-equipo\/\",\"name\":\"Estad\\u00edstica por Equipo - Pron\\u00f3sticos de Resultados de F\\u00fatbol\",\"isPartOf\":{\"@id\":\"http:\/\/dataminingsoccer.com\/es\/#website\"},\"primaryImageOfPage\":{\"@id\":\"http:\/\/dataminingsoccer.com\/es\/copa-mundial-y-euro\/estadistica-por-equipo\/#primaryimage\"},\"datePublished\":\"2014-09-03T15:36:50+00:00\",\"dateModified\":\"2016-06-05T21:58:26+00:00\",\"description\":\"Fussball Ergebnis-Vorhersagen f\\u00fcr die WM (Weltmeisterschaften) & EM (Europameisterschaften): Statistiken je Mannschaft\",\"inLanguage\":\"es\",\"potentialAction\":[{\"@type\":\"ReadAction\",\"target\":[\"http:\/\/dataminingsoccer.com\/es\/copa-mundial-y-euro\/estadistica-por-equipo\/\"]}]}]}<\/script>\n<!-- \/ Yoast SEO plugin. -->","_links":{"self":[{"href":"http:\/\/dataminingsoccer.com\/es\/wp-json\/wp\/v2\/pages\/2435"}],"collection":[{"href":"http:\/\/dataminingsoccer.com\/es\/wp-json\/wp\/v2\/pages"}],"about":[{"href":"http:\/\/dataminingsoccer.com\/es\/wp-json\/wp\/v2\/types\/page"}],"author":[{"embeddable":true,"href":"http:\/\/dataminingsoccer.com\/es\/wp-json\/wp\/v2\/users\/5"}],"replies":[{"embeddable":true,"href":"http:\/\/dataminingsoccer.com\/es\/wp-json\/wp\/v2\/comments?post=2435"}],"version-history":[{"count":4,"href":"http:\/\/dataminingsoccer.com\/es\/wp-json\/wp\/v2\/pages\/2435\/revisions"}],"predecessor-version":[{"id":2944,"href":"http:\/\/dataminingsoccer.com\/es\/wp-json\/wp\/v2\/pages\/2435\/revisions\/2944"}],"up":[{"embeddable":true,"href":"http:\/\/dataminingsoccer.com\/es\/wp-json\/wp\/v2\/pages\/28"}],"wp:attachment":[{"href":"http:\/\/dataminingsoccer.com\/es\/wp-json\/wp\/v2\/media?parent=2435"}],"curies":[{"name":"wp","href":"https:\/\/api.w.org\/{rel}","templated":true}]}}