{"id":2426,"date":"2014-09-02T22:43:19","date_gmt":"2014-09-02T20:43:19","guid":{"rendered":"http:\/\/dataminingsoccer.com\/es\/?page_id=2426"},"modified":"2016-06-05T23:58:00","modified_gmt":"2016-06-05T21:58:00","slug":"pronosticos","status":"publish","type":"page","link":"http:\/\/dataminingsoccer.com\/es\/copa-mundial-y-euro\/pronosticos\/","title":{"rendered":"Pron\u00f3sticos"},"content":{"rendered":"<h2>Fussball Ergebnis Vorhersagen mittels Data Mining<\/h2><p style=\"text-align: justify;\"><img loading=\"lazy\" class=\"alignnone size-full wp-image-1303\" src=\"http:\/\/dataminingsoccer.com\/es\/wp-content\/uploads\/sites\/4\/Campeon-Mundial-Trofeo-Copa.jpg\" alt=\"Campeon-Mundial-Trofeo-Copa\" width=\"23\" height=\"50\" \/> \u00a0\u00a0<img loading=\"lazy\" class=\"alignnone size-full wp-image-1302\" src=\"http:\/\/dataminingsoccer.com\/es\/wp-content\/uploads\/sites\/4\/Campeon-Europa-Trofeo-Copa.jpg\" alt=\"Campeon-Europa-Trofeo-Copa\" width=\"28\" height=\"50\" \/>\u00a0\u00a0\u00a0\u00a0 <img loading=\"lazy\" class=\"alignnone size-full wp-image-2941\" src=\"http:\/\/dataminingsoccer.com\/es\/wp-content\/uploads\/sites\/4\/Copa-America-Copa-m.png\" alt=\"Copa-America-Copa\" width=\"22\" height=\"51\" \/><\/p>\n<p style=\"text-align: justify;\">Para cualquier Copa del Mundo o cualquier Campeonato de Europa de tu elecci\u00f3n vees aqu\u00ed todos los partidos pronosticados por nosotros, as\u00ed como los correspondientes resultados reales.<\/p>\n<p style=\"text-align: justify;\">Puedes acceder a esta p\u00e1gina con las predicciones y los resultados reales, ya sea en la barra de men\u00fa de arriba a trav\u00e9s de <strong>&gt; Copa Mundial &amp; continentales &gt; pron\u00f3sticos &gt; competici\u00f3n<\/strong> de tu elecci\u00f3n, o a trav\u00e9s del men\u00fa desplegable \u2018<strong>nuestros\u00a0pron\u00f3sticos para\u2026<\/strong>\u2018 en el lado derecho, o simplemente\u00a0haciendo clic en uno de los siguientes enlaces:<\/p>\n<p><img loading=\"lazy\" class=\"alignnone size-full wp-image-2889\" src=\"http:\/\/dataminingsoccer.com\/es\/wp-content\/uploads\/sites\/4\/Copa-Euro-2016-Francia-Futbol-Resultados-Prediccion-s.png\" alt=\"Copa-Euro-2016-Francia-Futbol-Resultados-Prediccion\" width=\"25\" height=\"25\" \/> <a href=\"http:\/\/dataminingsoccer.com\/es\/copa-mundial-y-euro\/pronosticos\/campeonato-de-europa-2016\/\">[F\u00fatbol Copa Europa 2016 en Francia]<br \/>\n<\/a><img loading=\"lazy\" class=\"alignnone size-full wp-image-2926\" src=\"http:\/\/dataminingsoccer.com\/es\/wp-content\/uploads\/sites\/4\/Copa-America-2016-USA-futbol-pronosticos-resultados-s.png\" alt=\"Copa-America-2016-USA-futbol-pronosticos-resultados\" width=\"25\" height=\"25\" \/> <a href=\"http:\/\/dataminingsoccer.com\/es\/copa-mundial-y-euro\/pronosticos\/copa-america-2016\/\">[Copa Am\u00e9rica 2016 en los EEUU]<\/a><a href=\"http:\/\/dataminingsoccer.com\/es\/copa-mundial-y-euro\/pronosticos\/campeonato-de-europa-2016\/\"><br \/>\n<\/a><img loading=\"lazy\" class=\"alignnone size-full wp-image-174\" src=\"http:\/\/dataminingsoccer.com\/es\/wp-content\/uploads\/sites\/4\/Copa-Mundial-2014-Brasil-Futbol-Resultados-Prediccion-s.png\" alt=\"Copa-Mundial-2014-Brasil-Futbol-Resultados-Prediccion\" width=\"19\" height=\"25\" \/>\u00a0<a title=\"Campeonato Mundial 2014\" href=\"http:\/\/dataminingsoccer.com\/es\/copa-mundial-y-euro\/campeonato-mundial-2014\/\">[F\u00fatbol Copa del Mundo de 2014 en Brasil]<\/a><br \/>\n<img loading=\"lazy\" class=\"alignnone size-full wp-image-170\" src=\"http:\/\/dataminingsoccer.com\/es\/wp-content\/uploads\/sites\/4\/Copa-Euro-2012-Polonia-Ucrania-Futbol-Resultados-Prediccion-s.png\" alt=\"Copa-Euro-2012-Polonia-Ucrania-Futbol-Resultados-Prediccion\" width=\"28\" height=\"25\" \/>\u00a0<a title=\"Campeonato de Europa 2012\" href=\"http:\/\/dataminingsoccer.com\/es\/copa-mundial-y-euro\/campeonato-de-europa-2012\/\">[F\u00fatbol Copa Europa 2012 en Polonia y Ucrania]<\/a><br \/>\n<img loading=\"lazy\" class=\"alignnone size-full wp-image-927\" src=\"http:\/\/dataminingsoccer.com\/es\/wp-content\/uploads\/sites\/4\/Copa-Mundial-2010-Sudafrica-Futbol-Resultados-Prediccion-s.png\" alt=\"Copa-Mundial-2010-Sudafrica-Futbol-Resultados-Prediccion\" width=\"22\" height=\"25\" \/> <a title=\"Campeonato Mundial 2010\" href=\"http:\/\/dataminingsoccer.com\/es\/copa-mundial-y-euro\/campeonato-mundial-2010\/\">[F\u00fatbol Copa del Mundo 2010 en Sud\u00e1frica]<\/a><\/p>\n<p>Para las competiciones recientes tambi\u00e9n se puede obtener nuestra previsi\u00f3n inicial y completa para todo el torneo hasta la final, calculada estad\u00edsticamente a\u00fan antes de que comenzara el primer partido.<\/p>\n<p style=\"text-align: justify;\"><img loading=\"lazy\" class=\"alignnone size-full wp-image-1303\" src=\"http:\/\/dataminingsoccer.com\/es\/wp-content\/uploads\/sites\/4\/Campeon-Mundial-Trofeo-Copa.jpg\" alt=\"Campeon-Mundial-Trofeo-Copa\" width=\"23\" height=\"50\" \/> \u00a0\u00a0<img loading=\"lazy\" class=\"alignnone size-full wp-image-1302\" src=\"http:\/\/dataminingsoccer.com\/es\/wp-content\/uploads\/sites\/4\/Campeon-Europa-Trofeo-Copa.jpg\" alt=\"Campeon-Europa-Trofeo-Copa\" width=\"28\" height=\"50\" \/>\u00a0\u00a0\u00a0\u00a0 <img loading=\"lazy\" class=\"alignnone size-full wp-image-2941\" src=\"http:\/\/dataminingsoccer.com\/es\/wp-content\/uploads\/sites\/4\/Copa-America-Copa-m.png\" alt=\"Copa-America-Copa\" width=\"22\" height=\"51\" \/><\/p>\n","protected":false},"excerpt":{"rendered":"<p>Fussball Ergebnis Vorhersagen mittels Data Mining \u00a0\u00a0\u00a0\u00a0\u00a0\u00a0 Para cualquier Copa del Mundo o cualquier Campeonato de Europa de tu elecci\u00f3n vees aqu\u00ed todos los partidos pronosticados por nosotros, as\u00ed como los correspondientes resultados reales. Puedes acceder a esta p\u00e1gina con las predicciones y los resultados reales, ya sea en la barra de men\u00fa de arriba &hellip; <a href=\"http:\/\/dataminingsoccer.com\/es\/copa-mundial-y-euro\/pronosticos\/\" class=\"more-link\">Seguir leyendo <span class=\"screen-reader-text\">Pron\u00f3sticos<\/span> <span class=\"meta-nav\">&rarr;<\/span><\/a><\/p>\n","protected":false},"author":5,"featured_media":0,"parent":28,"menu_order":10,"comment_status":"closed","ping_status":"closed","template":"","meta":[],"yoast_head":"<!-- This site is optimized with the Yoast SEO plugin v14.8 - https:\/\/yoast.com\/wordpress\/plugins\/seo\/ -->\n<meta name=\"description\" content=\"Pr\u00e9diction de r\u00e9sultats de football de la Coupe du Monde &amp; d&#039;Europe bas\u00e9 sur les analyses statistiques utilisant un logiciel data mining.\" \/>\n<meta name=\"robots\" content=\"index, follow\" \/>\n<meta name=\"googlebot\" content=\"index, follow, max-snippet:-1, max-image-preview:large, max-video-preview:-1\" \/>\n<meta name=\"bingbot\" content=\"index, follow, max-snippet:-1, max-image-preview:large, max-video-preview:-1\" \/>\n<link rel=\"canonical\" href=\"http:\/\/dataminingsoccer.com\/es\/copa-mundial-y-euro\/pronosticos\/\" \/>\n<script type=\"application\/ld+json\" class=\"yoast-schema-graph\">{\"@context\":\"https:\/\/schema.org\",\"@graph\":[{\"@type\":\"WebSite\",\"@id\":\"http:\/\/dataminingsoccer.com\/es\/#website\",\"url\":\"http:\/\/dataminingsoccer.com\/es\/\",\"name\":\"Pron\\u00f3sticos de Resultados de F\\u00fatbol\",\"description\":\"basado sobre an\\u00e1lisis estad\\u00edsticos utilizando data mining.. Amamos el f\\u00fatbol! Y nos encantan los juegos con n\\u00fameros!\",\"potentialAction\":[{\"@type\":\"SearchAction\",\"target\":\"http:\/\/dataminingsoccer.com\/es\/?s={search_term_string}\",\"query-input\":\"required name=search_term_string\"}],\"inLanguage\":\"es\"},{\"@type\":\"ImageObject\",\"@id\":\"http:\/\/dataminingsoccer.com\/es\/copa-mundial-y-euro\/pronosticos\/#primaryimage\",\"inLanguage\":\"es\",\"url\":\"http:\/\/dataminingsoccer.com\/es\/wp-content\/uploads\/sites\/4\/Campeon-Mundial-Trofeo-Copa.jpg\",\"width\":23,\"height\":50,\"caption\":\"Campeon-Mundial-Trofeo-Copa\"},{\"@type\":\"WebPage\",\"@id\":\"http:\/\/dataminingsoccer.com\/es\/copa-mundial-y-euro\/pronosticos\/#webpage\",\"url\":\"http:\/\/dataminingsoccer.com\/es\/copa-mundial-y-euro\/pronosticos\/\",\"name\":\"Pron\\u00f3sticos - Pron\\u00f3sticos de Resultados de F\\u00fatbol\",\"isPartOf\":{\"@id\":\"http:\/\/dataminingsoccer.com\/es\/#website\"},\"primaryImageOfPage\":{\"@id\":\"http:\/\/dataminingsoccer.com\/es\/copa-mundial-y-euro\/pronosticos\/#primaryimage\"},\"datePublished\":\"2014-09-02T20:43:19+00:00\",\"dateModified\":\"2016-06-05T21:58:00+00:00\",\"description\":\"Pr\\u00e9diction de r\\u00e9sultats de football de la Coupe du Monde & d'Europe bas\\u00e9 sur les analyses statistiques utilisant un logiciel data mining.\",\"inLanguage\":\"es\",\"potentialAction\":[{\"@type\":\"ReadAction\",\"target\":[\"http:\/\/dataminingsoccer.com\/es\/copa-mundial-y-euro\/pronosticos\/\"]}]}]}<\/script>\n<!-- \/ Yoast SEO plugin. -->","_links":{"self":[{"href":"http:\/\/dataminingsoccer.com\/es\/wp-json\/wp\/v2\/pages\/2426"}],"collection":[{"href":"http:\/\/dataminingsoccer.com\/es\/wp-json\/wp\/v2\/pages"}],"about":[{"href":"http:\/\/dataminingsoccer.com\/es\/wp-json\/wp\/v2\/types\/page"}],"author":[{"embeddable":true,"href":"http:\/\/dataminingsoccer.com\/es\/wp-json\/wp\/v2\/users\/5"}],"replies":[{"embeddable":true,"href":"http:\/\/dataminingsoccer.com\/es\/wp-json\/wp\/v2\/comments?post=2426"}],"version-history":[{"count":6,"href":"http:\/\/dataminingsoccer.com\/es\/wp-json\/wp\/v2\/pages\/2426\/revisions"}],"predecessor-version":[{"id":2943,"href":"http:\/\/dataminingsoccer.com\/es\/wp-json\/wp\/v2\/pages\/2426\/revisions\/2943"}],"up":[{"embeddable":true,"href":"http:\/\/dataminingsoccer.com\/es\/wp-json\/wp\/v2\/pages\/28"}],"wp:attachment":[{"href":"http:\/\/dataminingsoccer.com\/es\/wp-json\/wp\/v2\/media?parent=2426"}],"curies":[{"name":"wp","href":"https:\/\/api.w.org\/{rel}","templated":true}]}}