{"id":1888,"date":"2014-08-11T20:52:14","date_gmt":"2014-08-11T18:52:14","guid":{"rendered":"http:\/\/dataminingsoccer.com\/es\/?page_id=1888"},"modified":"2015-06-24T05:42:32","modified_gmt":"2015-06-24T03:42:32","slug":"estadistica-por-equipo","status":"publish","type":"page","link":"http:\/\/dataminingsoccer.com\/es\/francia\/estadistica-por-equipo\/","title":{"rendered":"Estad\u00edstica por Equipo"},"content":{"rendered":"<h2>Resultados de F\u00fatbol: Pron\u00f3sticos utilizando Data Mining<\/h2><p><img loading=\"lazy\" class=\"alignnone size-full wp-image-181\" src=\"http:\/\/dataminingsoccer.com\/es\/wp-content\/uploads\/sites\/4\/Ligue-1-Futbol-Resultados-Prediccion-m.png\" alt=\"Ligue-1-Futbol-Resultados-Prediccion\" width=\"35\" height=\"50\" \/>\u00a0\u00a0\u00a0\u00a0 <img loading=\"lazy\" class=\"alignnone size-full wp-image-1824\" src=\"http:\/\/dataminingsoccer.com\/es\/wp-content\/uploads\/sites\/4\/Coupe-de-France.png\" alt=\"Coupe-de-France\" width=\"51\" height=\"50\" \/><\/p>\n<p style=\"text-align: justify;\">Francia: Para una competici\u00f3n y una temporada de tu elecci\u00f3n puedes encontrar aqu\u00ed una visi\u00f3n general de diversas estad\u00edsticas por equipo, empezando por la primera jornada hasta la jornada actual (o la \u00faltima).<\/p>\n<p style=\"text-align: justify;\">Puedes acceder a esta p\u00e1gina con\u00a0estad\u00edsticas para todos los equipos bien en la barra de men\u00fa arriba a trav\u00e9s de <strong>&gt; Francia &gt;\u00a0<strong>estad\u00edsticas por equipo<\/strong> &gt; competici\u00f3n y temporada<\/strong> de tu elecci\u00f3n, o a trav\u00e9s del men\u00fa desplegable \u2018<strong>estad\u00edstica por equipo para\u2026<\/strong>\u2018 a la derecha, o bien haciendo simplemente clic en un de los siguientes enlaces:<\/p>\n<p style=\"text-align: justify;\"><img loading=\"lazy\" class=\"alignnone size-full wp-image-182\" src=\"http:\/\/dataminingsoccer.com\/es\/wp-content\/uploads\/sites\/4\/Ligue-1-Futbol-Resultados-Prediccion-s.png\" alt=\"Ligue-1-Futbol-Resultados-Prediccion\" width=\"25\" height=\"25\" \/> <a title=\"Ligue 1 2014\/15\" href=\"http:\/\/dataminingsoccer.com\/es\/francia\/estadistica-por-equipo\/ligue-1-2015-2016\/\">[Ligue 1 2015\/16]<br \/>\n<\/a><img loading=\"lazy\" class=\"alignnone size-full wp-image-182\" src=\"http:\/\/dataminingsoccer.com\/es\/wp-content\/uploads\/sites\/4\/Ligue-1-Futbol-Resultados-Prediccion-s.png\" alt=\"Ligue-1-Futbol-Resultados-Prediccion\" width=\"25\" height=\"25\" \/> <a title=\"Ligue 1 2014\/15\" href=\"http:\/\/dataminingsoccer.com\/es\/francia\/estadistica-por-equipo\/ligue-1-2014-2015\/\">[Ligue 1 2014\/15]<\/a><a title=\"Ligue 1 2014\/15\" href=\"http:\/\/dataminingsoccer.com\/es\/francia\/estadistica-por-equipo\/ligue-1-2014-2015\/\"><br \/>\n<\/a><\/p>\n<p style=\"text-align: justify;\">Para cada\u00a0competici\u00f3n y cada temporada en Francia hemos calculado las siguientes estad\u00edsticas por equipo para vosotros:<\/p>\n<ul>\n<li>clasificaci\u00f3n: en casa, fuera, totales (posici\u00f3n, puntos, goles, victorias, empates, derrotas)<\/li>\n<li>promedio de puntos y goles por partido<\/li>\n<li>series para el resultado del partido: victorias, partidos sin derrota, empates, derrotas<\/li>\n<li>series con respecto a goles marcados y recibidos<\/li>\n<li>resumen de puntos y goles en los \u00faltimos 3, 5 y 7 partidos (en casa, fuera, total)<\/li>\n<\/ul>\n<p><img loading=\"lazy\" class=\"alignnone size-full wp-image-181\" src=\"http:\/\/dataminingsoccer.com\/es\/wp-content\/uploads\/sites\/4\/Ligue-1-Futbol-Resultados-Prediccion-m.png\" alt=\"Ligue-1-Futbol-Resultados-Prediccion\" width=\"35\" height=\"50\" \/>\u00a0\u00a0\u00a0\u00a0 <img loading=\"lazy\" class=\"alignnone size-full wp-image-1824\" src=\"http:\/\/dataminingsoccer.com\/es\/wp-content\/uploads\/sites\/4\/Coupe-de-France.png\" alt=\"Coupe-de-France\" width=\"51\" height=\"50\" \/><\/p>\n","protected":false},"excerpt":{"rendered":"<p>Resultados de F\u00fatbol: Pron\u00f3sticos utilizando Data Mining\u00a0\u00a0\u00a0\u00a0 Francia: Para una competici\u00f3n y una temporada de tu elecci\u00f3n puedes encontrar aqu\u00ed una visi\u00f3n general de diversas estad\u00edsticas por equipo, empezando por la primera jornada hasta la jornada actual (o la \u00faltima). Puedes acceder a esta p\u00e1gina con\u00a0estad\u00edsticas para todos los equipos bien en la barra de &hellip; <a href=\"http:\/\/dataminingsoccer.com\/es\/francia\/estadistica-por-equipo\/\" class=\"more-link\">Seguir leyendo <span class=\"screen-reader-text\">Estad\u00edstica por Equipo<\/span> <span class=\"meta-nav\">&rarr;<\/span><\/a><\/p>\n","protected":false},"author":5,"featured_media":0,"parent":24,"menu_order":20,"comment_status":"closed","ping_status":"closed","template":"","meta":[],"yoast_head":"<!-- This site is optimized with the Yoast SEO plugin v14.8 - https:\/\/yoast.com\/wordpress\/plugins\/seo\/ -->\n<meta name=\"description\" content=\"Pron\u00f3sticos resultados f\u00fatbol para los campeonatos en Francia: estad\u00edstica por equipo\" \/>\n<meta name=\"robots\" content=\"index, follow\" \/>\n<meta name=\"googlebot\" content=\"index, follow, max-snippet:-1, max-image-preview:large, max-video-preview:-1\" \/>\n<meta name=\"bingbot\" content=\"index, follow, max-snippet:-1, max-image-preview:large, max-video-preview:-1\" \/>\n<link rel=\"canonical\" href=\"http:\/\/dataminingsoccer.com\/es\/francia\/estadistica-por-equipo\/\" \/>\n<script type=\"application\/ld+json\" class=\"yoast-schema-graph\">{\"@context\":\"https:\/\/schema.org\",\"@graph\":[{\"@type\":\"WebSite\",\"@id\":\"http:\/\/dataminingsoccer.com\/es\/#website\",\"url\":\"http:\/\/dataminingsoccer.com\/es\/\",\"name\":\"Pron\\u00f3sticos de Resultados de F\\u00fatbol\",\"description\":\"basado sobre an\\u00e1lisis estad\\u00edsticos utilizando data mining.. Amamos el f\\u00fatbol! Y nos encantan los juegos con n\\u00fameros!\",\"potentialAction\":[{\"@type\":\"SearchAction\",\"target\":\"http:\/\/dataminingsoccer.com\/es\/?s={search_term_string}\",\"query-input\":\"required name=search_term_string\"}],\"inLanguage\":\"es\"},{\"@type\":\"ImageObject\",\"@id\":\"http:\/\/dataminingsoccer.com\/es\/francia\/estadistica-por-equipo\/#primaryimage\",\"inLanguage\":\"es\",\"url\":\"http:\/\/dataminingsoccer.com\/es\/wp-content\/uploads\/sites\/4\/Ligue-1-Futbol-Resultados-Prediccion-m.png\",\"width\":35,\"height\":50,\"caption\":\"Ligue-1-Futbol-Resultados-Prediccion\"},{\"@type\":\"WebPage\",\"@id\":\"http:\/\/dataminingsoccer.com\/es\/francia\/estadistica-por-equipo\/#webpage\",\"url\":\"http:\/\/dataminingsoccer.com\/es\/francia\/estadistica-por-equipo\/\",\"name\":\"Estad\\u00edstica por Equipo - Pron\\u00f3sticos de Resultados de F\\u00fatbol\",\"isPartOf\":{\"@id\":\"http:\/\/dataminingsoccer.com\/es\/#website\"},\"primaryImageOfPage\":{\"@id\":\"http:\/\/dataminingsoccer.com\/es\/francia\/estadistica-por-equipo\/#primaryimage\"},\"datePublished\":\"2014-08-11T18:52:14+00:00\",\"dateModified\":\"2015-06-24T03:42:32+00:00\",\"description\":\"Pron\\u00f3sticos resultados f\\u00fatbol para los campeonatos en Francia: estad\\u00edstica por equipo\",\"inLanguage\":\"es\",\"potentialAction\":[{\"@type\":\"ReadAction\",\"target\":[\"http:\/\/dataminingsoccer.com\/es\/francia\/estadistica-por-equipo\/\"]}]}]}<\/script>\n<!-- \/ Yoast SEO plugin. -->","_links":{"self":[{"href":"http:\/\/dataminingsoccer.com\/es\/wp-json\/wp\/v2\/pages\/1888"}],"collection":[{"href":"http:\/\/dataminingsoccer.com\/es\/wp-json\/wp\/v2\/pages"}],"about":[{"href":"http:\/\/dataminingsoccer.com\/es\/wp-json\/wp\/v2\/types\/page"}],"author":[{"embeddable":true,"href":"http:\/\/dataminingsoccer.com\/es\/wp-json\/wp\/v2\/users\/5"}],"replies":[{"embeddable":true,"href":"http:\/\/dataminingsoccer.com\/es\/wp-json\/wp\/v2\/comments?post=1888"}],"version-history":[{"count":7,"href":"http:\/\/dataminingsoccer.com\/es\/wp-json\/wp\/v2\/pages\/1888\/revisions"}],"predecessor-version":[{"id":2785,"href":"http:\/\/dataminingsoccer.com\/es\/wp-json\/wp\/v2\/pages\/1888\/revisions\/2785"}],"up":[{"embeddable":true,"href":"http:\/\/dataminingsoccer.com\/es\/wp-json\/wp\/v2\/pages\/24"}],"wp:attachment":[{"href":"http:\/\/dataminingsoccer.com\/es\/wp-json\/wp\/v2\/media?parent=1888"}],"curies":[{"name":"wp","href":"https:\/\/api.w.org\/{rel}","templated":true}]}}