{"id":1683,"date":"2014-08-01T10:10:35","date_gmt":"2014-08-01T08:10:35","guid":{"rendered":"http:\/\/dataminingsoccer.com\/es\/?page_id=1683"},"modified":"2016-05-10T03:00:32","modified_gmt":"2016-05-10T01:00:32","slug":"dfb-pokal-2014-2015","status":"publish","type":"page","link":"http:\/\/dataminingsoccer.com\/es\/alemania\/pronosticos-1-bundesliga\/dfb-pokal-2014-2015\/","title":{"rendered":"DFB Pokal 2014\/15"},"content":{"rendered":"<h2>Resultados de F\u00fatbol: Pron\u00f3sticos utilizando Data Mining<\/h2><p>Software de miner\u00eda de datos utilizado: <a title=\"Data.Mining.Fox\" href=\"http:\/\/www.easydatamining.com\" target=\"_blank\">[Data.Mining.Fox\u00ae (DMF) de Easy.Data.Mining\u2122]<\/a><br \/>\nCuidado por favor en cuanto a nuestra <a title=\"Sin Garant\u00eda\" href=\"http:\/\/dataminingsoccer.com\/es\/informacion\/sin-garantia\/\">[renuncia de responsabilidad]<\/a> por las siguientes predicciones.<\/p>\n<p><img loading=\"lazy\" class=\"alignnone size-full wp-image-1674\" src=\"http:\/\/dataminingsoccer.com\/es\/wp-content\/uploads\/sites\/4\/dfb-pokal.png\" alt=\"dfb-pokal\" width=\"50\" height=\"50\" \/>\u00a0\u00a0\u00a0\u00a0 \u00a0\u00a0\u00a0\u00a0 \u00a0\u00a0\u00a0\u00a0  \u00a0 \u00a0  \u00a0 \u00a0  \u00a0 \u00a0  \u00a0 \u00a0 <\/p>\n<p style=\"text-align: justify;\"><strong>Final<\/strong>, Copa de Alemania &#8216;DFB Pokal&#8217; 2014-2015: pron\u00f3sticos\u00a0\u00a0 &gt;&gt;&gt;\u00a0\u00a0 resultados reales:<\/p>\n<p style=\"text-align: justify;\">Las cifras entre par\u00e9ntesis indican las ligas de los equipos. El n\u00famero de estrellas * es nuesto indicador DMSU\u2122 (indicador Data.Mining.Soccer-Underdog) de la probabilidad estad\u00edstica de que el equipo de la liga inferior gana.<\/p>\n<p style=\"text-align: justify;\">2015-05-30: \u00a0 Borussia Dortmund\u00a0(1.) \u2013 VfL Wolfburg\u00a0(1.) \u00a0 2-1 t.p. \u00a0 @\u00a0\u00a0 &gt;&gt;&gt; \u00a0 1-3<\/p>\n<p style=\"text-align: justify;\"><strong>Cuota de tendencia <\/strong>final: 0 de 1 \/ <strong>0%<\/strong> (\u00abpor casualidad\u00bb ser\u00eda \u00f8 50%)<br \/>\n<strong>Cuota correcta<\/strong> desde la eliminatoria 1: 47 de 63 \/ <strong>75%<\/strong> (\u00abpor casualidad\u00bb ser\u00eda \u00f8 50%)<\/p>\n<p><img loading=\"lazy\" class=\"alignnone size-full wp-image-1674\" src=\"http:\/\/dataminingsoccer.com\/es\/wp-content\/uploads\/sites\/4\/dfb-pokal.png\" alt=\"dfb-pokal\" width=\"50\" height=\"50\" \/>\u00a0\u00a0\u00a0\u00a0 \u00a0\u00a0\u00a0\u00a0 \u00a0\u00a0\u00a0\u00a0  \u00a0 \u00a0  \u00a0 \u00a0  \u00a0 \u00a0  \u00a0 \u00a0 <\/p>\n<p style=\"text-align: justify;\"><strong>Semifinales<\/strong>, Copa de Alemania &#8216;DFB Pokal&#8217; 2014-2015: pron\u00f3sticos\u00a0\u00a0 &gt;&gt;&gt;\u00a0\u00a0 resultados reales:<\/p>\n<p style=\"text-align: justify;\">2015-04-28: \u00a0 Bayern M\u00fcnchen (1.) &#8211; Borussia Dortmund (1.) \u00a0 2-1 \u00a0 @\u00a0\u00a0 &gt;&gt;&gt; \u00a0 1-3 d.p.<br \/>\n2015-04-29: \u00a0\u00a0<strong>Arminia Bielefeld (3) &#8211; VfL Wolfsburg (1.)<\/strong> \u00a0 0-2 \u00a0 @* \u00a0 &gt;&gt;&gt; \u00a0 0-4<\/p>\n<p style=\"text-align: justify;\"><strong>Cuota de tendencia semifinales<\/strong>: 1 de 2 \/ <strong>50%<\/strong> (\u00abpor casualidad\u00bb ser\u00eda \u00f8 50%)<br \/>\n<strong>Cuota correcta<\/strong> desde la eliminatoria 1: 47 de 62 \/ <strong>76%<\/strong> (\u00abpor casualidad\u00bb ser\u00eda \u00f8 50%)<\/p>\n<p><img loading=\"lazy\" class=\"alignnone size-full wp-image-1674\" src=\"http:\/\/dataminingsoccer.com\/es\/wp-content\/uploads\/sites\/4\/dfb-pokal.png\" alt=\"dfb-pokal\" width=\"50\" height=\"50\" \/>\u00a0\u00a0\u00a0\u00a0 \u00a0\u00a0\u00a0\u00a0 \u00a0\u00a0\u00a0\u00a0  \u00a0 \u00a0  \u00a0 \u00a0  \u00a0 \u00a0  \u00a0 \u00a0 <\/p>\n<p style=\"text-align: justify;\"><strong>Cuartos de final<\/strong>, Copa de Alemania &#8216;DFB Pokal&#8217; 2014-2015: pron\u00f3sticos\u00a0\u00a0 &gt;&gt;&gt;\u00a0\u00a0 resultados reales:<\/p>\n<p style=\"text-align: justify;\">2015-04-07:\u00a0\u00a0 <strong>VfL Wolfsburg (1.) &#8211; SC Freiburg (1.)<\/strong>\u00a0\u00a0 2-0 \u00a0 @\u00a0\u00a0 &gt;&gt;&gt;\u00a0\u00a0 1-0<br \/>\n2015-04-07:\u00a0\u00a0 <strong>Borussia Dortmund (1.) &#8211; TSG Hoffenheim (1.)<\/strong>\u00a0\u00a0 2-1 \u00a0 @\u00a0\u00a0 &gt;&gt;&gt;\u00a0\u00a0 3-2 t.p.<br \/>\n2015-04-08:\u00a0\u00a0 Arminia Bielefeld (3.) &#8211; Bor. M\u00f6nchengladbach (1.)\u00a0\u00a0 0-2 \u00a0 @* \u00a0 &gt;&gt;&gt;\u00a0\u00a0 5-4 d.p.<br \/>\n2015-04-08:\u00a0\u00a0 <strong>Bayer 04 Leverkusen (1.) &#8211; Bayern M\u00fcnchen (1.)<\/strong>\u00a0\u00a0 1-2 \u00a0 @\u00a0\u00a0 &gt;&gt;&gt;\u00a0\u00a0 3-5 d.p.<\/p>\n<p style=\"text-align: justify;\"><strong>Cuota de tendencia cuartos de final<\/strong>: 3 de 4 \/ <strong>75%<\/strong> (\u00abpor casualidad\u00bb ser\u00eda \u00f8 50%)<br \/>\n<strong>Cuota correcta<\/strong> desde la eliminatoria 1: 46 de 60 \/ <strong>77%<\/strong> (\u00abpor casualidad\u00bb ser\u00eda \u00f8 50%)<\/p>\n<p><img loading=\"lazy\" class=\"alignnone size-full wp-image-1674\" src=\"http:\/\/dataminingsoccer.com\/es\/wp-content\/uploads\/sites\/4\/dfb-pokal.png\" alt=\"dfb-pokal\" width=\"50\" height=\"50\" \/>\u00a0\u00a0\u00a0\u00a0 \u00a0\u00a0\u00a0\u00a0 \u00a0\u00a0\u00a0\u00a0  \u00a0 \u00a0  \u00a0 \u00a0  \u00a0 \u00a0  \u00a0 \u00a0 <\/p>\n<p style=\"text-align: justify;\"><strong>Octavos de final<\/strong>, Copa de Alemania &#8216;DFB Pokal&#8217; 2014-2015: pron\u00f3sticos\u00a0\u00a0 &gt;&gt;&gt;\u00a0\u00a0 resultados reales:<\/p>\n<p style=\"text-align: justify;\">2015-03-03:\u00a0\u00a0 <strong>Bayer 04 Leverkusen (1.) \u2013 1.FC Kaiserslautern (2.)<\/strong> \u00a0 2-1 \u00a0 @* \u00a0 &gt;&gt;&gt;\u00a0\u00a0 2-0 t.p.<br \/>\n2015-03-03:\u00a0\u00a0\u00a0<strong>VfR Aalen (2.) \u2013 TSG Hoffenheim (1.) \u00a0 0-2 \u00a0 @* \u00a0 &gt;&gt;&gt;\u00a0\u00a0 0-2<\/strong><br \/>\n2015-03-03:\u00a0\u00a0 <strong>SC Freiburg (1.) \u2013 1.FC K\u00f6ln (1.)<\/strong> \u00a0 2-1 t.p. \u00a0 @\u00a0\u00a0 &gt;&gt;&gt;\u00a0\u00a0 2-1<br \/>\n2015-03-03:\u00a0\u00a0 <strong>Dynamo Dresden (3.) \u2013 Borussia Dortmund (1.) \u00a0 0-2 \u00a0 @\u00a0\u00a0 &gt;&gt;&gt;\u00a0\u00a0 0-2<\/strong><br \/>\n2015-03-04:\u00a0\u00a0 <strong>RB Leipzig (2.) \u2013 VfL Wolfsburg (1.)<\/strong> \u00a0 1-3 \u00a0 @\u00a0\u00a0 &gt;&gt;&gt;\u00a0\u00a0 0-2<br \/>\n2015-03-04:\u00a0\u00a0 Arminia Bielefeld (3.) \u2013 Werder Bremen (1.) \u00a0 1-2\u00a0t.p. \u00a0 @** \u00a0 &gt;&gt;&gt;\u00a0\u00a0 3-1<br \/>\n2015-03-04:\u00a0\u00a0 <strong>Kickers Offenbach (4.) \u2013 Bor. M\u00f6nchengladbach (1.)<\/strong> \u00a0 0-3 \u00a0 @\u00a0\u00a0 &gt;&gt;&gt;\u00a0\u00a0 0-2<br \/>\n2015-03-04:\u00a0\u00a0 <strong>Bayern M\u00fcnchen (1.) \u2013 Eintracht Braunschweig (2.) \u00a0 2-0 \u00a0 @\u00a0\u00a0 &gt;&gt;&gt;\u00a0\u00a0 2-0<\/strong><\/p>\n<p style=\"text-align: justify;\"><strong>Cuota de tendencia octavos de final<\/strong>: 7 de 8 \/ <strong>88%<\/strong> (\u00abpor casualidad\u00bb ser\u00eda \u00f8 50%)<br \/>\n<strong>Cuota correcta<\/strong> desde la eliminatoria 1: 43 de 56 \/ <strong>77%<\/strong> (\u00abpor casualidad\u00bb ser\u00eda \u00f8 50%)<\/p>\n<p><img loading=\"lazy\" class=\"alignnone size-full wp-image-1674\" src=\"http:\/\/dataminingsoccer.com\/es\/wp-content\/uploads\/sites\/4\/dfb-pokal.png\" alt=\"dfb-pokal\" width=\"50\" height=\"50\" \/>\u00a0\u00a0\u00a0\u00a0 \u00a0\u00a0\u00a0\u00a0 \u00a0\u00a0\u00a0\u00a0  \u00a0 \u00a0  \u00a0 \u00a0  \u00a0 \u00a0  \u00a0 \u00a0 <\/p>\n<p style=\"text-align: justify;\"><strong>Jornada 2<\/strong>, Copa de Alemania &#8216;DFB Pokal&#8217; 2014-2015: pron\u00f3sticos\u00a0\u00a0 &gt;&gt;&gt;\u00a0\u00a0 resultados reales:<\/p>\n<p style=\"text-align: justify;\">2014-10-28:\u00a0\u00a0 <strong>Chemnitzer FC (3.) \u2013 Werder Bremen (1.)<\/strong> \u00a0 1-2\u00a0t.p. \u00a0 @ ** \u00a0 &gt;&gt;&gt; \u00a0 0-2<br \/>\n2014-10-28:\u00a0\u00a0 Arminia Bielefeld (3.) \u2013 Hertha BSC (1.) \u00a0 1-2 \u00a0 @ * \u00a0 &gt;&gt;&gt; \u00a0 4-2 d.p.<br \/>\n2014-10-28:\u00a0\u00a0 Kickers Offenbach (4.) \u2013 Karlsruher SC (2.) \u00a0 0-1\u00a0t.p. \u00a0 @ ** \u00a0 &gt;&gt;&gt; \u00a0 1-0<br \/>\n2014-10-28:\u00a0\u00a0 VfR Aalen (2.) \u2013 Hannover 96 (1.) \u00a0 0-2\u00a0\u00a0 @ * \u00a0 &gt;&gt;&gt;\u00a0\u00a0 2-0<br \/>\n2014-10-28:\u00a0\u00a0 Dynamo Dresden (3.) \u2013 VfL Bochum (2.) \u00a0 1-2 \u00a0 @ * \u00a0 &gt;&gt;&gt; \u00a0 2-1 t.p.<br \/>\n2014-10-28:\u00a0\u00a0 <strong>MSV Duisburg (3.) \u2013 1. FC Koeln (1.)<\/strong> \u00a0 1-2 \u00a0 @ * \u00a0 &gt;&gt;&gt; \u00a0 1-4 d.p.<br \/>\n2014-10-28:\u00a0\u00a0 <strong>1. FC Kaiserslautern (2.) \u2013 SpVgg Greuther Fuerth (2.)<\/strong>\u00a0\u00a0 2-1 \u00a0 @\u00a0\u00a0 &gt;&gt;&gt;\u00a0\u00a0 2-0<br \/>\n2014-10-28:\u00a0\u00a0 <strong>FC St. Pauli (2.) \u2013 Borussia Dortmund (1.)<\/strong>\u00a0 1-3 \u00a0 @\u00a0\u00a0 &gt;&gt;&gt; \u00a0 0-3<br \/>\n2014-10-29:\u00a0\u00a0 <strong>1. FC Magdeburg (4.) \u2013 Bayer 04 Leverkusen (1.)<\/strong> \u00a0 0-3 \u00a0 @\u00a0\u00a0 &gt;&gt;&gt;\u00a0\u00a0 4-5 d.p.<br \/>\n2014-10-29:\u00a0\u00a0 <strong>Wuerzburger Kickers (4.) \u2013 Eintracht Braunschweig (2.)<\/strong> \u00a0 1-2 \u00a0 @ * \u00a0 &gt;&gt;&gt; \u00a0 0-1<br \/>\n2014-10-29:\u00a0\u00a0 <strong>1860 Muenchen (2.) \u2013 SC Freiburg (1.)<\/strong> \u00a0 0-2 \u00a0 @ * \u00a0 &gt;&gt;&gt; \u00a0 2-5<br \/>\n2014-10-29:\u00a0\u00a0 <strong>RasenBallsport Leipzig (2.) \u2013 Erzgebirge Aue (2.)<\/strong>\u00a0\u00a0 2-1 \u00a0 @\u00a0\u00a0 &gt;&gt;&gt;\u00a0\u00a0 3-1 t.p.<br \/>\n2014-10-29:\u00a0\u00a0 <strong>Hamburger SV (1.) \u2013 Bayern Muenchen (1.)<\/strong> \u00a0 0-2 \u00a0 @\u00a0\u00a0 &gt;&gt;&gt; \u00a0 1-3<br \/>\n2014-10-29:\u00a0\u00a0 <strong>TSG Hoffenheim (1.) \u2013 FSV Frankfurt (2.)<\/strong> \u00a0 3-1 \u00a0 @\u00a0\u00a0 &gt;&gt;&gt; \u00a0 5-1<br \/>\n2014-10-29:\u00a0\u00a0 <strong>VfL Wolfsburg (1.) \u2013 1. FC Heidenheim (2.)<\/strong> \u00a0 2-0 \u00a0 @\u00a0\u00a0 &gt;&gt;&gt; \u00a0 4-1<br \/>\n2014-10-29:\u00a0\u00a0 <strong>Eintracht Frankfurt (1.) \u2013 Bor. Moenchengladbach (1.)<\/strong> \u00a0 1-2\u00a0t.p.\u00a0 @\u00a0\u00a0 &gt;&gt;&gt; \u00a0 1-2<\/p>\n<p style=\"text-align: justify;\"><strong>Cuota de tendencia eliminatoria 2<\/strong>: 12 de 16 \/ <strong>75%<\/strong> (\u00abpor casualidad\u00bb ser\u00eda \u00f8 50%)<br \/>\n<strong>Cuota correcta<\/strong> desde la eliminatoria 1: 36 de 48 \/ <strong>75%<\/strong> (\u00abpor casualidad\u00bb ser\u00eda \u00f8 50%)<\/p>\n<p><img loading=\"lazy\" class=\"alignnone size-full wp-image-1674\" src=\"http:\/\/dataminingsoccer.com\/es\/wp-content\/uploads\/sites\/4\/dfb-pokal.png\" alt=\"dfb-pokal\" width=\"50\" height=\"50\" \/>\u00a0\u00a0\u00a0\u00a0 \u00a0\u00a0\u00a0\u00a0 \u00a0\u00a0\u00a0\u00a0  \u00a0 \u00a0  \u00a0 \u00a0  \u00a0 \u00a0  \u00a0 \u00a0 <\/p>\n<p style=\"text-align: justify;\"><strong>Jornada 1<\/strong>, Copa de Alemania &#8216;DFB Pokal&#8217; 2014-2015: pron\u00f3sticos\u00a0\u00a0 &gt;&gt;&gt;\u00a0\u00a0 resultados reales:<\/p>\n<p style=\"text-align: justify;\">2014-08-15:\u00a0\u00a0 Chemnitzer FC (3.) \u2013 Mainz 05 (1.) \u00a0 1-2\u00a0\u00a0 @ **\u00a0\u00a0 &gt;&gt;&gt; \u00a0 10-9 d.p.<br \/>\n2014-08-15:\u00a0\u00a0 <strong>SV Alemannia Waldalgesheim (6.) \u2013 Bayer Leverkusen\u00a0(1.)<\/strong> \u00a0 0-5<span id=\"more-2740\"><\/span>\u00a0\u00a0 @ *\u00a0\u00a0 &gt;&gt;&gt; \u00a0 0-6<br \/>\n2014-08-15:\u00a0\u00a0 MSV Duisburg (3.) \u2013 1. FC Nuernberg (2.)\u00a0\u00a0 1-2\u00a0\u00a0 @ **\u00a0\u00a0 &gt;&gt;&gt; \u00a0 1-0<br \/>\n2014-08-16:\u00a0\u00a0 <strong>FC 08 Homburg (4.) \u2013 Bor. Moenchengladbach\u00a0(1.)<\/strong> \u00a0 1-4\u00a0\u00a0@ * \u00a0 &gt;&gt;&gt;\u00a0\u00a0 1-3<br \/>\n2014-08-16:\u00a0\u00a0 <strong>Optik Rathenow (5.) \u2013 St. Pauli (2.)\u00a0\u00a0 1-3\u00a0\u00a0 @ * \u00a0 &gt;&gt;&gt;\u00a0\u00a0 1-3<\/strong><br \/>\n2014-08-16:\u00a0\u00a0 <strong>Bremer SV (5.) \u2013 Eintracht Braunschweig (2.)<\/strong>\u00a0\u00a0 0-3\u00a0\u00a0 @ * \u00a0 &gt;&gt;&gt;\u00a0\u00a0 0-1<br \/>\n2014-08-16:\u00a0\u00a0 <strong>VfL Bochum (2.) \u2013 VfB Stuttgart\u00a0(1.)<\/strong> \u00a0 2-1 \u00a0 @ *** \u00a0 &gt;&gt;&gt;\u00a0\u00a0 2-0<br \/>\n2014-08-16:\u00a0\u00a0 <strong>Viktoria Koeln (4.) \u2013 Hertha BSC\u00a0(1.)<\/strong> \u00a0 0-3 \u00a0 @ * \u00a0 &gt;&gt;&gt;\u00a0\u00a0 2-4<br \/>\n2014-08-16:\u00a0\u00a0 <strong>Stuttgarter Kickers (3.) \u2013 Borussia Dortmund\u00a0(1.)<\/strong> \u00a0 1-3 \u00a0 @ * \u00a0 &gt;&gt;&gt;\u00a0\u00a0 1-4<br \/>\n2014-08-16:\u00a0\u00a0 <strong>Astoria Walldorf (4.) \u2013 Hannover 96\u00a0(1.)<\/strong> \u00a0 1-4 \u00a0 @ * \u00a0 &gt;&gt;&gt;\u00a0\u00a0 1-3<br \/>\n2014-08-16:\u00a0\u00a0 <strong>FT Braunschweig (4.) \u2013 1. FC Koeln\u00a0(1.)<\/strong> \u00a0 1-3 \u00a0 @ * \u00a0 &gt;&gt;&gt;\u00a0\u00a0 0-4<br \/>\n2014-08-16:\u00a0\u00a0 <strong>SV Waldkirch (6.) \u2013 Greuther Fuerth (2.)\u00a0\u00a0 0-3 \u00a0 @ * \u00a0 &gt;&gt;&gt;\u00a0\u00a0 0-3<\/strong><br \/>\n2014-08-16:\u00a0\u00a0 <strong>Wehen Wiesbaden (3.) \u2013 Kaiserslautern (2.)<\/strong>\u00a0\u00a0 1-2 \u00a0 @ ** \u00a0 &gt;&gt;&gt;\u00a0\u00a0 3-5 d.p.<br \/>\n2014-08-16:\u00a0\u00a0 <strong>Viktoria Berlin (4.) \u2013 Eintracht Frankfurt (1.) \u00a0 0-2 \u00a0 @ * \u00a0 &gt;&gt;&gt;\u00a0\u00a0 0-2<\/strong><br \/>\n2014-08-16:\u00a0\u00a0 <strong>Sportfreunde Siegen (4.) \u2013 FSV Frankfurt (2.)<\/strong>\u00a0\u00a0 1-2 \u00a0 @ ** \u00a0 &gt;&gt;&gt;\u00a0\u00a0 4-5 d.p.<br \/>\n2014-08-17:\u00a0\u00a0 <strong>Schwarz-Weiss Rehden (4.) \u2013 VfR Aalen (2.)<\/strong>\u00a0\u00a0 1-2 \u00a0 @ ** \u00a0 &gt;&gt;&gt;\u00a0\u00a0 3-4 d.p.<br \/>\n2014-08-17:\u00a0\u00a0 <strong>Holstein Kiel (3.) \u2013 1860 Muenchen (2.)<\/strong>\u00a0\u00a0 2-3 \u00a0 @ ** \u00a0 &gt;&gt;&gt;\u00a0\u00a0 1-2<br \/>\n2014-08-17:\u00a0\u00a0 FV Illertissen (4.) \u2013 Werder Bremen\u00a0(1.) \u00a0 1-0\u00a0\u00a0 @ ***\u00a0\u00a0 &gt;&gt;&gt;\u00a0\u00a0 2-3 t.p.<br \/>\n2014-08-17:\u00a0\u00a0 <strong>Carl Zeiss Jena (4.) \u2013 Erzgebirge Aue (2.)<\/strong>\u00a0\u00a0 1-2 \u00a0 @ ** \u00a0 &gt;&gt;&gt;\u00a0\u00a0 0-1<br \/>\n2014-08-17:\u00a0\u00a0 <strong>USC Paloma (5.) \u2013 1899 Hoffenheim\u00a0(1.)<\/strong> \u00a0 1-5 \u00a0 @ * \u00a0 &gt;&gt;&gt;\u00a0\u00a0 0-9<br \/>\n2014-08-17:\u00a0\u00a0 <strong>Eintracht Trier (4.) \u2013 SC Freiburg\u00a0(1.) \u00a0 0-2 \u00a0 @ * \u00a0 &gt;&gt;&gt;\u00a0\u00a0 0-2<\/strong><br \/>\n2014-08-17:\u00a0\u00a0 <strong>Preussen Muenster (3.) \u2013 Bayern Muenchen\u00a0(1.) \u00a0 1-4 \u00a0 @ * \u00a0 &gt;&gt;&gt;\u00a0\u00a0 1-4<\/strong><br \/>\n2014-08-17:\u00a0\u00a0 Wuerzburger Kickers (4.) \u2013 Fortuna Duesseldorf (2.)\u00a0\u00a0 1-2 \u00a0 @ ** \u00a0 &gt;&gt;&gt;\u00a0\u00a0 3-2 t.p.<br \/>\n2014-08-17:\u00a0\u00a0 <strong>1. FC Neubrandenburg 04 (5.) \u2013 Karlsruher SC (2.)<\/strong>\u00a0\u00a0 0-3 \u00a0 @ * \u00a0 &gt;&gt;&gt;\u00a0\u00a0 1-3<br \/>\n2014-08-17:\u00a0\u00a0 Arminia Bielefeld (3.) \u2013 Sandhausen (2.)\u00a0\u00a0 1-2 \u00a0 @ ** \u00a0 &gt;&gt;&gt;\u00a0\u00a0 4-1<br \/>\n2014-08-17:\u00a0\u00a0 1. FC Magdeburg (4.) \u2013 Augsburg (1.)\u00a0\u00a0 1-3 \u00a0 @ * \u00a0 &gt;&gt;&gt;\u00a0\u00a0 1-0<br \/>\n2014-08-17:\u00a0\u00a0 <strong>RB Leipzig (2.) \u2013 Paderborn (1.)\u00a0\u00a0 2-1 \u00a0 @ ***\u00a0\u00a0 &gt;&gt;&gt;\u00a0\u00a0 2-1 t.p.<\/strong><br \/>\n2014-08-17:\u00a0\u00a0 <strong>Darmstadt 98 (2.) \u2013 Wolfsburg (1.)<\/strong>\u00a0\u00a0 1-2 \u00a0 @ ** \u00a0 &gt;&gt;&gt;\u00a0\u00a0 4-5 d.p.<br \/>\n2014-08-18:\u00a0\u00a0 <strong>Heidenheim (2.) \u2013 Union Berlin (2.)\u00a0\u00a0 2-1 \u00a0 &gt;&gt;&gt;\u00a0\u00a0 2-1<\/strong><br \/>\n2014-08-18:\u00a0\u00a0 Kickers Offenbach (4.) \u2013 Ingolstadt (2.) \u00a0 1-2 \u00a0 @ ** \u00a0 &gt;&gt;&gt;\u00a0\u00a0 4-2 d.p.<br \/>\n2014-08-18:\u00a0\u00a0 <strong>Energie Cottbus (3.) \u2013 Hamburger SV (1.)<\/strong>\u00a0\u00a0 2-3 \u00a0 @ ** \u00a0 &gt;&gt;&gt;\u00a0\u00a0 3-6 d.p.<br \/>\n2014-08-18:\u00a0\u00a0 Dynamo Dresden (3.) \u2013 Schalke 04 (1.)\u00a0\u00a0 1-2 \u00a0 @ ** \u00a0 &gt;&gt;&gt;\u00a0\u00a0 2-1<\/p>\n<p><strong>Cuota de tendencia <strong>eliminatoria 1<\/strong><\/strong>: 24 de 32 \/ <strong>75%<\/strong> (\u00abpor casualidad\u00bb ser\u00eda \u00f8 50%)<br \/>\n<strong>Cuota correcta<\/strong> desde la eliminatoria 1: 24 de 32 \/ <strong>75%<\/strong> (\u00abpor casualidad\u00bb ser\u00eda \u00f8 50%)<\/p>\n<p>Software de miner\u00eda de datos utilizado: <a title=\"Data.Mining.Fox\" href=\"http:\/\/www.easydatamining.com\" target=\"_blank\">[Data.Mining.Fox\u00ae (DMF) de Easy.Data.Mining\u2122]<\/a><\/p>\n<p><img loading=\"lazy\" class=\"alignnone size-full wp-image-1674\" src=\"http:\/\/dataminingsoccer.com\/es\/wp-content\/uploads\/sites\/4\/dfb-pokal.png\" alt=\"dfb-pokal\" width=\"50\" height=\"50\" \/>\u00a0\u00a0\u00a0\u00a0 \u00a0\u00a0\u00a0\u00a0 \u00a0\u00a0\u00a0\u00a0  \u00a0 \u00a0  \u00a0 \u00a0  \u00a0 \u00a0  \u00a0 \u00a0 <\/p>\n<p><a title=\"DFB Pokal 2014\/15\" href=\"http:\/\/dataminingsoccer.com\/es\/alemania\/pronosticos-copa-dfb-pokal\/dfb-pokal-2014-2015\/\"><img loading=\"lazy\" class=\"alignnone size-full wp-image-870\" src=\"http:\/\/dataminingsoccer.com\/es\/wp-content\/uploads\/sites\/4\/Data-Mining-Soccer-encima-pagina-m.png\" alt=\"Data-Mining-Soccer-encima-pagina\" width=\"50\" height=\"50\" \/><\/a>\u00a0\u00a0\u00a0\u00a0 <a href=\"http:\/\/dataminingsoccer.com\/es\/\"><img loading=\"lazy\" class=\"alignnone size-full wp-image-872\" src=\"http:\/\/dataminingsoccer.com\/es\/wp-content\/uploads\/sites\/4\/Data-Mining-Soccer-futbol-resultado-pronostico-m.png\" alt=\"Data-Mining-Soccer-futbol-resultado-pronostico\" width=\"50\" height=\"50\" \/><\/a>\u00a0\u00a0\u00a0\u00a0 <a title=\"DataMiningSoccer (espa\u00f1ol) @Twitter\" href=\"http:\/\/twitter.com\/DataMinSoccerES\" target=\"_blank\"><img loading=\"lazy\" class=\"alignnone size-full wp-image-1245\" src=\"http:\/\/dataminingsoccer.com\/es\/wp-content\/uploads\/sites\/4\/Twitter-Data-Mining-Soccer.png\" alt=\"Twitter-Data-Mining-Soccer\" width=\"50\" height=\"50\" \/><\/a>\u00a0\u00a0\u00a0\u00a0 <a title=\"DataMiningSoccer (ingl\u00e9s) @Facebook\" href=\"http:\/\/www.facebook.com\/dataminingsoccer\" target=\"_blank\"><img loading=\"lazy\" class=\"alignnone size-full wp-image-1241\" src=\"http:\/\/dataminingsoccer.com\/es\/wp-content\/uploads\/sites\/4\/Facebook-Data-Mining-Soccer.png\" alt=\"Facebook-Data-Mining-Soccer\" width=\"50\" height=\"50\" \/><\/a>\u00a0\u00a0\u00a0\u00a0 <a title=\"DataMiningSoccer @YouTube\" href=\"http:\/\/www.youtube.com\/channel\/UCxGBQc_ziGx_Ylgc0k94QWg\" target=\"_blank\"><img loading=\"lazy\" class=\"alignnone size-full wp-image-1247\" src=\"http:\/\/dataminingsoccer.com\/es\/wp-content\/uploads\/sites\/4\/YouTube-Data-Mining-Soccer.png\" alt=\"YouTube-Data-Mining-Soccer\" width=\"50\" height=\"50\" \/><\/a><\/p>\n","protected":false},"excerpt":{"rendered":"<p>Resultados de F\u00fatbol: Pron\u00f3sticos utilizando Data MiningSoftware de miner\u00eda de datos utilizado: [Data.Mining.Fox\u00ae (DMF) de Easy.Data.Mining\u2122] Cuidado por favor en cuanto a nuestra [renuncia de responsabilidad] por las siguientes predicciones. \u00a0\u00a0\u00a0\u00a0 \u00a0\u00a0\u00a0\u00a0 \u00a0\u00a0\u00a0\u00a0 \u00a0 \u00a0 \u00a0 \u00a0 \u00a0 \u00a0 \u00a0 \u00a0 Final, Copa de Alemania &#8216;DFB Pokal&#8217; 2014-2015: pron\u00f3sticos\u00a0\u00a0 &gt;&gt;&gt;\u00a0\u00a0 resultados reales: Las cifras entre &hellip; <a href=\"http:\/\/dataminingsoccer.com\/es\/alemania\/pronosticos-1-bundesliga\/dfb-pokal-2014-2015\/\" class=\"more-link\">Seguir leyendo <span class=\"screen-reader-text\">DFB Pokal 2014\/15<\/span> <span class=\"meta-nav\">&rarr;<\/span><\/a><\/p>\n","protected":false},"author":5,"featured_media":0,"parent":719,"menu_order":99,"comment_status":"closed","ping_status":"closed","template":"","meta":[],"yoast_head":"<!-- This site is optimized with the Yoast SEO plugin v14.8 - https:\/\/yoast.com\/wordpress\/plugins\/seo\/ -->\n<meta name=\"description\" content=\"Pron\u00f3sticos de resultatdos de f\u00fatbol de la Copa de Alemania (DFB Pokal) 2014-2015 basado sobre an\u00e1lisis estadisticos utilizando un software data mining.\" \/>\n<meta name=\"robots\" content=\"index, follow\" \/>\n<meta name=\"googlebot\" content=\"index, follow, max-snippet:-1, max-image-preview:large, max-video-preview:-1\" \/>\n<meta name=\"bingbot\" content=\"index, follow, max-snippet:-1, max-image-preview:large, max-video-preview:-1\" \/>\n<link rel=\"canonical\" href=\"http:\/\/dataminingsoccer.com\/es\/alemania\/pronosticos-1-bundesliga\/dfb-pokal-2014-2015\/\" \/>\n<script type=\"application\/ld+json\" class=\"yoast-schema-graph\">{\"@context\":\"https:\/\/schema.org\",\"@graph\":[{\"@type\":\"WebSite\",\"@id\":\"http:\/\/dataminingsoccer.com\/es\/#website\",\"url\":\"http:\/\/dataminingsoccer.com\/es\/\",\"name\":\"Pron\\u00f3sticos de Resultados de F\\u00fatbol\",\"description\":\"basado sobre an\\u00e1lisis estad\\u00edsticos utilizando data mining.. Amamos el f\\u00fatbol! Y nos encantan los juegos con n\\u00fameros!\",\"potentialAction\":[{\"@type\":\"SearchAction\",\"target\":\"http:\/\/dataminingsoccer.com\/es\/?s={search_term_string}\",\"query-input\":\"required name=search_term_string\"}],\"inLanguage\":\"es\"},{\"@type\":\"ImageObject\",\"@id\":\"http:\/\/dataminingsoccer.com\/es\/alemania\/pronosticos-1-bundesliga\/dfb-pokal-2014-2015\/#primaryimage\",\"inLanguage\":\"es\",\"url\":\"http:\/\/dataminingsoccer.com\/es\/wp-content\/uploads\/sites\/4\/dfb-pokal.png\",\"width\":50,\"height\":50,\"caption\":\"dfb-pokal\"},{\"@type\":\"WebPage\",\"@id\":\"http:\/\/dataminingsoccer.com\/es\/alemania\/pronosticos-1-bundesliga\/dfb-pokal-2014-2015\/#webpage\",\"url\":\"http:\/\/dataminingsoccer.com\/es\/alemania\/pronosticos-1-bundesliga\/dfb-pokal-2014-2015\/\",\"name\":\"DFB Pokal 2014\/15 - Pron\\u00f3sticos de Resultados de F\\u00fatbol\",\"isPartOf\":{\"@id\":\"http:\/\/dataminingsoccer.com\/es\/#website\"},\"primaryImageOfPage\":{\"@id\":\"http:\/\/dataminingsoccer.com\/es\/alemania\/pronosticos-1-bundesliga\/dfb-pokal-2014-2015\/#primaryimage\"},\"datePublished\":\"2014-08-01T08:10:35+00:00\",\"dateModified\":\"2016-05-10T01:00:32+00:00\",\"description\":\"Pron\\u00f3sticos de resultatdos de f\\u00fatbol de la Copa de Alemania (DFB Pokal) 2014-2015 basado sobre an\\u00e1lisis estadisticos utilizando un software data mining.\",\"inLanguage\":\"es\",\"potentialAction\":[{\"@type\":\"ReadAction\",\"target\":[\"http:\/\/dataminingsoccer.com\/es\/alemania\/pronosticos-1-bundesliga\/dfb-pokal-2014-2015\/\"]}]}]}<\/script>\n<!-- \/ Yoast SEO plugin. -->","_links":{"self":[{"href":"http:\/\/dataminingsoccer.com\/es\/wp-json\/wp\/v2\/pages\/1683"}],"collection":[{"href":"http:\/\/dataminingsoccer.com\/es\/wp-json\/wp\/v2\/pages"}],"about":[{"href":"http:\/\/dataminingsoccer.com\/es\/wp-json\/wp\/v2\/types\/page"}],"author":[{"embeddable":true,"href":"http:\/\/dataminingsoccer.com\/es\/wp-json\/wp\/v2\/users\/5"}],"replies":[{"embeddable":true,"href":"http:\/\/dataminingsoccer.com\/es\/wp-json\/wp\/v2\/comments?post=1683"}],"version-history":[{"count":50,"href":"http:\/\/dataminingsoccer.com\/es\/wp-json\/wp\/v2\/pages\/1683\/revisions"}],"predecessor-version":[{"id":2882,"href":"http:\/\/dataminingsoccer.com\/es\/wp-json\/wp\/v2\/pages\/1683\/revisions\/2882"}],"up":[{"embeddable":true,"href":"http:\/\/dataminingsoccer.com\/es\/wp-json\/wp\/v2\/pages\/719"}],"wp:attachment":[{"href":"http:\/\/dataminingsoccer.com\/es\/wp-json\/wp\/v2\/media?parent=1683"}],"curies":[{"name":"wp","href":"https:\/\/api.w.org\/{rel}","templated":true}]}}