{"id":1483,"date":"2014-07-03T03:38:17","date_gmt":"2014-07-03T01:38:17","guid":{"rendered":"http:\/\/dataminingsoccer.com\/es\/?page_id=1483"},"modified":"2014-07-16T22:56:37","modified_gmt":"2014-07-16T20:56:37","slug":"videos-creados-por-nosotros","status":"publish","type":"page","link":"http:\/\/dataminingsoccer.com\/es\/videos\/videos-creados-por-nosotros\/","title":{"rendered":"V\u00eddeos creados por nosotros"},"content":{"rendered":"<h2>V\u00eddeos de Infotainment sobre F\u00fatbol y Estad\u00edstica<\/h2><p style=\"text-align: justify;\">A continuaci\u00f3n encontrar\u00e1s una serie de nuestros propios v\u00eddeos de informaci\u00f3n y entretenimiento sobre el f\u00fatbol y las estad\u00edsticas.<\/p>\n<p style=\"text-align: justify;\">Copa del Mundo de 2014 en Brasil:<\/p>\n<p><iframe width=\"560\" height=\"315\" src=\"\/\/www.youtube-nocookie.com\/embed\/8it-5Ww-tro?rel=0\" frameborder=\"0\" allowfullscreen><\/iframe><\/p>\n<p style=\"text-align: justify;\">Con tweets de DataMiningSoccer y imagenes de 8bit-football.com: Ronaldo, Donovan, Fred, van Persie, Casillas, Hart, Balotelli, Seferovic, Benzema, Messi, Pepe, M\u00fcller, Brooks, Fellaini, Ochoa, Akinfeev, Cahill, Mandzukic, Song, Buffon, Ruiz, Valbuena, Giroud, Klose, Slimani, Howard, Varela, Suarez, Chiellini, Samaras, Sabella, Lavezzi, Noboa, Jones, Julio Cesar, James Rogriquez, Huntelaar, Herrera, Gekas, Navas, Matuidi, Onazi, L\u00f6w, Neuer, Di Maria, Dempsey, Luiz, Neymar, Zuniga, Robben, Cillessen, Krul, Scolari, van Gaal, Kroos, Khedira, Sch\u00fcrrle, Garay, G\u00f6tze, Romero, Cristo Redentor.<\/p>\n<p style=\"text-align: justify;\"><span class=\"hps\">Por cierto,<\/span> <span class=\"hps\">siempre tratamos de<\/span> <span class=\"hps\">enumerar<\/span> <span class=\"hps\">todas las fuentes<\/span><span class=\"hps\"> y<\/span> los <span class=\"hps\">colaboradores\u00a0<span id=\"result_box\" lang=\"es\"><span class=\"hps\">(involuntarios)<\/span><\/span><\/span> <span class=\"hps\">como<\/span> <span class=\"hps\">autores.<\/span> <span class=\"hps\">En<\/span> <span class=\"hps\">caso<\/span> <span class=\"hps\">de identificar<\/span> <span class=\"hps\">una fuente<\/span> <span class=\"hps\">a\u00fan no<\/span> <span class=\"hps\">se ha mencionado<\/span> t<span class=\"hps\">e agradecemos tu<\/span> <span class=\"hps\">sugerencia<\/span> <span class=\"hps atn\">a trav\u00e9s de <a title=\"Contacto\" href=\"http:\/\/dataminingsoccer.com\/es\/contacto\/\">[<\/a><\/span><a title=\"Contacto\" href=\"http:\/\/dataminingsoccer.com\/es\/contacto\/\">contacto]<\/a>.<\/p>\n<p style=\"text-align: justify;\"><span class=\"hps\">Actualmente en<\/span> <span class=\"hps\">producci\u00f3n<\/span> <span class=\"hps\">son<\/span> <span class=\"hps\">v\u00eddeos con<\/span> la participaci\u00f3n\u00a0<span id=\"result_box\" lang=\"es\"><span class=\"hps\">(involuntaria<\/span>)<\/span> de:<\/p>\n<p style=\"text-align: justify;\">David Alaba, Karl Allg\u00f6wer, Rudi Assauer, Klaus Augenthaler, Michael Ballack, Mario Basler, Franz Beckenbauer, Oliver Bierhoff, Sepp Blatter, Egidius Braun, Eintracht Braunschweiger Fankurve, Paul Breitner, Manni Breuckmann, Jochen Breyer, Guido Buchwald, Reiner Calmund, Sarah Connor, Christoph Daum, Norbert Dickel, Thomas Doll, Stefan Effenberg, Kurt Emmerich, Edi Finger, Danny Fritz, Stefan Galler, Eduard Geyer, Helmut Grashoff, Kevin Gro\u00dfkreutz, Pep Guardiola, Bruno Labbadia, Werner Hansch, Waldemar Hartmann, Horst Heldt, Jupp Heynckes, Timo Hildebrand, Dieter Hoene\u00df, Uli Hoene\u00df, Benedikt H\u00f6wedes, Horst Hrubesch, Hans Huber, G\u00fcnther Jauch, Oliver Kahn, Thomas Killian, J\u00fcrgen Klinsmann, J\u00fcrgen Klopp, Miroslav Klose, Willi Konrad, Kevin Kuranyi, Udo Lattek, Willi Lemke, Detlev Lindner, Willi Lippens, Jogi L\u00f6w, Werner Lorant, Felix Magath, Sepp Maier, Lothar Matth\u00e4us, Gerhard Mayervorfelder, Per Mertesacker, Hans Meyer, Rudi Michel, Andreas M\u00f6ller, G\u00fcnter Netzer, Jose Mourinho, Thomas M\u00fcller, Manuel Neuer, G\u00fcnther Neukirchner, Peter Neururer, Matthias Opdenh\u00f6vel, Peter Pacult, Toni Pfeffer, Martin Pieckenhagen, Lukas Podolski, Roy Pr\u00e4ger, Petar Radenkovic, Judith Rakers, Ralf Rangnick, Otto Rehhagel, B\u00e9la R\u00e9thy, Erich Ribbeck, Frank Rost, Gerd Rubenbauer, Karl-Heinz Rummenigge, Matthias Sammer, Thomas Schaaf, Winfried Sch\u00e4fer, Klaus Schlappner, Harald Schmidt, Helge Schneider, Mehmet Scholl, Helmut Schulte, Dirk Schuster, Steffen Simon, Dragoslav Stepanovic, J\u00f6rg Stiel, Uli Stielike, Christian Streich, Carmen Thomas, Giovanni Trapattoni, Louis van Gaal, Thomas Feltes, Gertjan Verbeek, Berti Vogts, Rudi V\u00f6ller, Sven Voss, Fritz Walter, Oliver Welke, Robert Wieschemann, Kenneth Wolstenholme, J\u00f6rg Wontorra, Christian Ziege, Herbert Zimmermann.<\/p>\n<p style=\"text-align: justify;\"><a title=\"Videos creados por nosotros\" href=\"http:\/\/dataminingsoccer.com\/es\/videos\/videos-creados-por-nosotros\/\"><img loading=\"lazy\" class=\"alignnone size-full wp-image-870\" src=\"http:\/\/dataminingsoccer.com\/es\/wp-content\/uploads\/sites\/4\/Data-Mining-Soccer-encima-pagina-m.png\" alt=\"Data-Mining-Soccer-encima-pagina\" width=\"50\" height=\"50\" \/><\/a>\u00a0\u00a0\u00a0\u00a0 <a href=\"http:\/\/dataminingsoccer.com\/es\/\"><img loading=\"lazy\" class=\"alignnone size-full wp-image-872\" src=\"http:\/\/dataminingsoccer.com\/es\/wp-content\/uploads\/sites\/4\/Data-Mining-Soccer-futbol-resultado-pronostico-m.png\" alt=\"Data-Mining-Soccer-futbol-resultado-pronostico\" width=\"50\" height=\"50\" \/><\/a>\u00a0\u00a0\u00a0\u00a0 <a title=\"DataMiningSoccer (espa\u00f1ol) @Twitter\" href=\"http:\/\/twitter.com\/DataMinSoccerES\" target=\"_blank\"><img loading=\"lazy\" class=\"alignnone size-full wp-image-1245\" src=\"http:\/\/dataminingsoccer.com\/es\/wp-content\/uploads\/sites\/4\/Twitter-Data-Mining-Soccer.png\" alt=\"Twitter-Data-Mining-Soccer\" width=\"50\" height=\"50\" \/><\/a>\u00a0\u00a0\u00a0\u00a0 <a title=\"DataMiningSoccer (ingl\u00e9s) @Facebook\" href=\"http:\/\/www.facebook.com\/dataminingsoccer\" target=\"_blank\"><img loading=\"lazy\" class=\"alignnone size-full wp-image-1241\" src=\"http:\/\/dataminingsoccer.com\/es\/wp-content\/uploads\/sites\/4\/Facebook-Data-Mining-Soccer.png\" alt=\"Facebook-Data-Mining-Soccer\" width=\"50\" height=\"50\" \/><\/a>\u00a0\u00a0\u00a0\u00a0 <a title=\"DataMiningSoccer @YouTube\" href=\"http:\/\/www.youtube.com\/channel\/UCxGBQc_ziGx_Ylgc0k94QWg\" target=\"_blank\"><img loading=\"lazy\" class=\"alignnone size-full wp-image-1247\" src=\"http:\/\/dataminingsoccer.com\/es\/wp-content\/uploads\/sites\/4\/YouTube-Data-Mining-Soccer.png\" alt=\"YouTube-Data-Mining-Soccer\" width=\"50\" height=\"50\" \/><\/a><\/p>\n","protected":false},"excerpt":{"rendered":"<p>V\u00eddeos de Infotainment sobre F\u00fatbol y Estad\u00edsticaA continuaci\u00f3n encontrar\u00e1s una serie de nuestros propios v\u00eddeos de informaci\u00f3n y entretenimiento sobre el f\u00fatbol y las estad\u00edsticas. Copa del Mundo de 2014 en Brasil: Con tweets de DataMiningSoccer y imagenes de 8bit-football.com: Ronaldo, Donovan, Fred, van Persie, Casillas, Hart, Balotelli, Seferovic, Benzema, Messi, Pepe, M\u00fcller, Brooks, Fellaini, &hellip; <a href=\"http:\/\/dataminingsoccer.com\/es\/videos\/videos-creados-por-nosotros\/\" class=\"more-link\">Seguir leyendo <span class=\"screen-reader-text\">V\u00eddeos creados por nosotros<\/span> <span class=\"meta-nav\">&rarr;<\/span><\/a><\/p>\n","protected":false},"author":5,"featured_media":0,"parent":1482,"menu_order":10,"comment_status":"closed","ping_status":"closed","template":"","meta":[],"yoast_head":"<!-- This site is optimized with the Yoast SEO plugin v14.8 - https:\/\/yoast.com\/wordpress\/plugins\/seo\/ -->\n<meta name=\"description\" content=\"V\u00eddeos infotainment por DataMiningSoccer con respecto a nuestros temas centrales: f\u00fatbol y estad\u00edstica\" \/>\n<meta name=\"robots\" content=\"index, follow\" \/>\n<meta name=\"googlebot\" content=\"index, follow, max-snippet:-1, max-image-preview:large, max-video-preview:-1\" \/>\n<meta name=\"bingbot\" content=\"index, follow, max-snippet:-1, max-image-preview:large, max-video-preview:-1\" \/>\n<link rel=\"canonical\" href=\"https:\/\/dataminingsoccer.com\/es\/videos\/videos-creados-por-nosotros\/\" \/>\n<script type=\"application\/ld+json\" class=\"yoast-schema-graph\">{\"@context\":\"https:\/\/schema.org\",\"@graph\":[{\"@type\":\"WebSite\",\"@id\":\"http:\/\/dataminingsoccer.com\/es\/#website\",\"url\":\"http:\/\/dataminingsoccer.com\/es\/\",\"name\":\"Pron\\u00f3sticos de Resultados de F\\u00fatbol\",\"description\":\"basado sobre an\\u00e1lisis estad\\u00edsticos utilizando data mining.. Amamos el f\\u00fatbol! Y nos encantan los juegos con n\\u00fameros!\",\"potentialAction\":[{\"@type\":\"SearchAction\",\"target\":\"http:\/\/dataminingsoccer.com\/es\/?s={search_term_string}\",\"query-input\":\"required name=search_term_string\"}],\"inLanguage\":\"es\"},{\"@type\":\"ImageObject\",\"@id\":\"https:\/\/dataminingsoccer.com\/es\/videos\/videos-creados-por-nosotros\/#primaryimage\",\"inLanguage\":\"es\",\"url\":\"http:\/\/dataminingsoccer.com\/es\/wp-content\/uploads\/sites\/4\/Data-Mining-Soccer-encima-pagina-m.png\",\"width\":50,\"height\":50,\"caption\":\"parte superior de la pagina\"},{\"@type\":\"WebPage\",\"@id\":\"https:\/\/dataminingsoccer.com\/es\/videos\/videos-creados-por-nosotros\/#webpage\",\"url\":\"https:\/\/dataminingsoccer.com\/es\/videos\/videos-creados-por-nosotros\/\",\"name\":\"V\\u00eddeos creados por nosotros - Pron\\u00f3sticos de Resultados de F\\u00fatbol\",\"isPartOf\":{\"@id\":\"http:\/\/dataminingsoccer.com\/es\/#website\"},\"primaryImageOfPage\":{\"@id\":\"https:\/\/dataminingsoccer.com\/es\/videos\/videos-creados-por-nosotros\/#primaryimage\"},\"datePublished\":\"2014-07-03T01:38:17+00:00\",\"dateModified\":\"2014-07-16T20:56:37+00:00\",\"description\":\"V\\u00eddeos infotainment por DataMiningSoccer con respecto a nuestros temas centrales: f\\u00fatbol y estad\\u00edstica\",\"inLanguage\":\"es\",\"potentialAction\":[{\"@type\":\"ReadAction\",\"target\":[\"https:\/\/dataminingsoccer.com\/es\/videos\/videos-creados-por-nosotros\/\"]}]}]}<\/script>\n<!-- \/ Yoast SEO plugin. -->","_links":{"self":[{"href":"http:\/\/dataminingsoccer.com\/es\/wp-json\/wp\/v2\/pages\/1483"}],"collection":[{"href":"http:\/\/dataminingsoccer.com\/es\/wp-json\/wp\/v2\/pages"}],"about":[{"href":"http:\/\/dataminingsoccer.com\/es\/wp-json\/wp\/v2\/types\/page"}],"author":[{"embeddable":true,"href":"http:\/\/dataminingsoccer.com\/es\/wp-json\/wp\/v2\/users\/5"}],"replies":[{"embeddable":true,"href":"http:\/\/dataminingsoccer.com\/es\/wp-json\/wp\/v2\/comments?post=1483"}],"version-history":[{"count":13,"href":"http:\/\/dataminingsoccer.com\/es\/wp-json\/wp\/v2\/pages\/1483\/revisions"}],"predecessor-version":[{"id":1644,"href":"http:\/\/dataminingsoccer.com\/es\/wp-json\/wp\/v2\/pages\/1483\/revisions\/1644"}],"up":[{"embeddable":true,"href":"http:\/\/dataminingsoccer.com\/es\/wp-json\/wp\/v2\/pages\/1482"}],"wp:attachment":[{"href":"http:\/\/dataminingsoccer.com\/es\/wp-json\/wp\/v2\/media?parent=1483"}],"curies":[{"name":"wp","href":"https:\/\/api.w.org\/{rel}","templated":true}]}}