{"id":1328,"date":"2014-06-18T22:18:43","date_gmt":"2014-06-18T20:18:43","guid":{"rendered":"http:\/\/dataminingsoccer.com\/es\/?page_id=1328"},"modified":"2014-07-05T02:22:34","modified_gmt":"2014-07-05T00:22:34","slug":"copa-mundial-2010","status":"publish","type":"page","link":"http:\/\/dataminingsoccer.com\/es\/copa-mundial-y-euro\/indices-de-exito\/copa-mundial-2010\/","title":{"rendered":"Copa Mundial 2010"},"content":{"rendered":"<h2>Nuestros \u00cdndices de \u00c9xito (varias Categor\u00edas)<\/h2><p style=\"text-align: justify;\"><img loading=\"lazy\" class=\"alignnone size-full wp-image-926\" src=\"http:\/\/dataminingsoccer.com\/es\/wp-content\/uploads\/sites\/4\/Copa-Mundial-2010-Sudafrica-Futbol-Resultados-Prediccion-m.png\" alt=\"Copa-Mundial-2010-Sudafrica-Futbol-Resultados-Prediccion\" width=\"46\" height=\"50\" \/>\u00a0\u00a0\u00a0\u00a0 \u00a0\u00a0\u00a0\u00a0 \u00a0\u00a0\u00a0\u00a0  \u00a0 \u00a0  \u00a0 \u00a0  \u00a0 \u00a0  \u00a0 \u00a0 <\/p>\n<p style=\"text-align: justify;\">Cuota correcta para la <strong>tendencia del resultado<\/strong> (victoria en casa\/ empate\/ victoria fuera) de todos los partidos de la Copa Mundial\u00a02010 en Sud\u00e1frica (2010-07-11):<\/p>\n<p style=\"text-align: justify;\"><script type='text\/javascript' src='http:\/\/dataminingsoccer.com\/es\/wp-content\/plugins\/easy-chart-builder\/js\/easy-chart-builder.js'><\/script>\n\n<div id=\"easyChartDiv64bd8001\" style='width:100%;'  style='text-align:center;' align='center'>\n<!-- Easy Chart Builder by dyerware -->\n<img id=\"easyChartDiv64bd8001_img\" style='text-align:center;float:center;' alt='Predicci\u00f3n de resultados de f\u00fatbol' title='Predicci\u00f3n de resultados de f\u00fatbol'  align='center' border='0' \/>\n\n<\/div>\n<script type=\"text\/javascript\">\n\/\/<![CDATA[\nwpEasyChart.wpNewChart(\"easyChartDiv64bd8001\", {\"type\":\"horizbar\",\"width\":\"350\",\"height\":\"65\",\"title\":\"Cuota correcta para la Tendencia del Resultado de todos los Partidos\",\"minaxis\":\"\",\"groupnames\":\"por casualidad ser\\u00edan \\u00f8 ~37%, cuota de \\u00e9xito de nuestros pron\\u00f3sticos\",\"groupcolors\":\"44280c,4e9f22,f3a214,ffffff,A3A3A3,007070,00FFFF,CC7000,00CC70,CC0070,7000CC,A370CC\",\"valuenames\":\" , \\u00edndice de \\u00e9xito, \",\"group1values\":\"37\",\"group2values\":\"48\",\"group3values\":\"0,0,0\",\"group4values\":\"0,0,0\",\"group5values\":\"0,0,0\",\"group6values\":\"0,0,0\",\"group7values\":\"0,0,0\",\"group8values\":\"0,0,0\",\"group9values\":\"0,0,0\",\"group10values\":\"0,0,0\",\"group11values\":\"0,0,0\",\"group12values\":\"0,0,0\",\"group1markers\":\"\",\"group2markers\":\"\",\"group3markers\":\"\",\"group4markers\":\"\",\"group5markers\":\"\",\"group6markers\":\"\",\"group7markers\":\"\",\"group8markers\":\"\",\"group9markers\":\"\",\"group10markers\":\"\",\"group11markers\":\"\",\"group12markers\":\"\",\"markercolor\":\"FFFF00\",\"imagealtattr\":\"Predicci\\u00f3n de resultados de f\\u00fatbol\",\"imagetitleattr\":\"Predicci\\u00f3n de resultados de f\\u00fatbol\",\"hidechartdata\":true,\"chartcolor\":\"FFFFFF\",\"chartfadecolor\":\"ffffff\",\"datatablecss\":\"hentry easyChartDataTable\",\"imgstyle\":\"text-align:center;float:center;\",\"watermark\":\"\",\"watermarkvert\":\"\",\"watermarkcolor\":\"A0BAE9\",\"currency\":\"\",\"currencyright\":false,\"precision\":\"\",\"grid\":false,\"axis\":\"both\"});\n\/\/]]>\n<\/script><\/p>\n<p style=\"text-align: justify;\">48% de todos los partidos hemos predicho con la tendencia correcta (l<span id=\"result_box\" lang=\"es\">a p<span class=\"hps\">robabilidad<\/span> <span class=\"hps\">estad\u00edstica<\/span> <span class=\"hps\">ser\u00eda cerca de 37%: <span id=\"result_box\" lang=\"es\"><span class=\"hps\">33% para partidos de grupo, 50% para finales<\/span><\/span><\/span><\/span>).<\/p>\n<p style=\"text-align: justify;\"><img loading=\"lazy\" class=\"alignnone size-full wp-image-926\" src=\"http:\/\/dataminingsoccer.com\/es\/wp-content\/uploads\/sites\/4\/Copa-Mundial-2010-Sudafrica-Futbol-Resultados-Prediccion-m.png\" alt=\"Copa-Mundial-2010-Sudafrica-Futbol-Resultados-Prediccion\" width=\"46\" height=\"50\" \/>\u00a0\u00a0\u00a0\u00a0 \u00a0\u00a0\u00a0\u00a0 \u00a0\u00a0\u00a0\u00a0  \u00a0 \u00a0  \u00a0 \u00a0  \u00a0 \u00a0  \u00a0 \u00a0 <\/p>\n<p style=\"text-align: justify;\">Cuota correcta para los partidos de la Copa Mundial\u00a02010 en Sud\u00e1frica <strong>por grupo<\/strong> (2010-07-11):<\/p>\n<p style=\"text-align: justify;\">\n<div id=\"easyChartDiv2b5f8002\" style='width:100%;'  style='text-align:center;' align='center'>\n<!-- Easy Chart Builder by dyerware -->\n<img id=\"easyChartDiv2b5f8002_img\" style='text-align:center;float:center;' alt='Predicci\u00f3n de resultados de f\u00fatbol' title='Predicci\u00f3n de resultados de f\u00fatbol'  align='center' border='0' \/>\n\n<\/div>\n<script type=\"text\/javascript\">\n\/\/<![CDATA[\nwpEasyChart.wpNewChart(\"easyChartDiv2b5f8002\", {\"type\":\"vertbar\",\"width\":\"350\",\"height\":\"120\",\"title\":\"Cuota correcta para los Partidos por Grupo\",\"minaxis\":\"\",\"groupnames\":\"por casualidad ser\\u00edan \\u00f8 ~33%, cuota de \\u00e9xito de nuestros pron\\u00f3sticos\",\"groupcolors\":\"44280c,4e9f22,f3a214,ffffff,A3A3A3,007070,00FFFF,CC7000,00CC70,CC0070,7000CC,A370CC\",\"valuenames\":\"grupo A , grupo B, grupo C, grupo D, grupo E, grupo F, grupo G, grupo H\",\"group1values\":\"33, 33, 33, 33, 33, 33, 33, 33\",\"group2values\":\"17, 67, 33, 33, 67, 50, 83, 50\",\"group3values\":\"0,0,0\",\"group4values\":\"0,0,0\",\"group5values\":\"0,0,0\",\"group6values\":\"0,0,0\",\"group7values\":\"0,0,0\",\"group8values\":\"0,0,0\",\"group9values\":\"0,0,0\",\"group10values\":\"0,0,0\",\"group11values\":\"0,0,0\",\"group12values\":\"0,0,0\",\"group1markers\":\"\",\"group2markers\":\"\",\"group3markers\":\"\",\"group4markers\":\"\",\"group5markers\":\"\",\"group6markers\":\"\",\"group7markers\":\"\",\"group8markers\":\"\",\"group9markers\":\"\",\"group10markers\":\"\",\"group11markers\":\"\",\"group12markers\":\"\",\"markercolor\":\"FFFF00\",\"imagealtattr\":\"Predicci\\u00f3n de resultados de f\\u00fatbol\",\"imagetitleattr\":\"Predicci\\u00f3n de resultados de f\\u00fatbol\",\"hidechartdata\":true,\"chartcolor\":\"FFFFFF\",\"chartfadecolor\":\"ffffff\",\"datatablecss\":\"hentry easyChartDataTable\",\"imgstyle\":\"text-align:center;float:center;\",\"watermark\":\"\",\"watermarkvert\":\"\",\"watermarkcolor\":\"A0BAE9\",\"currency\":\"\",\"currencyright\":false,\"precision\":\"\",\"grid\":false,\"axis\":\"both\"});\n\/\/]]>\n<\/script><\/p>\n<p style=\"text-align: justify;\"><span id=\"result_box\" lang=\"es\"><span class=\"hps\">Todos los n\u00fameros<\/span> <span class=\"hps\">son porcentajes<\/span>. <span id=\"result_box\" lang=\"es\"><span id=\"result_box\" lang=\"es\"><span class=\"hps\">Cuota total<\/span> <span class=\"hps\">de todos los<\/span> <span class=\"hps\">partidos de grupo<\/span>: <span class=\"hps\">50<\/span><span class=\"atn\">% (<\/span>24 <span class=\"hps\">de 48)<\/span>.<\/span> <\/span>La p<span class=\"hps\">robabilidad<\/span> <span class=\"hps\">estad\u00edstica<\/span> <span class=\"hps\">ser\u00eda aproximadamente<\/span> <span class=\"hps\">33<\/span><span class=\"atn\">% (<\/span>columnas <span class=\"hps\">de comparaci\u00f3n<\/span> <span class=\"hps\">de color marr\u00f3n<\/span>). <span id=\"result_box\" lang=\"es\">La m<span id=\"result_box\" lang=\"es\"><span class=\"hps\">ejor calidad de<\/span> <span class=\"hps\">la predicci\u00f3n<\/span> <span class=\"hps\">para el grupo<\/span> G<span class=\"hps atn\"> (<\/span>83%), la peor <span class=\"hps\">para el grupo<\/span> A<span class=\"hps atn\"> (17<\/span>%).<\/span><\/span><br \/>\n<\/span><\/p>\n<p style=\"text-align: justify;\"><img loading=\"lazy\" class=\"alignnone size-full wp-image-926\" src=\"http:\/\/dataminingsoccer.com\/es\/wp-content\/uploads\/sites\/4\/Copa-Mundial-2010-Sudafrica-Futbol-Resultados-Prediccion-m.png\" alt=\"Copa-Mundial-2010-Sudafrica-Futbol-Resultados-Prediccion\" width=\"46\" height=\"50\" \/>\u00a0\u00a0\u00a0\u00a0 \u00a0\u00a0\u00a0\u00a0 \u00a0\u00a0\u00a0\u00a0  \u00a0 \u00a0  \u00a0 \u00a0  \u00a0 \u00a0  \u00a0 \u00a0 <\/p>\n<p style=\"text-align: justify;\">Cuota correcta para los <strong>ganadores de los grupos<\/strong> de la Copa Mundial 2010 en Sud\u00e1frica (2010-07-11):<\/p>\n<p style=\"text-align: justify;\">\n<div id=\"easyChartDiv1a888003\" style='width:100%;'  style='text-align:center;' align='center'>\n<!-- Easy Chart Builder by dyerware -->\n<img id=\"easyChartDiv1a888003_img\" style='text-align:center;float:center;' alt='Predicci\u00f3n de resultados de f\u00fatbol' title='Predicci\u00f3n de resultados de f\u00fatbol'  align='center' border='0' \/>\n\n<\/div>\n<script type=\"text\/javascript\">\n\/\/<![CDATA[\nwpEasyChart.wpNewChart(\"easyChartDiv1a888003\", {\"type\":\"horizbar\",\"width\":\"350\",\"height\":\"65\",\"title\":\"Cuota correcta para los Ganadores de los Grupos\",\"minaxis\":\"\",\"groupnames\":\"por casualidad ser\\u00edan \\u00f8 ~25%, cuota de \\u00e9xito de nuestros pron\\u00f3sticos\",\"groupcolors\":\"44280c,4e9f22,f3a214,ffffff,A3A3A3,007070,00FFFF,CC7000,00CC70,CC0070,7000CC,A370CC\",\"valuenames\":\" , \\u00edndice de \\u00e9xito, \",\"group1values\":\"25\",\"group2values\":\"50\",\"group3values\":\"0,0,0\",\"group4values\":\"0,0,0\",\"group5values\":\"0,0,0\",\"group6values\":\"0,0,0\",\"group7values\":\"0,0,0\",\"group8values\":\"0,0,0\",\"group9values\":\"0,0,0\",\"group10values\":\"0,0,0\",\"group11values\":\"0,0,0\",\"group12values\":\"0,0,0\",\"group1markers\":\"\",\"group2markers\":\"\",\"group3markers\":\"\",\"group4markers\":\"\",\"group5markers\":\"\",\"group6markers\":\"\",\"group7markers\":\"\",\"group8markers\":\"\",\"group9markers\":\"\",\"group10markers\":\"\",\"group11markers\":\"\",\"group12markers\":\"\",\"markercolor\":\"FFFF00\",\"imagealtattr\":\"Predicci\\u00f3n de resultados de f\\u00fatbol\",\"imagetitleattr\":\"Predicci\\u00f3n de resultados de f\\u00fatbol\",\"hidechartdata\":true,\"chartcolor\":\"FFFFFF\",\"chartfadecolor\":\"ffffff\",\"datatablecss\":\"hentry easyChartDataTable\",\"imgstyle\":\"text-align:center;float:center;\",\"watermark\":\"\",\"watermarkvert\":\"\",\"watermarkcolor\":\"A0BAE9\",\"currency\":\"\",\"currencyright\":false,\"precision\":\"\",\"grid\":false,\"axis\":\"both\"});\n\/\/]]>\n<\/script><\/p>\n<p style=\"text-align: justify;\">4<span id=\"result_box\" lang=\"es\"><span class=\"hps\">de<\/span> <span class=\"hps\">8<\/span> <span class=\"hps\">ganadores de grupo<\/span> <span class=\"hps\">(50%)<\/span> <span class=\"hps\">se predijo<\/span> <span class=\"hps atn\">correctamente<\/span><\/span> (l<span id=\"result_box\" lang=\"es\">a p<span class=\"hps\">robabilidad<\/span> <span class=\"hps\">estad\u00edstica<\/span> <span class=\"hps\">ser\u00eda 25%<\/span><\/span>).<\/p>\n<p style=\"text-align: justify;\"><img loading=\"lazy\" class=\"alignnone size-full wp-image-926\" src=\"http:\/\/dataminingsoccer.com\/es\/wp-content\/uploads\/sites\/4\/Copa-Mundial-2010-Sudafrica-Futbol-Resultados-Prediccion-m.png\" alt=\"Copa-Mundial-2010-Sudafrica-Futbol-Resultados-Prediccion\" width=\"46\" height=\"50\" \/>\u00a0\u00a0\u00a0\u00a0 \u00a0\u00a0\u00a0\u00a0 \u00a0\u00a0\u00a0\u00a0  \u00a0 \u00a0  \u00a0 \u00a0  \u00a0 \u00a0  \u00a0 \u00a0 <\/p>\n<p style=\"text-align: justify;\">Cuota correcta para los <strong>calificados de los octavos de final<\/strong> de la Copa Mundial 2010 en Sud\u00e1frica (2010-07-11):<\/p>\n<p style=\"text-align: justify;\">\n<div id=\"easyChartDiv54bd8004\" style='width:100%;'  style='text-align:center;' align='center'>\n<!-- Easy Chart Builder by dyerware -->\n<img id=\"easyChartDiv54bd8004_img\" style='text-align:center;float:center;' alt='Predicci\u00f3n de resultados de f\u00fatbol' title='Predicci\u00f3n de resultados de f\u00fatbol'  align='center' border='0' \/>\n\n<\/div>\n<script type=\"text\/javascript\">\n\/\/<![CDATA[\nwpEasyChart.wpNewChart(\"easyChartDiv54bd8004\", {\"type\":\"horizbar\",\"width\":\"350\",\"height\":\"65\",\"title\":\"Cuota correcta para los Calificados de los Octavos de Final\",\"minaxis\":\"\",\"groupnames\":\"por casualidad ser\\u00edan \\u00f8 ~50%, cuota de \\u00e9xito de nuestros pron\\u00f3sticos\",\"groupcolors\":\"44280c,4e9f22,f3a214,ffffff,A3A3A3,007070,00FFFF,CC7000,00CC70,CC0070,7000CC,A370CC\",\"valuenames\":\" , \\u00edndice de \\u00e9xito, \",\"group1values\":\"50\",\"group2values\":\"81\",\"group3values\":\"0,0,0\",\"group4values\":\"0,0,0\",\"group5values\":\"0,0,0\",\"group6values\":\"0,0,0\",\"group7values\":\"0,0,0\",\"group8values\":\"0,0,0\",\"group9values\":\"0,0,0\",\"group10values\":\"0,0,0\",\"group11values\":\"0,0,0\",\"group12values\":\"0,0,0\",\"group1markers\":\"\",\"group2markers\":\"\",\"group3markers\":\"\",\"group4markers\":\"\",\"group5markers\":\"\",\"group6markers\":\"\",\"group7markers\":\"\",\"group8markers\":\"\",\"group9markers\":\"\",\"group10markers\":\"\",\"group11markers\":\"\",\"group12markers\":\"\",\"markercolor\":\"FFFF00\",\"imagealtattr\":\"Predicci\\u00f3n de resultados de f\\u00fatbol\",\"imagetitleattr\":\"Predicci\\u00f3n de resultados de f\\u00fatbol\",\"hidechartdata\":true,\"chartcolor\":\"FFFFFF\",\"chartfadecolor\":\"ffffff\",\"datatablecss\":\"hentry easyChartDataTable\",\"imgstyle\":\"text-align:center;float:center;\",\"watermark\":\"\",\"watermarkvert\":\"\",\"watermarkcolor\":\"A0BAE9\",\"currency\":\"\",\"currencyright\":false,\"precision\":\"\",\"grid\":false,\"axis\":\"both\"});\n\/\/]]>\n<\/script><\/p>\n<p style=\"text-align: justify;\">13 de 16 equipos calificados (81%) para\u00a0los octavos de final se predijeron correctamente (l<span id=\"result_box\" lang=\"es\">a p<span class=\"hps\">robabilidad<\/span> <span class=\"hps\">estad\u00edstica<\/span> <span class=\"hps\">ser\u00eda 50%<\/span><\/span>).<\/p>\n<p style=\"text-align: justify;\"><img loading=\"lazy\" class=\"alignnone size-full wp-image-926\" src=\"http:\/\/dataminingsoccer.com\/es\/wp-content\/uploads\/sites\/4\/Copa-Mundial-2010-Sudafrica-Futbol-Resultados-Prediccion-m.png\" alt=\"Copa-Mundial-2010-Sudafrica-Futbol-Resultados-Prediccion\" width=\"46\" height=\"50\" \/>\u00a0\u00a0\u00a0\u00a0 \u00a0\u00a0\u00a0\u00a0 \u00a0\u00a0\u00a0\u00a0  \u00a0 \u00a0  \u00a0 \u00a0  \u00a0 \u00a0  \u00a0 \u00a0 <\/p>\n<p style=\"text-align: justify;\">Cuota correcta para la tendencia del resultado (victoria en casa\/ empate\/ victoria fuera) de las <strong>finales\u00a0<span id=\"result_box\" lang=\"es\"><span class=\"hps\">durante la<\/span> <span class=\"hps\">fase eliminatoria<\/span><\/span><\/strong> de la Copa Mundial 2010 en Sud\u00e1frica (2010-07-11):<\/p>\n<p style=\"text-align: justify;\">\n<div id=\"easyChartDiv5d368005\" style='width:100%;'  style='text-align:center;' align='center'>\n<!-- Easy Chart Builder by dyerware -->\n<img id=\"easyChartDiv5d368005_img\" style='text-align:center;float:center;' alt='Predicci\u00f3n de resultados de f\u00fatbol' title='Predicci\u00f3n de resultados de f\u00fatbol'  align='center' border='0' \/>\n\n<\/div>\n<script type=\"text\/javascript\">\n\/\/<![CDATA[\nwpEasyChart.wpNewChart(\"easyChartDiv5d368005\", {\"type\":\"horizbar\",\"width\":\"350\",\"height\":\"65\",\"title\":\"Cuota correcta para la Tendencia del Resultado de las Finales\",\"minaxis\":\"\",\"groupnames\":\"por casualidad ser\\u00edan \\u00f8 ~50%, cuota de \\u00e9xito de nuestros pron\\u00f3sticos\",\"groupcolors\":\"44280c,4e9f22,f3a214,ffffff,A3A3A3,007070,00FFFF,CC7000,00CC70,CC0070,7000CC,A370CC\",\"valuenames\":\" , \\u00edndice de \\u00e9xito, \",\"group1values\":\"50\",\"group2values\":\"44\",\"group3values\":\"0,0,0\",\"group4values\":\"0,0,0\",\"group5values\":\"0,0,0\",\"group6values\":\"0,0,0\",\"group7values\":\"0,0,0\",\"group8values\":\"0,0,0\",\"group9values\":\"0,0,0\",\"group10values\":\"0,0,0\",\"group11values\":\"0,0,0\",\"group12values\":\"0,0,0\",\"group1markers\":\"\",\"group2markers\":\"\",\"group3markers\":\"\",\"group4markers\":\"\",\"group5markers\":\"\",\"group6markers\":\"\",\"group7markers\":\"\",\"group8markers\":\"\",\"group9markers\":\"\",\"group10markers\":\"\",\"group11markers\":\"\",\"group12markers\":\"\",\"markercolor\":\"FFFF00\",\"imagealtattr\":\"Predicci\\u00f3n de resultados de f\\u00fatbol\",\"imagetitleattr\":\"Predicci\\u00f3n de resultados de f\\u00fatbol\",\"hidechartdata\":true,\"chartcolor\":\"FFFFFF\",\"chartfadecolor\":\"ffffff\",\"datatablecss\":\"hentry easyChartDataTable\",\"imgstyle\":\"text-align:center;float:center;\",\"watermark\":\"\",\"watermarkvert\":\"\",\"watermarkcolor\":\"A0BAE9\",\"currency\":\"\",\"currencyright\":false,\"precision\":\"\",\"grid\":false,\"axis\":\"both\"});\n\/\/]]>\n<\/script><\/p>\n<p style=\"text-align: justify;\"><span id=\"result_box\" lang=\"es\"><span class=\"hps\">44<\/span>% de <span class=\"hps\">todas las finales<\/span> <span class=\"hps\">durante la<\/span> <span class=\"hps\">fase eliminatoria<\/span> <span class=\"hps atn\">(7<\/span> de <span class=\"hps\">16<\/span>) <span class=\"hps\">se predijo<\/span> <span class=\"hps\">con la tendencia<\/span> <span class=\"hps\">correcta<\/span> <span class=\"hps\">(la probabilidad<\/span> <span class=\"hps\">estad\u00edstica<\/span> <span class=\"hps\">ser\u00eda del 50<\/span>%). <span class=\"hps\">Base del<\/span> <span class=\"hps\">an\u00e1lisis<\/span>: <span class=\"hps\">el resultado final<\/span> <span class=\"hps\">despu\u00e9s de 90<\/span> <span class=\"hps\">minutos o<\/span> <span class=\"hps\">posiblemente<\/span> <span class=\"hps\">despu\u00e9s de la pr\u00f3rroga<\/span> <span class=\"hps\">o<\/span> <span class=\"hps\">los penaltis<\/span>.<\/span><\/p>\n<p style=\"text-align: justify;\"><img loading=\"lazy\" class=\"alignnone size-full wp-image-926\" src=\"http:\/\/dataminingsoccer.com\/es\/wp-content\/uploads\/sites\/4\/Copa-Mundial-2010-Sudafrica-Futbol-Resultados-Prediccion-m.png\" alt=\"Copa-Mundial-2010-Sudafrica-Futbol-Resultados-Prediccion\" width=\"46\" height=\"50\" \/>\u00a0\u00a0\u00a0\u00a0 \u00a0\u00a0\u00a0\u00a0 \u00a0\u00a0\u00a0\u00a0  \u00a0 \u00a0  \u00a0 \u00a0  \u00a0 \u00a0  \u00a0 \u00a0 <\/p>\n<p style=\"text-align: justify;\"><span class=\"hps\">Puedes llegar a<\/span> <span class=\"hps\">la<\/span> <strong><span class=\"hps\">visi\u00f3n de conjunto de<\/span> <span class=\"hps\">todos<\/span> <\/strong><span class=\"hps\"><strong>los partidos<\/strong> del Mundial<\/span> <span class=\"hps\">en Sud\u00e1frica<\/span> <span class=\"hps\">en nuestra p\u00e1gina<\/span> <a title=\"Campeonato Mundial 2010\" href=\"http:\/\/dataminingsoccer.com\/es\/copa-mundial-y-euro\/campeonato-mundial-2010\/\"><span class=\"hps\">[Campeonato<\/span> <span class=\"hps\">Mundial 2010<\/span>]<\/a>.<\/p>\n<p style=\"text-align: justify;\"><img loading=\"lazy\" class=\"alignnone size-full wp-image-926\" src=\"http:\/\/dataminingsoccer.com\/es\/wp-content\/uploads\/sites\/4\/Copa-Mundial-2010-Sudafrica-Futbol-Resultados-Prediccion-m.png\" alt=\"Copa-Mundial-2010-Sudafrica-Futbol-Resultados-Prediccion\" width=\"46\" height=\"50\" \/>\u00a0\u00a0\u00a0\u00a0 \u00a0\u00a0\u00a0\u00a0 \u00a0\u00a0\u00a0\u00a0  \u00a0 \u00a0  \u00a0 \u00a0  \u00a0 \u00a0  \u00a0 \u00a0 <\/p>\n<p><a title=\"Copa Mundial 2010\" href=\"http:\/\/dataminingsoccer.com\/es\/copa-mundial-y-euro\/indices-de-exito\/copa-mundial-2010\/\"><img loading=\"lazy\" class=\"alignnone size-full wp-image-870\" src=\"http:\/\/dataminingsoccer.com\/es\/wp-content\/uploads\/sites\/4\/Data-Mining-Soccer-encima-pagina-m.png\" alt=\"Data-Mining-Soccer-encima-pagina\" width=\"50\" height=\"50\" \/><\/a>\u00a0\u00a0\u00a0\u00a0 <a href=\"http:\/\/dataminingsoccer.com\/es\/\"><img loading=\"lazy\" class=\"alignnone size-full wp-image-872\" src=\"http:\/\/dataminingsoccer.com\/es\/wp-content\/uploads\/sites\/4\/Data-Mining-Soccer-futbol-resultado-pronostico-m.png\" alt=\"Data-Mining-Soccer-futbol-resultado-pronostico\" width=\"50\" height=\"50\" \/><\/a>\u00a0\u00a0\u00a0\u00a0 <a title=\"DataMiningSoccer (espa\u00f1ol) @Twitter\" href=\"http:\/\/twitter.com\/DataMinSoccerES\" target=\"_blank\"><img loading=\"lazy\" class=\"alignnone size-full wp-image-1245\" src=\"http:\/\/dataminingsoccer.com\/es\/wp-content\/uploads\/sites\/4\/Twitter-Data-Mining-Soccer.png\" alt=\"Twitter-Data-Mining-Soccer\" width=\"50\" height=\"50\" \/><\/a>\u00a0\u00a0\u00a0\u00a0 <a title=\"DataMiningSoccer (ingl\u00e9s) @Facebook\" href=\"http:\/\/www.facebook.com\/dataminingsoccer\" target=\"_blank\"><img loading=\"lazy\" class=\"alignnone size-full wp-image-1241\" src=\"http:\/\/dataminingsoccer.com\/es\/wp-content\/uploads\/sites\/4\/Facebook-Data-Mining-Soccer.png\" alt=\"Facebook-Data-Mining-Soccer\" width=\"50\" height=\"50\" \/><\/a><\/p>\n","protected":false},"excerpt":{"rendered":"<p>Nuestros \u00cdndices de \u00c9xito (varias Categor\u00edas)\u00a0\u00a0\u00a0\u00a0 \u00a0\u00a0\u00a0\u00a0 \u00a0\u00a0\u00a0\u00a0 \u00a0 \u00a0 \u00a0 \u00a0 \u00a0 \u00a0 \u00a0 \u00a0 Cuota correcta para la tendencia del resultado (victoria en casa\/ empate\/ victoria fuera) de todos los partidos de la Copa Mundial\u00a02010 en Sud\u00e1frica (2010-07-11): 48% de todos los partidos hemos predicho con la tendencia correcta (la probabilidad estad\u00edstica ser\u00eda &hellip; <a href=\"http:\/\/dataminingsoccer.com\/es\/copa-mundial-y-euro\/indices-de-exito\/copa-mundial-2010\/\" class=\"more-link\">Seguir leyendo <span class=\"screen-reader-text\">Copa Mundial 2010<\/span> <span class=\"meta-nav\">&rarr;<\/span><\/a><\/p>\n","protected":false},"author":5,"featured_media":0,"parent":1301,"menu_order":100,"comment_status":"closed","ping_status":"closed","template":"","meta":[],"yoast_head":"<!-- This site is optimized with the Yoast SEO plugin v14.8 - https:\/\/yoast.com\/wordpress\/plugins\/seo\/ -->\n<meta name=\"description\" content=\"Predicciones de resultados de f\u00fatbol para la Copa Mundial 2010 en Sud\u00e1frica: \u00edndice de \u00e9xito de nuestro software para varias categor\u00edas de predicci\u00f3n.\" \/>\n<meta name=\"robots\" content=\"index, follow\" \/>\n<meta name=\"googlebot\" content=\"index, follow, max-snippet:-1, max-image-preview:large, max-video-preview:-1\" \/>\n<meta name=\"bingbot\" content=\"index, follow, max-snippet:-1, max-image-preview:large, max-video-preview:-1\" \/>\n<link rel=\"canonical\" href=\"http:\/\/dataminingsoccer.com\/es\/copa-mundial-y-euro\/indices-de-exito\/copa-mundial-2010\/\" \/>\n<script type=\"application\/ld+json\" class=\"yoast-schema-graph\">{\"@context\":\"https:\/\/schema.org\",\"@graph\":[{\"@type\":\"WebSite\",\"@id\":\"http:\/\/dataminingsoccer.com\/es\/#website\",\"url\":\"http:\/\/dataminingsoccer.com\/es\/\",\"name\":\"Pron\\u00f3sticos de Resultados de F\\u00fatbol\",\"description\":\"basado sobre an\\u00e1lisis estad\\u00edsticos utilizando data mining.. Amamos el f\\u00fatbol! Y nos encantan los juegos con n\\u00fameros!\",\"potentialAction\":[{\"@type\":\"SearchAction\",\"target\":\"http:\/\/dataminingsoccer.com\/es\/?s={search_term_string}\",\"query-input\":\"required name=search_term_string\"}],\"inLanguage\":\"es\"},{\"@type\":\"ImageObject\",\"@id\":\"http:\/\/dataminingsoccer.com\/es\/copa-mundial-y-euro\/indices-de-exito\/copa-mundial-2010\/#primaryimage\",\"inLanguage\":\"es\",\"url\":\"http:\/\/dataminingsoccer.com\/es\/wp-content\/uploads\/sites\/4\/Copa-Mundial-2010-Sudafrica-Futbol-Resultados-Prediccion-m.png\",\"width\":46,\"height\":50,\"caption\":\"Copa-Mundial-2010-Sudafrica-Futbol-Resultados-Prediccion\"},{\"@type\":\"WebPage\",\"@id\":\"http:\/\/dataminingsoccer.com\/es\/copa-mundial-y-euro\/indices-de-exito\/copa-mundial-2010\/#webpage\",\"url\":\"http:\/\/dataminingsoccer.com\/es\/copa-mundial-y-euro\/indices-de-exito\/copa-mundial-2010\/\",\"name\":\"Copa Mundial 2010 - Pron\\u00f3sticos de Resultados de F\\u00fatbol\",\"isPartOf\":{\"@id\":\"http:\/\/dataminingsoccer.com\/es\/#website\"},\"primaryImageOfPage\":{\"@id\":\"http:\/\/dataminingsoccer.com\/es\/copa-mundial-y-euro\/indices-de-exito\/copa-mundial-2010\/#primaryimage\"},\"datePublished\":\"2014-06-18T20:18:43+00:00\",\"dateModified\":\"2014-07-05T00:22:34+00:00\",\"description\":\"Predicciones de resultados de f\\u00fatbol para la Copa Mundial 2010 en Sud\\u00e1frica: \\u00edndice de \\u00e9xito de nuestro software para varias categor\\u00edas de predicci\\u00f3n.\",\"inLanguage\":\"es\",\"potentialAction\":[{\"@type\":\"ReadAction\",\"target\":[\"http:\/\/dataminingsoccer.com\/es\/copa-mundial-y-euro\/indices-de-exito\/copa-mundial-2010\/\"]}]}]}<\/script>\n<!-- \/ Yoast SEO plugin. -->","_links":{"self":[{"href":"http:\/\/dataminingsoccer.com\/es\/wp-json\/wp\/v2\/pages\/1328"}],"collection":[{"href":"http:\/\/dataminingsoccer.com\/es\/wp-json\/wp\/v2\/pages"}],"about":[{"href":"http:\/\/dataminingsoccer.com\/es\/wp-json\/wp\/v2\/types\/page"}],"author":[{"embeddable":true,"href":"http:\/\/dataminingsoccer.com\/es\/wp-json\/wp\/v2\/users\/5"}],"replies":[{"embeddable":true,"href":"http:\/\/dataminingsoccer.com\/es\/wp-json\/wp\/v2\/comments?post=1328"}],"version-history":[{"count":10,"href":"http:\/\/dataminingsoccer.com\/es\/wp-json\/wp\/v2\/pages\/1328\/revisions"}],"predecessor-version":[{"id":1515,"href":"http:\/\/dataminingsoccer.com\/es\/wp-json\/wp\/v2\/pages\/1328\/revisions\/1515"}],"up":[{"embeddable":true,"href":"http:\/\/dataminingsoccer.com\/es\/wp-json\/wp\/v2\/pages\/1301"}],"wp:attachment":[{"href":"http:\/\/dataminingsoccer.com\/es\/wp-json\/wp\/v2\/media?parent=1328"}],"curies":[{"name":"wp","href":"https:\/\/api.w.org\/{rel}","templated":true}]}}