{"id":1301,"date":"2014-06-17T18:34:28","date_gmt":"2014-06-17T16:34:28","guid":{"rendered":"http:\/\/dataminingsoccer.com\/es\/?page_id=1301"},"modified":"2016-06-05T23:58:53","modified_gmt":"2016-06-05T21:58:53","slug":"indices-de-exito","status":"publish","type":"page","link":"http:\/\/dataminingsoccer.com\/es\/copa-mundial-y-euro\/indices-de-exito\/","title":{"rendered":"\u00cdndices de \u00c9xito"},"content":{"rendered":"<h2>Football Result Predictions for World &amp; Euro Cup<\/h2><p style=\"text-align: justify;\"><img loading=\"lazy\" class=\"alignnone size-full wp-image-1303\" src=\"http:\/\/dataminingsoccer.com\/es\/wp-content\/uploads\/sites\/4\/Campeon-Mundial-Trofeo-Copa.jpg\" alt=\"Campeon-Mundial-Trofeo-Copa\" width=\"23\" height=\"50\" \/> \u00a0\u00a0<img loading=\"lazy\" class=\"alignnone size-full wp-image-1302\" src=\"http:\/\/dataminingsoccer.com\/es\/wp-content\/uploads\/sites\/4\/Campeon-Europa-Trofeo-Copa.jpg\" alt=\"Campeon-Europa-Trofeo-Copa\" width=\"28\" height=\"50\" \/>\u00a0\u00a0\u00a0\u00a0 <img loading=\"lazy\" class=\"alignnone size-full wp-image-2941\" src=\"http:\/\/dataminingsoccer.com\/es\/wp-content\/uploads\/sites\/4\/Copa-America-Copa-m.png\" alt=\"Copa-America-Copa\" width=\"22\" height=\"51\" \/><\/p>\n<p style=\"text-align: justify;\">Aqu\u00ed puedes encontrar varios \u00edndices de \u00e9xito de nuestros pron\u00f3sticos para el Campeonato Mundial y el Campeonato de Europa.<\/p>\n<p style=\"text-align: justify;\">Puedes acceder a esta p\u00e1gina con \u00edndices de \u00e9xito bien en la barra de men\u00fa arriba a trav\u00e9s de <strong>&gt; Copa Mundial &amp; Euro &gt; \u00edndices de \u00e9xito &gt; competici\u00f3n<\/strong> de tu elecci\u00f3n, o a trav\u00e9s del men\u00fa desplegable \u2018<strong>nuestros \u00edndices de \u00e9xito para\u2026<\/strong>\u2018 a la derecha, o bien haciendo simplemente clic en un de los siguientes enlaces:<\/p>\n<p><img loading=\"lazy\" class=\"alignnone size-full wp-image-174\" src=\"http:\/\/dataminingsoccer.com\/es\/wp-content\/uploads\/sites\/4\/Copa-Mundial-2014-Brasil-Futbol-Resultados-Prediccion-s.png\" alt=\"Copa-Mundial-2014-Brasil-Futbol-Resultados-Prediccion\" width=\"19\" height=\"25\" \/>\u00a0\u00a0\u00a0\u00a0\u00a0 <a title=\"Mundial 2014: \u00cdndice de \u00c9xito para Pron\u00f3sticos\" href=\"http:\/\/dataminingsoccer.com\/es\/2014\/06\/18\/mundial-2014-indice-exito-para-pronosticos\/\">[F\u00fatbol Copa del Mundo de 2014 en Brasil]<\/a><br \/>\n<img loading=\"lazy\" class=\"alignnone size-full wp-image-170\" src=\"http:\/\/dataminingsoccer.com\/es\/wp-content\/uploads\/sites\/4\/Copa-Euro-2012-Polonia-Ucrania-Futbol-Resultados-Prediccion-s.png\" alt=\"Copa-Euro-2012-Polonia-Ucrania-Futbol-Resultados-Prediccion\" width=\"28\" height=\"25\" \/>\u00a0\u00a0 <a title=\"Campeonato de Europa 2012\" href=\"http:\/\/dataminingsoccer.com\/es\/copa-mundial-y-euro\/indices-de-exito\/championnat-deurope-2012\/\">[F\u00fatbol Copa Europa 2012 en Polonia y Ucrania]<\/a><br \/>\n<img loading=\"lazy\" class=\"alignnone size-full wp-image-927\" src=\"http:\/\/dataminingsoccer.com\/es\/wp-content\/uploads\/sites\/4\/Copa-Mundial-2010-Sudafrica-Futbol-Resultados-Prediccion-s.png\" alt=\"Copa-Mundial-2010-Sudafrica-Futbol-Resultados-Prediccion\" width=\"22\" height=\"25\" \/>\u00a0\u00a0\u00a0\u00a0 <a title=\"Copa Mundial 2010\" href=\"http:\/\/dataminingsoccer.com\/es\/copa-mundial-y-euro\/indices-de-exito\/copa-mundial-2010\/\">[F\u00fatbol Copa del Mundo 2010 en Sud\u00e1frica]<\/a><\/p>\n<p style=\"text-align: justify;\"><span id=\"result_box\" lang=\"es\"><span class=\"hps\">Los mejores<\/span> <span class=\"hps\">\u00edndices de \u00e9xito<\/span> <span class=\"hps\">para<\/span> <span class=\"hps\">los<\/span> <span class=\"hps\">torneos<\/span> <span class=\"hps\">previstos<\/span> <span class=\"hps\">hasta ahora:<\/span><br \/>\n<\/span><\/p>\n<ul>\n<li><span id=\"result_box\" lang=\"es\"><span class=\"hps\">Ganadores<\/span> <span class=\"hps\">de los grupos:<\/span> <span class=\"hps\">75<\/span>% <span class=\"hps\">en la Copa Euro<\/span><span class=\"hps\"> 2012<\/span>\u00a0(l<span id=\"result_box\" lang=\"es\">a p<span class=\"hps\">robabilidad<\/span> <span class=\"hps\">estad\u00edstica<\/span> <span class=\"hps\">ser\u00eda 25%<\/span><\/span>)<\/span><\/li>\n<li><span id=\"result_box\" lang=\"es\"><span class=\"hps\">Calificados de<\/span> <span class=\"hps\">los octavos de final<\/span>: <span class=\"hps\">81<\/span>%\u00a0<span class=\"hps\"><span id=\"result_box\" lang=\"es\"><span class=\"hps\">en la Copa Mundial<\/span><\/span> 2010<\/span>\u00a0(l<span id=\"result_box\" lang=\"es\">a p<span class=\"hps\">robabilidad<\/span> <span class=\"hps\">estad\u00edstica<\/span> <span class=\"hps\">ser\u00eda 50%<\/span><\/span>)<\/span><\/li>\n<li><span id=\"result_box\" lang=\"es\"><span class=\"hps\">Partidos de grupo<\/span>: <span class=\"hps\">52<\/span>%\u00a0<span class=\"hps\"><span id=\"result_box\" lang=\"es\"><span class=\"hps\"><span id=\"result_box\" lang=\"es\"><span class=\"hps\">en la Copa Mundial<\/span><\/span><\/span><\/span> 2014<\/span>\u00a0(l<span id=\"result_box\" lang=\"es\">a p<span class=\"hps\">robabilidad<\/span> <span class=\"hps\">estad\u00edstica<\/span> <span class=\"hps\">ser\u00eda 33%<\/span><\/span>);\u00a0<span id=\"result_box\" lang=\"es\"><span id=\"result_box\" lang=\"es\"><span class=\"hps\">referencia (benchmark)<\/span><\/span> <span class=\"hps\">superada<\/span>: Bloomberg <span class=\"hps atn\">(<\/span>44%) y <span class=\"hps\">Goldman<\/span> <span class=\"hps\">Sachs<\/span> <span class=\"hps atn\">(<\/span>38%)<\/span><br \/>\n<\/span><\/li>\n<li><span id=\"result_box\" lang=\"es\"><span class=\"hps\">Mejor<\/span> pron\u00f3stico para un <span class=\"hps\">solo grupo<\/span>: <span class=\"hps\">83<\/span>%\u00a0<span class=\"hps\"><span id=\"result_box\" lang=\"es\"><span class=\"hps\"><span id=\"result_box\" lang=\"es\"><span class=\"hps\">en la Copa Mundial<\/span><\/span><\/span><\/span> 2014<\/span>\u00a0(l<span id=\"result_box\" lang=\"es\">a p<span class=\"hps\">robabilidad<\/span> <span class=\"hps\">estad\u00edstica<\/span> <span class=\"hps\">ser\u00eda 33%<\/span><\/span>)<\/span><\/li>\n<li>Equipos en las semifinales: 75% <span id=\"result_box\" lang=\"es\"><span class=\"hps\"><span id=\"result_box\" lang=\"es\"><span class=\"hps\"><span id=\"result_box\" lang=\"es\"><span class=\"hps\">en la Copa Mundial<\/span><\/span><\/span><\/span> 2014<\/span>\u00a0(l<span id=\"result_box\" lang=\"es\">a p<span class=\"hps\">robabilidad<\/span> <span class=\"hps\">estad\u00edstica<\/span> <span class=\"hps\">ser\u00eda 12,5%<\/span><\/span>)<\/span><\/li>\n<li>Ganadores de las finales durante la fase eliminatoria: 88% <span id=\"result_box\" lang=\"es\"><span class=\"hps\"><span id=\"result_box\" lang=\"es\"><span class=\"hps\"><span id=\"result_box\" lang=\"es\"><span class=\"hps\">en la Copa Mundial<\/span><\/span><\/span><\/span> 2014<\/span>\u00a0(l<span id=\"result_box\" lang=\"es\">a p<span class=\"hps\">robabilidad<\/span> <span class=\"hps\">estad\u00edstica<\/span> <span class=\"hps\">ser\u00eda 50%<\/span><\/span>)<\/span><\/li>\n<\/ul>\n<p style=\"text-align: justify;\"><img loading=\"lazy\" class=\"alignnone size-full wp-image-1303\" src=\"http:\/\/dataminingsoccer.com\/es\/wp-content\/uploads\/sites\/4\/Campeon-Mundial-Trofeo-Copa.jpg\" alt=\"Campeon-Mundial-Trofeo-Copa\" width=\"23\" height=\"50\" \/> \u00a0\u00a0<img loading=\"lazy\" class=\"alignnone size-full wp-image-1302\" src=\"http:\/\/dataminingsoccer.com\/es\/wp-content\/uploads\/sites\/4\/Campeon-Europa-Trofeo-Copa.jpg\" alt=\"Campeon-Europa-Trofeo-Copa\" width=\"28\" height=\"50\" \/>\u00a0\u00a0\u00a0\u00a0 <img loading=\"lazy\" class=\"alignnone size-full wp-image-2941\" src=\"http:\/\/dataminingsoccer.com\/es\/wp-content\/uploads\/sites\/4\/Copa-America-Copa-m.png\" alt=\"Copa-America-Copa\" width=\"22\" height=\"51\" \/><\/p>\n","protected":false},"excerpt":{"rendered":"<p>Football Result Predictions for World &amp; Euro Cup \u00a0\u00a0\u00a0\u00a0\u00a0\u00a0 Aqu\u00ed puedes encontrar varios \u00edndices de \u00e9xito de nuestros pron\u00f3sticos para el Campeonato Mundial y el Campeonato de Europa. Puedes acceder a esta p\u00e1gina con \u00edndices de \u00e9xito bien en la barra de men\u00fa arriba a trav\u00e9s de &gt; Copa Mundial &amp; Euro &gt; \u00edndices de &hellip; <a href=\"http:\/\/dataminingsoccer.com\/es\/copa-mundial-y-euro\/indices-de-exito\/\" class=\"more-link\">Seguir leyendo <span class=\"screen-reader-text\">\u00cdndices de \u00c9xito<\/span> <span class=\"meta-nav\">&rarr;<\/span><\/a><\/p>\n","protected":false},"author":5,"featured_media":0,"parent":28,"menu_order":30,"comment_status":"closed","ping_status":"closed","template":"","meta":[],"yoast_head":"<!-- This site is optimized with the Yoast SEO plugin v14.8 - https:\/\/yoast.com\/wordpress\/plugins\/seo\/ -->\n<meta name=\"description\" content=\"Fussball Ergebnis-Vorhersagen f\u00fcr Weltmeisterschaft und Europameisterschaft: Treffer-Quoten unserer Software f\u00fcr verschiedene Vorhersage-Kategorien.\" \/>\n<meta name=\"robots\" content=\"index, follow\" \/>\n<meta name=\"googlebot\" content=\"index, follow, max-snippet:-1, max-image-preview:large, max-video-preview:-1\" \/>\n<meta name=\"bingbot\" content=\"index, follow, max-snippet:-1, max-image-preview:large, max-video-preview:-1\" \/>\n<link rel=\"canonical\" href=\"http:\/\/dataminingsoccer.com\/es\/copa-mundial-y-euro\/indices-de-exito\/\" \/>\n<script type=\"application\/ld+json\" class=\"yoast-schema-graph\">{\"@context\":\"https:\/\/schema.org\",\"@graph\":[{\"@type\":\"WebSite\",\"@id\":\"http:\/\/dataminingsoccer.com\/es\/#website\",\"url\":\"http:\/\/dataminingsoccer.com\/es\/\",\"name\":\"Pron\\u00f3sticos de Resultados de F\\u00fatbol\",\"description\":\"basado sobre an\\u00e1lisis estad\\u00edsticos utilizando data mining.. Amamos el f\\u00fatbol! Y nos encantan los juegos con n\\u00fameros!\",\"potentialAction\":[{\"@type\":\"SearchAction\",\"target\":\"http:\/\/dataminingsoccer.com\/es\/?s={search_term_string}\",\"query-input\":\"required name=search_term_string\"}],\"inLanguage\":\"es\"},{\"@type\":\"ImageObject\",\"@id\":\"http:\/\/dataminingsoccer.com\/es\/copa-mundial-y-euro\/indices-de-exito\/#primaryimage\",\"inLanguage\":\"es\",\"url\":\"http:\/\/dataminingsoccer.com\/es\/wp-content\/uploads\/sites\/4\/Campeon-Mundial-Trofeo-Copa.jpg\",\"width\":23,\"height\":50,\"caption\":\"Campeon-Mundial-Trofeo-Copa\"},{\"@type\":\"WebPage\",\"@id\":\"http:\/\/dataminingsoccer.com\/es\/copa-mundial-y-euro\/indices-de-exito\/#webpage\",\"url\":\"http:\/\/dataminingsoccer.com\/es\/copa-mundial-y-euro\/indices-de-exito\/\",\"name\":\"\\u00cdndices de \\u00c9xito - Pron\\u00f3sticos de Resultados de F\\u00fatbol\",\"isPartOf\":{\"@id\":\"http:\/\/dataminingsoccer.com\/es\/#website\"},\"primaryImageOfPage\":{\"@id\":\"http:\/\/dataminingsoccer.com\/es\/copa-mundial-y-euro\/indices-de-exito\/#primaryimage\"},\"datePublished\":\"2014-06-17T16:34:28+00:00\",\"dateModified\":\"2016-06-05T21:58:53+00:00\",\"description\":\"Fussball Ergebnis-Vorhersagen f\\u00fcr Weltmeisterschaft und Europameisterschaft: Treffer-Quoten unserer Software f\\u00fcr verschiedene Vorhersage-Kategorien.\",\"inLanguage\":\"es\",\"potentialAction\":[{\"@type\":\"ReadAction\",\"target\":[\"http:\/\/dataminingsoccer.com\/es\/copa-mundial-y-euro\/indices-de-exito\/\"]}]}]}<\/script>\n<!-- \/ Yoast SEO plugin. -->","_links":{"self":[{"href":"http:\/\/dataminingsoccer.com\/es\/wp-json\/wp\/v2\/pages\/1301"}],"collection":[{"href":"http:\/\/dataminingsoccer.com\/es\/wp-json\/wp\/v2\/pages"}],"about":[{"href":"http:\/\/dataminingsoccer.com\/es\/wp-json\/wp\/v2\/types\/page"}],"author":[{"embeddable":true,"href":"http:\/\/dataminingsoccer.com\/es\/wp-json\/wp\/v2\/users\/5"}],"replies":[{"embeddable":true,"href":"http:\/\/dataminingsoccer.com\/es\/wp-json\/wp\/v2\/comments?post=1301"}],"version-history":[{"count":9,"href":"http:\/\/dataminingsoccer.com\/es\/wp-json\/wp\/v2\/pages\/1301\/revisions"}],"predecessor-version":[{"id":2945,"href":"http:\/\/dataminingsoccer.com\/es\/wp-json\/wp\/v2\/pages\/1301\/revisions\/2945"}],"up":[{"embeddable":true,"href":"http:\/\/dataminingsoccer.com\/es\/wp-json\/wp\/v2\/pages\/28"}],"wp:attachment":[{"href":"http:\/\/dataminingsoccer.com\/es\/wp-json\/wp\/v2\/media?parent=1301"}],"curies":[{"name":"wp","href":"https:\/\/api.w.org\/{rel}","templated":true}]}}