{"id":2561,"date":"2014-09-02T21:41:29","date_gmt":"2014-09-02T19:41:29","guid":{"rendered":"http:\/\/dataminingsoccer.com\/en\/?page_id=2561"},"modified":"2016-06-05T23:58:00","modified_gmt":"2016-06-05T21:58:00","slug":"predictions","status":"publish","type":"page","link":"http:\/\/dataminingsoccer.com\/en\/world-cup-and-euro-cup\/predictions\/","title":{"rendered":"Predictions"},"content":{"rendered":"<h2>Fussball Ergebnis Vorhersagen mittels Data Mining<\/h2><p style=\"text-align: justify;\"><img loading=\"lazy\" class=\"alignnone size-full wp-image-1366\" src=\"http:\/\/dataminingsoccer.com\/en\/wp-content\/uploads\/sites\/3\/World-Championship-Cup-Trophy.jpg\" alt=\"World-Championship-Cup-Trophy\" width=\"23\" height=\"50\" \/> \u00a0\u00a0<img loading=\"lazy\" class=\"alignnone size-full wp-image-1365\" src=\"http:\/\/dataminingsoccer.com\/en\/wp-content\/uploads\/sites\/3\/European-Championship-Cup-Trophy.jpg\" alt=\"European-Championship-Cup-Trophy\" width=\"28\" height=\"50\" \/>\u00a0\u00a0\u00a0\u00a0 <img loading=\"lazy\" class=\"alignnone size-full wp-image-3121\" src=\"http:\/\/dataminingsoccer.com\/en\/wp-content\/uploads\/sites\/3\/Copa-America-Cup-m.png\" alt=\"Copa-America-Cup\" width=\"22\" height=\"51\" \/><\/p>\n<p style=\"text-align: justify;\">For any World Cup or any European Championship of your choice you see here all matches predicted by us, as well as the corresponding actual results.<\/p>\n<p style=\"text-align: justify;\">You can access this page with predictions and real results either in the menu bar above via <strong>&gt; World CUP &amp; continentals &gt; <strong>predictions<\/strong> &gt; competition<\/strong> of your choice, or via the drop down menu \u2018<strong>our predictions for\u2026<\/strong>\u2018 on the right hand side, or simply by clicking one of the following links:<\/p>\n<p><img loading=\"lazy\" class=\"alignnone size-full wp-image-3055\" src=\"http:\/\/dataminingsoccer.com\/en\/wp-content\/uploads\/sites\/3\/Euro-Cup-2016-France-Football-Result-Predictions-s.png\" alt=\"Euro-Cup-2016-France-Football-Result-Predictions\" width=\"25\" height=\"25\" \/> <a href=\"http:\/\/dataminingsoccer.com\/en\/world-cup-and-euro-cup\/predictions\/european-championship-2016\/\">[European Football Championship 2016 in France]<br \/>\n<\/a><img loading=\"lazy\" class=\"alignnone size-full wp-image-3077\" src=\"http:\/\/dataminingsoccer.com\/en\/wp-content\/uploads\/sites\/3\/Copa-America-2016-USA-football-result-prediction-s.png\" alt=\"Copa-America-2016-USA-football-result-prediction\" width=\"25\" height=\"25\" \/> <a href=\"http:\/\/dataminingsoccer.com\/en\/world-cup-and-euro-cup\/predictions\/copa-america-2016\/\">[Copa Am\u00e9rica in the USA]<\/a><br \/>\n<img loading=\"lazy\" class=\"alignnone size-full wp-image-187\" src=\"http:\/\/dataminingsoccer.com\/en\/wp-content\/uploads\/sites\/3\/World-Cup-2014-Brazil-Football-Result-Predictions-s.png\" alt=\"World-Cup-2014-Brazil-Football-Result-Predictions\" width=\"19\" height=\"25\" \/>\u00a0<a title=\"World Championship 2014\" href=\"http:\/\/dataminingsoccer.com\/en\/world-cup-and-euro-cup\/world-championship-2014\/\">[Football World Cup 2014 in Brazil]<\/a><br \/>\n<img loading=\"lazy\" class=\"alignnone size-full wp-image-173\" src=\"http:\/\/dataminingsoccer.com\/en\/wp-content\/uploads\/sites\/3\/Euro-Cup-2012-Poland-Ukraine-Football-Result-Predictions-s.png\" alt=\"Euro-Cup-2012-Poland-Ukraine-Football-Result-Predictions\" width=\"28\" height=\"25\" \/>\u00a0<a title=\"European Championship 2012\" href=\"http:\/\/dataminingsoccer.com\/en\/world-cup-and-euro-cup\/european-championship-2012\/\">[European Football Championship 2012 in Poland and Ukraine]<\/a><br \/>\n<img loading=\"lazy\" class=\"alignnone size-full wp-image-185\" src=\"http:\/\/dataminingsoccer.com\/en\/wp-content\/uploads\/sites\/3\/World-Cup-2010-South-Africa-Football-Result-Predictions-s.png\" alt=\"World-Cup-2010-South-Africa-Football-Result-Predictions\" width=\"22\" height=\"25\" \/>\u00a0<a title=\"World Championship 2010\" href=\"http:\/\/dataminingsoccer.com\/en\/world-cup-and-euro-cup\/world-championship-2010\/\">[Football World Cup 2010 in South Africa]<\/a><\/p>\n<p style=\"text-align: justify;\">For the recent competitions you can also get our complete original forecast for the entire tournament up to the final, calculated statistically even before the first match started.<\/p>\n<p style=\"text-align: justify;\"><img loading=\"lazy\" class=\"alignnone size-full wp-image-1366\" src=\"http:\/\/dataminingsoccer.com\/en\/wp-content\/uploads\/sites\/3\/World-Championship-Cup-Trophy.jpg\" alt=\"World-Championship-Cup-Trophy\" width=\"23\" height=\"50\" \/> \u00a0\u00a0<img loading=\"lazy\" class=\"alignnone size-full wp-image-1365\" src=\"http:\/\/dataminingsoccer.com\/en\/wp-content\/uploads\/sites\/3\/European-Championship-Cup-Trophy.jpg\" alt=\"European-Championship-Cup-Trophy\" width=\"28\" height=\"50\" \/>\u00a0\u00a0\u00a0\u00a0 <img loading=\"lazy\" class=\"alignnone size-full wp-image-3121\" src=\"http:\/\/dataminingsoccer.com\/en\/wp-content\/uploads\/sites\/3\/Copa-America-Cup-m.png\" alt=\"Copa-America-Cup\" width=\"22\" height=\"51\" \/><\/p>\n","protected":false},"excerpt":{"rendered":"<p>Fussball Ergebnis Vorhersagen mittels Data Mining \u00a0\u00a0\u00a0\u00a0\u00a0\u00a0 For any World Cup or any European Championship of your choice you see here all matches predicted by us, as well as the corresponding actual results. You can access this page with predictions and real results either in the menu bar above via &gt; World CUP &amp; continentals &hellip; <a href=\"http:\/\/dataminingsoccer.com\/en\/world-cup-and-euro-cup\/predictions\/\" class=\"more-link\">Continue reading <span class=\"screen-reader-text\">Predictions<\/span> <span class=\"meta-nav\">&rarr;<\/span><\/a><\/p>\n","protected":false},"author":4,"featured_media":0,"parent":33,"menu_order":10,"comment_status":"closed","ping_status":"closed","template":"","meta":[],"yoast_head":"<!-- This site is optimized with the Yoast SEO plugin v14.8 - https:\/\/yoast.com\/wordpress\/plugins\/seo\/ -->\n<meta name=\"description\" content=\"Pr\u00e9diction de r\u00e9sultats de football de la Coupe du Monde &amp; d&#039;Europe bas\u00e9 sur les analyses statistiques utilisant un logiciel data mining.\" \/>\n<meta name=\"robots\" content=\"index, follow\" \/>\n<meta name=\"googlebot\" content=\"index, follow, max-snippet:-1, max-image-preview:large, max-video-preview:-1\" \/>\n<meta name=\"bingbot\" content=\"index, follow, max-snippet:-1, max-image-preview:large, max-video-preview:-1\" \/>\n<link rel=\"canonical\" href=\"http:\/\/dataminingsoccer.com\/en\/world-cup-and-euro-cup\/predictions\/\" \/>\n<script type=\"application\/ld+json\" class=\"yoast-schema-graph\">{\"@context\":\"https:\/\/schema.org\",\"@graph\":[{\"@type\":\"WebSite\",\"@id\":\"http:\/\/dataminingsoccer.com\/en\/#website\",\"url\":\"http:\/\/dataminingsoccer.com\/en\/\",\"name\":\"Football Result Predictions\",\"description\":\"based on statistical analyses using data mining.. We love football! We love number games!\",\"potentialAction\":[{\"@type\":\"SearchAction\",\"target\":\"http:\/\/dataminingsoccer.com\/en\/?s={search_term_string}\",\"query-input\":\"required name=search_term_string\"}],\"inLanguage\":\"en-US\"},{\"@type\":\"ImageObject\",\"@id\":\"http:\/\/dataminingsoccer.com\/en\/world-cup-and-euro-cup\/predictions\/#primaryimage\",\"inLanguage\":\"en-US\",\"url\":\"http:\/\/dataminingsoccer.com\/en\/wp-content\/uploads\/sites\/3\/World-Championship-Cup-Trophy.jpg\",\"width\":23,\"height\":50,\"caption\":\"World-Championship-Cup-Trophy\"},{\"@type\":\"WebPage\",\"@id\":\"http:\/\/dataminingsoccer.com\/en\/world-cup-and-euro-cup\/predictions\/#webpage\",\"url\":\"http:\/\/dataminingsoccer.com\/en\/world-cup-and-euro-cup\/predictions\/\",\"name\":\"Predictions - Football Result Predictions\",\"isPartOf\":{\"@id\":\"http:\/\/dataminingsoccer.com\/en\/#website\"},\"primaryImageOfPage\":{\"@id\":\"http:\/\/dataminingsoccer.com\/en\/world-cup-and-euro-cup\/predictions\/#primaryimage\"},\"datePublished\":\"2014-09-02T19:41:29+00:00\",\"dateModified\":\"2016-06-05T21:58:00+00:00\",\"description\":\"Pr\\u00e9diction de r\\u00e9sultats de football de la Coupe du Monde & d'Europe bas\\u00e9 sur les analyses statistiques utilisant un logiciel data mining.\",\"inLanguage\":\"en-US\",\"potentialAction\":[{\"@type\":\"ReadAction\",\"target\":[\"http:\/\/dataminingsoccer.com\/en\/world-cup-and-euro-cup\/predictions\/\"]}]}]}<\/script>\n<!-- \/ Yoast SEO plugin. -->","_links":{"self":[{"href":"http:\/\/dataminingsoccer.com\/en\/wp-json\/wp\/v2\/pages\/2561"}],"collection":[{"href":"http:\/\/dataminingsoccer.com\/en\/wp-json\/wp\/v2\/pages"}],"about":[{"href":"http:\/\/dataminingsoccer.com\/en\/wp-json\/wp\/v2\/types\/page"}],"author":[{"embeddable":true,"href":"http:\/\/dataminingsoccer.com\/en\/wp-json\/wp\/v2\/users\/4"}],"replies":[{"embeddable":true,"href":"http:\/\/dataminingsoccer.com\/en\/wp-json\/wp\/v2\/comments?post=2561"}],"version-history":[{"count":7,"href":"http:\/\/dataminingsoccer.com\/en\/wp-json\/wp\/v2\/pages\/2561\/revisions"}],"predecessor-version":[{"id":3125,"href":"http:\/\/dataminingsoccer.com\/en\/wp-json\/wp\/v2\/pages\/2561\/revisions\/3125"}],"up":[{"embeddable":true,"href":"http:\/\/dataminingsoccer.com\/en\/wp-json\/wp\/v2\/pages\/33"}],"wp:attachment":[{"href":"http:\/\/dataminingsoccer.com\/en\/wp-json\/wp\/v2\/media?parent=2561"}],"curies":[{"name":"wp","href":"https:\/\/api.w.org\/{rel}","templated":true}]}}