{"id":1565,"date":"2014-07-03T02:32:30","date_gmt":"2014-07-03T00:32:30","guid":{"rendered":"http:\/\/dataminingsoccer.com\/en\/?page_id=1565"},"modified":"2014-07-16T22:58:11","modified_gmt":"2014-07-16T20:58:11","slug":"videos-created-by-us","status":"publish","type":"page","link":"http:\/\/dataminingsoccer.com\/en\/videos\/videos-created-by-us\/","title":{"rendered":"Videos created by us"},"content":{"rendered":"<h2>Infotainment Videos about Football and Statistics <\/h2><p style=\"text-align: justify;\">Below you find a number of our own infotainment videos about football and statistics.<\/p>\n<p style=\"text-align: justify;\">World Cup 2014 highlights:<\/p>\n<p><iframe width=\"560\" height=\"315\" src=\"\/\/www.youtube-nocookie.com\/embed\/fLVxekT_CZ0?rel=0\" frameborder=\"0\" allowfullscreen><\/iframe><\/p>\n<p style=\"text-align: justify;\">With tweets by DataMiningSoccer and images by 8bit-football.com: Ronaldo, Donovan, Fred, van Persie, Casillas, Hart, Balotelli, Seferovic, Benzema, Messi, Pepe, M\u00fcller, Brooks, Fellaini, Ochoa, Akinfeev, Cahill, Mandzukic, Song, Buffon, Ruiz, Valbuena, Giroud, Klose, Slimani, Howard, Varela, Suarez, Chiellini, Samaras, Sabella, Lavezzi, Noboa, Jones, Julio Cesar, James Rogriquez, Huntelaar, Herrera, Gekas, Navas, Matuidi, Onazi, L\u00f6w, Neuer, Di Maria, Dempsey, Luiz, Neymar, Zuniga, Robben, Cillessen, Krul, Scolari, van Gaal, Kroos, Khedira, Sch\u00fcrrle, Garay, G\u00f6tze, Romero, Cristo Redentor.<\/p>\n<p style=\"text-align: justify;\"><span class=\"hps\">By the way, we<\/span> <span class=\"hps\">always try<\/span> <span class=\"hps\">to list<\/span> <span class=\"hps\">all sources and<\/span> (<span class=\"hps\">involuntary)<\/span> <span class=\"hps\">contributors<\/span> <span class=\"hps\">as authors<\/span>. In case you identify a not yet mentioned <span class=\"hps\">source<\/span> we <span class=\"hps\">would<\/span> <span class=\"hps\">appreciate your hint<\/span> <span class=\"hps\">via<\/span> <a title=\"Contact\" href=\"http:\/\/dataminingsoccer.com\/en\/contact\/\"><span class=\"hps atn\">[<\/span>contact]<\/a>.<\/p>\n<p style=\"text-align: justify;\"><span id=\"result_box\" lang=\"en\"><span class=\"hps\">Currently<\/span> <span class=\"hps\">in<\/span> <span class=\"hps\">production<\/span> <span class=\"hps\">are<\/span> <span class=\"hps\">videos<\/span> <span class=\"hps atn\">with the (<\/span>involuntary) <span class=\"hps\">participation of<\/span>: <\/span><\/p>\n<p style=\"text-align: justify;\">David Alaba, Karl Allg\u00f6wer, Rudi Assauer, Klaus Augenthaler, Michael Ballack, Mario Basler, Franz Beckenbauer, Oliver Bierhoff, Sepp Blatter, Egidius Braun, Eintracht Braunschweiger Fankurve, Paul Breitner, Manni Breuckmann, Jochen Breyer, Guido Buchwald, Reiner Calmund, Sarah Connor, Christoph Daum, Norbert Dickel, Thomas Doll, Stefan Effenberg, Kurt Emmerich, Edi Finger, Danny Fritz, Stefan Galler, Eduard Geyer, Helmut Grashoff, Kevin Gro\u00dfkreutz, Pep Guardiola, Bruno Labbadia, Werner Hansch, Waldemar Hartmann, Horst Heldt, Jupp Heynckes, Timo Hildebrand, Dieter Hoene\u00df, Uli Hoene\u00df, Benedikt H\u00f6wedes, Horst Hrubesch, Hans Huber, G\u00fcnther Jauch, Oliver Kahn, Thomas Killian, J\u00fcrgen Klinsmann, J\u00fcrgen Klopp, Miroslav Klose, Willi Konrad, Kevin Kuranyi, Udo Lattek, Willi Lemke, Detlev Lindner, Willi Lippens, Jogi L\u00f6w, Werner Lorant, Felix Magath, Sepp Maier, Lothar Matth\u00e4us, Gerhard Mayervorfelder, Per Mertesacker, Hans Meyer, Rudi Michel, Andreas M\u00f6ller, G\u00fcnter Netzer, Jose Mourinho, Thomas M\u00fcller, Manuel Neuer, G\u00fcnther Neukirchner, Peter Neururer, Matthias Opdenh\u00f6vel, Peter Pacult, Toni Pfeffer, Martin Pieckenhagen, Lukas Podolski, Roy Pr\u00e4ger, Petar Radenkovic, Judith Rakers, Ralf Rangnick, Otto Rehhagel, B\u00e9la R\u00e9thy, Erich Ribbeck, Frank Rost, Gerd Rubenbauer, Karl-Heinz Rummenigge, Matthias Sammer, Thomas Schaaf, Winfried Sch\u00e4fer, Klaus Schlappner, Harald Schmidt, Helge Schneider, Mehmet Scholl, Helmut Schulte, Dirk Schuster, Steffen Simon, Dragoslav Stepanovic, J\u00f6rg Stiel, Uli Stielike, Christian Streich, Carmen Thomas, Giovanni Trapattoni, Louis van Gaal, Thomas Feltes, Gertjan Verbeek, Berti Vogts, Rudi V\u00f6ller, Sven Voss, Fritz Walter, Oliver Welke, Robert Wieschemann, Kenneth Wolstenholme, J\u00f6rg Wontorra, Christian Ziege, Herbert Zimmermann.<\/p>\n<p style=\"text-align: justify;\"><a title=\"Videos created by us\" href=\"http:\/\/dataminingsoccer.com\/en\/videos-created-by-us\/\"><img loading=\"lazy\" class=\"alignnone size-full wp-image-926\" src=\"http:\/\/dataminingsoccer.com\/en\/wp-content\/uploads\/sites\/3\/Data-Mining-Soccer-top-of-page-m.png\" alt=\"Data-Mining-Soccer-top-of-page\" width=\"50\" height=\"50\" \/><\/a>\u00a0\u00a0\u00a0\u00a0 <a href=\"http:\/\/dataminingsoccer.com\/en\/\"><img loading=\"lazy\" class=\"alignnone size-full wp-image-924\" src=\"http:\/\/dataminingsoccer.com\/en\/wp-content\/uploads\/sites\/3\/Data-Mining-Soccer-football-result-prediction-m.png\" alt=\"Data-Mining-Soccer-football-result-prediction\" width=\"50\" height=\"50\" \/><\/a>\u00a0\u00a0\u00a0\u00a0 <a title=\"DataMiningSoccer (English) @Twitter\" href=\"http:\/\/twitter.com\/DataMinSoccerEN\" target=\"_blank\"><img loading=\"lazy\" class=\"alignnone size-full wp-image-1304\" src=\"http:\/\/dataminingsoccer.com\/en\/wp-content\/uploads\/sites\/3\/Twitter-Data-Mining-Soccer.png\" alt=\"Twitter-Data-Mining-Soccer\" width=\"50\" height=\"50\" \/><\/a>\u00a0\u00a0\u00a0\u00a0 <a title=\"DataMiningSoccer (English) @Facebook\" href=\"http:\/\/www.facebook.com\/dataminingsoccer\" target=\"_blank\"><img loading=\"lazy\" class=\"alignnone size-full wp-image-1300\" src=\"http:\/\/dataminingsoccer.com\/en\/wp-content\/uploads\/sites\/3\/Facebook-Data-Mining-Soccer.png\" alt=\"Facebook-Data-Mining-Soccer\" width=\"50\" height=\"50\" \/><\/a>\u00a0\u00a0\u00a0\u00a0 <a title=\"DataMiningSoccer @YouTube\" href=\"http:\/\/www.youtube.com\/channel\/UCxGBQc_ziGx_Ylgc0k94QWg\" target=\"_blank\"><img loading=\"lazy\" class=\"alignnone size-full wp-image-1306\" src=\"http:\/\/dataminingsoccer.com\/en\/wp-content\/uploads\/sites\/3\/YouTube-Data-Mining-Soccer.png\" alt=\"YouTube-Data-Mining-Soccer\" width=\"50\" height=\"50\" \/><\/a><\/p>\n","protected":false},"excerpt":{"rendered":"<p>Infotainment Videos about Football and Statistics Below you find a number of our own infotainment videos about football and statistics. World Cup 2014 highlights: With tweets by DataMiningSoccer and images by 8bit-football.com: Ronaldo, Donovan, Fred, van Persie, Casillas, Hart, Balotelli, Seferovic, Benzema, Messi, Pepe, M\u00fcller, Brooks, Fellaini, Ochoa, Akinfeev, Cahill, Mandzukic, Song, Buffon, Ruiz, Valbuena, &hellip; <a href=\"http:\/\/dataminingsoccer.com\/en\/videos\/videos-created-by-us\/\" class=\"more-link\">Continue reading <span class=\"screen-reader-text\">Videos created by us<\/span> <span class=\"meta-nav\">&rarr;<\/span><\/a><\/p>\n","protected":false},"author":4,"featured_media":0,"parent":1564,"menu_order":10,"comment_status":"closed","ping_status":"closed","template":"","meta":[],"yoast_head":"<!-- This site is optimized with the Yoast SEO plugin v14.8 - https:\/\/yoast.com\/wordpress\/plugins\/seo\/ -->\n<meta name=\"description\" content=\"Infotainment videos by DataMiningSoccer about our core topics football and statistics\" \/>\n<meta name=\"robots\" content=\"index, follow\" \/>\n<meta name=\"googlebot\" content=\"index, follow, max-snippet:-1, max-image-preview:large, max-video-preview:-1\" \/>\n<meta name=\"bingbot\" content=\"index, follow, max-snippet:-1, max-image-preview:large, max-video-preview:-1\" \/>\n<link rel=\"canonical\" href=\"https:\/\/dataminingsoccer.com\/en\/videos\/videos-created-by-us\/\" \/>\n<script type=\"application\/ld+json\" class=\"yoast-schema-graph\">{\"@context\":\"https:\/\/schema.org\",\"@graph\":[{\"@type\":\"WebSite\",\"@id\":\"http:\/\/dataminingsoccer.com\/en\/#website\",\"url\":\"http:\/\/dataminingsoccer.com\/en\/\",\"name\":\"Football Result Predictions\",\"description\":\"based on statistical analyses using data mining.. We love football! We love number games!\",\"potentialAction\":[{\"@type\":\"SearchAction\",\"target\":\"http:\/\/dataminingsoccer.com\/en\/?s={search_term_string}\",\"query-input\":\"required name=search_term_string\"}],\"inLanguage\":\"en-US\"},{\"@type\":\"ImageObject\",\"@id\":\"https:\/\/dataminingsoccer.com\/en\/videos\/videos-created-by-us\/#primaryimage\",\"inLanguage\":\"en-US\",\"url\":\"http:\/\/dataminingsoccer.com\/en\/wp-content\/uploads\/sites\/3\/Data-Mining-Soccer-top-of-page-m.png\",\"width\":50,\"height\":50,\"caption\":\"top of page\"},{\"@type\":\"WebPage\",\"@id\":\"https:\/\/dataminingsoccer.com\/en\/videos\/videos-created-by-us\/#webpage\",\"url\":\"https:\/\/dataminingsoccer.com\/en\/videos\/videos-created-by-us\/\",\"name\":\"Videos created by us - Football Result Predictions\",\"isPartOf\":{\"@id\":\"http:\/\/dataminingsoccer.com\/en\/#website\"},\"primaryImageOfPage\":{\"@id\":\"https:\/\/dataminingsoccer.com\/en\/videos\/videos-created-by-us\/#primaryimage\"},\"datePublished\":\"2014-07-03T00:32:30+00:00\",\"dateModified\":\"2014-07-16T20:58:11+00:00\",\"description\":\"Infotainment videos by DataMiningSoccer about our core topics football and statistics\",\"inLanguage\":\"en-US\",\"potentialAction\":[{\"@type\":\"ReadAction\",\"target\":[\"https:\/\/dataminingsoccer.com\/en\/videos\/videos-created-by-us\/\"]}]}]}<\/script>\n<!-- \/ Yoast SEO plugin. -->","_links":{"self":[{"href":"http:\/\/dataminingsoccer.com\/en\/wp-json\/wp\/v2\/pages\/1565"}],"collection":[{"href":"http:\/\/dataminingsoccer.com\/en\/wp-json\/wp\/v2\/pages"}],"about":[{"href":"http:\/\/dataminingsoccer.com\/en\/wp-json\/wp\/v2\/types\/page"}],"author":[{"embeddable":true,"href":"http:\/\/dataminingsoccer.com\/en\/wp-json\/wp\/v2\/users\/4"}],"replies":[{"embeddable":true,"href":"http:\/\/dataminingsoccer.com\/en\/wp-json\/wp\/v2\/comments?post=1565"}],"version-history":[{"count":12,"href":"http:\/\/dataminingsoccer.com\/en\/wp-json\/wp\/v2\/pages\/1565\/revisions"}],"predecessor-version":[{"id":1777,"href":"http:\/\/dataminingsoccer.com\/en\/wp-json\/wp\/v2\/pages\/1565\/revisions\/1777"}],"up":[{"embeddable":true,"href":"http:\/\/dataminingsoccer.com\/en\/wp-json\/wp\/v2\/pages\/1564"}],"wp:attachment":[{"href":"http:\/\/dataminingsoccer.com\/en\/wp-json\/wp\/v2\/media?parent=1565"}],"curies":[{"name":"wp","href":"https:\/\/api.w.org\/{rel}","templated":true}]}}