{"id":90,"date":"2013-09-11T21:46:20","date_gmt":"2013-09-11T19:46:20","guid":{"rendered":"http:\/\/dataminingsoccer.com\/de\/?page_id=90"},"modified":"2015-07-26T00:40:14","modified_gmt":"2015-07-25T22:40:14","slug":"deutschland","status":"publish","type":"page","link":"http:\/\/dataminingsoccer.com\/de\/deutschland\/","title":{"rendered":"Deutschland"},"content":{"rendered":"<h2>Fussball Ergebnis Vorhersagen mittels Data Mining<\/h2><p style=\"text-align: justify;\"><img loading=\"lazy\" src=\"http:\/\/dataminingsoccer.com\/de\/wp-content\/uploads\/sites\/2\/Bundesliga-Fussball-Ergebnis-Vorhersagen-s.png\" alt=\"Bundesliga-Fussball-Ergebnis-Vorhersagen-s\" width=\"59\" height=\"50\" \/>\u00a0\u00a0\u00a0\u00a0 <img src=\"http:\/\/dataminingsoccer.com\/wp-content\/uploads\/league-logos\/Liga-3-Fussball-Ergebnis-Vorhersagen.png\" alt=\"Liga-3-Fussball-Ergebnis-Vorhersagen\" \/>\u00a0 \u00a0 \u00a0<img loading=\"lazy\" class=\"alignnone size-full wp-image-2411\" src=\"http:\/\/dataminingsoccer.com\/de\/wp-content\/uploads\/sites\/2\/dfb-pokal.png\" alt=\"dfb-pokal\" width=\"50\" height=\"50\" \/><\/p>\n<p style=\"text-align: justify;\">In Deutschland errechnen wir\u00a0<a title=\"Vorhersagen\" href=\"http:\/\/dataminingsoccer.com\/de\/deutschland\/vorhersagen-1-bundesliga\/\">[Vorhersagen]<\/a>, <a title=\"Statistiken je Mannschaft\" href=\"http:\/\/dataminingsoccer.com\/de\/deutschland\/statistiken-je-mannschaft\/\">[Statistiken je Mannschaft]<\/a> und <a title=\"Treffer-Quoten\" href=\"http:\/\/dataminingsoccer.com\/de\/deutschland\/treffer-quoten\/\">[Treffer-Quoten]<\/a> f\u00fcr folgende Wettbewerbe:<\/p>\n<table>\n<tbody>\n<tr>\n<td><\/td>\n<td><a title=\"Vorhersagen\" href=\"http:\/\/dataminingsoccer.com\/de\/deutschland\/vorhersagen-1-bundesliga\/\">[Vorhersagen]<\/a><\/td>\n<td><a title=\"Statistiken je Mannschaft\" href=\"http:\/\/dataminingsoccer.com\/de\/deutschland\/statistiken-je-mannschaft\/\">[Statistiken je Mannschaft]<\/a><\/td>\n<td><a title=\"Treffer-Quoten\" href=\"http:\/\/dataminingsoccer.com\/de\/deutschland\/treffer-quoten\/\">[unsere Treffer-Quoten]<\/a><\/td>\n<\/tr>\n<tr>\n<td><img loading=\"lazy\" class=\"alignnone size-full wp-image-313\" src=\"http:\/\/dataminingsoccer.com\/de\/wp-content\/uploads\/sites\/2\/Bundesliga-Bundesliga-Fussball-Ergebnis-Vorhersagen-m.png\" alt=\"Bundesliga-Fussball-Ergebnis-Vorhersagen\" width=\"37\" height=\"25\" \/><\/td>\n<td><a href=\"http:\/\/dataminingsoccer.com\/de\/deutschland\/vorhersagen-1-bundesliga\/1-bundesliga-2015-2016\/\">[1.Bundesliga 2015\/16]<\/a><\/td>\n<td><a href=\"http:\/\/dataminingsoccer.com\/de\/deutschland\/statistiken-je-mannschaft\/1-bundesliga-2015-2016\/\">[1.Bundesliga 2015\/16]<\/a><\/td>\n<td><a href=\"http:\/\/dataminingsoccer.com\/de\/deutschland\/treffer-quoten\/1-bundesliga-2015-2016\/\">[1.Bundesliga 2015\/16]<\/a><\/td>\n<\/tr>\n<tr>\n<td><img loading=\"lazy\" class=\"alignnone size-full wp-image-313\" src=\"http:\/\/dataminingsoccer.com\/de\/wp-content\/uploads\/sites\/2\/Bundesliga-Bundesliga-Fussball-Ergebnis-Vorhersagen-m.png\" alt=\"Bundesliga-Fussball-Ergebnis-Vorhersagen\" width=\"37\" height=\"25\" \/><\/td>\n<td><a href=\"http:\/\/dataminingsoccer.com\/de\/deutschland\/vorhersagen-1-bundesliga\/2-bundesliga-2015-2016\/\">[2.Bundesliga 2015\/16]<\/a><\/td>\n<td><a href=\"http:\/\/dataminingsoccer.com\/de\/deutschland\/statistiken-je-mannschaft\/2-bundesliga-2015-2016\/\">[2.Bundesliga 2015\/16]<\/a><\/td>\n<td><a href=\"http:\/\/dataminingsoccer.com\/de\/deutschland\/treffer-quoten\/2-bundesliga-2015-2016\/\">[2.Bundesliga 2015\/16]<\/a><\/td>\n<\/tr>\n<tr>\n<td><img src=\"http:\/\/dataminingsoccer.com\/wp-content\/uploads\/league-logos\/Liga-3-Fussball-Ergebnis-Vorhersagen-s.png\" alt=\"Liga-3-Fussball-Ergebnis-Vorhersagen\" \/><\/td>\n<td><a href=\"http:\/\/dataminingsoccer.com\/de\/deutschland\/vorhersagen-1-bundesliga\/3-liga-2015-2016\/\">[3.Liga 2015\/16]<\/a><\/td>\n<td><a href=\"http:\/\/dataminingsoccer.com\/de\/deutschland\/statistiken-je-mannschaft\/3-liga-2015-2016\/\">[3.Liga 2015\/16]<\/a><\/td>\n<td><a href=\"http:\/\/dataminingsoccer.com\/de\/deutschland\/treffer-quoten\/3-liga-2015-2016\/\">[3.Liga 2015\/16]<\/a><\/td>\n<\/tr>\n<tr>\n<td><img loading=\"lazy\" class=\"alignnone size-full wp-image-2410\" src=\"http:\/\/dataminingsoccer.com\/de\/wp-content\/uploads\/sites\/2\/dfb-pokal-s.png\" alt=\"dfb-pokal\" width=\"25\" height=\"25\" \/><\/td>\n<td><a href=\"http:\/\/dataminingsoccer.com\/de\/deutschland\/vorhersagen-1-bundesliga\/dfb-pokal-2015-2016\/\">[DFB-Pokal 2015\/16]<\/a><\/td>\n<td><\/td>\n<td><\/td>\n<\/tr>\n<tr>\n<td><\/td>\n<td><a title=\"Vorhersagen\" href=\"http:\/\/dataminingsoccer.com\/de\/deutschland\/vorhersagen-1-bundesliga\/\">[vorherige]<\/a><\/td>\n<td><a title=\"Statistiken je Mannschaft\" href=\"http:\/\/dataminingsoccer.com\/de\/deutschland\/statistiken-je-mannschaft\/\">[vorherige]<\/a><\/td>\n<td><a title=\"Treffer-Quoten\" href=\"http:\/\/dataminingsoccer.com\/de\/deutschland\/treffer-quoten\/\">[vorherige]<\/a><\/td>\n<\/tr>\n<\/tbody>\n<\/table>\n<p>Fu\u00dfball-Ergebnis-Vorhersagen mittels Data-Mining f\u00fcr Deutschland @ Data.Mining.Soccer<\/p>\n<p><img loading=\"lazy\" src=\"http:\/\/dataminingsoccer.com\/de\/wp-content\/uploads\/sites\/2\/Bundesliga-Fussball-Ergebnis-Vorhersagen-s.png\" alt=\"Bundesliga-Fussball-Ergebnis-Vorhersagen-s\" width=\"59\" height=\"50\" \/>\u00a0\u00a0\u00a0\u00a0 <img src=\"http:\/\/dataminingsoccer.com\/wp-content\/uploads\/league-logos\/Liga-3-Fussball-Ergebnis-Vorhersagen.png\" alt=\"Liga-3-Fussball-Ergebnis-Vorhersagen\" \/>\u00a0 \u00a0 \u00a0<img loading=\"lazy\" class=\"alignnone size-full wp-image-2411\" src=\"http:\/\/dataminingsoccer.com\/de\/wp-content\/uploads\/sites\/2\/dfb-pokal.png\" alt=\"dfb-pokal\" width=\"50\" height=\"50\" \/><\/p>\n<p>Die historischen Titelgewinner der\u00a0<a title=\"1.Bundesliga 2014\/15\" href=\"http:\/\/dataminingsoccer.com\/de\/deutschland\/vorhersagen-1-bundesliga\/1-bundesliga-2015-2016\/\">[1.Bundesliga]<\/a> in Deutschland und die Anzahl gewonnener Meisterschaften im \u00dcberblick:<\/p>\n<p style=\"text-align: justify;\">FC Bayern M\u00fcnchen\u00a0\u00a0 (24)\u00a0\u00a0 ****\u00a0\u00a0 <img loading=\"lazy\" class=\"alignnone size-full wp-image-313\" src=\"http:\/\/dataminingsoccer.com\/de\/wp-content\/uploads\/sites\/2\/Bundesliga-Bundesliga-Fussball-Ergebnis-Vorhersagen-m.png\" alt=\"Bundesliga-Fussball-Ergebnis-Vorhersagen\" width=\"37\" height=\"25\" \/>\u00a0\u00a0 (Titeltr\u00e4ger)<br \/>\nBorussia Dortmund\u00a0\u00a0 (5)\u00a0\u00a0 **<br \/>\nBorussia M\u00f6nchengladbach\u00a0\u00a0 (5)\u00a0\u00a0 **<br \/>\nWerder Bremen\u00a0\u00a0 (4)\u00a0\u00a0 *<br \/>\nHamburger SV\u00a0\u00a0 (3)\u00a0\u00a0 *<br \/>\nVfB Stuttgart\u00a0\u00a0 (3)\u00a0\u00a0 *<br \/>\n1. FC Kaiserslautern\u00a0\u00a0 (2)<br \/>\n1. FC K\u00f6ln \u00a0 (2)<br \/>\nEintracht Braunschweig \u00a0 (1)<br \/>\nTSV 1860 M\u00fcnchen \u00a0 (1)<br \/>\n1. FC N\u00fcrnberg \u00a0 (1)<br \/>\nVfL Wolfsburg \u00a0 (1)<\/p>\n<p style=\"text-align: justify;\"><img loading=\"lazy\" src=\"http:\/\/dataminingsoccer.com\/de\/wp-content\/uploads\/sites\/2\/Bundesliga-Fussball-Ergebnis-Vorhersagen-s.png\" alt=\"Bundesliga-Fussball-Ergebnis-Vorhersagen-s\" width=\"59\" height=\"50\" \/>\u00a0\u00a0\u00a0\u00a0 <img src=\"http:\/\/dataminingsoccer.com\/wp-content\/uploads\/league-logos\/Liga-3-Fussball-Ergebnis-Vorhersagen.png\" alt=\"Liga-3-Fussball-Ergebnis-Vorhersagen\" \/>\u00a0 \u00a0 \u00a0<img loading=\"lazy\" class=\"alignnone size-full wp-image-2411\" src=\"http:\/\/dataminingsoccer.com\/de\/wp-content\/uploads\/sites\/2\/dfb-pokal.png\" alt=\"dfb-pokal\" width=\"50\" height=\"50\" \/><\/p>\n<p style=\"text-align: justify;\">Die historischen Titelgewinner des\u00a0<a title=\"Vorhersagen DFB-Pokal\" href=\"http:\/\/dataminingsoccer.com\/de\/deutschland\/vorhersagen-1-bundesliga\/dfb-pokal-2015-2016\/\">[DFB-Pokals]<\/a> in Deutschland:<\/p>\n<p style=\"text-align: justify;\">FC Bayern M\u00fcnchen \u00a0 (17)<br \/>\nWerder Bremen \u00a0 (6)<br \/>\nFC Schalke 04 \u00a0 (5)<br \/>\n1. FC K\u00f6ln \u00a0 (4)<br \/>\nEintracht Frankfurt\u00a0\u00a0 (4)<br \/>\n1. FC N\u00fcrnberg \u00a0 (4)<br \/>\nHamburger SV\u00a0\u00a0 (3)<br \/>\nVfB Stuttgart\u00a0\u00a0 (3)<br \/>\nBorussia Dortmund\u00a0\u00a0 (3)<br \/>\nBorussia M\u2019Gladbach\u00a0\u00a0 (3)<br \/>\nFortuna D\u00fcsseldorf\u00a0\u00a0 (2)<br \/>\n1. FC Kaiserslautern\u00a0\u00a0 (2)<br \/>\nKarlsruher SC\u00a0\u00a0 (2)<br \/>\nDresdner SC\u00a0\u00a0 (2)<br \/>\nTSV 1860 M\u00fcnchen \u00a0 (2)<br \/>\nBayer 04 Leverkusen\u00a0\u00a0 (1)<br \/>\nRot-Weiss Essen\u00a0\u00a0 (1)<br \/>\nSchwarz-Weiss Essen\u00a0\u00a0 (1)<br \/>\nHannover 96\u00a0\u00a0 (1)<br \/>\nVfB Leipzig\u00a0\u00a0 (1)<br \/>\nKickers Offenbach\u00a0\u00a0 (1)<br \/>\nKFC Uerdingen 05\u00a0\u00a0 (1)<br \/>\nFirst Vienna FC 1894\u00a0\u00a0 (1)<br \/>\nSK Rapid Wien\u00a0\u00a0 (1)<br \/>\nVfL Wolfsburg \u00a0 (1)\u00a0\u00a0 <img loading=\"lazy\" class=\"alignnone size-full wp-image-2410\" src=\"http:\/\/dataminingsoccer.com\/de\/wp-content\/uploads\/sites\/2\/dfb-pokal-s.png\" alt=\"dfb-pokal\" width=\"25\" height=\"25\" \/>\u00a0\u00a0 (Titeltr\u00e4ger)<\/p>\n<p style=\"text-align: justify;\"><img loading=\"lazy\" src=\"http:\/\/dataminingsoccer.com\/de\/wp-content\/uploads\/sites\/2\/Bundesliga-Fussball-Ergebnis-Vorhersagen-s.png\" alt=\"Bundesliga-Fussball-Ergebnis-Vorhersagen-s\" width=\"59\" height=\"50\" \/>\u00a0\u00a0\u00a0\u00a0 <img src=\"http:\/\/dataminingsoccer.com\/wp-content\/uploads\/league-logos\/Liga-3-Fussball-Ergebnis-Vorhersagen.png\" alt=\"Liga-3-Fussball-Ergebnis-Vorhersagen\" \/>\u00a0 \u00a0 \u00a0<img loading=\"lazy\" class=\"alignnone size-full wp-image-2411\" src=\"http:\/\/dataminingsoccer.com\/de\/wp-content\/uploads\/sites\/2\/dfb-pokal.png\" alt=\"dfb-pokal\" width=\"50\" height=\"50\" \/><\/p>\n","protected":false},"excerpt":{"rendered":"<p>Fussball Ergebnis Vorhersagen mittels Data Mining\u00a0\u00a0\u00a0\u00a0 \u00a0 \u00a0 \u00a0 In Deutschland errechnen wir\u00a0[Vorhersagen], [Statistiken je Mannschaft] und [Treffer-Quoten] f\u00fcr folgende Wettbewerbe: [Vorhersagen] [Statistiken je Mannschaft] [unsere Treffer-Quoten] [1.Bundesliga 2015\/16] [1.Bundesliga 2015\/16] [1.Bundesliga 2015\/16] [2.Bundesliga 2015\/16] [2.Bundesliga 2015\/16] [2.Bundesliga 2015\/16] [3.Liga 2015\/16] [3.Liga 2015\/16] [3.Liga 2015\/16] [DFB-Pokal 2015\/16] [vorherige] [vorherige] [vorherige] Fu\u00dfball-Ergebnis-Vorhersagen mittels Data-Mining f\u00fcr Deutschland &hellip; <a href=\"http:\/\/dataminingsoccer.com\/de\/deutschland\/\" class=\"more-link\"><span class=\"screen-reader-text\">Deutschland<\/span> weiterlesen <span class=\"meta-nav\">&rarr;<\/span><\/a><\/p>\n","protected":false},"author":3,"featured_media":0,"parent":0,"menu_order":10,"comment_status":"closed","ping_status":"closed","template":"","meta":[],"yoast_head":"<!-- This site is optimized with the Yoast SEO plugin v14.8 - https:\/\/yoast.com\/wordpress\/plugins\/seo\/ -->\n<meta name=\"description\" content=\"Deutscher Fussball. \u00dcberblick \u00fcber die historischen Titeltr\u00e4ger der 1.Bundesliga. Fussball Ergebnis-Vorhersagen mittels Data-Mining.\" \/>\n<meta name=\"robots\" content=\"index, follow\" \/>\n<meta name=\"googlebot\" content=\"index, follow, max-snippet:-1, max-image-preview:large, max-video-preview:-1\" \/>\n<meta name=\"bingbot\" content=\"index, follow, max-snippet:-1, max-image-preview:large, max-video-preview:-1\" \/>\n<link rel=\"canonical\" href=\"http:\/\/dataminingsoccer.com\/de\/deutschland\/\" \/>\n<script type=\"application\/ld+json\" class=\"yoast-schema-graph\">{\"@context\":\"https:\/\/schema.org\",\"@graph\":[{\"@type\":\"WebSite\",\"@id\":\"http:\/\/dataminingsoccer.com\/de\/#website\",\"url\":\"http:\/\/dataminingsoccer.com\/de\/\",\"name\":\"Fu\\u00dfball-Ergebnis-Vorhersagen\",\"description\":\"basierend auf statistischen Analysen mittels Data-Mining.. Wir lieben Fu\\u00dfball! Wir lieben Zahlenspiele!\",\"potentialAction\":[{\"@type\":\"SearchAction\",\"target\":\"http:\/\/dataminingsoccer.com\/de\/?s={search_term_string}\",\"query-input\":\"required name=search_term_string\"}],\"inLanguage\":\"de\"},{\"@type\":\"ImageObject\",\"@id\":\"http:\/\/dataminingsoccer.com\/de\/deutschland\/#primaryimage\",\"inLanguage\":\"de\",\"url\":\"http:\/\/dataminingsoccer.com\/de\/wp-content\/uploads\/sites\/2\/Bundesliga-Fussball-Ergebnis-Vorhersagen-s.png\",\"width\":59,\"height\":50,\"caption\":\"Bundesliga-Fussball-Ergebnis-Vorhersagen-s\"},{\"@type\":\"WebPage\",\"@id\":\"http:\/\/dataminingsoccer.com\/de\/deutschland\/#webpage\",\"url\":\"http:\/\/dataminingsoccer.com\/de\/deutschland\/\",\"name\":\"Deutschland - Fu\\u00dfball-Ergebnis-Vorhersagen\",\"isPartOf\":{\"@id\":\"http:\/\/dataminingsoccer.com\/de\/#website\"},\"primaryImageOfPage\":{\"@id\":\"http:\/\/dataminingsoccer.com\/de\/deutschland\/#primaryimage\"},\"datePublished\":\"2013-09-11T19:46:20+00:00\",\"dateModified\":\"2015-07-25T22:40:14+00:00\",\"description\":\"Deutscher Fussball. \\u00dcberblick \\u00fcber die historischen Titeltr\\u00e4ger der 1.Bundesliga. Fussball Ergebnis-Vorhersagen mittels Data-Mining.\",\"inLanguage\":\"de\",\"potentialAction\":[{\"@type\":\"ReadAction\",\"target\":[\"http:\/\/dataminingsoccer.com\/de\/deutschland\/\"]}]}]}<\/script>\n<!-- \/ Yoast SEO plugin. -->","_links":{"self":[{"href":"http:\/\/dataminingsoccer.com\/de\/wp-json\/wp\/v2\/pages\/90"}],"collection":[{"href":"http:\/\/dataminingsoccer.com\/de\/wp-json\/wp\/v2\/pages"}],"about":[{"href":"http:\/\/dataminingsoccer.com\/de\/wp-json\/wp\/v2\/types\/page"}],"author":[{"embeddable":true,"href":"http:\/\/dataminingsoccer.com\/de\/wp-json\/wp\/v2\/users\/3"}],"replies":[{"embeddable":true,"href":"http:\/\/dataminingsoccer.com\/de\/wp-json\/wp\/v2\/comments?post=90"}],"version-history":[{"count":52,"href":"http:\/\/dataminingsoccer.com\/de\/wp-json\/wp\/v2\/pages\/90\/revisions"}],"predecessor-version":[{"id":3751,"href":"http:\/\/dataminingsoccer.com\/de\/wp-json\/wp\/v2\/pages\/90\/revisions\/3751"}],"wp:attachment":[{"href":"http:\/\/dataminingsoccer.com\/de\/wp-json\/wp\/v2\/media?parent=90"}],"curies":[{"name":"wp","href":"https:\/\/api.w.org\/{rel}","templated":true}]}}