{"id":756,"date":"2013-10-17T23:24:48","date_gmt":"2013-10-17T21:24:48","guid":{"rendered":"http:\/\/dataminingsoccer.com\/de\/?page_id=756"},"modified":"2014-06-20T02:54:31","modified_gmt":"2014-06-20T00:54:31","slug":"wm-daten","status":"publish","type":"page","link":"http:\/\/dataminingsoccer.com\/de\/daten-download\/wm-daten\/","title":{"rendered":"WM-Daten"},"content":{"rendered":"<h2>Download Fussball-Daten und -Ergebnisse<\/h2><p style=\"text-align: justify;\">Hier findest du alle historischen Ergebnisse der Fu\u00dfball-Weltmeisterschaften von 1930 bis heute zum Download.<\/p>\n<p style=\"text-align: justify;\">Wir haben f\u00fcr euch alle Paarungen und Ergebnisse s\u00e4mtlicher Fu\u00dfballweltmeisterschaften zum Download zur Verf\u00fcgung gestellt &#8211; von der Gruppenphase bis zum Endspiel. Ob ihr die Daten einfach gerne nach historischen Siegen durchst\u00f6bern m\u00f6chtet oder f\u00fcr eigene Vorhersage-Analysen verwenden wollt: wir bieten euch alle Daten zum kostenlosen Download an. Unser Tipp: Die von uns genutzte Software <a title=\"Data.Mining.Fox\u00ae von Easy.Data.Mining\u2122\" href=\"http:\/\/www.easydatamining.com\/de\" target=\"_blank\">[Data.Mining.Fox\u00ae von Easy.Data.Mining\u2122]<\/a> kann ebenfalls kostenlos heruntergeladen werden.<\/p>\n<p style=\"text-align: justify;\">Die Daten-Ergebnis-Liste aller Fu\u00dfball-Weltmeisterschaften der Herren umfasst:<\/p>\n<p style=\"text-align: justify;\">WM 1930: Uruguay<br \/>\nWM 1934: Italien<br \/>\nWM 1938: Frankreich<br \/>\nWM 1950: Brasilien<br \/>\nWM 1954: Schweiz<br \/>\nWM 1958: Schweden<br \/>\nWM 1962: Chile<br \/>\nWM 1966: England<br \/>\nWM 1970: Mexiko<br \/>\nWM 1974: Deutschland<br \/>\nWM 1978: Argentinien<br \/>\nWM\u00a01982: Spanien<br \/>\nWM\u00a01986: Mexiko<br \/>\nWM 1990: Italien<br \/>\nWM\u00a01994: USA<br \/>\nWM 1998: Frankreich<br \/>\nWM 2002: Korea &amp; Japan<br \/>\nWM 2006: Deutschland<br \/>\nWM 2010: S\u00fcdafrika<\/p>\n<p style=\"text-align: center;\"><a title=\"Data.Mining.Soccer\u2122 Daten aller Fussball-Weltmeisterschaften\" href=\"http:\/\/dataminingsoccer.com\/de\/wp-content\/downloads\/SoccerDataAllWorldCups.csv\" target=\"_blank\">[Download-Link aller historischen Fussball-Weltmeisterschafts-Daten]<\/a><\/p>\n<p style=\"text-align: justify;\"><a title=\"WM-Daten\" href=\"http:\/\/dataminingsoccer.com\/de\/daten-download\/wm-daten\/\"><img loading=\"lazy\" class=\"alignnone size-full wp-image-731\" src=\"http:\/\/dataminingsoccer.com\/de\/wp-content\/uploads\/sites\/2\/Data-Mining-Soccer-Seitenanfang-m.png\" alt=\"Data-Mining-Soccer-Seitenanfang\" width=\"50\" height=\"50\" \/><\/a>\u00a0\u00a0\u00a0\u00a0 <a href=\"http:\/\/dataminingsoccer.com\/de\/\"><img loading=\"lazy\" class=\"alignnone size-full wp-image-724\" src=\"http:\/\/dataminingsoccer.com\/de\/wp-content\/uploads\/sites\/2\/Data-Mining-Soccer-Fussball-Ergebnis-Vorhersagen-m.png\" alt=\"Data-Mining-Soccer-Fussball-Ergebnis-Vorhersagen\" width=\"50\" height=\"50\" \/><\/a>\u00a0\u00a0\u00a0\u00a0 <a title=\"DataMiningSoccer (deutsch) @Twitter\" href=\"http:\/\/twitter.com\/DataMinSoccerDE\" target=\"_blank\"><img loading=\"lazy\" class=\"alignnone size-full wp-image-1865\" src=\"http:\/\/dataminingsoccer.com\/de\/wp-content\/uploads\/sites\/2\/Twitter-Data-Mining-Soccer.png\" alt=\"Twitter-Data-Mining-Soccer\" width=\"50\" height=\"50\" \/><\/a>\u00a0\u00a0\u00a0\u00a0 <a title=\"DataMiningSoccer (Englisch) @Facebook\" href=\"http:\/\/www.facebook.com\/dataminingsoccer\" target=\"_blank\"><img loading=\"lazy\" class=\"alignnone size-full wp-image-1861\" src=\"http:\/\/dataminingsoccer.com\/de\/wp-content\/uploads\/sites\/2\/Facebook-Data-Mining-Soccer.png\" alt=\"Facebook-Data-Mining-Soccer\" width=\"50\" height=\"50\" \/><\/a><\/p>\n","protected":false},"excerpt":{"rendered":"<p>Download Fussball-Daten und -ErgebnisseHier findest du alle historischen Ergebnisse der Fu\u00dfball-Weltmeisterschaften von 1930 bis heute zum Download. Wir haben f\u00fcr euch alle Paarungen und Ergebnisse s\u00e4mtlicher Fu\u00dfballweltmeisterschaften zum Download zur Verf\u00fcgung gestellt &#8211; von der Gruppenphase bis zum Endspiel. Ob ihr die Daten einfach gerne nach historischen Siegen durchst\u00f6bern m\u00f6chtet oder f\u00fcr eigene Vorhersage-Analysen verwenden &hellip; <a href=\"http:\/\/dataminingsoccer.com\/de\/daten-download\/wm-daten\/\" class=\"more-link\"><span class=\"screen-reader-text\">WM-Daten<\/span> weiterlesen <span class=\"meta-nav\">&rarr;<\/span><\/a><\/p>\n","protected":false},"author":3,"featured_media":0,"parent":753,"menu_order":10,"comment_status":"closed","ping_status":"closed","template":"","meta":[],"yoast_head":"<!-- This site is optimized with the Yoast SEO plugin v14.8 - https:\/\/yoast.com\/wordpress\/plugins\/seo\/ -->\n<meta name=\"description\" content=\"Data.Mining.Soccer\u2122 bietet euch alle historischen Begegnungen und Ergebnisse der Fussball-Weltmeisterschaften seit 1930 zum kostenlosen Download an.\" \/>\n<meta name=\"robots\" content=\"index, follow\" \/>\n<meta name=\"googlebot\" content=\"index, follow, max-snippet:-1, max-image-preview:large, max-video-preview:-1\" \/>\n<meta name=\"bingbot\" content=\"index, follow, max-snippet:-1, max-image-preview:large, max-video-preview:-1\" \/>\n<link rel=\"canonical\" href=\"http:\/\/dataminingsoccer.com\/de\/daten-download\/wm-daten\/\" \/>\n<script type=\"application\/ld+json\" class=\"yoast-schema-graph\">{\"@context\":\"https:\/\/schema.org\",\"@graph\":[{\"@type\":\"WebSite\",\"@id\":\"http:\/\/dataminingsoccer.com\/de\/#website\",\"url\":\"http:\/\/dataminingsoccer.com\/de\/\",\"name\":\"Fu\\u00dfball-Ergebnis-Vorhersagen\",\"description\":\"basierend auf statistischen Analysen mittels Data-Mining.. Wir lieben Fu\\u00dfball! Wir lieben Zahlenspiele!\",\"potentialAction\":[{\"@type\":\"SearchAction\",\"target\":\"http:\/\/dataminingsoccer.com\/de\/?s={search_term_string}\",\"query-input\":\"required name=search_term_string\"}],\"inLanguage\":\"de\"},{\"@type\":\"ImageObject\",\"@id\":\"http:\/\/dataminingsoccer.com\/de\/daten-download\/wm-daten\/#primaryimage\",\"inLanguage\":\"de\",\"url\":\"http:\/\/dataminingsoccer.com\/de\/wp-content\/uploads\/sites\/2\/Data-Mining-Soccer-Seitenanfang-m.png\",\"width\":50,\"height\":50,\"caption\":\"Seiten-Anfang\"},{\"@type\":\"WebPage\",\"@id\":\"http:\/\/dataminingsoccer.com\/de\/daten-download\/wm-daten\/#webpage\",\"url\":\"http:\/\/dataminingsoccer.com\/de\/daten-download\/wm-daten\/\",\"name\":\"WM-Daten - Fu\\u00dfball-Ergebnis-Vorhersagen\",\"isPartOf\":{\"@id\":\"http:\/\/dataminingsoccer.com\/de\/#website\"},\"primaryImageOfPage\":{\"@id\":\"http:\/\/dataminingsoccer.com\/de\/daten-download\/wm-daten\/#primaryimage\"},\"datePublished\":\"2013-10-17T21:24:48+00:00\",\"dateModified\":\"2014-06-20T00:54:31+00:00\",\"description\":\"Data.Mining.Soccer\\u2122 bietet euch alle historischen Begegnungen und Ergebnisse der Fussball-Weltmeisterschaften seit 1930 zum kostenlosen Download an.\",\"inLanguage\":\"de\",\"potentialAction\":[{\"@type\":\"ReadAction\",\"target\":[\"http:\/\/dataminingsoccer.com\/de\/daten-download\/wm-daten\/\"]}]}]}<\/script>\n<!-- \/ Yoast SEO plugin. -->","_links":{"self":[{"href":"http:\/\/dataminingsoccer.com\/de\/wp-json\/wp\/v2\/pages\/756"}],"collection":[{"href":"http:\/\/dataminingsoccer.com\/de\/wp-json\/wp\/v2\/pages"}],"about":[{"href":"http:\/\/dataminingsoccer.com\/de\/wp-json\/wp\/v2\/types\/page"}],"author":[{"embeddable":true,"href":"http:\/\/dataminingsoccer.com\/de\/wp-json\/wp\/v2\/users\/3"}],"replies":[{"embeddable":true,"href":"http:\/\/dataminingsoccer.com\/de\/wp-json\/wp\/v2\/comments?post=756"}],"version-history":[{"count":9,"href":"http:\/\/dataminingsoccer.com\/de\/wp-json\/wp\/v2\/pages\/756\/revisions"}],"predecessor-version":[{"id":2049,"href":"http:\/\/dataminingsoccer.com\/de\/wp-json\/wp\/v2\/pages\/756\/revisions\/2049"}],"up":[{"embeddable":true,"href":"http:\/\/dataminingsoccer.com\/de\/wp-json\/wp\/v2\/pages\/753"}],"wp:attachment":[{"href":"http:\/\/dataminingsoccer.com\/de\/wp-json\/wp\/v2\/media?parent=756"}],"curies":[{"name":"wp","href":"https:\/\/api.w.org\/{rel}","templated":true}]}}