{"id":4064,"date":"2018-05-18T05:39:58","date_gmt":"2018-05-18T03:39:58","guid":{"rendered":"http:\/\/dataminingsoccer.com\/de\/?page_id=4064"},"modified":"2018-05-20T08:19:08","modified_gmt":"2018-05-20T06:19:08","slug":"datenschutzerklaerung","status":"publish","type":"page","link":"http:\/\/dataminingsoccer.com\/de\/datenschutzerklaerung\/","title":{"rendered":"Datenschutzerkl\u00e4rung"},"content":{"rendered":"<h2>Fussball Ergebnis Vorhersagen mittels Data Mining<\/h2><p><b>Datenschutzerkl\u00e4rung<\/b><\/p>\n<p style=\"text-align: justify;\">Mit dieser Datenschutzerkl\u00e4rung m\u00f6chten ich \u00fcber Art, Umfang und Zweck der von mir erhobenen, genutzten und verarbeiteten personenbezogenen Daten informieren und betroffene Personen \u00fcber die ihnen zustehenden Rechte aufgekl\u00e4ren.<\/p>\n<p><b> Datenschutzbeauftragter<\/b><\/p>\n<p>Hans-Joachim Jost<br \/>\nROGEON Verlag<br \/>\nTalstr. 106<br \/>\n73732 Esslingen<br \/>\nDeutschland\/ Germany<br \/>\nEmail: data-privacy-protection [at] dataminingsoccer.com<br \/>\nTelefon: +49 176 80035086<br \/>\nInternet: www.DataMiningSoccer.com\/de\/<\/p>\n<p><b>Grunds\u00e4tzliches zu Daten auf dieser Webseite<\/b><\/p>\n<p style=\"text-align: justify;\">Die Nutzung dieser Internetseiten f\u00fcr statistische Fu\u00dfball-Ergebnis-Vorhersagen mittels Data-Mining &#8211; nachstehend kurz Data.Mining.Soccer genannt &#8211; ist grunds\u00e4tzlich ohne eine Angabe personenbezogener Daten m\u00f6glich. Sofern besondere Services dieser Internetseite in Anspruch genommen werden, k\u00f6nnte jedoch eine Verarbeitung personenbezogener Daten erforderlich werden. Eine etwaige Verarbeitung personenbezogener Daten, beispielsweise des Namens, der Anschrift, E-Mail-Adresse oder Telefonnummer, erfolgt stets im Einklang mit der Datenschutz-Grundverordnung (DSGVO).<\/p>\n<p><b>Cookies, Registrierung, Tracking, verlinkte Seiten, Emails<\/b><\/p>\n<p style=\"text-align: justify;\">Data.Mining.Soccer selbst speichert auf dieser Seite keine personenbezogenen Daten der Besucher \u2013 auch nicht in den Cookies, deren Nutzung du \u00fcber meinen Cookie-Hinweis zugestimmt hast oder durch die weitere Nutzung zustimmst.<\/p>\n<p style=\"text-align: justify;\">Bei Cookies handelt es sich um kleine Textdateien, welche auf deinem Endger\u00e4t gespeichert werden. Dein Browser greift auf diese Dateien zu. Durch den Einsatz von Cookies erh\u00f6ht sich die Benutzerfreundlichkeit und Sicherheit dieser Webseite. G\u00e4ngige Internet-Browser (z.B. Chrome, Firefox, InternetExplorer, Opera, Safari) bieten die Einstellungsoption, das Setzen von Cookies zu verhindern \u2013 oder diese alternativ bei Schlie\u00dfen des Browsers wieder zu l\u00f6schen. Bitte beachte, dass du u.U. nicht auf alle Funktionen dieser Webseite ohne Einschr\u00e4nkungen zugreifen kannst, wenn du Cookies deaktiviert hast. Ich empfehle daher, Cookies allenfalls beim Schlie\u00dfen des Browsers zu l\u00f6schen. Die von unserer Webseite gelegentlich gesetzten Cookies werden ansonsten aber ohnehin nach einer gewissen Cookie-Lebenszeit (in aller Regel nach 30 Tagen) automatisch wieder gel\u00f6scht.<\/p>\n<p style=\"text-align: justify;\">Beim Besuch dieser Internetseite werden, wenn \u00fcberhaupt, von deinem Endger\u00e4t verwendete anonymisierte Daten in Cookies protokolliert (g\u00e4ngige Beispiele hierf\u00fcr sind Test-Cookies, welche pr\u00fcfen, ob dein Internet-Browser Cookies \u00fcberhaupt zul\u00e4sst; oder die Cookie-basierte Speicherung einer etwaigen Nutzer-Einstellungsauswahl, welche die Mobilansicht der Webseite anstelle einer Ansicht f\u00fcr gr\u00f6\u00dfere Computer-Bildschirme erm\u00f6glichen kann).<\/p>\n<p style=\"text-align: justify;\">Eine Email-Registierung o.\u00e4. personenbezogene Identifikation findet auf meiner Webseite nicht statt. R\u00fcckschl\u00fcsse auf personenbezogene Daten sind mir somit nicht m\u00f6glich &#8211; und sind auch nicht beabsichtigt. Hinweise zur pro-aktiven \u00dcbermittlung von personenbezogenen Daten deinerseits im Rahmen von Email-Anfragen findest du untenstehend.<\/p>\n<p style=\"text-align: justify;\">Auf der Webseite von Data.Mining.Soccer ist derzeit kein Tracking-Tool zur Erfassung von Nutzerverhalten (wie z.B. Google Analytics) implementiert, so dass weder ich noch Dritte etwaige indirekte personenbezogene Daten (wie z.B. deine IP-Adresse) erfassen.<\/p>\n<p style=\"text-align: justify;\">Solltest du eines meiner eigenen oder eingebundenen Videos anklicken, \u00fcber welches du zu externen Anbietern wie z.B. Vimeo oder YouTube gelangst, weise ich vorsorglich darauf hin, dass die Betreiber dieser Plattformen m\u00f6glicherweise personenbezogene Nutzer-Informationen, u.U. auch seiten-\u00fcbergreifend, von dir speichern &#8211; insbesondere (aber nicht ausschlie\u00dflich) dann, wenn du bei diesen Anbietern ein pers\u00f6nliches Konto hast. Ferner weise ich darauf hin, dass dies auch f\u00fcr mittelbar verbundene Unternehmen gilt (z.B. Google im Falle von YouTube), und dass diese von dir m\u00f6glicherweise erhobenen personenbezogenen Daten dann gegebenenfalls auch au\u00dferhalb der EU gespeichert und verarbeitet werden. Mehr Details findest du in den Datenschutzerkl\u00e4rungen von <a title=\"Datenschutzerkl\u00e4rung von Vimeo\" href=\"https:\/\/vimeo.com\/privacy\" target=\"_blank\" rel=\"noopener\">[Vimeo]<\/a> und <a title=\"Datenschutzerkl\u00e4rung von YouTube (Google)\" href=\"https:\/\/www.youtube.de\/t\/privacy\" target=\"_blank\" rel=\"noopener\">[YouTube (Google)]<\/a>.<\/p>\n<p style=\"text-align: justify;\">Sofern ich sog. Share-Buttons o.\u00e4. von Social Media Anbietern wie z.B. Facebook, Flickr, Google+, Instagram, Pinterest, Snapchat, Tumblr, Twitter, o.a. verwende, werden diese auf meiner Webseite (z.B. mittels einer Zusatz-Anwendung) so implementiert, dass auf bzw. mittels meiner Webseite keine Informationen von diesen Social Media Anbieter gespeichert werden k\u00f6nnen, solange du nicht aktiv \u00fcber einen solchen externen Button bzw. Link auf die Seite des Social Media Anbieters wechselst. Im Falle eines aktiven Klicks deinerseits auf einen solchen Button-Link, der dich auf die Seite eines Social Media Anbieters bringt, weise ich wie im oben dargelegten Fall von Vimeo und YouTube darauf hin, dass Social Media Unternehmen ganz generell personenbezogene Daten von dir erfassen und speichern k\u00f6nnten. \u00dcber Art, Umfang und Ort informierst du dich bitte in den Datenschutzerkl\u00e4rungen der jeweiligen Social Media Anbieter. Nachfolgend habe ich beispielhaft &#8211; aber nicht abschlie\u00dfend umfassend &#8211; ein paar Links zu Datenschutzerkl\u00e4rungen zusammengetragen: <a title=\"Datenschutzerkl\u00e4rung von Facebook\" href=\"https:\/\/de-de.facebook.com\/about\/privacy\/update\" target=\"_blank\" rel=\"noopener\">[Facebook]<\/a>, <a title=\"Datenschutzerkl\u00e4rung von Flickr\" href=\"https:\/\/policies.oath.com\/ie\/de\/oath\/privacy\/products\/flickr\/index.html\" target=\"_blank\" rel=\"noopener\">[Flickr]<\/a>, <a title=\"Datenschutzerkl\u00e4rung von Google\" href=\"https:\/\/policies.google.com\/privacy?hl=de\" target=\"_blank\" rel=\"noopener\">[Google]<\/a>, <a title=\"Datenschutzerkl\u00e4rung von Instagram\" href=\"https:\/\/help.instagram.com\/155833707900388\" target=\"_blank\" rel=\"noopener\">[Instagram]<\/a>, <a title=\"Datenschutzerkl\u00e4rung von Pinterest\" href=\"https:\/\/policy.pinterest.com\/de\/privacy-policy\" target=\"_blank\" rel=\"noopener\">[Pinterest]<\/a>, <a title=\"Datenschutzerkl\u00e4rung von Snapchat\" href=\"https:\/\/www.snap.com\/de-DE\/privacy\/privacy-center\/\" target=\"_blank\" rel=\"noopener\">[Snapchat]<\/a>, <a title=\"Datenschutzerkl\u00e4rung von Tumblr\" href=\"https:\/\/www.tumblr.com\/privacy\/de\" target=\"_blank\" rel=\"noopener\">[Tumblr]<\/a>, <a title=\"Datenschutzerkl\u00e4rung von Twitter\" href=\"https:\/\/twitter.com\/de\/privacy\" target=\"_blank\" rel=\"noopener\">[Twitter]<\/a>.<\/p>\n<p style=\"text-align: justify;\">Personenbezogene Daten, die du mir pro-aktiv per Email mitteilst (z.B. Name oder Adresse), werden nur f\u00fcr den Zweck verarbeitet, zu dem du mir die Daten zur Verf\u00fcgung gestellt hast. In diesem Zusammenhang weise ich darauf hin, dass das Versenden einer Email in vielen F\u00e4llen keiner vollumf\u00e4nglich-durchgehenden Verschl\u00fcsselung (vom Rechner bzw. Programm des Senders bis zum Rechner bzw. Programm des Empf\u00e4ngers) unterliegt und somit ein theoretisches geringes Restrisiko besteht, dass personenbezogene Daten von unbefugten Dritten eingesehen oder ver\u00e4ndert werden k\u00f6nnten. Aus diesem Grund kann ich &#8211; insbesondere beim Erhalt von partiell oder g\u00e4nzlich unverschl\u00fcsselten Emails &#8211; keine absolute Datensicherheit garantieren.<\/p>\n<p><b>Dauer der Speicherung<\/b><\/p>\n<p style=\"text-align: justify;\">Personenbezogene Daten werden idR. nur so lange gespeichert, bis der Zweck erf\u00fcllt ist, zu dem sie mir anvertraut hast. Als Blog-betreibende Einzelperson kann es in der Praxis vorkommen, das L\u00f6sch-Routinen lediglich in bestimmten Zeitintervallen durchgef\u00fchrt werden; Details zu deinen diesbez\u00fcglichen Auskunfts- und L\u00f6sch-Rechten findest du weiter unten. Soweit handels- und steuerrechtliche Aufbewahrungsfristen zu beachten sind, weise ich darauf hin, dass die Dauer der Speicherung bestimmter Daten bis zu zehn Jahre betragen kann.<\/p>\n<p style=\"text-align: justify;\">Im seltenen Fall etwaiger kommerziell interpretierbarer Email-Auftr\u00e4ge speichere ich deine Email-Adresse \u00fcber den eigentlichen Auftragsvorgang hinaus bis zur vollst\u00e4ndigen Bezahlung des Services (in der Praxis bedeutet dies: bis zur intern bei mir erfolgten positiven \u00dcberpr\u00fcfung des Zahlungseingangs, der m\u00f6glicherweise erst einige Wochen nach deiner Zahlung erfolgt), da ich etwaige Zahlungserinnerungen prim\u00e4r an die von dir bei Beauftragungen angegebene Email-Adresse versende. Anschlie\u00dfend wird &#8211; mit nachstehender Ausnahme &#8211; deine Email-Adresse gel\u00f6scht.<\/p>\n<p style=\"text-align: justify;\">Sofern du zugestimmt hast, dass ich deine Email-Adresse f\u00fcr gelegentliche Newsletter\/ Informationsschreiben verwende, speichere ich deine elektronische Email-Adresse (welche gegebenenfalls deinen Klarnamen enthalten kann) l\u00e4ngerfristig. Die Speicherung dieser Email-Adresse erfolgt bei mir generell losgel\u00f6st von etwaigen anderen personenbezogenen Daten, die ich z.B. im Rahmen einer Beauftragung gespeichert haben k\u00f6nnte. Au\u00dferdem nutze ich derzeit keine externen Programme zum Versenden von Newslettern, deine Email-Adresse wird zum gegenw\u00e4rtigen Zeitpunkt also ausschlie\u00dflich bei Data.Mining.Soccer selbst gespeichert. Dieser Email-Speicherung kannst du jederzeit widersprechen (weiterf\u00fchrende Details zu deinen Rechten findest du nachstehend).<\/p>\n<p style=\"text-align: justify;\">Eine bewusste l\u00e4ngere Datenspeicherung (\u00fcber den Zeitpunkt der Zweckerf\u00fcllung hinaus) findet bei Data.Mining.Soccer, wenn \u00fcberhaupt, lediglich zu statistischen Zwecken in pseudonymisierter oder anonymisierter &#8211; und oftmals auch aggregierter &#8211; Form statt. Ein R\u00fcckschluss auf Personenzugeh\u00f6rigkeit der Daten ist dann nicht mehr gegeben.<\/p>\n<p><b>Deine Rechte<\/b><\/p>\n<p style=\"text-align: justify;\">Auf Wunsch erh\u00e4ltst du unentgeltlich Auskunft \u00fcber alle personenbezogenen Daten, die ich \u00fcber dich gespeichert habe. Du erh\u00e4ltst diese Daten dann in einem strukturierten, g\u00e4ngigen und maschinenlesbaren Format. Solltest du mit der Speicherung deiner personenbezogenen Daten nicht mehr einverstanden oder diese unrichtig geworden sein, werde ich auf eine entsprechende Weisung hin im Rahmen der gesetzlichen Bestimmungen die L\u00f6schung, Korrektur oder gegebenenfalls auch Einschr\u00e4nkung der Verarbeitung deiner Daten veranlassen. Bei Fragen zur Erhebung, Verarbeitung oder Nutzung deiner personenbezogenen Daten, f\u00fcr Ausk\u00fcnfte, Berichtigung, Sperrung oder L\u00f6schung von Daten wendest du dich bitte an:<\/p>\n<p>Data.Mining.Soccer<br \/>\nz.H. des Datenschutzbeauftragten<br \/>\nHans-Joachim Jost<br \/>\nROGEON Verlag<br \/>\nTalstr. 106<br \/>\n73732 Esslingen<br \/>\nEmail: data-privacy-protection [at] dataminingsoccer.com<br \/>\nTelefon: +49 176 80035086<\/p>\n<p><b>Verarbeitung und Speicherung deiner personenbezogenen Daten<\/b><\/p>\n<p style=\"text-align: justify;\">Data.Mining.Soccer hostet diese Internetseite sowie seine Email-Adressen beim deutschen Hosting-Anbieter Speicherzentrum. Die Datenschutzerkl\u00e4rung von Speicherzentrum findest du <a title=\"Datenschutzerkl\u00e4rung von Speicherzentrum\" href=\"https:\/\/www.speicherzentrum.de\/datenschutz.html\" target=\"_blank\" rel=\"noopener\">[hier]<\/a>.<\/p>\n<p style=\"text-align: justify;\">Data.Mining.Soccer nutzt dar\u00fcber hinaus bei der Verarbeitung und Speicherung deiner Daten weder Cloud-Angebote (bei denen Daten verteilt im Internet gespeichert werden) noch sog. ASP \/ Application Service Provider Dienste (bei denen sich das eigentliche Programm und\/ oder die Daten u.U. au\u00dferhalb meiner R\u00e4umlichkeiten bzw. meiner eigenen Rechner befinden w\u00fcrde).<\/p>\n<p style=\"text-align: justify;\">Eine etwaige dezentrale Nutzung von mobilen Rechnern (auf welchen m\u00f6glicherweise personenbezogene Daten gespeichert sein k\u00f6nnten) au\u00dferhalb meiner R\u00e4umlichkeiten erfolgt stets hinreichend passwortgesch\u00fctzt.<\/p>\n<p><b>Datenweitergabe an Dritte<\/b><\/p>\n<p style=\"text-align: justify;\">Ich versichere, dass ich deine personenbezogenen Daten nicht an Dritte weitergebe, es sei denn, dass ich dazu gesetzlich verpflichtet w\u00e4re oder du vorher dazu eingewilligt hast. Ich versichere daher insbesondere, deine personenbezogenen Daten nicht f\u00fcr Werbung, Markt- und Meinungsforschung, Adresshandel oder andere kommerzielle Zwecke weiterzugeben.<\/p>\n<p style=\"text-align: justify;\">Soweit ich zur Durchf\u00fchrung und Abwicklung von Verarbeitungsprozessen Dienstleistungen Dritter in Anspruch nehme, werden die gesetzlichen Bestimmungen eingehalten.<\/p>\n<p><b>Datenschutz bei Links auf andere Internetseiten<\/b><\/p>\n<p style=\"text-align: justify;\">Soweit ich von meiner Internetseite auf die Webseiten Dritter verweise oder verlinke (z.B. auf die Internetseiten von Sport-Informations-Portalen), kann ich keine Gew\u00e4hr und Haftung f\u00fcr die Richtigkeit bzw. Vollst\u00e4ndigkeit der Inhalte und die Datensicherheit dieser Webseiten \u00fcbernehmen. Da ich keinen Einfluss auf die Einhaltung datenschutzrechtlicher Bestimmungen durch Dritte habe, sollest du die jeweils angebotenen Datenschutzerkl\u00e4rungen gesondert pr\u00fcfen.<\/p>\n<p style=\"text-align: justify;\">Letzte Aktualisierung dieser Datenschutzerkl\u00e4rung: 18. Mai 2018<\/p>\n","protected":false},"excerpt":{"rendered":"<p>Fussball Ergebnis Vorhersagen mittels Data MiningDatenschutzerkl\u00e4rung Mit dieser Datenschutzerkl\u00e4rung m\u00f6chten ich \u00fcber Art, Umfang und Zweck der von mir erhobenen, genutzten und verarbeiteten personenbezogenen Daten informieren und betroffene Personen \u00fcber die ihnen zustehenden Rechte aufgekl\u00e4ren. Datenschutzbeauftragter Hans-Joachim Jost ROGEON Verlag Talstr. 106 73732 Esslingen Deutschland\/ Germany Email: data-privacy-protection [at] dataminingsoccer.com Telefon: +49 176 80035086 Internet: &hellip; <a href=\"http:\/\/dataminingsoccer.com\/de\/datenschutzerklaerung\/\" class=\"more-link\"><span class=\"screen-reader-text\">Datenschutzerkl\u00e4rung<\/span> weiterlesen <span class=\"meta-nav\">&rarr;<\/span><\/a><\/p>\n","protected":false},"author":3,"featured_media":0,"parent":0,"menu_order":0,"comment_status":"closed","ping_status":"closed","template":"","meta":[],"yoast_head":"<!-- This site is optimized with the Yoast SEO plugin v14.8 - https:\/\/yoast.com\/wordpress\/plugins\/seo\/ -->\n<meta name=\"robots\" content=\"noindex, follow\" \/>\n<script type=\"application\/ld+json\" class=\"yoast-schema-graph\">{\"@context\":\"https:\/\/schema.org\",\"@graph\":[{\"@type\":\"WebSite\",\"@id\":\"http:\/\/dataminingsoccer.com\/de\/#website\",\"url\":\"http:\/\/dataminingsoccer.com\/de\/\",\"name\":\"Fu\\u00dfball-Ergebnis-Vorhersagen\",\"description\":\"basierend auf statistischen Analysen mittels Data-Mining.. Wir lieben Fu\\u00dfball! Wir lieben Zahlenspiele!\",\"potentialAction\":[{\"@type\":\"SearchAction\",\"target\":\"http:\/\/dataminingsoccer.com\/de\/?s={search_term_string}\",\"query-input\":\"required name=search_term_string\"}],\"inLanguage\":\"de\"},{\"@type\":\"WebPage\",\"@id\":\"http:\/\/dataminingsoccer.com\/de\/datenschutzerklaerung\/#webpage\",\"url\":\"http:\/\/dataminingsoccer.com\/de\/datenschutzerklaerung\/\",\"name\":\"Datenschutzerkl\\u00e4rung - Fu\\u00dfball-Ergebnis-Vorhersagen\",\"isPartOf\":{\"@id\":\"http:\/\/dataminingsoccer.com\/de\/#website\"},\"datePublished\":\"2018-05-18T03:39:58+00:00\",\"dateModified\":\"2018-05-20T06:19:08+00:00\",\"inLanguage\":\"de\",\"potentialAction\":[{\"@type\":\"ReadAction\",\"target\":[\"http:\/\/dataminingsoccer.com\/de\/datenschutzerklaerung\/\"]}]}]}<\/script>\n<!-- \/ Yoast SEO plugin. -->","_links":{"self":[{"href":"http:\/\/dataminingsoccer.com\/de\/wp-json\/wp\/v2\/pages\/4064"}],"collection":[{"href":"http:\/\/dataminingsoccer.com\/de\/wp-json\/wp\/v2\/pages"}],"about":[{"href":"http:\/\/dataminingsoccer.com\/de\/wp-json\/wp\/v2\/types\/page"}],"author":[{"embeddable":true,"href":"http:\/\/dataminingsoccer.com\/de\/wp-json\/wp\/v2\/users\/3"}],"replies":[{"embeddable":true,"href":"http:\/\/dataminingsoccer.com\/de\/wp-json\/wp\/v2\/comments?post=4064"}],"version-history":[{"count":9,"href":"http:\/\/dataminingsoccer.com\/de\/wp-json\/wp\/v2\/pages\/4064\/revisions"}],"predecessor-version":[{"id":4083,"href":"http:\/\/dataminingsoccer.com\/de\/wp-json\/wp\/v2\/pages\/4064\/revisions\/4083"}],"wp:attachment":[{"href":"http:\/\/dataminingsoccer.com\/de\/wp-json\/wp\/v2\/media?parent=4064"}],"curies":[{"name":"wp","href":"https:\/\/api.w.org\/{rel}","templated":true}]}}