{"id":3367,"date":"2014-09-20T02:38:48","date_gmt":"2014-09-20T00:38:48","guid":{"rendered":"http:\/\/dataminingsoccer.com\/de\/?page_id=3367"},"modified":"2015-06-23T20:25:50","modified_gmt":"2015-06-23T18:25:50","slug":"vorhersagen","status":"publish","type":"page","link":"http:\/\/dataminingsoccer.com\/de\/champions-league-europa-league\/vorhersagen\/","title":{"rendered":"Vorhersagen"},"content":{"rendered":"<h2>Fussball Ergebnis Vorhersagen mittels Data Mining<\/h2><p><img loading=\"lazy\" class=\"alignnone size-full wp-image-322\" src=\"http:\/\/dataminingsoccer.com\/de\/wp-content\/uploads\/sites\/2\/Champions-League-Fussball-Ergebnis-Vorhersagen-m.png\" alt=\"Champions-League-Fussball-Ergebnis-Vorhersagen\" width=\"52\" height=\"50\" \/>\u00a0\u00a0\u00a0\u00a0 <img loading=\"lazy\" class=\"alignnone size-full wp-image-354\" src=\"http:\/\/dataminingsoccer.com\/de\/wp-content\/uploads\/sites\/2\/Europa-League-Fussball-Ergebnis-Vorhersagen-m.png\" alt=\"Europa-League-Fussball-Ergebnis-Vorhersagen\" width=\"38\" height=\"50\" \/>\u00a0\u00a0\u00a0\u00a0 <img loading=\"lazy\" class=\"alignnone size-full wp-image-1228\" src=\"http:\/\/dataminingsoccer.com\/de\/wp-content\/uploads\/sites\/2\/FIFA-Klub-WM-m.png\" alt=\"FIFA-Klub-WM\" width=\"39\" height=\"50\" \/><\/p>\n<p style=\"text-align: justify;\">Europa: F\u00fcr einen Wettbewerb und eine Saison deiner Wahl findest du hier alle von uns vorhergesagten sowie alle realen Spielergebnisse.<\/p>\n<p style=\"text-align: justify;\">Du erreichst diese Seite mit Vorhersagen und Realergebnissen entweder in der Men\u00fc-Zeile oben \u00fcber <strong>&gt; CL &amp; EL &gt; Vorhersagen &gt; Wettbewerb &amp; Saison<\/strong> deiner Wahl, oder \u00fcber das Drop-Down-Men\u00fc \u2018<strong>Unsere Vorhersagen f\u00fcr\u2026<\/strong>\u2018 auf der rechten Seite, oder einfach durch einen Klick auf nachfolgende Links:<\/p>\n<p style=\"text-align: justify;\"><img loading=\"lazy\" class=\"alignnone size-full wp-image-323\" src=\"http:\/\/dataminingsoccer.com\/de\/wp-content\/uploads\/sites\/2\/Champions-League-Fussball-Ergebnis-Vorhersagen-s.png\" alt=\"Champions-League-Fussball-Ergebnis-Vorhersagen\" width=\"27\" height=\"25\" \/>\u00a0\u00a0 <a title=\"Champions League 2014\/15\" href=\"http:\/\/dataminingsoccer.com\/de\/champions-league-europa-league\/vorhersagen\/champions-league-2015-2016\/\">[Champions League 2015\/16]<\/a><br \/>\n<img loading=\"lazy\" class=\"alignnone size-full wp-image-355\" src=\"http:\/\/dataminingsoccer.com\/de\/wp-content\/uploads\/sites\/2\/Europa-League-Fussball-Ergebnis-Vorhersagen-s.png\" alt=\"Europa-League-Fussball-Ergebnis-Vorhersagen\" width=\"26\" height=\"25\" \/>\u00a0\u00a0 <a title=\"Europa League 2014\/15\" href=\"http:\/\/dataminingsoccer.com\/de\/champions-league-europa-league\/vorhersagen\/europa-league-2015-2016\/\">[Europa League 2015\/16]<br \/>\n<\/a><img loading=\"lazy\" class=\"alignnone size-full wp-image-323\" src=\"http:\/\/dataminingsoccer.com\/de\/wp-content\/uploads\/sites\/2\/Champions-League-Fussball-Ergebnis-Vorhersagen-s.png\" alt=\"Champions-League-Fussball-Ergebnis-Vorhersagen\" width=\"27\" height=\"25\" \/>\u00a0\u00a0 <a title=\"Champions League 2014\/15\" href=\"http:\/\/dataminingsoccer.com\/de\/champions-league-europa-league\/vorhersagen\/champions-league-2014-15\/\">[Champions League 2014\/15]<\/a><a title=\"Europa League 2014\/15\" href=\"http:\/\/dataminingsoccer.com\/de\/champions-league-europa-league\/vorhersagen\/europa-league-2014-15\/\"><br \/>\n<\/a><img loading=\"lazy\" class=\"alignnone size-full wp-image-355\" src=\"http:\/\/dataminingsoccer.com\/de\/wp-content\/uploads\/sites\/2\/Europa-League-Fussball-Ergebnis-Vorhersagen-s.png\" alt=\"Europa-League-Fussball-Ergebnis-Vorhersagen\" width=\"26\" height=\"25\" \/>\u00a0\u00a0 <a title=\"Europa League 2014\/15\" href=\"http:\/\/dataminingsoccer.com\/de\/champions-league-europa-league\/vorhersagen\/europa-league-2014-15\/\">[Europa League 2014\/15]<\/a><br \/>\n<img loading=\"lazy\" class=\"alignnone size-full wp-image-3369\" src=\"http:\/\/dataminingsoccer.com\/de\/wp-content\/uploads\/sites\/2\/FIFA-Klub-WM-s.png\" alt=\"FIFA-Klub-WM\" width=\"19\" height=\"25\" \/> \u00a0\u00a0\u00a0 <a title=\"Klub-WM 2013\" href=\"http:\/\/dataminingsoccer.com\/de\/champions-league-europa-league\/vorhersagen\/klub-wm-2013\/\">[Klub-WM 2013]<\/a><\/p>\n<p style=\"text-align: justify;\">Als zus\u00e4tzlichen statistischen Indikator findest du f\u00fcr alle von uns vohergesagten Partien in Europa immer auch die Angabe einer unserer statistischen Konfidenz-Faktoren (DMSC\u2122 oder DMSU\u2122).<\/p>\n<p><img loading=\"lazy\" class=\"alignnone size-full wp-image-322\" src=\"http:\/\/dataminingsoccer.com\/de\/wp-content\/uploads\/sites\/2\/Champions-League-Fussball-Ergebnis-Vorhersagen-m.png\" alt=\"Champions-League-Fussball-Ergebnis-Vorhersagen\" width=\"52\" height=\"50\" \/>\u00a0\u00a0\u00a0\u00a0 <img loading=\"lazy\" class=\"alignnone size-full wp-image-354\" src=\"http:\/\/dataminingsoccer.com\/de\/wp-content\/uploads\/sites\/2\/Europa-League-Fussball-Ergebnis-Vorhersagen-m.png\" alt=\"Europa-League-Fussball-Ergebnis-Vorhersagen\" width=\"38\" height=\"50\" \/>\u00a0\u00a0\u00a0\u00a0 <img loading=\"lazy\" class=\"alignnone size-full wp-image-1228\" src=\"http:\/\/dataminingsoccer.com\/de\/wp-content\/uploads\/sites\/2\/FIFA-Klub-WM-m.png\" alt=\"FIFA-Klub-WM\" width=\"39\" height=\"50\" \/><\/p>\n","protected":false},"excerpt":{"rendered":"<p>Fussball Ergebnis Vorhersagen mittels Data Mining\u00a0\u00a0\u00a0\u00a0 \u00a0\u00a0\u00a0\u00a0 Europa: F\u00fcr einen Wettbewerb und eine Saison deiner Wahl findest du hier alle von uns vorhergesagten sowie alle realen Spielergebnisse. Du erreichst diese Seite mit Vorhersagen und Realergebnissen entweder in der Men\u00fc-Zeile oben \u00fcber &gt; CL &amp; EL &gt; Vorhersagen &gt; Wettbewerb &amp; Saison deiner Wahl, oder \u00fcber &hellip; <a href=\"http:\/\/dataminingsoccer.com\/de\/champions-league-europa-league\/vorhersagen\/\" class=\"more-link\"><span class=\"screen-reader-text\">Vorhersagen<\/span> weiterlesen <span class=\"meta-nav\">&rarr;<\/span><\/a><\/p>\n","protected":false},"author":3,"featured_media":0,"parent":125,"menu_order":10,"comment_status":"closed","ping_status":"closed","template":"","meta":[],"yoast_head":"<!-- This site is optimized with the Yoast SEO plugin v14.8 - https:\/\/yoast.com\/wordpress\/plugins\/seo\/ -->\n<meta name=\"description\" content=\"Fussball Ergebnis-Vorhersagen f\u00fcr die Champions League und Europa League basierend auf statistischen Analysen mittels einer Data-Mining Software.\" \/>\n<meta name=\"robots\" content=\"index, follow\" \/>\n<meta name=\"googlebot\" content=\"index, follow, max-snippet:-1, max-image-preview:large, max-video-preview:-1\" \/>\n<meta name=\"bingbot\" content=\"index, follow, max-snippet:-1, max-image-preview:large, max-video-preview:-1\" \/>\n<link rel=\"canonical\" href=\"http:\/\/dataminingsoccer.com\/de\/champions-league-europa-league\/vorhersagen\/\" \/>\n<script type=\"application\/ld+json\" class=\"yoast-schema-graph\">{\"@context\":\"https:\/\/schema.org\",\"@graph\":[{\"@type\":\"WebSite\",\"@id\":\"http:\/\/dataminingsoccer.com\/de\/#website\",\"url\":\"http:\/\/dataminingsoccer.com\/de\/\",\"name\":\"Fu\\u00dfball-Ergebnis-Vorhersagen\",\"description\":\"basierend auf statistischen Analysen mittels Data-Mining.. Wir lieben Fu\\u00dfball! Wir lieben Zahlenspiele!\",\"potentialAction\":[{\"@type\":\"SearchAction\",\"target\":\"http:\/\/dataminingsoccer.com\/de\/?s={search_term_string}\",\"query-input\":\"required name=search_term_string\"}],\"inLanguage\":\"de\"},{\"@type\":\"ImageObject\",\"@id\":\"http:\/\/dataminingsoccer.com\/de\/champions-league-europa-league\/vorhersagen\/#primaryimage\",\"inLanguage\":\"de\",\"url\":\"http:\/\/dataminingsoccer.com\/de\/wp-content\/uploads\/sites\/2\/Champions-League-Fussball-Ergebnis-Vorhersagen-m.png\",\"width\":52,\"height\":50,\"caption\":\"Champions-League-Fussball-Ergebnis-Vorhersagen\"},{\"@type\":\"WebPage\",\"@id\":\"http:\/\/dataminingsoccer.com\/de\/champions-league-europa-league\/vorhersagen\/#webpage\",\"url\":\"http:\/\/dataminingsoccer.com\/de\/champions-league-europa-league\/vorhersagen\/\",\"name\":\"Vorhersagen - Fu\\u00dfball-Ergebnis-Vorhersagen\",\"isPartOf\":{\"@id\":\"http:\/\/dataminingsoccer.com\/de\/#website\"},\"primaryImageOfPage\":{\"@id\":\"http:\/\/dataminingsoccer.com\/de\/champions-league-europa-league\/vorhersagen\/#primaryimage\"},\"datePublished\":\"2014-09-20T00:38:48+00:00\",\"dateModified\":\"2015-06-23T18:25:50+00:00\",\"description\":\"Fussball Ergebnis-Vorhersagen f\\u00fcr die Champions League und Europa League basierend auf statistischen Analysen mittels einer Data-Mining Software.\",\"inLanguage\":\"de\",\"potentialAction\":[{\"@type\":\"ReadAction\",\"target\":[\"http:\/\/dataminingsoccer.com\/de\/champions-league-europa-league\/vorhersagen\/\"]}]}]}<\/script>\n<!-- \/ Yoast SEO plugin. -->","_links":{"self":[{"href":"http:\/\/dataminingsoccer.com\/de\/wp-json\/wp\/v2\/pages\/3367"}],"collection":[{"href":"http:\/\/dataminingsoccer.com\/de\/wp-json\/wp\/v2\/pages"}],"about":[{"href":"http:\/\/dataminingsoccer.com\/de\/wp-json\/wp\/v2\/types\/page"}],"author":[{"embeddable":true,"href":"http:\/\/dataminingsoccer.com\/de\/wp-json\/wp\/v2\/users\/3"}],"replies":[{"embeddable":true,"href":"http:\/\/dataminingsoccer.com\/de\/wp-json\/wp\/v2\/comments?post=3367"}],"version-history":[{"count":6,"href":"http:\/\/dataminingsoccer.com\/de\/wp-json\/wp\/v2\/pages\/3367\/revisions"}],"predecessor-version":[{"id":3678,"href":"http:\/\/dataminingsoccer.com\/de\/wp-json\/wp\/v2\/pages\/3367\/revisions\/3678"}],"up":[{"embeddable":true,"href":"http:\/\/dataminingsoccer.com\/de\/wp-json\/wp\/v2\/pages\/125"}],"wp:attachment":[{"href":"http:\/\/dataminingsoccer.com\/de\/wp-json\/wp\/v2\/media?parent=3367"}],"curies":[{"name":"wp","href":"https:\/\/api.w.org\/{rel}","templated":true}]}}