{"id":3246,"date":"2014-09-03T18:26:15","date_gmt":"2014-09-03T16:26:15","guid":{"rendered":"http:\/\/dataminingsoccer.com\/de\/?page_id=3246"},"modified":"2014-09-03T18:26:15","modified_gmt":"2014-09-03T16:26:15","slug":"weltmeisterschaft-2014","status":"publish","type":"page","link":"http:\/\/dataminingsoccer.com\/de\/wm-em\/statistiken-je-mannschaft\/weltmeisterschaft-2014\/","title":{"rendered":"Weltmeisterschaft 2014"},"content":{"rendered":"<h2>Statistiken je Mannschaft<\/h2><p style=\"text-align: justify;\"><img loading=\"lazy\" class=\"alignnone size-full wp-image-384\" src=\"http:\/\/dataminingsoccer.com\/de\/wp-content\/uploads\/sites\/2\/WM-2014-Brasilien-Fussball-Ergebnis-Vorhersagen-m.png\" alt=\"WM-2014-Brasilien-Fussball-Ergebnis-Vorhersagen\" width=\"42\" height=\"50\" \/><\/p>\n<p style=\"text-align: justify;\">Deutschland ist Weltmeister 2014? Formal ja. Wir haben f\u00fcr euch aber einmal ausgerechnet wie die einzelnen Mannschaften auf Basis ihres jeweiligen (statistischen) Potenzials abgeschnitten haben. Das Ergebnis ist eine interessante Rangliste \u2013 nicht nur was den alternativen Weltmeister, die \u2018Ticos\u2019 aus Costa Rica, anbetrifft!<span id=\"more-2379\"><\/span><\/p>\n<p style=\"text-align: justify;\">1.\u00a0\u00a0 <img loading=\"lazy\" class=\"alignnone size-full wp-image-2290\" src=\"http:\/\/dataminingsoccer.com\/de\/wp-content\/uploads\/sites\/2\/CRC-s.png\" alt=\"#CRC\" width=\"23\" height=\"15\" \/>\u00a0\u00a0 Costa Rica<br \/>\n2.\u00a0\u00a0 <img loading=\"lazy\" class=\"alignnone size-full wp-image-2286\" src=\"http:\/\/dataminingsoccer.com\/de\/wp-content\/uploads\/sites\/2\/CHI-s.png\" alt=\"#CHI\" width=\"23\" height=\"15\" \/>\u00a0\u00a0 Chile<br \/>\n3.\u00a0\u00a0 <img loading=\"lazy\" class=\"alignnone size-full wp-image-2305\" src=\"http:\/\/dataminingsoccer.com\/de\/wp-content\/uploads\/sites\/2\/NED-s.png\" alt=\"#NED\" width=\"23\" height=\"15\" \/>\u00a0\u00a0 Niederlande<br \/>\n4.\u00a0\u00a0 <img loading=\"lazy\" class=\"alignnone size-full wp-image-2289\" src=\"http:\/\/dataminingsoccer.com\/de\/wp-content\/uploads\/sites\/2\/COL-s.png\" alt=\"#COL\" width=\"23\" height=\"15\" \/>\u00a0\u00a0 Kolumbien<br \/>\n5.\u00a0\u00a0 <img loading=\"lazy\" class=\"alignnone size-full wp-image-2311\" src=\"http:\/\/dataminingsoccer.com\/de\/wp-content\/uploads\/sites\/2\/USA-s.png\" alt=\"#USA\" width=\"23\" height=\"15\" \/>\u00a0\u00a0 USA<br \/>\n6.\u00a0\u00a0 <img loading=\"lazy\" class=\"alignnone size-full wp-image-2295\" src=\"http:\/\/dataminingsoccer.com\/de\/wp-content\/uploads\/sites\/2\/FRA-s.png\" alt=\"#FRA\" width=\"23\" height=\"15\" \/>\u00a0\u00a0 Frankreich<br \/>\n7.\u00a0\u00a0 <img loading=\"lazy\" class=\"alignnone size-full wp-image-2306\" src=\"http:\/\/dataminingsoccer.com\/de\/wp-content\/uploads\/sites\/2\/NGA-s.png\" alt=\"#NGA\" width=\"23\" height=\"15\" \/>\u00a0\u00a0 Nigeria<br \/>\n8.\u00a0\u00a0 <img loading=\"lazy\" class=\"alignnone size-full wp-image-2287\" src=\"http:\/\/dataminingsoccer.com\/de\/wp-content\/uploads\/sites\/2\/CIV-s.png\" alt=\"#CIV\" width=\"23\" height=\"15\" \/>\u00a0\u00a0 Elfenbeink\u00fcste<br \/>\n9.\u00a0\u00a0 <img loading=\"lazy\" class=\"alignnone size-full wp-image-2292\" src=\"http:\/\/dataminingsoccer.com\/de\/wp-content\/uploads\/sites\/2\/ECU-s.png\" alt=\"#ECU\" width=\"23\" height=\"15\" \/>\u00a0\u00a0 Ecuador<br \/>\n10.\u00a0\u00a0 <img loading=\"lazy\" class=\"alignnone size-full wp-image-2310\" src=\"http:\/\/dataminingsoccer.com\/de\/wp-content\/uploads\/sites\/2\/URU-s.png\" alt=\"#URU\" width=\"23\" height=\"15\" \/>\u00a0\u00a0 Uruguay<br \/>\n11.\u00a0\u00a0 <img loading=\"lazy\" class=\"alignnone size-full wp-image-2296\" src=\"http:\/\/dataminingsoccer.com\/de\/wp-content\/uploads\/sites\/2\/GER-s.png\" alt=\"GER-s\" width=\"23\" height=\"15\" \/>\u00a0\u00a0 Deutschland<br \/>\n12.\u00a0\u00a0 <img loading=\"lazy\" class=\"alignnone size-full wp-image-2304\" src=\"http:\/\/dataminingsoccer.com\/de\/wp-content\/uploads\/sites\/2\/MEX-s.png\" alt=\"#MEX\" width=\"23\" height=\"15\" \/>\u00a0\u00a0 Mexiko<br \/>\n13.\u00a0\u00a0 <img loading=\"lazy\" class=\"alignnone size-full wp-image-2280\" src=\"http:\/\/dataminingsoccer.com\/de\/wp-content\/uploads\/sites\/2\/ALG-s.png\" alt=\"#ALG\" width=\"23\" height=\"15\" \/>\u00a0\u00a0 Algerien<br \/>\n14.\u00a0\u00a0 <img loading=\"lazy\" class=\"alignnone size-full wp-image-2291\" src=\"http:\/\/dataminingsoccer.com\/de\/wp-content\/uploads\/sites\/2\/CRO-s.png\" alt=\"#CRO\" width=\"23\" height=\"15\" \/>\u00a0\u00a0 Kroatien<br \/>\n15.\u00a0\u00a0 <img loading=\"lazy\" class=\"alignnone size-full wp-image-2300\" src=\"http:\/\/dataminingsoccer.com\/de\/wp-content\/uploads\/sites\/2\/IRN-s.png\" alt=\"#IRN\" width=\"23\" height=\"15\" \/>\u00a0\u00a0 Iran<br \/>\n16.\u00a0\u00a0 <img loading=\"lazy\" class=\"alignnone size-full wp-image-2282\" src=\"http:\/\/dataminingsoccer.com\/de\/wp-content\/uploads\/sites\/2\/AUS-s.png\" alt=\"#AUS\" width=\"23\" height=\"15\" \/>\u00a0\u00a0 Australien<br \/>\n17.\u00a0\u00a0 <img loading=\"lazy\" class=\"alignnone size-full wp-image-2283\" src=\"http:\/\/dataminingsoccer.com\/de\/wp-content\/uploads\/sites\/2\/BEL-s.png\" alt=\"#BEL\" width=\"23\" height=\"15\" \/>\u00a0\u00a0 Belgien<br \/>\n18.\u00a0\u00a0 <img loading=\"lazy\" class=\"alignnone size-full wp-image-2297\" src=\"http:\/\/dataminingsoccer.com\/de\/wp-content\/uploads\/sites\/2\/GHA-s.png\" alt=\"#GHA\" width=\"23\" height=\"15\" \/>\u00a0\u00a0 Ghana<br \/>\n19.\u00a0\u00a0 <img loading=\"lazy\" class=\"alignnone size-full wp-image-2298\" src=\"http:\/\/dataminingsoccer.com\/de\/wp-content\/uploads\/sites\/2\/GRE-s.png\" alt=\"#GRE\" width=\"23\" height=\"15\" \/>\u00a0\u00a0 Griechenland<br \/>\n20.\u00a0\u00a0 <img loading=\"lazy\" class=\"alignnone size-full wp-image-2281\" src=\"http:\/\/dataminingsoccer.com\/de\/wp-content\/uploads\/sites\/2\/ARG-s.png\" alt=\"#ARG\" width=\"23\" height=\"15\" \/>\u00a0\u00a0 Argentinien<br \/>\n21.\u00a0\u00a0 <img loading=\"lazy\" class=\"alignnone size-full wp-image-2303\" src=\"http:\/\/dataminingsoccer.com\/de\/wp-content\/uploads\/sites\/2\/KOR-s.png\" alt=\"#KOR\" width=\"23\" height=\"15\" \/>\u00a0\u00a0 S\u00fcdkorea<br \/>\n22.\u00a0\u00a0 <img loading=\"lazy\" class=\"alignnone size-full wp-image-2308\" src=\"http:\/\/dataminingsoccer.com\/de\/wp-content\/uploads\/sites\/2\/RUS-s.png\" alt=\"#RUS\" width=\"23\" height=\"15\" \/>\u00a0\u00a0 Russland<br \/>\n23.\u00a0\u00a0 <img loading=\"lazy\" class=\"alignnone size-full wp-image-2299\" src=\"http:\/\/dataminingsoccer.com\/de\/wp-content\/uploads\/sites\/2\/HON-s.png\" alt=\"#HON\" width=\"23\" height=\"15\" \/>\u00a0\u00a0 Honduras<br \/>\n24.\u00a0\u00a0 <img loading=\"lazy\" class=\"alignnone size-full wp-image-2288\" src=\"http:\/\/dataminingsoccer.com\/de\/wp-content\/uploads\/sites\/2\/CMR-s.png\" alt=\"#CMR\" width=\"23\" height=\"15\" \/>\u00a0\u00a0 Kamerun<br \/>\n25.\u00a0\u00a0 <img loading=\"lazy\" class=\"alignnone size-full wp-image-2284\" src=\"http:\/\/dataminingsoccer.com\/de\/wp-content\/uploads\/sites\/2\/BIH-s.png\" alt=\"#BIH\" width=\"23\" height=\"15\" \/>\u00a0\u00a0 Bosnien-Herzegowina<br \/>\n26.\u00a0\u00a0 <img loading=\"lazy\" class=\"alignnone size-full wp-image-2307\" src=\"http:\/\/dataminingsoccer.com\/de\/wp-content\/uploads\/sites\/2\/POR-s.png\" alt=\"#POR\" width=\"23\" height=\"15\" \/>\u00a0\u00a0 Portugal<br \/>\n27.\u00a0\u00a0 <img loading=\"lazy\" class=\"alignnone size-full wp-image-2309\" src=\"http:\/\/dataminingsoccer.com\/de\/wp-content\/uploads\/sites\/2\/SUI-s.png\" alt=\"#SUI\" width=\"23\" height=\"15\" \/>\u00a0\u00a0 Schweiz<br \/>\n28.\u00a0\u00a0 <img loading=\"lazy\" class=\"alignnone size-full wp-image-2301\" src=\"http:\/\/dataminingsoccer.com\/de\/wp-content\/uploads\/sites\/2\/ITA-s.png\" alt=\"#ITA\" width=\"23\" height=\"15\" \/>\u00a0\u00a0 Italien<br \/>\n29.\u00a0\u00a0 <img loading=\"lazy\" class=\"alignnone size-full wp-image-2285\" src=\"http:\/\/dataminingsoccer.com\/de\/wp-content\/uploads\/sites\/2\/BRA-s.png\" alt=\"#BRA\" width=\"23\" height=\"15\" \/>\u00a0\u00a0 Brasilien<br \/>\n30.\u00a0\u00a0 <img loading=\"lazy\" class=\"alignnone size-full wp-image-2302\" src=\"http:\/\/dataminingsoccer.com\/de\/wp-content\/uploads\/sites\/2\/JPN-s.png\" alt=\"#JPN\" width=\"23\" height=\"15\" \/>\u00a0\u00a0 Japan<br \/>\n31.\u00a0\u00a0 <img loading=\"lazy\" class=\"alignnone size-full wp-image-2293\" src=\"http:\/\/dataminingsoccer.com\/de\/wp-content\/uploads\/sites\/2\/ENG-s.png\" alt=\"#ENG\" width=\"23\" height=\"15\" \/>\u00a0\u00a0 England<br \/>\n32.\u00a0\u00a0 <img loading=\"lazy\" class=\"alignnone size-full wp-image-2294\" src=\"http:\/\/dataminingsoccer.com\/de\/wp-content\/uploads\/sites\/2\/ESP-s.png\" alt=\"#ESP\" width=\"23\" height=\"15\" \/>\u00a0\u00a0 Spanien<\/p>\n<p style=\"text-align: justify;\">Nat\u00fcrlich gibt es verschiedene Methoden diese Liste zu erstellen, die ungef\u00e4hre Reihenfolge der Mannschaften d\u00fcrfte jedoch in jedem Falle \u00e4hnlich sein.<\/p>\n<p style=\"text-align: justify;\"><img loading=\"lazy\" class=\"alignnone size-full wp-image-384\" src=\"http:\/\/dataminingsoccer.com\/de\/wp-content\/uploads\/sites\/2\/WM-2014-Brasilien-Fussball-Ergebnis-Vorhersagen-m.png\" alt=\"WM-2014-Brasilien-Fussball-Ergebnis-Vorhersagen\" width=\"42\" height=\"50\" \/><\/p>\n","protected":false},"excerpt":{"rendered":"<p>Statistiken je Mannschaft Deutschland ist Weltmeister 2014? Formal ja. Wir haben f\u00fcr euch aber einmal ausgerechnet wie die einzelnen Mannschaften auf Basis ihres jeweiligen (statistischen) Potenzials abgeschnitten haben. Das Ergebnis ist eine interessante Rangliste \u2013 nicht nur was den alternativen Weltmeister, die \u2018Ticos\u2019 aus Costa Rica, anbetrifft! 1.\u00a0\u00a0 \u00a0\u00a0 Costa Rica 2.\u00a0\u00a0 \u00a0\u00a0 Chile 3.\u00a0\u00a0 &hellip; <a href=\"http:\/\/dataminingsoccer.com\/de\/wm-em\/statistiken-je-mannschaft\/weltmeisterschaft-2014\/\" class=\"more-link\"><span class=\"screen-reader-text\">Weltmeisterschaft 2014<\/span> weiterlesen <span class=\"meta-nav\">&rarr;<\/span><\/a><\/p>\n","protected":false},"author":3,"featured_media":0,"parent":3243,"menu_order":98,"comment_status":"closed","ping_status":"closed","template":"","meta":[],"yoast_head":"<!-- This site is optimized with the Yoast SEO plugin v14.8 - https:\/\/yoast.com\/wordpress\/plugins\/seo\/ -->\n<meta name=\"description\" content=\"Fussball Ergebnis-Vorhersagen f\u00fcr die WM (Weltmeisterschaft) 2014 in Brasilien: Statistiken je Mannschaft &amp; alternative Rangliste.\" \/>\n<meta name=\"robots\" content=\"index, follow\" \/>\n<meta name=\"googlebot\" content=\"index, follow, max-snippet:-1, max-image-preview:large, max-video-preview:-1\" \/>\n<meta name=\"bingbot\" content=\"index, follow, max-snippet:-1, max-image-preview:large, max-video-preview:-1\" \/>\n<link rel=\"canonical\" href=\"http:\/\/dataminingsoccer.com\/de\/wm-em\/statistiken-je-mannschaft\/weltmeisterschaft-2014\/\" \/>\n<script type=\"application\/ld+json\" class=\"yoast-schema-graph\">{\"@context\":\"https:\/\/schema.org\",\"@graph\":[{\"@type\":\"WebSite\",\"@id\":\"http:\/\/dataminingsoccer.com\/de\/#website\",\"url\":\"http:\/\/dataminingsoccer.com\/de\/\",\"name\":\"Fu\\u00dfball-Ergebnis-Vorhersagen\",\"description\":\"basierend auf statistischen Analysen mittels Data-Mining.. Wir lieben Fu\\u00dfball! Wir lieben Zahlenspiele!\",\"potentialAction\":[{\"@type\":\"SearchAction\",\"target\":\"http:\/\/dataminingsoccer.com\/de\/?s={search_term_string}\",\"query-input\":\"required name=search_term_string\"}],\"inLanguage\":\"de\"},{\"@type\":\"ImageObject\",\"@id\":\"http:\/\/dataminingsoccer.com\/de\/wm-em\/statistiken-je-mannschaft\/weltmeisterschaft-2014\/#primaryimage\",\"inLanguage\":\"de\",\"url\":\"http:\/\/dataminingsoccer.com\/de\/wp-content\/uploads\/sites\/2\/WM-2014-Brasilien-Fussball-Ergebnis-Vorhersagen-m.png\",\"width\":42,\"height\":50,\"caption\":\"WM-2014-Brasilien-Fussball-Ergebnis-Vorhersagen\"},{\"@type\":\"WebPage\",\"@id\":\"http:\/\/dataminingsoccer.com\/de\/wm-em\/statistiken-je-mannschaft\/weltmeisterschaft-2014\/#webpage\",\"url\":\"http:\/\/dataminingsoccer.com\/de\/wm-em\/statistiken-je-mannschaft\/weltmeisterschaft-2014\/\",\"name\":\"Weltmeisterschaft 2014 - Fu\\u00dfball-Ergebnis-Vorhersagen\",\"isPartOf\":{\"@id\":\"http:\/\/dataminingsoccer.com\/de\/#website\"},\"primaryImageOfPage\":{\"@id\":\"http:\/\/dataminingsoccer.com\/de\/wm-em\/statistiken-je-mannschaft\/weltmeisterschaft-2014\/#primaryimage\"},\"datePublished\":\"2014-09-03T16:26:15+00:00\",\"dateModified\":\"2014-09-03T16:26:15+00:00\",\"description\":\"Fussball Ergebnis-Vorhersagen f\\u00fcr die WM (Weltmeisterschaft) 2014 in Brasilien: Statistiken je Mannschaft & alternative Rangliste.\",\"inLanguage\":\"de\",\"potentialAction\":[{\"@type\":\"ReadAction\",\"target\":[\"http:\/\/dataminingsoccer.com\/de\/wm-em\/statistiken-je-mannschaft\/weltmeisterschaft-2014\/\"]}]}]}<\/script>\n<!-- \/ Yoast SEO plugin. -->","_links":{"self":[{"href":"http:\/\/dataminingsoccer.com\/de\/wp-json\/wp\/v2\/pages\/3246"}],"collection":[{"href":"http:\/\/dataminingsoccer.com\/de\/wp-json\/wp\/v2\/pages"}],"about":[{"href":"http:\/\/dataminingsoccer.com\/de\/wp-json\/wp\/v2\/types\/page"}],"author":[{"embeddable":true,"href":"http:\/\/dataminingsoccer.com\/de\/wp-json\/wp\/v2\/users\/3"}],"replies":[{"embeddable":true,"href":"http:\/\/dataminingsoccer.com\/de\/wp-json\/wp\/v2\/comments?post=3246"}],"version-history":[{"count":1,"href":"http:\/\/dataminingsoccer.com\/de\/wp-json\/wp\/v2\/pages\/3246\/revisions"}],"predecessor-version":[{"id":3247,"href":"http:\/\/dataminingsoccer.com\/de\/wp-json\/wp\/v2\/pages\/3246\/revisions\/3247"}],"up":[{"embeddable":true,"href":"http:\/\/dataminingsoccer.com\/de\/wp-json\/wp\/v2\/pages\/3243"}],"wp:attachment":[{"href":"http:\/\/dataminingsoccer.com\/de\/wp-json\/wp\/v2\/media?parent=3246"}],"curies":[{"name":"wp","href":"https:\/\/api.w.org\/{rel}","templated":true}]}}