{"id":3236,"date":"2014-09-02T04:56:51","date_gmt":"2014-09-02T02:56:51","guid":{"rendered":"http:\/\/dataminingsoccer.com\/de\/?page_id=3236"},"modified":"2016-06-05T23:58:00","modified_gmt":"2016-06-05T21:58:00","slug":"vorhersagen","status":"publish","type":"page","link":"http:\/\/dataminingsoccer.com\/de\/wm-em\/vorhersagen\/","title":{"rendered":"Vorhersagen"},"content":{"rendered":"<h2>Fussball Ergebnis Vorhersagen mittels Data Mining<\/h2><p style=\"text-align: justify;\"><img loading=\"lazy\" class=\"alignnone size-full wp-image-1975\" src=\"http:\/\/dataminingsoccer.com\/de\/wp-content\/uploads\/sites\/2\/Weltmeister-Pokal.jpg\" alt=\"Weltmeister-Pokal\" width=\"23\" height=\"50\" \/>\u00a0\u00a0\u00a0\u00a0 <img loading=\"lazy\" class=\"alignnone size-full wp-image-1972\" src=\"http:\/\/dataminingsoccer.com\/de\/wp-content\/uploads\/sites\/2\/Europameister-Pokal.jpg\" alt=\"Europameister-Pokal\" width=\"28\" height=\"50\" \/>\u00a0\u00a0\u00a0\u00a0 <img loading=\"lazy\" class=\"alignnone size-full wp-image-3853\" src=\"http:\/\/dataminingsoccer.com\/de\/wp-content\/uploads\/sites\/2\/Copa-America-Pokal-m.png\" alt=\"Copa-America-Pokal\" width=\"22\" height=\"51\" \/><\/p>\n<p style=\"text-align: justify;\">F\u00fcr eine WM (Weltmeisterschaft) oder EM (Europameisterschaft) deiner Wahl findest du hier alle von uns vorhergesagten sowie alle realen Spielergebnisse.<\/p>\n<p style=\"text-align: justify;\">Du erreichst diese Seite mit Vorhersagen und Realergebnissen entweder in der Men\u00fc-Zeile oben \u00fcber <strong>&gt; WM &amp; kontinentale &gt; Vorhersagen &gt; Wettbewerb<\/strong> deiner Wahl, oder \u00fcber das Drop-Down-Men\u00fc \u2018<strong>Unsere Vorhersagen f\u00fcr\u2026<\/strong>\u2018 auf der rechten Seite, oder einfach durch einen Klick auf nachfolgende Links:<\/p>\n<p><img loading=\"lazy\" class=\"alignnone size-full wp-image-3825\" src=\"http:\/\/dataminingsoccer.com\/de\/wp-content\/uploads\/sites\/2\/EM-2016-Frankreich-Fussball-Ergebnis-Vorhersagen-s.png\" alt=\"EM-2016-Frankreich-Fussball-Ergebnis-Vorhersagen\" width=\"25\" height=\"25\" \/> <a href=\"http:\/\/dataminingsoccer.com\/de\/wm-em\/vorhersagen\/europameisterschaft-2016\/\">[Fussball EM 2016 in Frankreich]<\/a><a title=\"Weltmeisterschaft 2014\" href=\"http:\/\/dataminingsoccer.com\/de\/wm-em\/weltmeisterschaft-2014\/\"><br \/>\n<\/a><img loading=\"lazy\" class=\"alignnone size-full wp-image-3840\" src=\"http:\/\/dataminingsoccer.com\/de\/wp-content\/uploads\/sites\/2\/Copa-America-2016-USA-Fussball-Ergebnis-Vorhersagen-s.png\" alt=\"Copa-America-2016-USA-Fussball-Ergebnis-Vorhersagen\" width=\"25\" height=\"25\" \/> <a href=\"http:\/\/dataminingsoccer.com\/de\/wm-em\/vorhersagen\/copa-america-2016\/\">[Copa Am\u00e9rica 2016 in den USA]<\/a><a title=\"Weltmeisterschaft 2014\" href=\"http:\/\/dataminingsoccer.com\/de\/wm-em\/weltmeisterschaft-2014\/\"><br \/>\n<\/a><img loading=\"lazy\" class=\"alignnone size-full wp-image-385\" src=\"http:\/\/dataminingsoccer.com\/de\/wp-content\/uploads\/sites\/2\/WM-2014-Brasilien-Fussball-Ergebnis-Vorhersagen-s.png\" alt=\"WM-2014-Brasilien-Fussball-Ergebnis-Vorhersagen\" width=\"19\" height=\"25\" \/><a title=\"Weltmeisterschaft 2014\" href=\"http:\/\/dataminingsoccer.com\/de\/wm-em\/weltmeisterschaft-2014\/\"> [Fussball WM 2014 in Brasilien]<\/a><br \/>\n<img loading=\"lazy\" class=\"alignnone size-full wp-image-389\" src=\"http:\/\/dataminingsoccer.com\/de\/wp-content\/uploads\/sites\/2\/EM-2012-Polen-Ukraine-Fussball-Ergebnis-Vorhersagen-s.png\" alt=\"EM-2012-Polen-Ukraine-Fussball-Ergebnis-Vorhersagen\" width=\"28\" height=\"25\" \/><a title=\"Europameisterschaft 2012\" href=\"http:\/\/dataminingsoccer.com\/de\/wm-em\/europameisterschaft-2012\/\"> [Fussball EM 2012 in Polen und der Ukraine]<\/a><br \/>\n<img loading=\"lazy\" class=\"alignnone size-full wp-image-1529\" src=\"http:\/\/dataminingsoccer.com\/de\/wp-content\/uploads\/sites\/2\/WM-2010-Suedafrika-Fussball-Ergebnis-Vorhersagen-s.png\" alt=\"WM-2010-Suedafrika-Fussball-Ergebnis-Vorhersagen\" width=\"22\" height=\"25\" \/> <a title=\"Weltmeisterschaft 2010\" href=\"http:\/\/dataminingsoccer.com\/de\/wm-em\/weltmeisterschaft-2010\/\">[Fussball WM 2010 in S\u00fcdafrika]<\/a><\/p>\n<p style=\"text-align: justify;\">F\u00fcr die letzten Turniere findest du auch jeweils unsere urspr\u00fcngliche Komplett-Vorhersage des gesamten Turniers, welche wir jeweils noch vor Beginn des ersten Spiels statistisch errechnet haben &#8211; bis hin zum Finale.<\/p>\n<p style=\"text-align: justify;\"><img loading=\"lazy\" class=\"alignnone size-full wp-image-1975\" src=\"http:\/\/dataminingsoccer.com\/de\/wp-content\/uploads\/sites\/2\/Weltmeister-Pokal.jpg\" alt=\"Weltmeister-Pokal\" width=\"23\" height=\"50\" \/>\u00a0\u00a0\u00a0\u00a0 <img loading=\"lazy\" class=\"alignnone size-full wp-image-1972\" src=\"http:\/\/dataminingsoccer.com\/de\/wp-content\/uploads\/sites\/2\/Europameister-Pokal.jpg\" alt=\"Europameister-Pokal\" width=\"28\" height=\"50\" \/>\u00a0\u00a0\u00a0\u00a0 <img loading=\"lazy\" class=\"alignnone size-full wp-image-3853\" src=\"http:\/\/dataminingsoccer.com\/de\/wp-content\/uploads\/sites\/2\/Copa-America-Pokal-m.png\" alt=\"Copa-America-Pokal\" width=\"22\" height=\"51\" \/><\/p>\n","protected":false},"excerpt":{"rendered":"<p>Fussball Ergebnis Vorhersagen mittels Data Mining\u00a0\u00a0\u00a0\u00a0 \u00a0\u00a0\u00a0\u00a0 F\u00fcr eine WM (Weltmeisterschaft) oder EM (Europameisterschaft) deiner Wahl findest du hier alle von uns vorhergesagten sowie alle realen Spielergebnisse. Du erreichst diese Seite mit Vorhersagen und Realergebnissen entweder in der Men\u00fc-Zeile oben \u00fcber &gt; WM &amp; kontinentale &gt; Vorhersagen &gt; Wettbewerb deiner Wahl, oder \u00fcber das Drop-Down-Men\u00fc &hellip; <a href=\"http:\/\/dataminingsoccer.com\/de\/wm-em\/vorhersagen\/\" class=\"more-link\"><span class=\"screen-reader-text\">Vorhersagen<\/span> weiterlesen <span class=\"meta-nav\">&rarr;<\/span><\/a><\/p>\n","protected":false},"author":3,"featured_media":0,"parent":119,"menu_order":10,"comment_status":"closed","ping_status":"closed","template":"","meta":[],"yoast_head":"<!-- This site is optimized with the Yoast SEO plugin v14.8 - https:\/\/yoast.com\/wordpress\/plugins\/seo\/ -->\n<meta name=\"description\" content=\"Pr\u00e9diction de r\u00e9sultats de football de la Coupe du Monde &amp; d&#039;Europe bas\u00e9 sur les analyses statistiques utilisant un logiciel data mining.\" \/>\n<meta name=\"robots\" content=\"index, follow\" \/>\n<meta name=\"googlebot\" content=\"index, follow, max-snippet:-1, max-image-preview:large, max-video-preview:-1\" \/>\n<meta name=\"bingbot\" content=\"index, follow, max-snippet:-1, max-image-preview:large, max-video-preview:-1\" \/>\n<link rel=\"canonical\" href=\"http:\/\/dataminingsoccer.com\/de\/wm-em\/vorhersagen\/\" \/>\n<script type=\"application\/ld+json\" class=\"yoast-schema-graph\">{\"@context\":\"https:\/\/schema.org\",\"@graph\":[{\"@type\":\"WebSite\",\"@id\":\"http:\/\/dataminingsoccer.com\/de\/#website\",\"url\":\"http:\/\/dataminingsoccer.com\/de\/\",\"name\":\"Fu\\u00dfball-Ergebnis-Vorhersagen\",\"description\":\"basierend auf statistischen Analysen mittels Data-Mining.. Wir lieben Fu\\u00dfball! Wir lieben Zahlenspiele!\",\"potentialAction\":[{\"@type\":\"SearchAction\",\"target\":\"http:\/\/dataminingsoccer.com\/de\/?s={search_term_string}\",\"query-input\":\"required name=search_term_string\"}],\"inLanguage\":\"de\"},{\"@type\":\"ImageObject\",\"@id\":\"http:\/\/dataminingsoccer.com\/de\/wm-em\/vorhersagen\/#primaryimage\",\"inLanguage\":\"de\",\"url\":\"http:\/\/dataminingsoccer.com\/de\/wp-content\/uploads\/sites\/2\/Weltmeister-Pokal.jpg\",\"width\":23,\"height\":50,\"caption\":\"Weltmeister-Pokal\"},{\"@type\":\"WebPage\",\"@id\":\"http:\/\/dataminingsoccer.com\/de\/wm-em\/vorhersagen\/#webpage\",\"url\":\"http:\/\/dataminingsoccer.com\/de\/wm-em\/vorhersagen\/\",\"name\":\"Vorhersagen - Fu\\u00dfball-Ergebnis-Vorhersagen\",\"isPartOf\":{\"@id\":\"http:\/\/dataminingsoccer.com\/de\/#website\"},\"primaryImageOfPage\":{\"@id\":\"http:\/\/dataminingsoccer.com\/de\/wm-em\/vorhersagen\/#primaryimage\"},\"datePublished\":\"2014-09-02T02:56:51+00:00\",\"dateModified\":\"2016-06-05T21:58:00+00:00\",\"description\":\"Pr\\u00e9diction de r\\u00e9sultats de football de la Coupe du Monde & d'Europe bas\\u00e9 sur les analyses statistiques utilisant un logiciel data mining.\",\"inLanguage\":\"de\",\"potentialAction\":[{\"@type\":\"ReadAction\",\"target\":[\"http:\/\/dataminingsoccer.com\/de\/wm-em\/vorhersagen\/\"]}]}]}<\/script>\n<!-- \/ Yoast SEO plugin. -->","_links":{"self":[{"href":"http:\/\/dataminingsoccer.com\/de\/wp-json\/wp\/v2\/pages\/3236"}],"collection":[{"href":"http:\/\/dataminingsoccer.com\/de\/wp-json\/wp\/v2\/pages"}],"about":[{"href":"http:\/\/dataminingsoccer.com\/de\/wp-json\/wp\/v2\/types\/page"}],"author":[{"embeddable":true,"href":"http:\/\/dataminingsoccer.com\/de\/wp-json\/wp\/v2\/users\/3"}],"replies":[{"embeddable":true,"href":"http:\/\/dataminingsoccer.com\/de\/wp-json\/wp\/v2\/comments?post=3236"}],"version-history":[{"count":5,"href":"http:\/\/dataminingsoccer.com\/de\/wp-json\/wp\/v2\/pages\/3236\/revisions"}],"predecessor-version":[{"id":3855,"href":"http:\/\/dataminingsoccer.com\/de\/wp-json\/wp\/v2\/pages\/3236\/revisions\/3855"}],"up":[{"embeddable":true,"href":"http:\/\/dataminingsoccer.com\/de\/wp-json\/wp\/v2\/pages\/119"}],"wp:attachment":[{"href":"http:\/\/dataminingsoccer.com\/de\/wp-json\/wp\/v2\/media?parent=3236"}],"curies":[{"name":"wp","href":"https:\/\/api.w.org\/{rel}","templated":true}]}}