{"id":2179,"date":"2014-07-03T01:04:55","date_gmt":"2014-07-02T23:04:55","guid":{"rendered":"http:\/\/dataminingsoccer.com\/de\/?page_id=2179"},"modified":"2014-07-16T22:36:28","modified_gmt":"2014-07-16T20:36:28","slug":"von-uns-erstellte-videos","status":"publish","type":"page","link":"http:\/\/dataminingsoccer.com\/de\/videos\/von-uns-erstellte-videos\/","title":{"rendered":"Von uns erstellte Videos"},"content":{"rendered":"<h2>Infotainment-Videos zu den Themen Fu\u00dfball und Statistik<\/h2><p style=\"text-align: justify;\">Nachstehend findest du in K\u00fcrze eine Reihe unserer unterhaltsamen Infotainment-Videos zu den Themen Fu\u00dfball und Statistik.<\/p>\n<p style=\"text-align: justify;\">Highlights WM 2014 in Brasilien:<\/p>\n<p><iframe width=\"560\" height=\"315\" src=\"\/\/www.youtube-nocookie.com\/embed\/CPwTBZ8OZAw?rel=0\" frameborder=\"0\" allowfullscreen><\/iframe><\/p>\n<p style=\"text-align: justify;\">Mit Tweets von DataMiningSoccer sowie Bildern von 8bit-football.com: Ronaldo, Donovan, Fred, van Persie, Casillas, Hart, Balotelli, Seferovic, Benzema, Messi, Pepe, M\u00fcller, Brooks, Fellaini, Ochoa, Akinfeev, Cahill, Mandzukic, Song, Buffon, Ruiz, Valbuena, Giroud, Klose, Slimani, Howard, Varela, Suarez, Chiellini, Samaras, Sabella, Lavezzi, Noboa, Jones, Julio Cesar, James Rogriquez, Huntelaar, Herrera, Gekas, Navas, Matuidi, Onazi, L\u00f6w, Neuer, Di Maria, Dempsey, Luiz, Neymar, Zuniga, Robben, Cillessen, Krul, Scolari, van Gaal, Kroos, Khedira, Sch\u00fcrrle, Garay, G\u00f6tze, Romero, Cristo Redentor.<\/p>\n<p style=\"text-align: justify;\">Wir versuchen \u00fcbrigens stets alle Quellen und (unfreiwillig) Mitwirkenden als Urheber zu nennen. Falls dir eine von uns noch nicht aufgef\u00fchrte Quelle auff\u00e4llt sind wir f\u00fcr einen Hinweis \u00fcber <a title=\"Kontakt\" href=\"http:\/\/dataminingsoccer.com\/de\/kontakt\/\">[Kontakt]<\/a> dankbar.<\/p>\n<p style=\"text-align: justify;\">Derzeit in Produktion sind au\u00dferdem Videos unter (unfreiwilliger) Mitwirkung von:<\/p>\n<p style=\"text-align: justify;\">David Alaba, Karl Allg\u00f6wer, Rudi Assauer, Klaus Augenthaler, Michael Ballack, Mario Basler, Franz Beckenbauer, Oliver Bierhoff, Sepp Blatter, Egidius Braun, Eintracht Braunschweiger Fankurve, Paul Breitner, Manni Breuckmann, Jochen Breyer, Guido Buchwald, Reiner Calmund, Sarah Connor, Christoph Daum, Norbert Dickel, Thomas Doll, Stefan Effenberg, Kurt Emmerich, Edi Finger, Danny Fritz, Stefan Galler, Eduard Geyer, Helmut Grashoff, Kevin Gro\u00dfkreutz, Pep Guardiola, Bruno Labbadia, Werner Hansch, Waldemar Hartmann, Horst Heldt, Jupp Heynckes, Timo Hildebrand, Dieter Hoene\u00df, Uli Hoene\u00df, Benedikt H\u00f6wedes, Horst Hrubesch, Hans Huber, G\u00fcnther Jauch, Oliver Kahn, Thomas Killian, J\u00fcrgen Klinsmann, J\u00fcrgen Klopp, Miroslav Klose, Willi Konrad, Kevin Kuranyi, Udo Lattek, Willi Lemke, Detlev Lindner, Willi Lippens, Jogi L\u00f6w, Werner Lorant, Felix Magath, Sepp Maier, Lothar Matth\u00e4us, Gerhard Mayervorfelder, Per Mertesacker, Hans Meyer, Rudi Michel, Andreas M\u00f6ller, G\u00fcnter Netzer, Jose Mourinho, Thomas M\u00fcller, Manuel Neuer, G\u00fcnther Neukirchner, Peter Neururer, Matthias Opdenh\u00f6vel, Peter Pacult, Toni Pfeffer, Martin Pieckenhagen, Lukas Podolski, Roy Pr\u00e4ger, Petar Radenkovic, Judith Rakers, Ralf Rangnick, Otto Rehhagel, B\u00e9la R\u00e9thy, Erich Ribbeck, Frank Rost, Gerd Rubenbauer, Karl-Heinz Rummenigge, Matthias Sammer, Thomas Schaaf, Winfried Sch\u00e4fer, Klaus Schlappner, Harald Schmidt, Helge Schneider, Mehmet Scholl, Helmut Schulte, Dirk Schuster, Steffen Simon, Dragoslav Stepanovic, J\u00f6rg Stiel, Uli Stielike, Christian Streich, Carmen Thomas, Giovanni Trapattoni, Louis van Gaal, Thomas Feltes, Gertjan Verbeek, Berti Vogts, Rudi V\u00f6ller, Sven Voss, Fritz Walter, Oliver Welke, Robert Wieschemann, Kenneth Wolstenholme, J\u00f6rg Wontorra, Christian Ziege, Herbert Zimmermann.<\/p>\n<p style=\"text-align: justify;\"><a title=\"Von uns erstellte Videos\" href=\"http:\/\/dataminingsoccer.com\/de\/videos\/von-uns-erstellte-videos\/\"><img loading=\"lazy\" class=\"alignnone size-full wp-image-731\" src=\"http:\/\/dataminingsoccer.com\/de\/wp-content\/uploads\/sites\/2\/Data-Mining-Soccer-Seitenanfang-m.png\" alt=\"Data-Mining-Soccer-Seitenanfang\" width=\"50\" height=\"50\" \/><\/a>\u00a0\u00a0\u00a0\u00a0 <a href=\"http:\/\/dataminingsoccer.com\/de\/\"><img loading=\"lazy\" class=\"alignnone size-full wp-image-724\" src=\"http:\/\/dataminingsoccer.com\/de\/wp-content\/uploads\/sites\/2\/Data-Mining-Soccer-Fussball-Ergebnis-Vorhersagen-m.png\" alt=\"Data-Mining-Soccer-Fussball-Ergebnis-Vorhersagen\" width=\"50\" height=\"50\" \/><\/a>\u00a0\u00a0\u00a0\u00a0 <a title=\"DataMiningSoccer (deutsch) @Twitter\" href=\"http:\/\/twitter.com\/DataMinSoccerDE\" target=\"_blank\"><img loading=\"lazy\" class=\"alignnone size-full wp-image-1865\" src=\"http:\/\/dataminingsoccer.com\/de\/wp-content\/uploads\/sites\/2\/Twitter-Data-Mining-Soccer.png\" alt=\"Twitter-Data-Mining-Soccer\" width=\"50\" height=\"50\" \/><\/a>\u00a0\u00a0\u00a0\u00a0 <a title=\"DataMiningSoccer (Englisch) @Facebook\" href=\"http:\/\/www.facebook.com\/dataminingsoccer\" target=\"_blank\"><img loading=\"lazy\" class=\"alignnone size-full wp-image-1861\" src=\"http:\/\/dataminingsoccer.com\/de\/wp-content\/uploads\/sites\/2\/Facebook-Data-Mining-Soccer.png\" alt=\"Facebook-Data-Mining-Soccer\" width=\"50\" height=\"50\" \/><\/a>\u00a0\u00a0\u00a0\u00a0 <a title=\"DataMiningSoccer @YouTube\" href=\"http:\/\/www.youtube.com\/channel\/UCxGBQc_ziGx_Ylgc0k94QWg\" target=\"_blank\"><img loading=\"lazy\" class=\"alignnone size-full wp-image-1867\" src=\"http:\/\/dataminingsoccer.com\/de\/wp-content\/uploads\/sites\/2\/YouTube-Data-Mining-Soccer.png\" alt=\"YouTube-Data-Mining-Soccer\" width=\"50\" height=\"50\" \/><\/a><\/p>\n","protected":false},"excerpt":{"rendered":"<p>Infotainment-Videos zu den Themen Fu\u00dfball und StatistikNachstehend findest du in K\u00fcrze eine Reihe unserer unterhaltsamen Infotainment-Videos zu den Themen Fu\u00dfball und Statistik. Highlights WM 2014 in Brasilien: Mit Tweets von DataMiningSoccer sowie Bildern von 8bit-football.com: Ronaldo, Donovan, Fred, van Persie, Casillas, Hart, Balotelli, Seferovic, Benzema, Messi, Pepe, M\u00fcller, Brooks, Fellaini, Ochoa, Akinfeev, Cahill, Mandzukic, Song, &hellip; <a href=\"http:\/\/dataminingsoccer.com\/de\/videos\/von-uns-erstellte-videos\/\" class=\"more-link\"><span class=\"screen-reader-text\">Von uns erstellte Videos<\/span> weiterlesen <span class=\"meta-nav\">&rarr;<\/span><\/a><\/p>\n","protected":false},"author":3,"featured_media":0,"parent":2176,"menu_order":10,"comment_status":"closed","ping_status":"closed","template":"","meta":[],"yoast_head":"<!-- This site is optimized with the Yoast SEO plugin v14.8 - https:\/\/yoast.com\/wordpress\/plugins\/seo\/ -->\n<meta name=\"description\" content=\"Infotainment-Videos von DataMiningSoccer zu unseren Kern-Themen Fussball und Statistik\" \/>\n<meta name=\"robots\" content=\"index, follow\" \/>\n<meta name=\"googlebot\" content=\"index, follow, max-snippet:-1, max-image-preview:large, max-video-preview:-1\" \/>\n<meta name=\"bingbot\" content=\"index, follow, max-snippet:-1, max-image-preview:large, max-video-preview:-1\" \/>\n<link rel=\"canonical\" href=\"http:\/\/dataminingsoccer.com\/de\/videos\/von-uns-erstellte-videos\/\" \/>\n<script type=\"application\/ld+json\" class=\"yoast-schema-graph\">{\"@context\":\"https:\/\/schema.org\",\"@graph\":[{\"@type\":\"WebSite\",\"@id\":\"http:\/\/dataminingsoccer.com\/de\/#website\",\"url\":\"http:\/\/dataminingsoccer.com\/de\/\",\"name\":\"Fu\\u00dfball-Ergebnis-Vorhersagen\",\"description\":\"basierend auf statistischen Analysen mittels Data-Mining.. Wir lieben Fu\\u00dfball! Wir lieben Zahlenspiele!\",\"potentialAction\":[{\"@type\":\"SearchAction\",\"target\":\"http:\/\/dataminingsoccer.com\/de\/?s={search_term_string}\",\"query-input\":\"required name=search_term_string\"}],\"inLanguage\":\"de\"},{\"@type\":\"ImageObject\",\"@id\":\"http:\/\/dataminingsoccer.com\/de\/videos\/von-uns-erstellte-videos\/#primaryimage\",\"inLanguage\":\"de\",\"url\":\"http:\/\/dataminingsoccer.com\/de\/wp-content\/uploads\/sites\/2\/Data-Mining-Soccer-Seitenanfang-m.png\",\"width\":50,\"height\":50,\"caption\":\"Seiten-Anfang\"},{\"@type\":\"WebPage\",\"@id\":\"http:\/\/dataminingsoccer.com\/de\/videos\/von-uns-erstellte-videos\/#webpage\",\"url\":\"http:\/\/dataminingsoccer.com\/de\/videos\/von-uns-erstellte-videos\/\",\"name\":\"Von uns erstellte Videos - Fu\\u00dfball-Ergebnis-Vorhersagen\",\"isPartOf\":{\"@id\":\"http:\/\/dataminingsoccer.com\/de\/#website\"},\"primaryImageOfPage\":{\"@id\":\"http:\/\/dataminingsoccer.com\/de\/videos\/von-uns-erstellte-videos\/#primaryimage\"},\"datePublished\":\"2014-07-02T23:04:55+00:00\",\"dateModified\":\"2014-07-16T20:36:28+00:00\",\"description\":\"Infotainment-Videos von DataMiningSoccer zu unseren Kern-Themen Fussball und Statistik\",\"inLanguage\":\"de\",\"potentialAction\":[{\"@type\":\"ReadAction\",\"target\":[\"http:\/\/dataminingsoccer.com\/de\/videos\/von-uns-erstellte-videos\/\"]}]}]}<\/script>\n<!-- \/ Yoast SEO plugin. -->","_links":{"self":[{"href":"http:\/\/dataminingsoccer.com\/de\/wp-json\/wp\/v2\/pages\/2179"}],"collection":[{"href":"http:\/\/dataminingsoccer.com\/de\/wp-json\/wp\/v2\/pages"}],"about":[{"href":"http:\/\/dataminingsoccer.com\/de\/wp-json\/wp\/v2\/types\/page"}],"author":[{"embeddable":true,"href":"http:\/\/dataminingsoccer.com\/de\/wp-json\/wp\/v2\/users\/3"}],"replies":[{"embeddable":true,"href":"http:\/\/dataminingsoccer.com\/de\/wp-json\/wp\/v2\/comments?post=2179"}],"version-history":[{"count":22,"href":"http:\/\/dataminingsoccer.com\/de\/wp-json\/wp\/v2\/pages\/2179\/revisions"}],"predecessor-version":[{"id":2373,"href":"http:\/\/dataminingsoccer.com\/de\/wp-json\/wp\/v2\/pages\/2179\/revisions\/2373"}],"up":[{"embeddable":true,"href":"http:\/\/dataminingsoccer.com\/de\/wp-json\/wp\/v2\/pages\/2176"}],"wp:attachment":[{"href":"http:\/\/dataminingsoccer.com\/de\/wp-json\/wp\/v2\/media?parent=2179"}],"curies":[{"name":"wp","href":"https:\/\/api.w.org\/{rel}","templated":true}]}}