{"id":1962,"date":"2014-06-17T13:20:04","date_gmt":"2014-06-17T11:20:04","guid":{"rendered":"http:\/\/dataminingsoccer.com\/de\/?page_id=1962"},"modified":"2016-06-05T23:58:53","modified_gmt":"2016-06-05T21:58:53","slug":"treffer-quoten","status":"publish","type":"page","link":"http:\/\/dataminingsoccer.com\/de\/wm-em\/treffer-quoten\/","title":{"rendered":"Treffer-Quoten"},"content":{"rendered":"<h2>Fussball Ergebnis Vorhersagen f\u00fcr WM &amp; EM<\/h2><p><img loading=\"lazy\" class=\"alignnone size-full wp-image-1975\" src=\"http:\/\/dataminingsoccer.com\/de\/wp-content\/uploads\/sites\/2\/Weltmeister-Pokal.jpg\" alt=\"Weltmeister-Pokal\" width=\"23\" height=\"50\" \/>\u00a0\u00a0\u00a0\u00a0 <img loading=\"lazy\" class=\"alignnone size-full wp-image-1972\" src=\"http:\/\/dataminingsoccer.com\/de\/wp-content\/uploads\/sites\/2\/Europameister-Pokal.jpg\" alt=\"Europameister-Pokal\" width=\"28\" height=\"50\" \/>\u00a0\u00a0\u00a0\u00a0 <img loading=\"lazy\" class=\"alignnone size-full wp-image-3853\" src=\"http:\/\/dataminingsoccer.com\/de\/wp-content\/uploads\/sites\/2\/Copa-America-Pokal-m.png\" alt=\"Copa-America-Pokal\" width=\"22\" height=\"51\" \/>\u00a0\u00a0\u00a0\u00a0 \u00a0\u00a0\u00a0\u00a0 \u00a0\u00a0\u00a0\u00a0  \u00a0 \u00a0  \u00a0 \u00a0  \u00a0 \u00a0  \u00a0 \u00a0 <\/p>\n<p style=\"text-align: justify;\">Hier findet du f\u00fcr alle prognostizierten Weltmeisterschaften und Europameisterschaften verschiedenste Treffer-Quoten f\u00fcr unsere Vorhersagen.<\/p>\n<p style=\"text-align: justify;\">Du erreichst diese Seite mit Treffer-Quoten entweder in der Men\u00fc-Zeile oben \u00fcber <strong>&gt; WM &amp; EM &gt; Treffer-Quoten &gt; Wettbewerb<\/strong> deiner Wahl, oder \u00fcber das Drop-Down-Men\u00fc \u2018<strong>Unsere Erfolgsquoten f\u00fcr\u2026<\/strong>\u2018 auf der rechten Seite, oder einfach durch einen Klick auf nachfolgende Links:<\/p>\n<p style=\"text-align: justify;\"><img loading=\"lazy\" class=\"alignnone size-full wp-image-385\" src=\"http:\/\/dataminingsoccer.com\/de\/wp-content\/uploads\/sites\/2\/WM-2014-Brasilien-Fussball-Ergebnis-Vorhersagen-s.png\" alt=\"WM-2014-Brasilien-Fussball-Ergebnis-Vorhersagen\" width=\"19\" height=\"25\" \/>\u00a0 \u00a0 \u00a0 <a title=\"Weltmeisterschaft 2014\" href=\"http:\/\/dataminingsoccer.com\/de\/wm-em\/treffer-quoten\/weltmeisterschaft-2014\/\">[Fussball WM 2014 in Brasilien]<\/a><br \/>\n<img loading=\"lazy\" class=\"alignnone size-full wp-image-389\" src=\"http:\/\/dataminingsoccer.com\/de\/wp-content\/uploads\/sites\/2\/EM-2012-Polen-Ukraine-Fussball-Ergebnis-Vorhersagen-s.png\" alt=\"EM-2012-Polen-Ukraine-Fussball-Ergebnis-Vorhersagen\" width=\"28\" height=\"25\" \/>\u00a0\u00a0 <a title=\"Europameisterschaft 2012\" href=\"http:\/\/dataminingsoccer.com\/de\/wm-em\/treffer-quoten\/europameisterschaft-2012-2\/\">[Fussball EM 2012 in Polen und der Ukraine]<\/a><br \/>\n<img loading=\"lazy\" class=\"alignnone size-full wp-image-1529\" src=\"http:\/\/dataminingsoccer.com\/de\/wp-content\/uploads\/sites\/2\/WM-2010-Suedafrika-Fussball-Ergebnis-Vorhersagen-s.png\" alt=\"WM-2010-Suedafrika-Fussball-Ergebnis-Vorhersagen\" width=\"22\" height=\"25\" \/>\u00a0\u00a0\u00a0\u00a0 <a title=\"Weltmeisterschaft 2010\" href=\"http:\/\/dataminingsoccer.com\/de\/wm-em\/treffer-quoten\/weltmeisterschaft-2010\/\">[Fussball WM 2010 in S\u00fcdafrika]<\/a><\/p>\n<p style=\"text-align: justify;\">Beste Vorhersage-Quoten f\u00fcr die bis dato prognostizierten Turniere:<\/p>\n<ul>\n<li>Gruppen-Sieger: 75% bei der EM 2012 (statistischer Zufall w\u00e4ren 25%)<\/li>\n<li>Qualifikanten f\u00fcr die KO-Runde: 81% bei der WM 2010 (statistischer Zufall w\u00e4ren 50%)<\/li>\n<li>Gruppen-Spiele ingesamt: 52% bei der WM 2014 (statistischer Zufall w\u00e4ren 33%); \u00fcbertroffene Benchmark-Modelle: Bloomberg (44%) und Goldman Sachs (38%)<\/li>\n<li>Beste Einzel-Gruppe: 83% bei der WM 2014 (statistischer Zufall w\u00e4ren 33%)<\/li>\n<li>Halbfinal-Mannschaften: 75% bei der WM 2014 (statistischer Zufall w\u00e4ren 12,5%)<\/li>\n<li>Sieger der Final-Spiele der KO-Runde: 88% bei der WM 2014 (statistischer Zufall w\u00e4ren 50%)<\/li>\n<\/ul>\n<p style=\"text-align: justify;\"><img loading=\"lazy\" class=\"alignnone size-full wp-image-1975\" src=\"http:\/\/dataminingsoccer.com\/de\/wp-content\/uploads\/sites\/2\/Weltmeister-Pokal.jpg\" alt=\"Weltmeister-Pokal\" width=\"23\" height=\"50\" \/>\u00a0\u00a0\u00a0\u00a0 <img loading=\"lazy\" class=\"alignnone size-full wp-image-1972\" src=\"http:\/\/dataminingsoccer.com\/de\/wp-content\/uploads\/sites\/2\/Europameister-Pokal.jpg\" alt=\"Europameister-Pokal\" width=\"28\" height=\"50\" \/>\u00a0\u00a0\u00a0\u00a0 <img loading=\"lazy\" class=\"alignnone size-full wp-image-3853\" src=\"http:\/\/dataminingsoccer.com\/de\/wp-content\/uploads\/sites\/2\/Copa-America-Pokal-m.png\" alt=\"Copa-America-Pokal\" width=\"22\" height=\"51\" \/>\u00a0\u00a0\u00a0\u00a0 \u00a0\u00a0\u00a0\u00a0 \u00a0\u00a0\u00a0\u00a0  \u00a0 \u00a0  \u00a0 \u00a0  \u00a0 \u00a0  \u00a0 \u00a0 <\/p>\n","protected":false},"excerpt":{"rendered":"<p>Fussball Ergebnis Vorhersagen f\u00fcr WM &amp; EM\u00a0\u00a0\u00a0\u00a0 \u00a0\u00a0\u00a0\u00a0 \u00a0\u00a0\u00a0\u00a0 \u00a0\u00a0\u00a0\u00a0 \u00a0\u00a0\u00a0\u00a0 \u00a0 \u00a0 \u00a0 \u00a0 \u00a0 \u00a0 \u00a0 \u00a0 Hier findet du f\u00fcr alle prognostizierten Weltmeisterschaften und Europameisterschaften verschiedenste Treffer-Quoten f\u00fcr unsere Vorhersagen. Du erreichst diese Seite mit Treffer-Quoten entweder in der Men\u00fc-Zeile oben \u00fcber &gt; WM &amp; EM &gt; Treffer-Quoten &gt; Wettbewerb deiner Wahl, &hellip; <a href=\"http:\/\/dataminingsoccer.com\/de\/wm-em\/treffer-quoten\/\" class=\"more-link\"><span class=\"screen-reader-text\">Treffer-Quoten<\/span> weiterlesen <span class=\"meta-nav\">&rarr;<\/span><\/a><\/p>\n","protected":false},"author":3,"featured_media":0,"parent":119,"menu_order":30,"comment_status":"closed","ping_status":"closed","template":"","meta":[],"yoast_head":"<!-- This site is optimized with the Yoast SEO plugin v14.8 - https:\/\/yoast.com\/wordpress\/plugins\/seo\/ -->\n<meta name=\"description\" content=\"Fussball Ergebnis-Vorhersagen f\u00fcr Weltmeisterschaft und Europameisterschaft: Treffer-Quoten unserer Software f\u00fcr verschiedene Vorhersage-Kategorien.\" \/>\n<meta name=\"robots\" content=\"index, follow\" \/>\n<meta name=\"googlebot\" content=\"index, follow, max-snippet:-1, max-image-preview:large, max-video-preview:-1\" \/>\n<meta name=\"bingbot\" content=\"index, follow, max-snippet:-1, max-image-preview:large, max-video-preview:-1\" \/>\n<link rel=\"canonical\" href=\"http:\/\/dataminingsoccer.com\/de\/wm-em\/treffer-quoten\/\" \/>\n<script type=\"application\/ld+json\" class=\"yoast-schema-graph\">{\"@context\":\"https:\/\/schema.org\",\"@graph\":[{\"@type\":\"WebSite\",\"@id\":\"http:\/\/dataminingsoccer.com\/de\/#website\",\"url\":\"http:\/\/dataminingsoccer.com\/de\/\",\"name\":\"Fu\\u00dfball-Ergebnis-Vorhersagen\",\"description\":\"basierend auf statistischen Analysen mittels Data-Mining.. Wir lieben Fu\\u00dfball! Wir lieben Zahlenspiele!\",\"potentialAction\":[{\"@type\":\"SearchAction\",\"target\":\"http:\/\/dataminingsoccer.com\/de\/?s={search_term_string}\",\"query-input\":\"required name=search_term_string\"}],\"inLanguage\":\"de\"},{\"@type\":\"ImageObject\",\"@id\":\"http:\/\/dataminingsoccer.com\/de\/wm-em\/treffer-quoten\/#primaryimage\",\"inLanguage\":\"de\",\"url\":\"http:\/\/dataminingsoccer.com\/de\/wp-content\/uploads\/sites\/2\/Weltmeister-Pokal.jpg\",\"width\":23,\"height\":50,\"caption\":\"Weltmeister-Pokal\"},{\"@type\":\"WebPage\",\"@id\":\"http:\/\/dataminingsoccer.com\/de\/wm-em\/treffer-quoten\/#webpage\",\"url\":\"http:\/\/dataminingsoccer.com\/de\/wm-em\/treffer-quoten\/\",\"name\":\"Treffer-Quoten - Fu\\u00dfball-Ergebnis-Vorhersagen\",\"isPartOf\":{\"@id\":\"http:\/\/dataminingsoccer.com\/de\/#website\"},\"primaryImageOfPage\":{\"@id\":\"http:\/\/dataminingsoccer.com\/de\/wm-em\/treffer-quoten\/#primaryimage\"},\"datePublished\":\"2014-06-17T11:20:04+00:00\",\"dateModified\":\"2016-06-05T21:58:53+00:00\",\"description\":\"Fussball Ergebnis-Vorhersagen f\\u00fcr Weltmeisterschaft und Europameisterschaft: Treffer-Quoten unserer Software f\\u00fcr verschiedene Vorhersage-Kategorien.\",\"inLanguage\":\"de\",\"potentialAction\":[{\"@type\":\"ReadAction\",\"target\":[\"http:\/\/dataminingsoccer.com\/de\/wm-em\/treffer-quoten\/\"]}]}]}<\/script>\n<!-- \/ Yoast SEO plugin. -->","_links":{"self":[{"href":"http:\/\/dataminingsoccer.com\/de\/wp-json\/wp\/v2\/pages\/1962"}],"collection":[{"href":"http:\/\/dataminingsoccer.com\/de\/wp-json\/wp\/v2\/pages"}],"about":[{"href":"http:\/\/dataminingsoccer.com\/de\/wp-json\/wp\/v2\/types\/page"}],"author":[{"embeddable":true,"href":"http:\/\/dataminingsoccer.com\/de\/wp-json\/wp\/v2\/users\/3"}],"replies":[{"embeddable":true,"href":"http:\/\/dataminingsoccer.com\/de\/wp-json\/wp\/v2\/comments?post=1962"}],"version-history":[{"count":14,"href":"http:\/\/dataminingsoccer.com\/de\/wp-json\/wp\/v2\/pages\/1962\/revisions"}],"predecessor-version":[{"id":3857,"href":"http:\/\/dataminingsoccer.com\/de\/wp-json\/wp\/v2\/pages\/1962\/revisions\/3857"}],"up":[{"embeddable":true,"href":"http:\/\/dataminingsoccer.com\/de\/wp-json\/wp\/v2\/pages\/119"}],"wp:attachment":[{"href":"http:\/\/dataminingsoccer.com\/de\/wp-json\/wp\/v2\/media?parent=1962"}],"curies":[{"name":"wp","href":"https:\/\/api.w.org\/{rel}","templated":true}]}}