{"id":152,"date":"2013-09-11T23:51:28","date_gmt":"2013-09-11T21:51:28","guid":{"rendered":"http:\/\/dataminingsoccer.com\/de\/?page_id=152"},"modified":"2018-05-20T10:24:51","modified_gmt":"2018-05-20T08:24:51","slug":"impressum","status":"publish","type":"page","link":"http:\/\/dataminingsoccer.com\/de\/impressum\/","title":{"rendered":"Impressum"},"content":{"rendered":"<h2>f\u00fcr Fussball Ergebnis Vorhersagen mittels Data Mining<\/h2><p>Verantwortlich f\u00fcr den Inhalt dieses Data.Mining.Soccer Blogs ist:<\/p>\n<p>Thomas J. Meyer<br \/>\n@ ROGEON Verlag<br \/>\nTalstr. 106<br \/>\n73732 Esslingen a.N.<br \/>\nDeutschland<br \/>\nEmail: info [at] dataminingsoccer.com<\/p>\n<p style=\"text-align: justify;\">WICHTIG: F\u00fcr die auf dieser Seite zum Zwecke des Infotainment errechneten Vorhersage-Ergebnisse wird keinerlei Haftung \u00fcbernommen!<\/p>\n<p style=\"text-align: justify;\">Ich freue mich sehr, dass du dich f\u00fcr meine Fu\u00dfball-Ergebnis-Vorhersagen interessierst und sie vielleicht sogar hier und da in deine eigenen Tipps mit einbeziehst. Anhand meiner transparenten Darstellung aller von mir a priori errechneten Vorhersagen sowie der dann real eingetretenen Ergebnisse kannst du objektiv nachvollziehen, dass die statistische Auswertung im Mittel einen Informationsgewinn liefert. Dabei ist es aber wichtig zu verstehen \u2013 und an dieser Stelle explizit hervorzuheben \u2013 dass meine Vorhersagen f\u00fcr einzelne Ligen oder Turniere, f\u00fcr einzelne Spieltage, und insbesondere f\u00fcr einzelne Begegnungen falsch sein k\u00f6nnen, auch dann, wenn der von mir angegebene statistische Konfidenz-Faktor (DMS-C) vergleichsweise hoch ist. Folglich weise ich darauf hin, dass ich jegliche Haftung f\u00fcr die Verwendung der Vorhersagen ausschlie\u00dfe.<\/p>\n<p style=\"text-align: justify;\">Weitere rechtliche Aspekte:<\/p>\n<p style=\"text-align: justify;\">Der Betreiber dieser Seite ist unabh\u00e4ngig und steht in keinerlei anteilsrechtlichem o.\u00e4. Verh\u00e4ltnis zu Wettb\u00fcros und vergleichbaren Unternehmen einerseits, oder zu Fussballverb\u00e4nden, Vereinen, oder vergleichbaren Vereinigungen aller Art andererseits. Gleiches gilt f\u00fcr die Beziehung zu etwaigen Werbe-Partnern. Die auf dieser Seite errechneten Fu\u00dfball-Ergebnis-Vorhersagen entstehen somit vollkommen unabh\u00e4ngig auf der Basis \u00f6ffentlich zur Verf\u00fcgung stehender statistischer Informationen (deren Validit\u00e4t vom Betreiber dieser Seite nicht \u00fcberpr\u00fcft werden) zum Zwecke des Infotainments in den Bereichen Fu\u00dfball sowie Statistik &amp; Data-Mining. Zu beachten ist in diesem Zusammenhang u.a. der o.g. Haftungsausschluss f\u00fcr die zum Zwecke des Infotainment errechneten Fu\u00dfball-Ergebnis-Vorhersagen.<\/p>\n<p style=\"text-align: justify;\">Diese Seite wird in mehreren Sprachen zur Verf\u00fcgung gestellt, um mehr Menschen in ihrer Muttersprache zu erreichen. Um dies effizient umzusetzen, verwende ich \u2013 zumindest teilweise \u2013 den Online-\u00dcbersetzungsdienst von Google. Ich wei\u00df, dass das Ergebnis manchmal ziemlich suboptimal ausf\u00e4llt, und entschuldige mich daher f\u00fcr etwaige Unannehmlichkeiten, unklare Formulierungen oder m\u00f6gliche Missverst\u00e4ndnisse. Aus diesem Umstand ergibt sich zwangsl\u00e4ufig auch, dass ich keine Haftung f\u00fcr die Infotainment-Inhalte dieser Webseite \u00fcbernehmen kann.<\/p>\n<p style=\"text-align: justify;\">Alle Inhalte dieser Seite und insbesondere die errechneten Ergebnis-Vorhersagen und Quoten sind mein geistiges Eigentum. Vervielf\u00e4ltigungen, Ver\u00e4nderungen, wirtschaftliche Weiterverwendung und dergleichen sind nur mit ausdr\u00fccklicher Genehmigung und unter Nennung von DataMiningSoccer.com als Quelle erlaubt.<\/p>\n<p style=\"text-align: justify;\">Data.Mining.Soccer \u00fcbernimmt keine Haftung f\u00fcr die Schlussfolgerungen, welche auf Basis der Vorhersagen getroffen werden.<\/p>\n<p style=\"text-align: justify;\">F\u00fcr die Inhalte verkn\u00fcpfter (verlinkter) Seiten kann keine Haftung \u00fcbernommen werden. Obwohl diese Verkn\u00fcpfungen sorgf\u00e4ltig ausgew\u00e4hlt wurden, k\u00f6nnen weder deren best\u00e4ndige dynamische Ver\u00e4nderung noch die Inhalte von Unterverkn\u00fcpfungen dieser Seiten permanent \u00fcberpr\u00fcft oder gar beeinflusst werden. Folglich wird jede Haftung f\u00fcr diese Inhalte ausgeschlossen.<\/p>\n<p>Informationen zu Bildrechten:<\/p>\n<p>(c) 8bit-football.com: 8bit-Bilder designed von Matheus Toscano<br \/>\n(c) DFL: Logo der 1.Bundesliga<br \/>\n(c) FIFA: Logo der WM 2010<br \/>\n(c) FIFA: Logo der WM 2014<br \/>\n(c) LFP: Logo der Ligue 1<br \/>\n(c) LFP: Logo der Primera Divisi\u00f3n<br \/>\n(c) Lega Nazionale Professionisti: Logo der Serie A<br \/>\n(c) Premier League: Logo der Premier League<br \/>\n(c) UEFA: Logo der Champions League<br \/>\n(c) UEFA: Logo der EM 2012<br \/>\n(c) UEFA: Logo der Europa League<\/p>\n","protected":false},"excerpt":{"rendered":"<p>f\u00fcr Fussball Ergebnis Vorhersagen mittels Data MiningVerantwortlich f\u00fcr den Inhalt dieses Data.Mining.Soccer Blogs ist: Thomas J. Meyer @ ROGEON Verlag Talstr. 106 73732 Esslingen a.N. Deutschland Email: info [at] dataminingsoccer.com WICHTIG: F\u00fcr die auf dieser Seite zum Zwecke des Infotainment errechneten Vorhersage-Ergebnisse wird keinerlei Haftung \u00fcbernommen! Ich freue mich sehr, dass du dich f\u00fcr meine &hellip; <a href=\"http:\/\/dataminingsoccer.com\/de\/impressum\/\" class=\"more-link\"><span class=\"screen-reader-text\">Impressum<\/span> weiterlesen <span class=\"meta-nav\">&rarr;<\/span><\/a><\/p>\n","protected":false},"author":3,"featured_media":0,"parent":0,"menu_order":80,"comment_status":"closed","ping_status":"closed","template":"","meta":[],"yoast_head":"<!-- This site is optimized with the Yoast SEO plugin v14.8 - https:\/\/yoast.com\/wordpress\/plugins\/seo\/ -->\n<meta name=\"description\" content=\"Impressum: Verantwortlich f\u00fcr den Inhalt auf dieser Seite ist die e-stablish business GmbH mit Sitz in M\u00fcnchen, Deutschland.\" \/>\n<meta name=\"robots\" content=\"noindex, follow\" \/>\n<script type=\"application\/ld+json\" class=\"yoast-schema-graph\">{\"@context\":\"https:\/\/schema.org\",\"@graph\":[{\"@type\":\"WebSite\",\"@id\":\"http:\/\/dataminingsoccer.com\/de\/#website\",\"url\":\"http:\/\/dataminingsoccer.com\/de\/\",\"name\":\"Fu\\u00dfball-Ergebnis-Vorhersagen\",\"description\":\"basierend auf statistischen Analysen mittels Data-Mining.. Wir lieben Fu\\u00dfball! Wir lieben Zahlenspiele!\",\"potentialAction\":[{\"@type\":\"SearchAction\",\"target\":\"http:\/\/dataminingsoccer.com\/de\/?s={search_term_string}\",\"query-input\":\"required name=search_term_string\"}],\"inLanguage\":\"de\"},{\"@type\":\"WebPage\",\"@id\":\"https:\/\/dataminingsoccer.com\/de\/impressum\/#webpage\",\"url\":\"https:\/\/dataminingsoccer.com\/de\/impressum\/\",\"name\":\"Fu\\u00dfball-Ergebnis-Vorhersagen mittels Data Mining. Impressum\",\"isPartOf\":{\"@id\":\"http:\/\/dataminingsoccer.com\/de\/#website\"},\"datePublished\":\"2013-09-11T21:51:28+00:00\",\"dateModified\":\"2018-05-20T08:24:51+00:00\",\"description\":\"Impressum: Verantwortlich f\\u00fcr den Inhalt auf dieser Seite ist die e-stablish business GmbH mit Sitz in M\\u00fcnchen, Deutschland.\",\"inLanguage\":\"de\",\"potentialAction\":[{\"@type\":\"ReadAction\",\"target\":[\"https:\/\/dataminingsoccer.com\/de\/impressum\/\"]}]}]}<\/script>\n<!-- \/ Yoast SEO plugin. -->","_links":{"self":[{"href":"http:\/\/dataminingsoccer.com\/de\/wp-json\/wp\/v2\/pages\/152"}],"collection":[{"href":"http:\/\/dataminingsoccer.com\/de\/wp-json\/wp\/v2\/pages"}],"about":[{"href":"http:\/\/dataminingsoccer.com\/de\/wp-json\/wp\/v2\/types\/page"}],"author":[{"embeddable":true,"href":"http:\/\/dataminingsoccer.com\/de\/wp-json\/wp\/v2\/users\/3"}],"replies":[{"embeddable":true,"href":"http:\/\/dataminingsoccer.com\/de\/wp-json\/wp\/v2\/comments?post=152"}],"version-history":[{"count":30,"href":"http:\/\/dataminingsoccer.com\/de\/wp-json\/wp\/v2\/pages\/152\/revisions"}],"predecessor-version":[{"id":4079,"href":"http:\/\/dataminingsoccer.com\/de\/wp-json\/wp\/v2\/pages\/152\/revisions\/4079"}],"wp:attachment":[{"href":"http:\/\/dataminingsoccer.com\/de\/wp-json\/wp\/v2\/media?parent=152"}],"curies":[{"name":"wp","href":"https:\/\/api.w.org\/{rel}","templated":true}]}}