{"id":125,"date":"2013-09-11T23:29:52","date_gmt":"2013-09-11T21:29:52","guid":{"rendered":"http:\/\/dataminingsoccer.com\/de\/?page_id=125"},"modified":"2015-06-25T03:53:05","modified_gmt":"2015-06-25T01:53:05","slug":"champions-league-europa-league","status":"publish","type":"page","link":"http:\/\/dataminingsoccer.com\/de\/champions-league-europa-league\/","title":{"rendered":"CL &#038; EL"},"content":{"rendered":"<h2>Fussball Ergebnis Vorhersagen mittels Data Mining<\/h2><p><img loading=\"lazy\" class=\"alignnone size-full wp-image-322\" src=\"http:\/\/dataminingsoccer.com\/de\/wp-content\/uploads\/sites\/2\/Champions-League-Fussball-Ergebnis-Vorhersagen-m.png\" alt=\"Champions-League-Fussball-Ergebnis-Vorhersagen\" width=\"52\" height=\"50\" \/>\u00a0\u00a0\u00a0\u00a0 &amp;\u00a0\u00a0\u00a0\u00a0 <img loading=\"lazy\" class=\"alignnone size-full wp-image-354\" src=\"http:\/\/dataminingsoccer.com\/de\/wp-content\/uploads\/sites\/2\/Europa-League-Fussball-Ergebnis-Vorhersagen-m.png\" alt=\"Europa-League-Fussball-Ergebnis-Vorhersagen\" width=\"38\" height=\"50\" \/><\/p>\n<p>UEFA Champions League &amp; Europa League &#8211; die beiden Top-Wettbewerbe des europ\u00e4ischen Fussballs:<\/p>\n<p><a href=\"http:\/\/dataminingsoccer.com\/de\/champions-league-europa-league\/vorhersagen\/champions-league-2015-2016\/\">[Champions League 2015\/16]<\/a><br \/>\n<a href=\"http:\/\/dataminingsoccer.com\/de\/champions-league-europa-league\/vorhersagen\/europa-league-2015-2016\/\">[Europa League 2015\/16]<br \/>\n<\/a><a href=\"http:\/\/dataminingsoccer.com\/de\/champions-league-europa-league\/vorhersagen-champions-league\/\">[vorherige]<\/a><\/p>\n<p><img loading=\"lazy\" src=\"http:\/\/dataminingsoccer.com\/de\/wp-content\/uploads\/sites\/2\/Champions-League-Fussball-Ergebnis-Vorhersagen-m.png\" alt=\"Champions-League-Fussball-Ergebnis-Vorhersagen\" width=\"52\" height=\"50\" \/><\/p>\n<p>Die bisherigen Gewinner der <a href=\"http:\/\/dataminingsoccer.com\/de\/champions-league-europa-league\/vorhersagen\/champions-league-2015-2016\/\">[Champions League]<\/a> und die Anzahl gewonnener Titel (inkl. Cup der Landesmeister):<\/p>\n<p>Real Madrid (10)<br \/>\nAC Milan (7)<br \/>\nFC Bayern M\u00fcnchen (5)<br \/>\nFC Barcelona (5) \u00a0\u00a0<img loading=\"lazy\" class=\"alignnone size-full wp-image-323\" src=\"http:\/\/dataminingsoccer.com\/de\/wp-content\/uploads\/sites\/2\/Champions-League-Fussball-Ergebnis-Vorhersagen-s.png\" alt=\"Champions-League-Fussball-Ergebnis-Vorhersagen\" width=\"27\" height=\"25\" \/>\u00a0 \u00a0(Titeltr\u00e4ger)<br \/>\nFC Liverpool (5)<br \/>\nAjax Amsterdam (4)<br \/>\nInter Mailand (3)<br \/>\nManchester United (3)<br \/>\nJuventus Turin (2)<br \/>\nBenfica Lissabon (2)<br \/>\nNottingham Forrest (2)<br \/>\nFC Porto (2)<br \/>\nSteaua Bucarest (1)<br \/>\nBorussia Dortmund (1)<br \/>\nCeltic Glasgow (1)<br \/>\nFC Chelsea (1)<br \/>\nHamburger SV (1)<br \/>\nOlympique Marseille (1)<br \/>\nFeyenoord Rotterdam (1)<br \/>\nAston Villa (1)<br \/>\nPSV Eindhoven (1)<br \/>\nFK Roter Stern Belgrad (1)<\/p>\n<p><img loading=\"lazy\" src=\"http:\/\/dataminingsoccer.com\/de\/wp-content\/uploads\/sites\/2\/Europa-League-Fussball-Ergebnis-Vorhersagen-m.png\" alt=\"Europa-League-Fussball-Ergebnis-Vorhersagen\" width=\"38\" height=\"50\" \/><\/p>\n<p>Die bisherigen Gewinner der <a href=\"http:\/\/dataminingsoccer.com\/de\/champions-league-europa-league\/vorhersagen\/europa-league-2015-2016\/\">[Europa League]<\/a> und die Anzahl gewonnener Titel (inkl. UEFA-Pokal der Pokalsieger):<\/p>\n<p>FC Sevilla\u00a0(4) \u00a0\u00a0<img loading=\"lazy\" class=\"alignnone size-full wp-image-355\" src=\"http:\/\/dataminingsoccer.com\/de\/wp-content\/uploads\/sites\/2\/Europa-League-Fussball-Ergebnis-Vorhersagen-s.png\" alt=\"Europa-League-Fussball-Ergebnis-Vorhersagen\" width=\"26\" height=\"25\" \/>\u00a0 \u00a0(Titeltr\u00e4ger)<br \/>\nJuventus Turin (3)<br \/>\nInter Mailand (3)<br \/>\nFC Liverpool (3)<br \/>\nBorussia M\u00f6nchengladbach (2)<br \/>\nTottenham Hotspur (2)<br \/>\nFeyenoord Rotterdam (2)<br \/>\nIFK G\u00f6teborg (2)<br \/>\nAC Parma (2)<br \/>\nReal Madrid (2)<br \/>\nFC Porto (2)<br \/>\nAtl\u00e9tico Madrid (2)<br \/>\nRSC Anderlecht (1)<br \/>\nPSV Eindhoven (1)<br \/>\nEintracht Frankfurt (1)<br \/>\nIpswich Town (1)<br \/>\nBayer 04 Leverkusen (1)<br \/>\nSSC Neapel (1)<br \/>\nAjax Amsterdam (1)<br \/>\nFC Bayern M\u00fcnchen (1)<br \/>\nFC Schalke 04 (1)<br \/>\nGalatasaray Istanbul (1)<br \/>\nZSKA Moskau (1)<br \/>\nFC Valencia (1)<br \/>\nZenit Sankt Petersburg (1)<br \/>\nSchachtar Donezk (1)<br \/>\nFC Chelsea (1)<\/p>\n<p><img loading=\"lazy\" src=\"http:\/\/dataminingsoccer.com\/de\/wp-content\/uploads\/sites\/2\/Champions-League-Fussball-Ergebnis-Vorhersagen-m.png\" alt=\"Champions-League-Fussball-Ergebnis-Vorhersagen\" width=\"52\" height=\"50\" \/>\u00a0\u00a0\u00a0\u00a0 &amp;\u00a0\u00a0\u00a0\u00a0 <img loading=\"lazy\" src=\"http:\/\/dataminingsoccer.com\/de\/wp-content\/uploads\/sites\/2\/Europa-League-Fussball-Ergebnis-Vorhersagen-m.png\" alt=\"Europa-League-Fussball-Ergebnis-Vorhersagen\" width=\"38\" height=\"50\" \/><\/p>\n","protected":false},"excerpt":{"rendered":"<p>Fussball Ergebnis Vorhersagen mittels Data Mining\u00a0\u00a0\u00a0\u00a0 &amp;\u00a0\u00a0\u00a0\u00a0 UEFA Champions League &amp; Europa League &#8211; die beiden Top-Wettbewerbe des europ\u00e4ischen Fussballs: [Champions League 2015\/16] [Europa League 2015\/16] [vorherige] Die bisherigen Gewinner der [Champions League] und die Anzahl gewonnener Titel (inkl. Cup der Landesmeister): Real Madrid (10) AC Milan (7) FC Bayern M\u00fcnchen (5) FC Barcelona (5) &hellip; <a href=\"http:\/\/dataminingsoccer.com\/de\/champions-league-europa-league\/\" class=\"more-link\"><span class=\"screen-reader-text\">CL &#038; EL<\/span> weiterlesen <span class=\"meta-nav\">&rarr;<\/span><\/a><\/p>\n","protected":false},"author":3,"featured_media":0,"parent":0,"menu_order":20,"comment_status":"closed","ping_status":"closed","template":"","meta":[],"yoast_head":"<!-- This site is optimized with the Yoast SEO plugin v14.8 - https:\/\/yoast.com\/wordpress\/plugins\/seo\/ -->\n<meta name=\"description\" content=\"Ergebnis-Vorhersage f\u00fcr die UEFA Champions League und Europa League. \u00dcberblick \u00fcber die Sieger der Champions League und die Titeltr\u00e4ger der Europa League.\" \/>\n<meta name=\"robots\" content=\"index, follow\" \/>\n<meta name=\"googlebot\" content=\"index, follow, max-snippet:-1, max-image-preview:large, max-video-preview:-1\" \/>\n<meta name=\"bingbot\" content=\"index, follow, max-snippet:-1, max-image-preview:large, max-video-preview:-1\" \/>\n<link rel=\"canonical\" href=\"http:\/\/dataminingsoccer.com\/de\/champions-league-europa-league\/\" \/>\n<script type=\"application\/ld+json\" class=\"yoast-schema-graph\">{\"@context\":\"https:\/\/schema.org\",\"@graph\":[{\"@type\":\"WebSite\",\"@id\":\"http:\/\/dataminingsoccer.com\/de\/#website\",\"url\":\"http:\/\/dataminingsoccer.com\/de\/\",\"name\":\"Fu\\u00dfball-Ergebnis-Vorhersagen\",\"description\":\"basierend auf statistischen Analysen mittels Data-Mining.. Wir lieben Fu\\u00dfball! Wir lieben Zahlenspiele!\",\"potentialAction\":[{\"@type\":\"SearchAction\",\"target\":\"http:\/\/dataminingsoccer.com\/de\/?s={search_term_string}\",\"query-input\":\"required name=search_term_string\"}],\"inLanguage\":\"de\"},{\"@type\":\"ImageObject\",\"@id\":\"http:\/\/dataminingsoccer.com\/de\/champions-league-europa-league\/#primaryimage\",\"inLanguage\":\"de\",\"url\":\"http:\/\/dataminingsoccer.com\/de\/wp-content\/uploads\/sites\/2\/Champions-League-Fussball-Ergebnis-Vorhersagen-m.png\",\"width\":52,\"height\":50,\"caption\":\"Champions-League-Fussball-Ergebnis-Vorhersagen\"},{\"@type\":\"WebPage\",\"@id\":\"http:\/\/dataminingsoccer.com\/de\/champions-league-europa-league\/#webpage\",\"url\":\"http:\/\/dataminingsoccer.com\/de\/champions-league-europa-league\/\",\"name\":\"CL & EL - Fu\\u00dfball-Ergebnis-Vorhersagen\",\"isPartOf\":{\"@id\":\"http:\/\/dataminingsoccer.com\/de\/#website\"},\"primaryImageOfPage\":{\"@id\":\"http:\/\/dataminingsoccer.com\/de\/champions-league-europa-league\/#primaryimage\"},\"datePublished\":\"2013-09-11T21:29:52+00:00\",\"dateModified\":\"2015-06-25T01:53:05+00:00\",\"description\":\"Ergebnis-Vorhersage f\\u00fcr die UEFA Champions League und Europa League. \\u00dcberblick \\u00fcber die Sieger der Champions League und die Titeltr\\u00e4ger der Europa League.\",\"inLanguage\":\"de\",\"potentialAction\":[{\"@type\":\"ReadAction\",\"target\":[\"http:\/\/dataminingsoccer.com\/de\/champions-league-europa-league\/\"]}]}]}<\/script>\n<!-- \/ Yoast SEO plugin. -->","_links":{"self":[{"href":"http:\/\/dataminingsoccer.com\/de\/wp-json\/wp\/v2\/pages\/125"}],"collection":[{"href":"http:\/\/dataminingsoccer.com\/de\/wp-json\/wp\/v2\/pages"}],"about":[{"href":"http:\/\/dataminingsoccer.com\/de\/wp-json\/wp\/v2\/types\/page"}],"author":[{"embeddable":true,"href":"http:\/\/dataminingsoccer.com\/de\/wp-json\/wp\/v2\/users\/3"}],"replies":[{"embeddable":true,"href":"http:\/\/dataminingsoccer.com\/de\/wp-json\/wp\/v2\/comments?post=125"}],"version-history":[{"count":20,"href":"http:\/\/dataminingsoccer.com\/de\/wp-json\/wp\/v2\/pages\/125\/revisions"}],"predecessor-version":[{"id":3704,"href":"http:\/\/dataminingsoccer.com\/de\/wp-json\/wp\/v2\/pages\/125\/revisions\/3704"}],"wp:attachment":[{"href":"http:\/\/dataminingsoccer.com\/de\/wp-json\/wp\/v2\/media?parent=125"}],"curies":[{"name":"wp","href":"https:\/\/api.w.org\/{rel}","templated":true}]}}