{"id":123,"date":"2013-09-11T23:15:59","date_gmt":"2013-09-11T21:15:59","guid":{"rendered":"http:\/\/dataminingsoccer.com\/de\/?page_id=123"},"modified":"2014-09-02T05:01:08","modified_gmt":"2014-09-02T03:01:08","slug":"europameisterschaft-2012","status":"publish","type":"page","link":"http:\/\/dataminingsoccer.com\/de\/wm-em\/vorhersagen\/europameisterschaft-2012\/","title":{"rendered":"Europameisterschaft 2012"},"content":{"rendered":"<h2>Fussball Ergebnis Vorhersagen mittels Data Mining<\/h2><p style=\"text-align: justify;\"><a href=\"http:\/\/dataminingsoccer.com\/de\/wp-content\/uploads\/sites\/2\/EM-2012-Polen-Ukraine-Fussball-Ergebnis-Vorhersagen-m.png\"><img loading=\"lazy\" class=\"alignnone size-full wp-image-388\" src=\"http:\/\/dataminingsoccer.com\/de\/wp-content\/uploads\/sites\/2\/EM-2012-Polen-Ukraine-Fussball-Ergebnis-Vorhersagen-m.png\" alt=\"EM-2012-Polen-Ukraine-Fussball-Ergebnis-Vorhersagen\" width=\"42\" height=\"49\" \/><\/a>\u00a0\u00a0\u00a0\u00a0 \u00a0\u00a0\u00a0\u00a0 \u00a0\u00a0\u00a0\u00a0  \u00a0 \u00a0  \u00a0 \u00a0  \u00a0 \u00a0  \u00a0 \u00a0 <\/p>\n<p style=\"text-align: justify;\">Mit der <strong>Fussball-Europameisterschaft 2012 in Polen und der Ukraine<\/strong> haben wir unsere Infotainment-Vorhersagen f\u00fcr Fussball-Ergebnisse aufgrund des gro\u00dfen Interesses an unseren Vorhersagen f\u00fcr die WM 2010 in S\u00fcdafrika wieder aufgenommen.<\/p>\n<p style=\"text-align: justify;\">Eine \u00dcbersicht der bisherigen <a title=\"Europameisterschaft 2012\" href=\"http:\/\/dataminingsoccer.com\/de\/wm-em\/treffer-quoten\/europameisterschaft-2012\/\">[Erfolgs-Quoten]<\/a> unserer Vorhersage-Modelle findest du \u00fcber diesen Link.<\/p>\n<p style=\"text-align: justify;\">Die vorhergesagten Ergebnisse (und in Klammern die Realergebnisse) von 2012 in Polen und der Ukraine:<\/p>\n<p style=\"text-align: justify;\"><a href=\"http:\/\/dataminingsoccer.com\/de\/wp-content\/uploads\/sites\/2\/EM-2012-Polen-Ukraine-Fussball-Ergebnis-Vorhersagen-m.png\"><img loading=\"lazy\" src=\"http:\/\/dataminingsoccer.com\/de\/wp-content\/uploads\/sites\/2\/EM-2012-Polen-Ukraine-Fussball-Ergebnis-Vorhersagen-m.png\" alt=\"EM-2012-Polen-Ukraine-Fussball-Ergebnis-Vorhersagen\" width=\"42\" height=\"49\" \/><\/a>\u00a0\u00a0\u00a0\u00a0 \u00a0\u00a0\u00a0\u00a0 \u00a0\u00a0\u00a0\u00a0  \u00a0 \u00a0  \u00a0 \u00a0  \u00a0 \u00a0  \u00a0 \u00a0 <\/p>\n<p style=\"text-align: justify;\"><strong>Gruppe A:<\/strong><br \/>\nPolen &#8211; Griechenland \u00a0 2-0\u00a0\u00a0 (1-1)<br \/>\n<strong>Russland &#8211; Tschechien<\/strong> \u00a0 3-1\u00a0\u00a0 (4-1)<br \/>\n<strong>Griechenland &#8211; Tschechien<\/strong> \u00a0 1-6\u00a0\u00a0 (1-2)<br \/>\nPolen &#8211; Russland \u00a0 3-2\u00a0\u00a0 (1-1)<br \/>\nGriechenland &#8211; Russland\u00a0\u00a0 2-2\u00a0\u00a0 (1-0)<br \/>\n<strong>Tschechien &#8211; Polen<\/strong> \u00a0 3-1\u00a0\u00a0 (1-0)<\/p>\n<p style=\"text-align: justify;\"><strong>Ergebnis-Vorhersage Gruppe A:<\/strong><br \/>\n1. <strong>Tschechien <\/strong>(6 Pkt., +5 Tore)<br \/>\n2. Polen (6 Pkt., +1 Tor)<br \/>\n3. Russland (4 Pkt., +1 Tor)<br \/>\n4. Griechenland (1 Pkt., -7 Tore)<\/p>\n<p style=\"text-align: justify;\"><strong>Real-Ergebnis Gruppe A:<\/strong><br \/>\n1. <strong>Tschechien<\/strong> (6 Pkt., -1 Tor)<br \/>\n2. Griechenland (4 Pkt., 0 Tore)<br \/>\n3. Russland (4 Pkt., +2 Tore)<br \/>\n4. Polen (2 Pkt., -1 Tor)<\/p>\n<p style=\"text-align: justify;\"><a href=\"http:\/\/dataminingsoccer.com\/de\/wp-content\/uploads\/sites\/2\/EM-2012-Polen-Ukraine-Fussball-Ergebnis-Vorhersagen-m.png\"><img loading=\"lazy\" src=\"http:\/\/dataminingsoccer.com\/de\/wp-content\/uploads\/sites\/2\/EM-2012-Polen-Ukraine-Fussball-Ergebnis-Vorhersagen-m.png\" alt=\"EM-2012-Polen-Ukraine-Fussball-Ergebnis-Vorhersagen\" width=\"42\" height=\"49\" \/><\/a>\u00a0\u00a0\u00a0\u00a0 \u00a0\u00a0\u00a0\u00a0 \u00a0\u00a0\u00a0\u00a0  \u00a0 \u00a0  \u00a0 \u00a0  \u00a0 \u00a0  \u00a0 \u00a0 <\/p>\n<p style=\"text-align: justify;\"><strong>Gruppe B:<\/strong><br \/>\nNiederlande &#8211; D\u00e4nemark \u00a0 0-0\u00a0\u00a0 (0-1)<br \/>\nDeutschland &#8211; Portugal \u00a0 1-1\u00a0\u00a0 (1-0)<br \/>\n<strong>D\u00e4nemark &#8211; Portugal\u00a0<\/strong>\u00a0 1-2\u00a0\u00a0 (2-3)<br \/>\n<strong>Niederlande &#8211; Deutschland\u00a0\u00a0 1-2\u00a0\u00a0 (1-2)<\/strong><br \/>\nPortugal &#8211; Niederlande \u00a0\u00a0 2-3\u00a0\u00a0 (2-1)<br \/>\nD\u00e4nemark &#8211; Deutschland \u00a0\u00a0 0-0\u00a0\u00a0 (1-2)<\/p>\n<p style=\"text-align: justify;\"><strong>Ergebnis<\/strong><strong>-Vorhersage<\/strong><strong> Gruppe B:<\/strong><br \/>\n1. <strong>Deutschland<\/strong> (5 Pkt., +1 Tor)<br \/>\n2. Niederlande (4 Pkt., +0 Tore)<br \/>\n3. Portugal (4 Pkt., +0 Tore)<br \/>\n4. D\u00e4nemark (2 Pkt., -1 Tor)<\/p>\n<p style=\"text-align: justify;\"><strong>Real-Ergebnis<\/strong><strong>\u00a0Gruppe B:<\/strong><br \/>\n1. <strong>Deutschland<\/strong> (9 Pkt., +3 Tore)<br \/>\n2. Portugal (6 Pkt., +1 Tor)<br \/>\n3. D\u00e4nemark (3 Pkt., -1 Tor)<br \/>\n4. Niederlande (0 Pkt., -3 Tore)<\/p>\n<p style=\"text-align: justify;\"><a href=\"http:\/\/dataminingsoccer.com\/de\/wp-content\/uploads\/sites\/2\/EM-2012-Polen-Ukraine-Fussball-Ergebnis-Vorhersagen-m.png\"><img loading=\"lazy\" src=\"http:\/\/dataminingsoccer.com\/de\/wp-content\/uploads\/sites\/2\/EM-2012-Polen-Ukraine-Fussball-Ergebnis-Vorhersagen-m.png\" alt=\"EM-2012-Polen-Ukraine-Fussball-Ergebnis-Vorhersagen\" width=\"42\" height=\"49\" \/><\/a>\u00a0\u00a0\u00a0\u00a0 \u00a0\u00a0\u00a0\u00a0 \u00a0\u00a0\u00a0\u00a0  \u00a0 \u00a0  \u00a0 \u00a0  \u00a0 \u00a0  \u00a0 \u00a0 <\/p>\n<p style=\"text-align: justify;\"><strong>Gruppe C:<\/strong><br \/>\nSpanien &#8211; Italien \u00a0 2-1\u00a0\u00a0 (1-1)<br \/>\nIrland &#8211; Kroatien \u00a0 0-0\u00a0\u00a0 (1-3)<br \/>\nItalien &#8211; \u00a0Kroatien\u00a0\u00a0 3-1\u00a0\u00a0 (1-1)<br \/>\n<strong>Spanien &#8211; \u00a0Irland \u00a0\u00a0 4-0\u00a0\u00a0 (4-0)<\/strong><br \/>\nKroatien &#8211; Spanien\u00a0\u00a0 1-1\u00a0\u00a0 (0-1)<br \/>\nItalien &#8211; Irland \u00a0\u00a0 0-0\u00a0\u00a0 (2-0)<\/p>\n<p style=\"text-align: justify;\"><strong>Ergebnis<\/strong><strong>-Vorhersage<\/strong><strong> Gruppe C:<\/strong><br \/>\n1. <strong>Spanien<\/strong>\u00a0(7 Pkt., +5 Tore)<br \/>\n2. <strong>Italien<\/strong> (4 Pkt., +1 Tor)<br \/>\n3. Kroatien (2 Pkt., -2 Tore)<br \/>\n4. Irland (2 Pkt., -4 Tore)<\/p>\n<p style=\"text-align: justify;\"><strong>Real-Ergebnis<\/strong><strong>\u00a0Gruppe C:<\/strong><br \/>\n1. <strong>Spanien<\/strong> (7 Pkt., +5 Tore)<br \/>\n2. <strong>Italien<\/strong> (5 Pkt., +2 Tore)<br \/>\n3. Kroatien (4 Pkt., +1 Tor)<br \/>\n4. Irland (0 Pkt., -8 Tore)<\/p>\n<p style=\"text-align: justify;\"><a href=\"http:\/\/dataminingsoccer.com\/de\/wp-content\/uploads\/sites\/2\/EM-2012-Polen-Ukraine-Fussball-Ergebnis-Vorhersagen-m.png\"><img loading=\"lazy\" src=\"http:\/\/dataminingsoccer.com\/de\/wp-content\/uploads\/sites\/2\/EM-2012-Polen-Ukraine-Fussball-Ergebnis-Vorhersagen-m.png\" alt=\"EM-2012-Polen-Ukraine-Fussball-Ergebnis-Vorhersagen\" width=\"42\" height=\"49\" \/><\/a>\u00a0\u00a0\u00a0\u00a0 \u00a0\u00a0\u00a0\u00a0 \u00a0\u00a0\u00a0\u00a0  \u00a0 \u00a0  \u00a0 \u00a0  \u00a0 \u00a0  \u00a0 \u00a0 <\/p>\n<p style=\"text-align: justify;\"><strong>Gruppe D:<\/strong><br \/>\n<strong>Frankreich &#8211; England<\/strong> \u00a0 0-0\u00a0\u00a0 (1-1)<br \/>\nUkraine &#8211; Schweden \u00a0 1-3\u00a0\u00a0 (2-1)<br \/>\n<strong>Ukraine &#8211; \u00a0Frankreich<\/strong> \u00a0\u00a0 1-3\u00a0\u00a0 (0-2)<br \/>\nSchweden &#8211; England\u00a0\u00a0 1-0\u00a0\u00a0 (2-3)<br \/>\nSchweden &#8211; Frankreich\u00a0\u00a0 0-0\u00a0\u00a0 (2-0)<br \/>\nEngland &#8211; Ukraine \u00a0\u00a0 1-1\u00a0\u00a0 (1-0)<\/p>\n<p style=\"text-align: justify;\"><strong>Ergebnis<\/strong><strong>-Vorhersage<\/strong><strong> Gruppe D:<\/strong><br \/>\n1. Schweden\u00a0(7 Pkt., +3 Tore)<br \/>\n2. <strong>Frankreich <\/strong>(5 Pkt., +2 Tore)<br \/>\n3. England (2 Pkt., -1 Tore)<br \/>\n4. Ukraine (1 Pkt., -4 Tore)<\/p>\n<p style=\"text-align: justify;\"><strong>Real-Ergebnis<\/strong><strong>\u00a0Gruppe D:<\/strong><br \/>\n1. England (7 Pkt., 2 Tore)<br \/>\n2. <strong>Frankreich<\/strong> (4 Pkt., 0 Tore)<br \/>\n3. Ukraine (3 Pkt., -2 Tore)<br \/>\n4. Schweden (3 Pkt., 0 Tore)<\/p>\n<p style=\"text-align: justify;\"><a href=\"http:\/\/dataminingsoccer.com\/de\/wp-content\/uploads\/sites\/2\/EM-2012-Polen-Ukraine-Fussball-Ergebnis-Vorhersagen-m.png\"><img loading=\"lazy\" src=\"http:\/\/dataminingsoccer.com\/de\/wp-content\/uploads\/sites\/2\/EM-2012-Polen-Ukraine-Fussball-Ergebnis-Vorhersagen-m.png\" alt=\"EM-2012-Polen-Ukraine-Fussball-Ergebnis-Vorhersagen\" width=\"42\" height=\"49\" \/><\/a>\u00a0\u00a0\u00a0\u00a0 \u00a0\u00a0\u00a0\u00a0 \u00a0\u00a0\u00a0\u00a0  \u00a0 \u00a0  \u00a0 \u00a0  \u00a0 \u00a0  \u00a0 \u00a0 <\/p>\n<p style=\"text-align: justify;\"><strong>Viertelfinal-Spiele 2012<\/strong>:<\/p>\n<p style=\"text-align: justify;\"><strong>Tschechien &#8211; Portugal<\/strong>\u00a0\u00a0 0-2\u00a0\u00a0 (0-1)<br \/>\n<strong>Deutschland &#8211; Griechenland<\/strong> \u00a0 2-1\u00a0\u00a0 (4-2)<br \/>\nSpanien &#8211; Frankreich \u00a0 0-2\u00a0\u00a0 (2-0)<br \/>\n<strong>England &#8211; Italien<\/strong>\u00a0\u00a0 1-2\u00a0\u00a0 (2-4 n.E.)<\/p>\n<p style=\"text-align: justify;\"><a href=\"http:\/\/dataminingsoccer.com\/de\/wp-content\/uploads\/sites\/2\/EM-2012-Polen-Ukraine-Fussball-Ergebnis-Vorhersagen-m.png\"><img loading=\"lazy\" src=\"http:\/\/dataminingsoccer.com\/de\/wp-content\/uploads\/sites\/2\/EM-2012-Polen-Ukraine-Fussball-Ergebnis-Vorhersagen-m.png\" alt=\"EM-2012-Polen-Ukraine-Fussball-Ergebnis-Vorhersagen\" width=\"42\" height=\"49\" \/><\/a>\u00a0\u00a0\u00a0\u00a0 \u00a0\u00a0\u00a0\u00a0 \u00a0\u00a0\u00a0\u00a0  \u00a0 \u00a0  \u00a0 \u00a0  \u00a0 \u00a0  \u00a0 \u00a0 <\/p>\n<p style=\"text-align: justify;\"><strong>Halbfinal-Spiele 2012<\/strong>:<\/p>\n<p style=\"text-align: justify;\"><strong>Portugal &#8211; Spanien<\/strong>\u00a0\u00a0 1-2\u00a0\u00a0 (2-4 n.E.)<br \/>\nDeutschland\u00a0&#8211; Italien\u00a0\u00a0 2-1\u00a0\u00a0 (1-2)<\/p>\n<p style=\"text-align: justify;\"><a href=\"http:\/\/dataminingsoccer.com\/de\/wp-content\/uploads\/sites\/2\/EM-2012-Polen-Ukraine-Fussball-Ergebnis-Vorhersagen-m.png\"><img loading=\"lazy\" src=\"http:\/\/dataminingsoccer.com\/de\/wp-content\/uploads\/sites\/2\/EM-2012-Polen-Ukraine-Fussball-Ergebnis-Vorhersagen-m.png\" alt=\"EM-2012-Polen-Ukraine-Fussball-Ergebnis-Vorhersagen\" width=\"42\" height=\"49\" \/><\/a>\u00a0\u00a0\u00a0\u00a0 \u00a0\u00a0\u00a0\u00a0 \u00a0\u00a0\u00a0\u00a0  \u00a0 \u00a0  \u00a0 \u00a0  \u00a0 \u00a0  \u00a0 \u00a0 <\/p>\n<p style=\"text-align: justify;\"><strong>Europameisterschafts-Endspiel 2012<\/strong>:<\/p>\n<p style=\"text-align: justify;\">Spanien &#8211; Italien \u00a0 0-2\u00a0\u00a0 (4-0)<\/p>\n<p style=\"text-align: justify;\"><a href=\"http:\/\/dataminingsoccer.com\/de\/wp-content\/uploads\/sites\/2\/EM-2012-Polen-Ukraine-Fussball-Ergebnis-Vorhersagen-m.png\"><img loading=\"lazy\" src=\"http:\/\/dataminingsoccer.com\/de\/wp-content\/uploads\/sites\/2\/EM-2012-Polen-Ukraine-Fussball-Ergebnis-Vorhersagen-m.png\" alt=\"EM-2012-Polen-Ukraine-Fussball-Ergebnis-Vorhersagen\" width=\"42\" height=\"49\" \/><\/a>\u00a0\u00a0\u00a0\u00a0 \u00a0\u00a0\u00a0\u00a0 \u00a0\u00a0\u00a0\u00a0  \u00a0 \u00a0  \u00a0 \u00a0  \u00a0 \u00a0  \u00a0 \u00a0 <\/p>\n<p style=\"text-align: justify;\"><a title=\"Europameisterschaft 2012\" href=\"http:\/\/dataminingsoccer.com\/de\/wm-em\/europameisterschaft-2012\/\"><img loading=\"lazy\" class=\"alignnone size-full wp-image-731\" src=\"http:\/\/dataminingsoccer.com\/de\/wp-content\/uploads\/sites\/2\/Data-Mining-Soccer-Seitenanfang-m.png\" alt=\"Data-Mining-Soccer-Seitenanfang\" width=\"50\" height=\"50\" \/><\/a>\u00a0\u00a0\u00a0\u00a0 <a href=\"http:\/\/dataminingsoccer.com\/de\/\"><img loading=\"lazy\" class=\"alignnone size-full wp-image-724\" src=\"http:\/\/dataminingsoccer.com\/de\/wp-content\/uploads\/sites\/2\/Data-Mining-Soccer-Fussball-Ergebnis-Vorhersagen-m.png\" alt=\"Data-Mining-Soccer-Fussball-Ergebnis-Vorhersagen\" width=\"50\" height=\"50\" \/><\/a>\u00a0\u00a0\u00a0\u00a0 <a title=\"DataMiningSoccer (deutsch) @Twitter\" href=\"http:\/\/twitter.com\/DataMinSoccerDE\" target=\"_blank\"><img loading=\"lazy\" class=\"alignnone size-full wp-image-1865\" src=\"http:\/\/dataminingsoccer.com\/de\/wp-content\/uploads\/sites\/2\/Twitter-Data-Mining-Soccer.png\" alt=\"Twitter-Data-Mining-Soccer\" width=\"50\" height=\"50\" \/><\/a>\u00a0\u00a0\u00a0\u00a0 <a title=\"DataMiningSoccer (Englisch) @Facebook\" href=\"http:\/\/www.facebook.com\/dataminingsoccer\" target=\"_blank\"><img loading=\"lazy\" class=\"alignnone size-full wp-image-1861\" src=\"http:\/\/dataminingsoccer.com\/de\/wp-content\/uploads\/sites\/2\/Facebook-Data-Mining-Soccer.png\" alt=\"Facebook-Data-Mining-Soccer\" width=\"50\" height=\"50\" \/><\/a><\/p>\n","protected":false},"excerpt":{"rendered":"<p>Fussball Ergebnis Vorhersagen mittels Data Mining\u00a0\u00a0\u00a0\u00a0 \u00a0\u00a0\u00a0\u00a0 \u00a0\u00a0\u00a0\u00a0 \u00a0 \u00a0 \u00a0 \u00a0 \u00a0 \u00a0 \u00a0 \u00a0 Mit der Fussball-Europameisterschaft 2012 in Polen und der Ukraine haben wir unsere Infotainment-Vorhersagen f\u00fcr Fussball-Ergebnisse aufgrund des gro\u00dfen Interesses an unseren Vorhersagen f\u00fcr die WM 2010 in S\u00fcdafrika wieder aufgenommen. Eine \u00dcbersicht der bisherigen [Erfolgs-Quoten] unserer Vorhersage-Modelle findest du &hellip; <a href=\"http:\/\/dataminingsoccer.com\/de\/wm-em\/vorhersagen\/europameisterschaft-2012\/\" class=\"more-link\"><span class=\"screen-reader-text\">Europameisterschaft 2012<\/span> weiterlesen <span class=\"meta-nav\">&rarr;<\/span><\/a><\/p>\n","protected":false},"author":3,"featured_media":0,"parent":3236,"menu_order":99,"comment_status":"closed","ping_status":"closed","template":"","meta":[],"yoast_head":"<!-- This site is optimized with the Yoast SEO plugin v14.8 - https:\/\/yoast.com\/wordpress\/plugins\/seo\/ -->\n<meta name=\"description\" content=\"Fussball Ergebnis-Vorhersage EM 2012 in Polen &amp; der Ukraine. Alle Teams, alle Spiele. Vorhersagen auf Basis statistischer Analysen mittels Data-Mining.\" \/>\n<meta name=\"robots\" content=\"index, follow\" \/>\n<meta name=\"googlebot\" content=\"index, follow, max-snippet:-1, max-image-preview:large, max-video-preview:-1\" \/>\n<meta name=\"bingbot\" content=\"index, follow, max-snippet:-1, max-image-preview:large, max-video-preview:-1\" \/>\n<link rel=\"canonical\" href=\"http:\/\/dataminingsoccer.com\/de\/wm-em\/vorhersagen\/europameisterschaft-2012\/\" \/>\n<script type=\"application\/ld+json\" class=\"yoast-schema-graph\">{\"@context\":\"https:\/\/schema.org\",\"@graph\":[{\"@type\":\"WebSite\",\"@id\":\"http:\/\/dataminingsoccer.com\/de\/#website\",\"url\":\"http:\/\/dataminingsoccer.com\/de\/\",\"name\":\"Fu\\u00dfball-Ergebnis-Vorhersagen\",\"description\":\"basierend auf statistischen Analysen mittels Data-Mining.. Wir lieben Fu\\u00dfball! Wir lieben Zahlenspiele!\",\"potentialAction\":[{\"@type\":\"SearchAction\",\"target\":\"http:\/\/dataminingsoccer.com\/de\/?s={search_term_string}\",\"query-input\":\"required name=search_term_string\"}],\"inLanguage\":\"de\"},{\"@type\":\"ImageObject\",\"@id\":\"http:\/\/dataminingsoccer.com\/de\/wm-em\/vorhersagen\/europameisterschaft-2012\/#primaryimage\",\"inLanguage\":\"de\",\"url\":\"http:\/\/dataminingsoccer.com\/de\/wp-content\/uploads\/sites\/2\/EM-2012-Polen-Ukraine-Fussball-Ergebnis-Vorhersagen-m.png\",\"width\":42,\"height\":49,\"caption\":\"EM-2012-Polen-Ukraine-Fussball-Ergebnis-Vorhersagen\"},{\"@type\":\"WebPage\",\"@id\":\"http:\/\/dataminingsoccer.com\/de\/wm-em\/vorhersagen\/europameisterschaft-2012\/#webpage\",\"url\":\"http:\/\/dataminingsoccer.com\/de\/wm-em\/vorhersagen\/europameisterschaft-2012\/\",\"name\":\"Europameisterschaft 2012 - Fu\\u00dfball-Ergebnis-Vorhersagen\",\"isPartOf\":{\"@id\":\"http:\/\/dataminingsoccer.com\/de\/#website\"},\"primaryImageOfPage\":{\"@id\":\"http:\/\/dataminingsoccer.com\/de\/wm-em\/vorhersagen\/europameisterschaft-2012\/#primaryimage\"},\"datePublished\":\"2013-09-11T21:15:59+00:00\",\"dateModified\":\"2014-09-02T03:01:08+00:00\",\"description\":\"Fussball Ergebnis-Vorhersage EM 2012 in Polen & der Ukraine. Alle Teams, alle Spiele. Vorhersagen auf Basis statistischer Analysen mittels Data-Mining.\",\"inLanguage\":\"de\",\"potentialAction\":[{\"@type\":\"ReadAction\",\"target\":[\"http:\/\/dataminingsoccer.com\/de\/wm-em\/vorhersagen\/europameisterschaft-2012\/\"]}]}]}<\/script>\n<!-- \/ Yoast SEO plugin. -->","_links":{"self":[{"href":"http:\/\/dataminingsoccer.com\/de\/wp-json\/wp\/v2\/pages\/123"}],"collection":[{"href":"http:\/\/dataminingsoccer.com\/de\/wp-json\/wp\/v2\/pages"}],"about":[{"href":"http:\/\/dataminingsoccer.com\/de\/wp-json\/wp\/v2\/types\/page"}],"author":[{"embeddable":true,"href":"http:\/\/dataminingsoccer.com\/de\/wp-json\/wp\/v2\/users\/3"}],"replies":[{"embeddable":true,"href":"http:\/\/dataminingsoccer.com\/de\/wp-json\/wp\/v2\/comments?post=123"}],"version-history":[{"count":31,"href":"http:\/\/dataminingsoccer.com\/de\/wp-json\/wp\/v2\/pages\/123\/revisions"}],"predecessor-version":[{"id":2041,"href":"http:\/\/dataminingsoccer.com\/de\/wp-json\/wp\/v2\/pages\/123\/revisions\/2041"}],"up":[{"embeddable":true,"href":"http:\/\/dataminingsoccer.com\/de\/wp-json\/wp\/v2\/pages\/3236"}],"wp:attachment":[{"href":"http:\/\/dataminingsoccer.com\/de\/wp-json\/wp\/v2\/media?parent=123"}],"curies":[{"name":"wp","href":"https:\/\/api.w.org\/{rel}","templated":true}]}}