{"id":119,"date":"2013-09-11T23:14:28","date_gmt":"2013-09-11T21:14:28","guid":{"rendered":"http:\/\/dataminingsoccer.com\/de\/?page_id=119"},"modified":"2016-06-06T00:29:33","modified_gmt":"2016-06-05T22:29:33","slug":"wm-em","status":"publish","type":"page","link":"http:\/\/dataminingsoccer.com\/de\/wm-em\/","title":{"rendered":"WM &#038; EM"},"content":{"rendered":"<h2>Fussball Ergebnis Vorhersagen mittels Data Mining<\/h2><p>\u00dcber nachstehende Links (oder \u00fcber die Men\u00fc-Leiste) erhaltet ihr die Data-Mining Vorhersagen sowie die Realergebnisse f\u00fcr die<\/p>\n<p><img loading=\"lazy\" class=\"alignnone size-full wp-image-3825\" src=\"http:\/\/dataminingsoccer.com\/de\/wp-content\/uploads\/sites\/2\/EM-2016-Frankreich-Fussball-Ergebnis-Vorhersagen-s.png\" alt=\"EM-2016-Frankreich-Fussball-Ergebnis-Vorhersagen\" width=\"25\" height=\"25\" \/> <a href=\"http:\/\/dataminingsoccer.com\/de\/wm-em\/vorhersagen\/europameisterschaft-2016\/\">[Fussball EM 2016 in Frankreich]<\/a><a title=\"Weltmeisterschaft 2014\" href=\"http:\/\/dataminingsoccer.com\/de\/wm-em\/weltmeisterschaft-2014\/\"><br \/>\n<\/a><img loading=\"lazy\" class=\"alignnone size-full wp-image-3840\" src=\"http:\/\/dataminingsoccer.com\/de\/wp-content\/uploads\/sites\/2\/Copa-America-2016-USA-Fussball-Ergebnis-Vorhersagen-s.png\" alt=\"Copa-America-2016-USA-Fussball-Ergebnis-Vorhersagen\" width=\"25\" height=\"25\" \/> <a href=\"http:\/\/dataminingsoccer.com\/de\/wm-em\/vorhersagen\/copa-america-2016\/\">[Copa Am\u00e9rica 2016 in den USA]<\/a><a title=\"Weltmeisterschaft 2014\" href=\"http:\/\/dataminingsoccer.com\/de\/wm-em\/weltmeisterschaft-2014\/\"><br \/>\n<\/a><img loading=\"lazy\" class=\"alignnone size-full wp-image-385\" src=\"http:\/\/dataminingsoccer.com\/de\/wp-content\/uploads\/sites\/2\/WM-2014-Brasilien-Fussball-Ergebnis-Vorhersagen-s.png\" alt=\"WM-2014-Brasilien-Fussball-Ergebnis-Vorhersagen\" width=\"19\" height=\"25\" \/><a title=\"Weltmeisterschaft 2014\" href=\"http:\/\/dataminingsoccer.com\/de\/wm-em\/weltmeisterschaft-2014\/\"> [Fussball WM 2014 in Brasilien]<\/a><br \/>\n<img loading=\"lazy\" class=\"alignnone size-full wp-image-389\" src=\"http:\/\/dataminingsoccer.com\/de\/wp-content\/uploads\/sites\/2\/EM-2012-Polen-Ukraine-Fussball-Ergebnis-Vorhersagen-s.png\" alt=\"EM-2012-Polen-Ukraine-Fussball-Ergebnis-Vorhersagen\" width=\"28\" height=\"25\" \/><a title=\"Europameisterschaft 2012\" href=\"http:\/\/dataminingsoccer.com\/de\/wm-em\/europameisterschaft-2012\/\"> [Fussball EM 2012 in Polen und der Ukraine]<\/a><br \/>\n<img loading=\"lazy\" class=\"alignnone size-full wp-image-1529\" src=\"http:\/\/dataminingsoccer.com\/de\/wp-content\/uploads\/sites\/2\/WM-2010-Suedafrika-Fussball-Ergebnis-Vorhersagen-s.png\" alt=\"WM-2010-Suedafrika-Fussball-Ergebnis-Vorhersagen\" width=\"22\" height=\"25\" \/> <a title=\"Weltmeisterschaft 2010\" href=\"http:\/\/dataminingsoccer.com\/de\/wm-em\/weltmeisterschaft-2010\/\">[Fussball WM 2010 in S\u00fcdafrika]<\/a><\/p>\n<p>Die bisherigen Weltmeister und die Anzahl gewonnener WM-Titel:<\/p>\n<p>Brasilien\u00a0\u00a0 (5)\u00a0\u00a0 *****<br \/>\nItalien\u00a0\u00a0 (4)\u00a0\u00a0 ****<br \/>\nDeutschland\u00a0\u00a0 (4)\u00a0\u00a0 ****\u00a0\u00a0\u00a0<img loading=\"lazy\" class=\"alignnone size-full wp-image-2608\" src=\"http:\/\/dataminingsoccer.com\/de\/wp-content\/uploads\/sites\/2\/Weltmeister-Pokal-s.jpg\" alt=\"Weltmeister-Pokal\" width=\"12\" height=\"26\" \/>\u00a0\u00a0 (Titeltr\u00e4ger)<br \/>\nArgentinien \u00a0 (2)\u00a0\u00a0 **<br \/>\nUruguay\u00a0\u00a0 (2)\u00a0\u00a0 **<br \/>\nFrankreich\u00a0\u00a0 (1)\u00a0\u00a0 *<br \/>\nEngland \u00a0 (1)\u00a0\u00a0 *<br \/>\nSpanien\u00a0\u00a0 (1)\u00a0\u00a0 *<\/p>\n<p>Die bisherigen Europameister und die Anzahl gewonnener EM-Titel:<\/p>\n<p>Deutschland \u00a0 (3)<br \/>\nSpanien\u00a0\u00a0 (3)\u00a0\u00a0\u00a0<img loading=\"lazy\" class=\"alignnone size-full wp-image-2607\" src=\"http:\/\/dataminingsoccer.com\/de\/wp-content\/uploads\/sites\/2\/Europameister-Pokal-s.jpg\" alt=\"Europameister-Pokal\" width=\"14\" height=\"25\" \/>\u00a0\u00a0 (Titeltr\u00e4ger)<br \/>\nFrankreich\u00a0\u00a0 (2)<br \/>\nSowjetunion\u00a0\u00a0 (1)<br \/>\nItalien\u00a0\u00a0 (1)<br \/>\nTschechoslowakei \u00a0 (1)<br \/>\nNiederlande\u00a0\u00a0 (1)<br \/>\nD\u00e4nemark \u00a0 (1)<br \/>\nGriechenland\u00a0\u00a0 (1)<\/p>\n<p>Die bisherigen Gewinner der Copa Am\u00e9rica und die Anzahl gewonnener Titel:<\/p>\n<p>Uruguay \u00a0 (15)<br \/>\nArgentinien \u00a0 (14)<br \/>\nBrasilien \u00a0 (8)<br \/>\nParaguay \u00a0 (2)<br \/>\nPeru \u00a0 (2)<br \/>\nChile \u00a0 (1)\u00a0\u00a0 <img loading=\"lazy\" class=\"alignnone size-full wp-image-3854\" src=\"http:\/\/dataminingsoccer.com\/de\/wp-content\/uploads\/sites\/2\/Copa-America-Pokal-s.png\" alt=\"Copa-America-Pokal\" width=\"11\" height=\"26\" \/>\u00a0\u00a0 (Titeltr\u00e4ger)<br \/>\nKolumbien \u00a0 (1)<br \/>\nBolivien \u00a0 (1)<\/p>\n<p style=\"text-align: justify;\">\u00dcbrigens k\u00f6nnte ihr euch bei uns die Daten s\u00e4mtlicher Spiele aller Welt- und Europameisterschaften in unserer Rubrik <a title=\"Daten-Download\" href=\"http:\/\/dataminingsoccer.com\/de\/daten-download\/\">[Daten-Download]<\/a> kostenlos als csv- (bzw. Excel-) Datei herunterladen.<\/p>\n<p><img loading=\"lazy\" class=\"alignnone size-full wp-image-3825\" src=\"http:\/\/dataminingsoccer.com\/de\/wp-content\/uploads\/sites\/2\/EM-2016-Frankreich-Fussball-Ergebnis-Vorhersagen-s.png\" alt=\"EM-2016-Frankreich-Fussball-Ergebnis-Vorhersagen\" width=\"25\" height=\"25\" \/> <a href=\"http:\/\/dataminingsoccer.com\/de\/wm-em\/vorhersagen\/europameisterschaft-2016\/\">[Fussball EM 2016 in Frankreich]<\/a><a title=\"Weltmeisterschaft 2014\" href=\"http:\/\/dataminingsoccer.com\/de\/wm-em\/weltmeisterschaft-2014\/\"><br \/>\n<\/a><img loading=\"lazy\" class=\"alignnone size-full wp-image-3840\" src=\"http:\/\/dataminingsoccer.com\/de\/wp-content\/uploads\/sites\/2\/Copa-America-2016-USA-Fussball-Ergebnis-Vorhersagen-s.png\" alt=\"Copa-America-2016-USA-Fussball-Ergebnis-Vorhersagen\" width=\"25\" height=\"25\" \/> <a href=\"http:\/\/dataminingsoccer.com\/de\/wm-em\/vorhersagen\/copa-america-2016\/\">[Copa Am\u00e9rica 2016 in den USA]<\/a><a title=\"Weltmeisterschaft 2014\" href=\"http:\/\/dataminingsoccer.com\/de\/wm-em\/weltmeisterschaft-2014\/\"><br \/>\n<\/a><img loading=\"lazy\" class=\"alignnone size-full wp-image-385\" src=\"http:\/\/dataminingsoccer.com\/de\/wp-content\/uploads\/sites\/2\/WM-2014-Brasilien-Fussball-Ergebnis-Vorhersagen-s.png\" alt=\"WM-2014-Brasilien-Fussball-Ergebnis-Vorhersagen\" width=\"19\" height=\"25\" \/><a title=\"Weltmeisterschaft 2014\" href=\"http:\/\/dataminingsoccer.com\/de\/wm-em\/weltmeisterschaft-2014\/\"> [Fussball WM 2014 in Brasilien]<\/a><br \/>\n<img loading=\"lazy\" class=\"alignnone size-full wp-image-389\" src=\"http:\/\/dataminingsoccer.com\/de\/wp-content\/uploads\/sites\/2\/EM-2012-Polen-Ukraine-Fussball-Ergebnis-Vorhersagen-s.png\" alt=\"EM-2012-Polen-Ukraine-Fussball-Ergebnis-Vorhersagen\" width=\"28\" height=\"25\" \/><a title=\"Europameisterschaft 2012\" href=\"http:\/\/dataminingsoccer.com\/de\/wm-em\/europameisterschaft-2012\/\"> [Fussball EM 2012 in Polen und der Ukraine]<\/a><br \/>\n<img loading=\"lazy\" class=\"alignnone size-full wp-image-1529\" src=\"http:\/\/dataminingsoccer.com\/de\/wp-content\/uploads\/sites\/2\/WM-2010-Suedafrika-Fussball-Ergebnis-Vorhersagen-s.png\" alt=\"WM-2010-Suedafrika-Fussball-Ergebnis-Vorhersagen\" width=\"22\" height=\"25\" \/> <a title=\"Weltmeisterschaft 2010\" href=\"http:\/\/dataminingsoccer.com\/de\/wm-em\/weltmeisterschaft-2010\/\">[Fussball WM 2010 in S\u00fcdafrika]<\/a><\/p>\n","protected":false},"excerpt":{"rendered":"<p>Fussball Ergebnis Vorhersagen mittels Data Mining\u00dcber nachstehende Links (oder \u00fcber die Men\u00fc-Leiste) erhaltet ihr die Data-Mining Vorhersagen sowie die Realergebnisse f\u00fcr die [Fussball EM 2016 in Frankreich] [Copa Am\u00e9rica 2016 in den USA] [Fussball WM 2014 in Brasilien] [Fussball EM 2012 in Polen und der Ukraine] [Fussball WM 2010 in S\u00fcdafrika] Die bisherigen Weltmeister und &hellip; <a href=\"http:\/\/dataminingsoccer.com\/de\/wm-em\/\" class=\"more-link\"><span class=\"screen-reader-text\">WM &#038; EM<\/span> weiterlesen <span class=\"meta-nav\">&rarr;<\/span><\/a><\/p>\n","protected":false},"author":3,"featured_media":0,"parent":0,"menu_order":3,"comment_status":"closed","ping_status":"closed","template":"","meta":[],"yoast_head":"<!-- This site is optimized with the Yoast SEO plugin v14.8 - https:\/\/yoast.com\/wordpress\/plugins\/seo\/ -->\n<meta name=\"description\" content=\"Fussball Ergebnis-Vorhersagen der Weltmeisterschaften und Europameisterschaften. \u00dcberblick \u00fcber alle WM-Titeltr\u00e4ger und EM-Gewinner.\" \/>\n<meta name=\"robots\" content=\"index, follow\" \/>\n<meta name=\"googlebot\" content=\"index, follow, max-snippet:-1, max-image-preview:large, max-video-preview:-1\" \/>\n<meta name=\"bingbot\" content=\"index, follow, max-snippet:-1, max-image-preview:large, max-video-preview:-1\" \/>\n<link rel=\"canonical\" href=\"http:\/\/dataminingsoccer.com\/de\/wm-em\/\" \/>\n<script type=\"application\/ld+json\" class=\"yoast-schema-graph\">{\"@context\":\"https:\/\/schema.org\",\"@graph\":[{\"@type\":\"WebSite\",\"@id\":\"http:\/\/dataminingsoccer.com\/de\/#website\",\"url\":\"http:\/\/dataminingsoccer.com\/de\/\",\"name\":\"Fu\\u00dfball-Ergebnis-Vorhersagen\",\"description\":\"basierend auf statistischen Analysen mittels Data-Mining.. Wir lieben Fu\\u00dfball! Wir lieben Zahlenspiele!\",\"potentialAction\":[{\"@type\":\"SearchAction\",\"target\":\"http:\/\/dataminingsoccer.com\/de\/?s={search_term_string}\",\"query-input\":\"required name=search_term_string\"}],\"inLanguage\":\"de\"},{\"@type\":\"ImageObject\",\"@id\":\"http:\/\/dataminingsoccer.com\/de\/wm-em\/#primaryimage\",\"inLanguage\":\"de\",\"url\":\"http:\/\/dataminingsoccer.com\/de\/wp-content\/uploads\/sites\/2\/EM-2016-Frankreich-Fussball-Ergebnis-Vorhersagen-s.png\",\"width\":25,\"height\":25,\"caption\":\"EM-2016-Frankreich-Fussball-Ergebnis-Vorhersagen\"},{\"@type\":\"WebPage\",\"@id\":\"http:\/\/dataminingsoccer.com\/de\/wm-em\/#webpage\",\"url\":\"http:\/\/dataminingsoccer.com\/de\/wm-em\/\",\"name\":\"WM & EM - Fu\\u00dfball-Ergebnis-Vorhersagen\",\"isPartOf\":{\"@id\":\"http:\/\/dataminingsoccer.com\/de\/#website\"},\"primaryImageOfPage\":{\"@id\":\"http:\/\/dataminingsoccer.com\/de\/wm-em\/#primaryimage\"},\"datePublished\":\"2013-09-11T21:14:28+00:00\",\"dateModified\":\"2016-06-05T22:29:33+00:00\",\"description\":\"Fussball Ergebnis-Vorhersagen der Weltmeisterschaften und Europameisterschaften. \\u00dcberblick \\u00fcber alle WM-Titeltr\\u00e4ger und EM-Gewinner.\",\"inLanguage\":\"de\",\"potentialAction\":[{\"@type\":\"ReadAction\",\"target\":[\"http:\/\/dataminingsoccer.com\/de\/wm-em\/\"]}]}]}<\/script>\n<!-- \/ Yoast SEO plugin. -->","_links":{"self":[{"href":"http:\/\/dataminingsoccer.com\/de\/wp-json\/wp\/v2\/pages\/119"}],"collection":[{"href":"http:\/\/dataminingsoccer.com\/de\/wp-json\/wp\/v2\/pages"}],"about":[{"href":"http:\/\/dataminingsoccer.com\/de\/wp-json\/wp\/v2\/types\/page"}],"author":[{"embeddable":true,"href":"http:\/\/dataminingsoccer.com\/de\/wp-json\/wp\/v2\/users\/3"}],"replies":[{"embeddable":true,"href":"http:\/\/dataminingsoccer.com\/de\/wp-json\/wp\/v2\/comments?post=119"}],"version-history":[{"count":23,"href":"http:\/\/dataminingsoccer.com\/de\/wp-json\/wp\/v2\/pages\/119\/revisions"}],"predecessor-version":[{"id":3858,"href":"http:\/\/dataminingsoccer.com\/de\/wp-json\/wp\/v2\/pages\/119\/revisions\/3858"}],"wp:attachment":[{"href":"http:\/\/dataminingsoccer.com\/de\/wp-json\/wp\/v2\/media?parent=119"}],"curies":[{"name":"wp","href":"https:\/\/api.w.org\/{rel}","templated":true}]}}