{"id":1176,"date":"2013-12-25T20:26:14","date_gmt":"2013-12-25T18:26:14","guid":{"rendered":"http:\/\/dataminingsoccer.com\/de\/?page_id=1176"},"modified":"2015-06-23T19:58:49","modified_gmt":"2015-06-23T17:58:49","slug":"vorhersagen-primera-division","status":"publish","type":"page","link":"http:\/\/dataminingsoccer.com\/de\/spanien\/vorhersagen-primera-division\/","title":{"rendered":"Vorhersagen"},"content":{"rendered":"<h2>Fussball Ergebnis Vorhersagen mittels Data Mining<\/h2><p><img loading=\"lazy\" class=\"alignnone size-full wp-image-380\" src=\"http:\/\/dataminingsoccer.com\/de\/wp-content\/uploads\/sites\/2\/Primera-Division-Fussball-Ergebnis-Vorhersagen-m.png\" alt=\"Primera-Division-Fussball-Ergebnis-Vorhersagen\" width=\"39\" height=\"49\" \/>\u00a0\u00a0\u00a0\u00a0 <img loading=\"lazy\" class=\"alignnone size-full wp-image-2593\" src=\"http:\/\/dataminingsoccer.com\/de\/wp-content\/uploads\/sites\/2\/Copa-del-Rey.png\" alt=\"Copa-del-Rey\" width=\"58\" height=\"50\" \/><\/p>\n<p style=\"text-align: justify;\">Spanien: F\u00fcr einen Wettbewerb und eine Saison deiner Wahl findest du hier alle von uns vorhergesagten sowie alle realen Spielergebnisse.<\/p>\n<p style=\"text-align: justify;\">Du erreichst diese Seite mit Vorhersagen und Realergebnissen entweder in der Men\u00fc-Zeile oben \u00fcber <strong>&gt; Spanien &gt; Vorhersagen &gt; Wettbewerb &amp; Saison<\/strong> deiner Wahl, oder \u00fcber das Drop-Down-Men\u00fc \u2018<strong>Unsere Vorhersagen f\u00fcr\u2026<\/strong>\u2018 auf der rechten Seite, oder einfach durch einen Klick auf nachfolgende Links:<\/p>\n<p style=\"text-align: justify;\"><img loading=\"lazy\" class=\"alignnone size-full wp-image-381\" src=\"http:\/\/dataminingsoccer.com\/de\/wp-content\/uploads\/sites\/2\/Primera-Division-Fussball-Ergebnis-Vorhersagen-s.png\" alt=\"Primera-Division-Fussball-Ergebnis-Vorhersagen\" width=\"25\" height=\"25\" \/> <a title=\"Primera Divisi\u00f3n 2014\/15\" href=\"http:\/\/dataminingsoccer.com\/de\/spanien\/vorhersagen-primera-division\/primera-division-2015-2016\/\">[Primera Divisi\u00f3n 2015\/16]<br \/>\n<\/a><img loading=\"lazy\" class=\"alignnone size-full wp-image-2592\" src=\"http:\/\/dataminingsoccer.com\/de\/wp-content\/uploads\/sites\/2\/Copa-del-Rey-s.png\" alt=\"Copa-del-Rey\" width=\"29\" height=\"25\" \/> <a title=\"Primera Divisi\u00f3n 2014\/15\" href=\"http:\/\/dataminingsoccer.com\/de\/spanien\/vorhersagen-primera-division\/copa-del-rey-2015-2016\/\">[Copy del Rey 2015\/16]<\/a><a title=\"Primera Divisi\u00f3n 2014\/15\" href=\"http:\/\/dataminingsoccer.com\/de\/spanien\/vorhersagen-primera-division\/primera-division-2014-15\/\"><br \/>\n<\/a><img loading=\"lazy\" class=\"alignnone size-full wp-image-381\" src=\"http:\/\/dataminingsoccer.com\/de\/wp-content\/uploads\/sites\/2\/Primera-Division-Fussball-Ergebnis-Vorhersagen-s.png\" alt=\"Primera-Division-Fussball-Ergebnis-Vorhersagen\" width=\"25\" height=\"25\" \/> <a title=\"Primera Divisi\u00f3n 2014\/15\" href=\"http:\/\/dataminingsoccer.com\/de\/spanien\/vorhersagen-primera-division\/primera-division-2014-15\/\">[Primera Divisi\u00f3n 2014\/15]<\/a><a title=\"Primera Divisi\u00f3n 2014\/15\" href=\"http:\/\/dataminingsoccer.com\/de\/spanien\/vorhersagen-primera-division\/primera-division-2014-15\/\"><br \/>\n<\/a><\/p>\n<p style=\"text-align: justify;\">Als zus\u00e4tzlichen statistischen Indikator findest du f\u00fcr alle von uns vohergesagten Partien in Spanien immer auch die Angabe einer unserer statistischen Konfidenz-Faktoren (DMSC\u2122 oder DMSU\u2122).<\/p>\n<p><img loading=\"lazy\" class=\"alignnone size-full wp-image-380\" src=\"http:\/\/dataminingsoccer.com\/de\/wp-content\/uploads\/sites\/2\/Primera-Division-Fussball-Ergebnis-Vorhersagen-m.png\" alt=\"Primera-Division-Fussball-Ergebnis-Vorhersagen\" width=\"39\" height=\"49\" \/>\u00a0\u00a0\u00a0\u00a0 <img loading=\"lazy\" class=\"alignnone size-full wp-image-2593\" src=\"http:\/\/dataminingsoccer.com\/de\/wp-content\/uploads\/sites\/2\/Copa-del-Rey.png\" alt=\"Copa-del-Rey\" width=\"58\" height=\"50\" \/><\/p>\n","protected":false},"excerpt":{"rendered":"<p>Fussball Ergebnis Vorhersagen mittels Data Mining\u00a0\u00a0\u00a0\u00a0 Spanien: F\u00fcr einen Wettbewerb und eine Saison deiner Wahl findest du hier alle von uns vorhergesagten sowie alle realen Spielergebnisse. Du erreichst diese Seite mit Vorhersagen und Realergebnissen entweder in der Men\u00fc-Zeile oben \u00fcber &gt; Spanien &gt; Vorhersagen &gt; Wettbewerb &amp; Saison deiner Wahl, oder \u00fcber das Drop-Down-Men\u00fc \u2018Unsere &hellip; <a href=\"http:\/\/dataminingsoccer.com\/de\/spanien\/vorhersagen-primera-division\/\" class=\"more-link\"><span class=\"screen-reader-text\">Vorhersagen<\/span> weiterlesen <span class=\"meta-nav\">&rarr;<\/span><\/a><\/p>\n","protected":false},"author":3,"featured_media":0,"parent":107,"menu_order":10,"comment_status":"closed","ping_status":"closed","template":"","meta":[],"yoast_head":"<!-- This site is optimized with the Yoast SEO plugin v14.8 - https:\/\/yoast.com\/wordpress\/plugins\/seo\/ -->\n<meta name=\"description\" content=\"Fussball Ergebnis-Vorhersagen f\u00fcr die Primera Divisi\u00f3n in Spanien basierend auf statistischen Analysen mittels einer Data-Mining Software.\" \/>\n<meta name=\"robots\" content=\"index, follow\" \/>\n<meta name=\"googlebot\" content=\"index, follow, max-snippet:-1, max-image-preview:large, max-video-preview:-1\" \/>\n<meta name=\"bingbot\" content=\"index, follow, max-snippet:-1, max-image-preview:large, max-video-preview:-1\" \/>\n<link rel=\"canonical\" href=\"http:\/\/dataminingsoccer.com\/de\/spanien\/vorhersagen-primera-division\/\" \/>\n<script type=\"application\/ld+json\" class=\"yoast-schema-graph\">{\"@context\":\"https:\/\/schema.org\",\"@graph\":[{\"@type\":\"WebSite\",\"@id\":\"http:\/\/dataminingsoccer.com\/de\/#website\",\"url\":\"http:\/\/dataminingsoccer.com\/de\/\",\"name\":\"Fu\\u00dfball-Ergebnis-Vorhersagen\",\"description\":\"basierend auf statistischen Analysen mittels Data-Mining.. Wir lieben Fu\\u00dfball! Wir lieben Zahlenspiele!\",\"potentialAction\":[{\"@type\":\"SearchAction\",\"target\":\"http:\/\/dataminingsoccer.com\/de\/?s={search_term_string}\",\"query-input\":\"required name=search_term_string\"}],\"inLanguage\":\"de\"},{\"@type\":\"ImageObject\",\"@id\":\"http:\/\/dataminingsoccer.com\/de\/spanien\/vorhersagen-primera-division\/#primaryimage\",\"inLanguage\":\"de\",\"url\":\"http:\/\/dataminingsoccer.com\/de\/wp-content\/uploads\/sites\/2\/Primera-Division-Fussball-Ergebnis-Vorhersagen-m.png\",\"width\":39,\"height\":49,\"caption\":\"Primera-Division-Fussball-Ergebnis-Vorhersagen\"},{\"@type\":\"WebPage\",\"@id\":\"http:\/\/dataminingsoccer.com\/de\/spanien\/vorhersagen-primera-division\/#webpage\",\"url\":\"http:\/\/dataminingsoccer.com\/de\/spanien\/vorhersagen-primera-division\/\",\"name\":\"Vorhersagen - Fu\\u00dfball-Ergebnis-Vorhersagen\",\"isPartOf\":{\"@id\":\"http:\/\/dataminingsoccer.com\/de\/#website\"},\"primaryImageOfPage\":{\"@id\":\"http:\/\/dataminingsoccer.com\/de\/spanien\/vorhersagen-primera-division\/#primaryimage\"},\"datePublished\":\"2013-12-25T18:26:14+00:00\",\"dateModified\":\"2015-06-23T17:58:49+00:00\",\"description\":\"Fussball Ergebnis-Vorhersagen f\\u00fcr die Primera Divisi\\u00f3n in Spanien basierend auf statistischen Analysen mittels einer Data-Mining Software.\",\"inLanguage\":\"de\",\"potentialAction\":[{\"@type\":\"ReadAction\",\"target\":[\"http:\/\/dataminingsoccer.com\/de\/spanien\/vorhersagen-primera-division\/\"]}]}]}<\/script>\n<!-- \/ Yoast SEO plugin. -->","_links":{"self":[{"href":"http:\/\/dataminingsoccer.com\/de\/wp-json\/wp\/v2\/pages\/1176"}],"collection":[{"href":"http:\/\/dataminingsoccer.com\/de\/wp-json\/wp\/v2\/pages"}],"about":[{"href":"http:\/\/dataminingsoccer.com\/de\/wp-json\/wp\/v2\/types\/page"}],"author":[{"embeddable":true,"href":"http:\/\/dataminingsoccer.com\/de\/wp-json\/wp\/v2\/users\/3"}],"replies":[{"embeddable":true,"href":"http:\/\/dataminingsoccer.com\/de\/wp-json\/wp\/v2\/comments?post=1176"}],"version-history":[{"count":13,"href":"http:\/\/dataminingsoccer.com\/de\/wp-json\/wp\/v2\/pages\/1176\/revisions"}],"predecessor-version":[{"id":3664,"href":"http:\/\/dataminingsoccer.com\/de\/wp-json\/wp\/v2\/pages\/1176\/revisions\/3664"}],"up":[{"embeddable":true,"href":"http:\/\/dataminingsoccer.com\/de\/wp-json\/wp\/v2\/pages\/107"}],"wp:attachment":[{"href":"http:\/\/dataminingsoccer.com\/de\/wp-json\/wp\/v2\/media?parent=1176"}],"curies":[{"name":"wp","href":"https:\/\/api.w.org\/{rel}","templated":true}]}}