{"id":115,"date":"2013-09-11T23:08:15","date_gmt":"2013-09-11T21:08:15","guid":{"rendered":"http:\/\/dataminingsoccer.com\/de\/?page_id=115"},"modified":"2015-06-25T20:51:18","modified_gmt":"2015-06-25T18:51:18","slug":"frankreich","status":"publish","type":"page","link":"http:\/\/dataminingsoccer.com\/de\/frankreich\/","title":{"rendered":"Frankreich"},"content":{"rendered":"<h2>Fussball Ergebnis Vorhersagen mittels Data Mining<\/h2><p><img loading=\"lazy\" class=\"alignnone size-full wp-image-376\" src=\"http:\/\/dataminingsoccer.com\/de\/wp-content\/uploads\/sites\/2\/Ligue-1-Fussball-Ergebnis-Vorhersagen-m.png\" alt=\"Ligue-1-Fussball-Ergebnis-Vorhersagen\" width=\"35\" height=\"50\" \/>\u00a0\u00a0\u00a0\u00a0 <img loading=\"lazy\" class=\"alignnone size-full wp-image-2574\" src=\"http:\/\/dataminingsoccer.com\/de\/wp-content\/uploads\/sites\/2\/Coupe-de-France.png\" alt=\"Coupe-de-France\" width=\"51\" height=\"50\" \/><\/p>\n<p>In Frankreich errechnen wir <a title=\"Vorhersagen Ligue 1\" href=\"http:\/\/dataminingsoccer.com\/de\/frankreich\/vorhersagen-ligue-1\/\">[Vorhersagen]<\/a>,\u00a0<a title=\"Statistiken je Mannschaft\" href=\"http:\/\/dataminingsoccer.com\/de\/frankreich\/statistiken-je-mannschaft\/\">[Statistiken je Mannschaft]<\/a> und <a title=\"Treffer-Quoten\" href=\"http:\/\/dataminingsoccer.com\/de\/frankreich\/treffer-quoten\/\">[Treffer-Quoten]<\/a> f\u00fcr folgende Wettbewerbe:<\/p>\n<table>\n<tbody>\n<tr>\n<td><\/td>\n<td><a title=\"Vorhersagen Ligue 1\" href=\"http:\/\/dataminingsoccer.com\/de\/frankreich\/vorhersagen-ligue-1\/\">[Vorhersagen]<\/a><\/td>\n<td><a title=\"Statistiken je Mannschaft\" href=\"http:\/\/dataminingsoccer.com\/de\/frankreich\/statistiken-je-mannschaft\/\">[Statistiken je Mannschaft]<\/a><\/td>\n<td><a title=\"Treffer-Quoten\" href=\"http:\/\/dataminingsoccer.com\/de\/frankreich\/treffer-quoten\/\">[unsere Treffer-Quoten]<\/a><\/td>\n<\/tr>\n<tr>\n<td><img loading=\"lazy\" class=\"alignnone size-full wp-image-377\" src=\"http:\/\/dataminingsoccer.com\/de\/wp-content\/uploads\/sites\/2\/Ligue-1-Fussball-Ergebnis-Vorhersagen-s.png\" alt=\"Ligue-1-Fussball-Ergebnis-Vorhersagen\" width=\"25\" height=\"25\" \/><\/td>\n<td><a href=\"http:\/\/dataminingsoccer.com\/de\/frankreich\/vorhersagen-ligue-1\/ligue-1-2015-2016\/\">[Ligue 1 2015\/16]<\/a><\/td>\n<td><a href=\"http:\/\/dataminingsoccer.com\/de\/frankreich\/statistiken-je-mannschaft\/ligue-1-2015-2016\/\">[Ligue 1 2015\/16]<\/a><\/td>\n<td><a href=\"http:\/\/dataminingsoccer.com\/de\/frankreich\/treffer-quoten\/ligue-1-2015-2016\/\">[Ligue 1 2015\/16]<\/a><\/td>\n<\/tr>\n<tr>\n<td><img loading=\"lazy\" class=\"alignnone size-full wp-image-2573\" src=\"http:\/\/dataminingsoccer.com\/de\/wp-content\/uploads\/sites\/2\/Coupe-de-France-s.png\" alt=\"Coupe-de-France\" width=\"26\" height=\"25\" \/><\/td>\n<td><a href=\"http:\/\/dataminingsoccer.com\/de\/frankreich\/vorhersagen-ligue-1\/coupe-de-france-2015-2016\/\">[Coupe de France 2015\/16]<\/a><\/td>\n<td><\/td>\n<td><\/td>\n<\/tr>\n<tr>\n<td><\/td>\n<td><a title=\"Vorhersagen Ligue 1\" href=\"http:\/\/dataminingsoccer.com\/de\/frankreich\/vorhersagen-ligue-1\/\">[vorherige]<\/a><\/td>\n<td><a title=\"Statistiken je Mannschaft\" href=\"http:\/\/dataminingsoccer.com\/de\/frankreich\/statistiken-je-mannschaft\/\">[vorherige]<\/a><\/td>\n<td><a title=\"Treffer-Quoten\" href=\"http:\/\/dataminingsoccer.com\/de\/frankreich\/treffer-quoten\/\">[vorherige]<\/a><\/td>\n<\/tr>\n<\/tbody>\n<\/table>\n<p>Fu\u00dfball-Ergebnis-Vorhersagen mittels Data-Mining f\u00fcr Frankreich\u00a0@ Data.Mining.Soccer<\/p>\n<p><img loading=\"lazy\" class=\"alignnone size-full wp-image-376\" src=\"http:\/\/dataminingsoccer.com\/de\/wp-content\/uploads\/sites\/2\/Ligue-1-Fussball-Ergebnis-Vorhersagen-m.png\" alt=\"Ligue-1-Fussball-Ergebnis-Vorhersagen\" width=\"35\" height=\"50\" \/>\u00a0\u00a0\u00a0\u00a0 <img loading=\"lazy\" class=\"alignnone size-full wp-image-2574\" src=\"http:\/\/dataminingsoccer.com\/de\/wp-content\/uploads\/sites\/2\/Coupe-de-France.png\" alt=\"Coupe-de-France\" width=\"51\" height=\"50\" \/><\/p>\n<p>Die historischen Titelgewinner der\u00a0<a title=\"Ligue 1 2014\/15\" href=\"http:\/\/dataminingsoccer.com\/de\/frankreich\/vorhersagen-ligue-1\/ligue-1-2015-2016\/\">[Ligue 1]<\/a> in Frankreich und die Anzahl gewonnener Meisterschaften im \u00dcberblick:<\/p>\n<p>AS Saint-\u00c9tienne\u00a0\u00a0 (10)\u00a0\u00a0 *<br \/>\nOlympique de Marseille\u00a0\u00a0 (9)\u00a0\u00a0 *<br \/>\nFC Nantes\u00a0\u00a0 (8)<br \/>\nOlympique lyonnais\u00a0\u00a0 (7)<br \/>\nAS Monaco\u00a0\u00a0 (7)<br \/>\nGirondins de Bordeaux\u00a0\u00a0 (6)<br \/>\nStade de Reims\u00a0\u00a0 (6)<br \/>\nParis Saint-Germain \u00a0 (5)\u00a0\u00a0 <img loading=\"lazy\" class=\"alignnone size-full wp-image-377\" src=\"http:\/\/dataminingsoccer.com\/de\/wp-content\/uploads\/sites\/2\/Ligue-1-Fussball-Ergebnis-Vorhersagen-s.png\" alt=\"Ligue-1-Fussball-Ergebnis-Vorhersagen\" width=\"25\" height=\"25\" \/>\u00a0\u00a0 (Titeltr\u00e4ger)<br \/>\nOGC Nice \u00a0 (4)<br \/>\nLille OSC \u00a0 (3)<br \/>\nFC S\u00e8te \u00a0 (2)<br \/>\nFC Sochaux-Montb\u00e9liard\u00a0\u00a0 (2)<br \/>\nMontpellier HSC \u00a0 (1)<br \/>\nRC Lens \u00a0 (1)<br \/>\nAJ Auxerre\u00a0\u00a0 (1)<br \/>\nRC Strasbourg \u00a0 (1)<br \/>\nCO Roubaix-Tourcoing \u00a0 (1)<br \/>\nRC Paris \u00a0 (1)<br \/>\nOlympique lillois \u00a0 (1)<\/p>\n<p><img loading=\"lazy\" class=\"alignnone size-full wp-image-376\" src=\"http:\/\/dataminingsoccer.com\/de\/wp-content\/uploads\/sites\/2\/Ligue-1-Fussball-Ergebnis-Vorhersagen-m.png\" alt=\"Ligue-1-Fussball-Ergebnis-Vorhersagen\" width=\"35\" height=\"50\" \/>\u00a0\u00a0\u00a0\u00a0 <img loading=\"lazy\" class=\"alignnone size-full wp-image-2574\" src=\"http:\/\/dataminingsoccer.com\/de\/wp-content\/uploads\/sites\/2\/Coupe-de-France.png\" alt=\"Coupe-de-France\" width=\"51\" height=\"50\" \/><\/p>\n<p>Die historischen Titelgewinner des Pokals <a href=\"http:\/\/dataminingsoccer.com\/de\/frankreich\/vorhersagen-ligue-1\/coupe-de-france-2015-2016\/\">[&#8218;Coupe de France&#8216;]<\/a> in Frankreich:<\/p>\n<p>Olympique Marseille\u00a0\u00a0\u00a0 (10)<br \/>\nParis Saint-Germain\u00a0\u00a0\u00a0 (9)\u00a0\u00a0 <img loading=\"lazy\" class=\"alignnone size-full wp-image-2573\" src=\"http:\/\/dataminingsoccer.com\/de\/wp-content\/uploads\/sites\/2\/Coupe-de-France-s.png\" alt=\"Coupe-de-France\" width=\"26\" height=\"25\" \/>\u00a0\u00a0 (Titeltr\u00e4ger)<br \/>\nOSC Lille\u00a0\u00a0\u00a0 (6)<br \/>\nAS Saint-\u00c9tienne\u00a0\u00a0\u00a0 (6)<br \/>\nAS Monaco \u00a0\u00a0 (5)<br \/>\nRacing Paris\u00a0\u00a0\u00a0 (5)<br \/>\nOlympique Lyon\u00a0\u00a0\u00a0 (5)<br \/>\nRed Star\u00a0\u00a0\u00a0 (5)<br \/>\nGirondins Bordeaux\u00a0\u00a0\u00a0 (4)<br \/>\nAJ Auxerre\u00a0\u00a0\u00a0 (4)<br \/>\nFC Nantes\u00a0\u00a0\u00a0 (3)<br \/>\nRacing Strasbourg \u00a0\u00a0 (3)<br \/>\nOGC Nizza\u00a0\u00a0\u00a0 (3)<br \/>\nFC S\u00e8te \u00a0\u00a0 (2)<br \/>\nStade Rennes\u00a0\u00a0\u00a0 (2)<br \/>\nFC Sochaux\u00a0\u00a0\u00a0 (2)<br \/>\nCS Sedan\u00a0\u00a0\u00a0 (2)<br \/>\nHSC Montpellier \u00a0\u00a0 (2)<br \/>\nFC Metz\u00a0\u00a0\u00a0 (2)<br \/>\nStade Reims \u00a0\u00a0 (2)<br \/>\nEA Guingamp \u00a0\u00a0 (2)<br \/>\nCASG Paris\u00a0\u00a0\u00a0 (2)<br \/>\nOlympique Paris\u00a0\u00a0\u00a0 (1)<br \/>\nSC Bastia \u00a0\u00a0 (1)<br \/>\nCA Paris\u00a0\u00a0\u00a0 (1)<br \/>\nLe Havre AC \u00a0\u00a0 (1)<br \/>\nClub Fran\u00e7ais Paris \u00a0\u00a0 (1)<br \/>\nAS Cannes \u00a0\u00a0 (1)<br \/>\nExcelsior AC Roubaix \u00a0\u00a0 (1)<br \/>\nEF Nancy-Lorraine\u00a0\u00a0\u00a0 (1)<br \/>\nFC Toulouse \u00a0\u00a0 (1)<br \/>\nAS Nancy \u00a0\u00a0 (1)<br \/>\nFC Lorient\u00a0\u00a0\u00a0 (1)<\/p>\n<p><img loading=\"lazy\" class=\"alignnone size-full wp-image-376\" src=\"http:\/\/dataminingsoccer.com\/de\/wp-content\/uploads\/sites\/2\/Ligue-1-Fussball-Ergebnis-Vorhersagen-m.png\" alt=\"Ligue-1-Fussball-Ergebnis-Vorhersagen\" width=\"35\" height=\"50\" \/>\u00a0\u00a0\u00a0\u00a0 <img loading=\"lazy\" class=\"alignnone size-full wp-image-2574\" src=\"http:\/\/dataminingsoccer.com\/de\/wp-content\/uploads\/sites\/2\/Coupe-de-France.png\" alt=\"Coupe-de-France\" width=\"51\" height=\"50\" \/><\/p>\n","protected":false},"excerpt":{"rendered":"<p>Fussball Ergebnis Vorhersagen mittels Data Mining\u00a0\u00a0\u00a0\u00a0 In Frankreich errechnen wir [Vorhersagen],\u00a0[Statistiken je Mannschaft] und [Treffer-Quoten] f\u00fcr folgende Wettbewerbe: [Vorhersagen] [Statistiken je Mannschaft] [unsere Treffer-Quoten] [Ligue 1 2015\/16] [Ligue 1 2015\/16] [Ligue 1 2015\/16] [Coupe de France 2015\/16] [vorherige] [vorherige] [vorherige] Fu\u00dfball-Ergebnis-Vorhersagen mittels Data-Mining f\u00fcr Frankreich\u00a0@ Data.Mining.Soccer \u00a0\u00a0\u00a0\u00a0 Die historischen Titelgewinner der\u00a0[Ligue 1] in Frankreich und &hellip; <a href=\"http:\/\/dataminingsoccer.com\/de\/frankreich\/\" class=\"more-link\"><span class=\"screen-reader-text\">Frankreich<\/span> weiterlesen <span class=\"meta-nav\">&rarr;<\/span><\/a><\/p>\n","protected":false},"author":3,"featured_media":0,"parent":0,"menu_order":14,"comment_status":"closed","ping_status":"closed","template":"","meta":[],"yoast_head":"<!-- This site is optimized with the Yoast SEO plugin v14.8 - https:\/\/yoast.com\/wordpress\/plugins\/seo\/ -->\n<meta name=\"description\" content=\"Franz\u00f6sischer Fussball. \u00dcberblick \u00fcber die historischen Titeltr\u00e4ger der Ligue 1. Fussball Ergebnis-Vorhersagen mittels Data-Mining.\" \/>\n<meta name=\"robots\" content=\"index, follow\" \/>\n<meta name=\"googlebot\" content=\"index, follow, max-snippet:-1, max-image-preview:large, max-video-preview:-1\" \/>\n<meta name=\"bingbot\" content=\"index, follow, max-snippet:-1, max-image-preview:large, max-video-preview:-1\" \/>\n<link rel=\"canonical\" href=\"http:\/\/dataminingsoccer.com\/de\/frankreich\/\" \/>\n<script type=\"application\/ld+json\" class=\"yoast-schema-graph\">{\"@context\":\"https:\/\/schema.org\",\"@graph\":[{\"@type\":\"WebSite\",\"@id\":\"http:\/\/dataminingsoccer.com\/de\/#website\",\"url\":\"http:\/\/dataminingsoccer.com\/de\/\",\"name\":\"Fu\\u00dfball-Ergebnis-Vorhersagen\",\"description\":\"basierend auf statistischen Analysen mittels Data-Mining.. Wir lieben Fu\\u00dfball! Wir lieben Zahlenspiele!\",\"potentialAction\":[{\"@type\":\"SearchAction\",\"target\":\"http:\/\/dataminingsoccer.com\/de\/?s={search_term_string}\",\"query-input\":\"required name=search_term_string\"}],\"inLanguage\":\"de\"},{\"@type\":\"ImageObject\",\"@id\":\"http:\/\/dataminingsoccer.com\/de\/frankreich\/#primaryimage\",\"inLanguage\":\"de\",\"url\":\"http:\/\/dataminingsoccer.com\/de\/wp-content\/uploads\/sites\/2\/Ligue-1-Fussball-Ergebnis-Vorhersagen-m.png\",\"width\":35,\"height\":50,\"caption\":\"Ligue-1-Fussball-Ergebnis-Vorhersagen\"},{\"@type\":\"WebPage\",\"@id\":\"http:\/\/dataminingsoccer.com\/de\/frankreich\/#webpage\",\"url\":\"http:\/\/dataminingsoccer.com\/de\/frankreich\/\",\"name\":\"Frankreich - Fu\\u00dfball-Ergebnis-Vorhersagen\",\"isPartOf\":{\"@id\":\"http:\/\/dataminingsoccer.com\/de\/#website\"},\"primaryImageOfPage\":{\"@id\":\"http:\/\/dataminingsoccer.com\/de\/frankreich\/#primaryimage\"},\"datePublished\":\"2013-09-11T21:08:15+00:00\",\"dateModified\":\"2015-06-25T18:51:18+00:00\",\"description\":\"Franz\\u00f6sischer Fussball. \\u00dcberblick \\u00fcber die historischen Titeltr\\u00e4ger der Ligue 1. Fussball Ergebnis-Vorhersagen mittels Data-Mining.\",\"inLanguage\":\"de\",\"potentialAction\":[{\"@type\":\"ReadAction\",\"target\":[\"http:\/\/dataminingsoccer.com\/de\/frankreich\/\"]}]}]}<\/script>\n<!-- \/ Yoast SEO plugin. -->","_links":{"self":[{"href":"http:\/\/dataminingsoccer.com\/de\/wp-json\/wp\/v2\/pages\/115"}],"collection":[{"href":"http:\/\/dataminingsoccer.com\/de\/wp-json\/wp\/v2\/pages"}],"about":[{"href":"http:\/\/dataminingsoccer.com\/de\/wp-json\/wp\/v2\/types\/page"}],"author":[{"embeddable":true,"href":"http:\/\/dataminingsoccer.com\/de\/wp-json\/wp\/v2\/users\/3"}],"replies":[{"embeddable":true,"href":"http:\/\/dataminingsoccer.com\/de\/wp-json\/wp\/v2\/comments?post=115"}],"version-history":[{"count":25,"href":"http:\/\/dataminingsoccer.com\/de\/wp-json\/wp\/v2\/pages\/115\/revisions"}],"predecessor-version":[{"id":3724,"href":"http:\/\/dataminingsoccer.com\/de\/wp-json\/wp\/v2\/pages\/115\/revisions\/3724"}],"wp:attachment":[{"href":"http:\/\/dataminingsoccer.com\/de\/wp-json\/wp\/v2\/media?parent=115"}],"curies":[{"name":"wp","href":"https:\/\/api.w.org\/{rel}","templated":true}]}}