{"id":1144,"date":"2013-12-23T02:21:44","date_gmt":"2013-12-23T00:21:44","guid":{"rendered":"http:\/\/dataminingsoccer.com\/de\/?page_id=1144"},"modified":"2015-07-26T00:42:35","modified_gmt":"2015-07-25T22:42:35","slug":"vorhersagen-1-bundesliga","status":"publish","type":"page","link":"http:\/\/dataminingsoccer.com\/de\/deutschland\/vorhersagen-1-bundesliga\/","title":{"rendered":"Vorhersagen"},"content":{"rendered":"<h2>Fussball Ergebnis Vorhersagen mittels Data Mining<\/h2><p style=\"text-align: justify;\"><img loading=\"lazy\" src=\"http:\/\/dataminingsoccer.com\/de\/wp-content\/uploads\/sites\/2\/Bundesliga-Fussball-Ergebnis-Vorhersagen-s.png\" alt=\"Bundesliga-Fussball-Ergebnis-Vorhersagen-s\" width=\"59\" height=\"50\" \/>\u00a0\u00a0\u00a0\u00a0 <img src=\"http:\/\/dataminingsoccer.com\/wp-content\/uploads\/league-logos\/Liga-3-Fussball-Ergebnis-Vorhersagen.png\" alt=\"Liga-3-Fussball-Ergebnis-Vorhersagen\" \/>\u00a0 \u00a0 \u00a0<img loading=\"lazy\" class=\"alignnone size-full wp-image-2411\" src=\"http:\/\/dataminingsoccer.com\/de\/wp-content\/uploads\/sites\/2\/dfb-pokal.png\" alt=\"dfb-pokal\" width=\"50\" height=\"50\" \/><\/p>\n<p style=\"text-align: justify;\">Deutschland: F\u00fcr einen Wettbewerb und eine Saison deiner Wahl findest du hier alle von uns vorhergesagten sowie alle realen Spielergebnisse.<\/p>\n<p style=\"text-align: justify;\">Du erreichst diese Seite mit Vorhersagen und Realergebnissen entweder in der Men\u00fc-Zeile oben \u00fcber <strong>&gt; Deutschland &gt; Vorhersagen &gt; Wettbewerb &amp; Saison<\/strong> deiner Wahl, oder \u00fcber das Drop-Down-Men\u00fc \u2018<strong>Unsere Vorhersagen f\u00fcr\u2026<\/strong>\u2018 auf der rechten Seite, oder einfach durch einen Klick auf nachfolgende Links:<\/p>\n<p style=\"text-align: justify;\"><img loading=\"lazy\" class=\"alignnone size-full wp-image-313\" src=\"http:\/\/dataminingsoccer.com\/de\/wp-content\/uploads\/sites\/2\/Bundesliga-Bundesliga-Fussball-Ergebnis-Vorhersagen-m.png\" alt=\"Bundesliga-Fussball-Ergebnis-Vorhersagen\" width=\"37\" height=\"25\" \/> <a title=\"1.Bundesliga 2014\/15\" href=\"http:\/\/dataminingsoccer.com\/de\/deutschland\/vorhersagen-1-bundesliga\/1-bundesliga-2015-2016\/\">[1.Bundesliga 2015\/16]<\/a><br \/>\n<img loading=\"lazy\" class=\"alignnone size-full wp-image-313\" src=\"http:\/\/dataminingsoccer.com\/de\/wp-content\/uploads\/sites\/2\/Bundesliga-Bundesliga-Fussball-Ergebnis-Vorhersagen-m.png\" alt=\"Bundesliga-Fussball-Ergebnis-Vorhersagen\" width=\"37\" height=\"25\" \/> <a title=\"2.Bundesliga 2014\/15\" href=\"http:\/\/dataminingsoccer.com\/de\/deutschland\/vorhersagen-1-bundesliga\/2-bundesliga-2015-2016\/\">[2.Bundesliga 2015\/16]<br \/>\n<\/a><img src=\"http:\/\/dataminingsoccer.com\/wp-content\/uploads\/league-logos\/Liga-3-Fussball-Ergebnis-Vorhersagen-s.png\" alt=\"Liga-3-Fussball-Ergebnis-Vorhersagen\" \/> <a href=\"http:\/\/dataminingsoccer.com\/de\/deutschland\/vorhersagen-1-bundesliga\/3-liga-2015-2016\/\">[3.Liga 2015\/16]<\/a><br \/>\n<img loading=\"lazy\" class=\"alignnone size-full wp-image-2410\" src=\"http:\/\/dataminingsoccer.com\/de\/wp-content\/uploads\/sites\/2\/dfb-pokal-s.png\" alt=\"dfb-pokal\" width=\"25\" height=\"25\" \/> <a title=\"DFB-Pokal 2014\/15\" href=\"http:\/\/dataminingsoccer.com\/de\/deutschland\/vorhersagen-1-bundesliga\/dfb-pokal-2015-2016\/\">[DFB-Pokal 2015\/16]<br \/>\n<\/a><img loading=\"lazy\" class=\"alignnone size-full wp-image-313\" src=\"http:\/\/dataminingsoccer.com\/de\/wp-content\/uploads\/sites\/2\/Bundesliga-Bundesliga-Fussball-Ergebnis-Vorhersagen-m.png\" alt=\"Bundesliga-Fussball-Ergebnis-Vorhersagen\" width=\"37\" height=\"25\" \/> <a title=\"1.Bundesliga 2014\/15\" href=\"http:\/\/dataminingsoccer.com\/de\/deutschland\/vorhersagen-1-bundesliga\/1-bundesliga-2014-2015\/\">[1.Bundesliga 2014\/15]<\/a><br \/>\n<img loading=\"lazy\" class=\"alignnone size-full wp-image-313\" src=\"http:\/\/dataminingsoccer.com\/de\/wp-content\/uploads\/sites\/2\/Bundesliga-Bundesliga-Fussball-Ergebnis-Vorhersagen-m.png\" alt=\"Bundesliga-Fussball-Ergebnis-Vorhersagen\" width=\"37\" height=\"25\" \/> <a title=\"2.Bundesliga 2014\/15\" href=\"http:\/\/dataminingsoccer.com\/de\/deutschland\/vorhersagen-1-bundesliga\/2-bundesliga-2014-2015\/\">[2.Bundesliga 2014\/15]<\/a><br \/>\n<img loading=\"lazy\" class=\"alignnone size-full wp-image-2410\" src=\"http:\/\/dataminingsoccer.com\/de\/wp-content\/uploads\/sites\/2\/dfb-pokal-s.png\" alt=\"dfb-pokal\" width=\"25\" height=\"25\" \/> <a title=\"DFB-Pokal 2014\/15\" href=\"http:\/\/dataminingsoccer.com\/de\/deutschland\/vorhersagen-1-bundesliga\/dfb-pokal-201415\/\">[DFB-Pokal 2014\/15]<\/a><br \/>\n<img loading=\"lazy\" class=\"alignnone size-full wp-image-313\" src=\"http:\/\/dataminingsoccer.com\/de\/wp-content\/uploads\/sites\/2\/Bundesliga-Bundesliga-Fussball-Ergebnis-Vorhersagen-m.png\" alt=\"Bundesliga-Fussball-Ergebnis-Vorhersagen\" width=\"37\" height=\"25\" \/> <a title=\"1.Bundesliga 2013\/14\" href=\"http:\/\/dataminingsoccer.com\/de\/deutschland\/vorhersagen-1-bundesliga\/1-bundesliga-2013-14\/\">[1.Bundesliga 2013\/14]<\/a><\/p>\n<p style=\"text-align: justify;\">Als zus\u00e4tzlichen statistischen Indikator findest du f\u00fcr alle von uns vohergesagten Partien in Deutschland immer auch die Angabe einer unserer statistischen Konfidenz-Faktoren (DMSC\u2122 oder DMSU\u2122).<\/p>\n<p style=\"text-align: justify;\"><img loading=\"lazy\" src=\"http:\/\/dataminingsoccer.com\/de\/wp-content\/uploads\/sites\/2\/Bundesliga-Fussball-Ergebnis-Vorhersagen-s.png\" alt=\"Bundesliga-Fussball-Ergebnis-Vorhersagen-s\" width=\"59\" height=\"50\" \/>\u00a0\u00a0\u00a0\u00a0 <img src=\"http:\/\/dataminingsoccer.com\/wp-content\/uploads\/league-logos\/Liga-3-Fussball-Ergebnis-Vorhersagen.png\" alt=\"Liga-3-Fussball-Ergebnis-Vorhersagen\" \/>\u00a0 \u00a0 \u00a0<img loading=\"lazy\" class=\"alignnone size-full wp-image-2411\" src=\"http:\/\/dataminingsoccer.com\/de\/wp-content\/uploads\/sites\/2\/dfb-pokal.png\" alt=\"dfb-pokal\" width=\"50\" height=\"50\" \/><\/p>\n","protected":false},"excerpt":{"rendered":"<p>Fussball Ergebnis Vorhersagen mittels Data Mining\u00a0\u00a0\u00a0\u00a0 \u00a0 \u00a0 \u00a0 Deutschland: F\u00fcr einen Wettbewerb und eine Saison deiner Wahl findest du hier alle von uns vorhergesagten sowie alle realen Spielergebnisse. Du erreichst diese Seite mit Vorhersagen und Realergebnissen entweder in der Men\u00fc-Zeile oben \u00fcber &gt; Deutschland &gt; Vorhersagen &gt; Wettbewerb &amp; Saison deiner Wahl, oder \u00fcber &hellip; <a href=\"http:\/\/dataminingsoccer.com\/de\/deutschland\/vorhersagen-1-bundesliga\/\" class=\"more-link\"><span class=\"screen-reader-text\">Vorhersagen<\/span> weiterlesen <span class=\"meta-nav\">&rarr;<\/span><\/a><\/p>\n","protected":false},"author":3,"featured_media":0,"parent":90,"menu_order":10,"comment_status":"closed","ping_status":"closed","template":"","meta":[],"yoast_head":"<!-- This site is optimized with the Yoast SEO plugin v14.8 - https:\/\/yoast.com\/wordpress\/plugins\/seo\/ -->\n<meta name=\"description\" content=\"Fussball Ergebnis-Vorhersagen f\u00fcr Wettbewerbe in Deutschland basierend auf statistischen Analysen mittels einer Data-Mining Software.\" \/>\n<meta name=\"robots\" content=\"index, follow\" \/>\n<meta name=\"googlebot\" content=\"index, follow, max-snippet:-1, max-image-preview:large, max-video-preview:-1\" \/>\n<meta name=\"bingbot\" content=\"index, follow, max-snippet:-1, max-image-preview:large, max-video-preview:-1\" \/>\n<link rel=\"canonical\" href=\"http:\/\/dataminingsoccer.com\/de\/deutschland\/vorhersagen-1-bundesliga\/\" \/>\n<script type=\"application\/ld+json\" class=\"yoast-schema-graph\">{\"@context\":\"https:\/\/schema.org\",\"@graph\":[{\"@type\":\"WebSite\",\"@id\":\"http:\/\/dataminingsoccer.com\/de\/#website\",\"url\":\"http:\/\/dataminingsoccer.com\/de\/\",\"name\":\"Fu\\u00dfball-Ergebnis-Vorhersagen\",\"description\":\"basierend auf statistischen Analysen mittels Data-Mining.. Wir lieben Fu\\u00dfball! Wir lieben Zahlenspiele!\",\"potentialAction\":[{\"@type\":\"SearchAction\",\"target\":\"http:\/\/dataminingsoccer.com\/de\/?s={search_term_string}\",\"query-input\":\"required name=search_term_string\"}],\"inLanguage\":\"de\"},{\"@type\":\"ImageObject\",\"@id\":\"http:\/\/dataminingsoccer.com\/de\/deutschland\/vorhersagen-1-bundesliga\/#primaryimage\",\"inLanguage\":\"de\",\"url\":\"http:\/\/dataminingsoccer.com\/de\/wp-content\/uploads\/sites\/2\/Bundesliga-Fussball-Ergebnis-Vorhersagen-s.png\",\"width\":59,\"height\":50,\"caption\":\"Bundesliga-Fussball-Ergebnis-Vorhersagen-s\"},{\"@type\":\"WebPage\",\"@id\":\"http:\/\/dataminingsoccer.com\/de\/deutschland\/vorhersagen-1-bundesliga\/#webpage\",\"url\":\"http:\/\/dataminingsoccer.com\/de\/deutschland\/vorhersagen-1-bundesliga\/\",\"name\":\"Vorhersagen - Fu\\u00dfball-Ergebnis-Vorhersagen\",\"isPartOf\":{\"@id\":\"http:\/\/dataminingsoccer.com\/de\/#website\"},\"primaryImageOfPage\":{\"@id\":\"http:\/\/dataminingsoccer.com\/de\/deutschland\/vorhersagen-1-bundesliga\/#primaryimage\"},\"datePublished\":\"2013-12-23T00:21:44+00:00\",\"dateModified\":\"2015-07-25T22:42:35+00:00\",\"description\":\"Fussball Ergebnis-Vorhersagen f\\u00fcr Wettbewerbe in Deutschland basierend auf statistischen Analysen mittels einer Data-Mining Software.\",\"inLanguage\":\"de\",\"potentialAction\":[{\"@type\":\"ReadAction\",\"target\":[\"http:\/\/dataminingsoccer.com\/de\/deutschland\/vorhersagen-1-bundesliga\/\"]}]}]}<\/script>\n<!-- \/ Yoast SEO plugin. -->","_links":{"self":[{"href":"http:\/\/dataminingsoccer.com\/de\/wp-json\/wp\/v2\/pages\/1144"}],"collection":[{"href":"http:\/\/dataminingsoccer.com\/de\/wp-json\/wp\/v2\/pages"}],"about":[{"href":"http:\/\/dataminingsoccer.com\/de\/wp-json\/wp\/v2\/types\/page"}],"author":[{"embeddable":true,"href":"http:\/\/dataminingsoccer.com\/de\/wp-json\/wp\/v2\/users\/3"}],"replies":[{"embeddable":true,"href":"http:\/\/dataminingsoccer.com\/de\/wp-json\/wp\/v2\/comments?post=1144"}],"version-history":[{"count":18,"href":"http:\/\/dataminingsoccer.com\/de\/wp-json\/wp\/v2\/pages\/1144\/revisions"}],"predecessor-version":[{"id":3753,"href":"http:\/\/dataminingsoccer.com\/de\/wp-json\/wp\/v2\/pages\/1144\/revisions\/3753"}],"up":[{"embeddable":true,"href":"http:\/\/dataminingsoccer.com\/de\/wp-json\/wp\/v2\/pages\/90"}],"wp:attachment":[{"href":"http:\/\/dataminingsoccer.com\/de\/wp-json\/wp\/v2\/media?parent=1144"}],"curies":[{"name":"wp","href":"https:\/\/api.w.org\/{rel}","templated":true}]}}