{"id":1110,"date":"2013-12-22T18:01:15","date_gmt":"2013-12-22T16:01:15","guid":{"rendered":"http:\/\/dataminingsoccer.com\/de\/?page_id=1110"},"modified":"2014-09-20T02:42:13","modified_gmt":"2014-09-20T00:42:13","slug":"klub-wm-2013","status":"publish","type":"page","link":"http:\/\/dataminingsoccer.com\/de\/champions-league-europa-league\/vorhersagen\/klub-wm-2013\/","title":{"rendered":"Klub-WM 2013"},"content":{"rendered":"<h2>Fussball Ergebnis Vorhersagen mittels Data Mining<\/h2><p style=\"text-align: justify;\"><img loading=\"lazy\" class=\"alignnone size-full wp-image-1090\" src=\"http:\/\/dataminingsoccer.com\/de\/wp-content\/uploads\/sites\/2\/Klub-WM-2013-Marokko-m.png\" alt=\"Klub-WM-2013-Marokko\" width=\"44\" height=\"50\" \/>\u00a0\u00a0\u00a0\u00a0 \u00a0\u00a0\u00a0\u00a0 \u00a0\u00a0\u00a0\u00a0  \u00a0 \u00a0  \u00a0 \u00a0  \u00a0 \u00a0  \u00a0 \u00a0 <\/p>\n<p style=\"text-align: justify;\"><img loading=\"lazy\" class=\"alignnone  wp-image-1228\" src=\"http:\/\/dataminingsoccer.com\/de\/wp-content\/uploads\/sites\/2\/FIFA-Klub-WM-m.png\" alt=\"FIFA-Klub-WM\" width=\"39\" height=\"50\" \/>\u00a0\u00a0 Die 10. FIFA Klub-WM der Champions League Sieger aus allen Erdteilen findet 2013 in Marokko statt. Wir haben die Spiele ab dem Halbfinale f\u00fcr euch vorhergesagt.<\/p>\n<p style=\"text-align: justify;\"><script type='text\/javascript' src='http:\/\/dataminingsoccer.com\/de\/wp-content\/plugins\/easy-chart-builder\/js\/easy-chart-builder.js'><\/script>\n\n<div id=\"easyChartDiv549e8001\" style='width:100%;'  style='text-align:center;' align='center'>\n<!-- Easy Chart Builder by dyerware -->\n<img id=\"easyChartDiv549e8001_img\" style='text-align:center;float:center;' alt='Fussball Ergebnis Vorhersagen' title='Fussball Ergebnis Vorhersagen'  align='center' border='0' \/>\n\n<\/div>\n<script type=\"text\/javascript\">\n\/\/<![CDATA[\nwpEasyChart.wpNewChart(\"easyChartDiv549e8001\", {\"type\":\"horizbar\",\"width\":\"350\",\"height\":\"75\",\"title\":\"Erfolgsquote der Vorhersagen\",\"minaxis\":\"\",\"groupnames\":\"Zufall w\\u00e4ren \\u00f8 ~33%, Erfolgs-Quote unserer Vorhersage\",\"groupcolors\":\"44280c,4e9f22,f3a214,ffffff,A3A3A3,007070,00FFFF,CC7000,00CC70,CC0070,7000CC,A370CC\",\"valuenames\":\" , Erfolgsquote der Vorhersagen, \",\"group1values\":\"0, 33, 0\",\"group2values\":\"0, 75, 0\",\"group3values\":\"0,0,0\",\"group4values\":\"0,0,0\",\"group5values\":\"0,0,0\",\"group6values\":\"0,0,0\",\"group7values\":\"0,0,0\",\"group8values\":\"0,0,0\",\"group9values\":\"0,0,0\",\"group10values\":\"0,0,0\",\"group11values\":\"0,0,0\",\"group12values\":\"0,0,0\",\"group1markers\":\"\",\"group2markers\":\"\",\"group3markers\":\"\",\"group4markers\":\"\",\"group5markers\":\"\",\"group6markers\":\"\",\"group7markers\":\"\",\"group8markers\":\"\",\"group9markers\":\"\",\"group10markers\":\"\",\"group11markers\":\"\",\"group12markers\":\"\",\"markercolor\":\"FFFF00\",\"imagealtattr\":\"Fussball Ergebnis Vorhersagen\",\"imagetitleattr\":\"Fussball Ergebnis Vorhersagen\",\"hidechartdata\":true,\"chartcolor\":\"FFFFFF\",\"chartfadecolor\":\"ffffff\",\"datatablecss\":\"hentry easyChartDataTable\",\"imgstyle\":\"text-align:center;float:center;\",\"watermark\":\"\",\"watermarkvert\":\"\",\"watermarkcolor\":\"A0BAE9\",\"currency\":\"\",\"currencyright\":false,\"precision\":\"\",\"grid\":false,\"axis\":\"both\"});\n\/\/]]>\n<\/script><\/p>\n<p style=\"text-align: justify;\">Teilnehmende Mannschaften:<\/p>\n<p style=\"text-align: justify;\">Guangzhou Evergrande FC: Champions League Sieger Asien 2013<br \/>\nal Ahly Kairo: Champions League Sieger Afrika 2013<br \/>\nCF Monterrey: Champions League Sieger Nord- und Zentral-Amerika 2012\/13<br \/>\nAtl\u00e9tico Mineiro: Copa Libertadores Sieger S\u00fcdamerika 2013<br \/>\nAuckland City FC: Champions League Sieger Ozeanien 2012\/13<br \/>\nFC Bayern M\u00fcnchen: Champions League Sieger Europa 2012\/13<br \/>\nRaja Casablanca: Meister Gastgeberland Marokko 2012\/13<\/p>\n<p><img loading=\"lazy\" src=\"http:\/\/dataminingsoccer.com\/de\/wp-content\/uploads\/sites\/2\/Klub-WM-2013-Marokko-m.png\" alt=\"Klub-WM-2013-Marokko\" width=\"44\" height=\"50\" \/>\u00a0\u00a0\u00a0\u00a0 \u00a0\u00a0\u00a0\u00a0 \u00a0\u00a0\u00a0\u00a0  \u00a0 \u00a0  \u00a0 \u00a0  \u00a0 \u00a0  \u00a0 \u00a0 <\/p>\n<p style=\"text-align: justify;\">Ausscheidungsspiel:<\/p>\n<p style=\"text-align: justify;\">Raja Casablanca &#8211; Auckland City FC\u00a0\u00a0 2-1<\/p>\n<p><img loading=\"lazy\" src=\"http:\/\/dataminingsoccer.com\/de\/wp-content\/uploads\/sites\/2\/Klub-WM-2013-Marokko-m.png\" alt=\"Klub-WM-2013-Marokko\" width=\"44\" height=\"50\" \/>\u00a0\u00a0\u00a0\u00a0 \u00a0\u00a0\u00a0\u00a0 \u00a0\u00a0\u00a0\u00a0  \u00a0 \u00a0  \u00a0 \u00a0  \u00a0 \u00a0  \u00a0 \u00a0 <\/p>\n<p style=\"text-align: justify;\">Viertelfinale:<\/p>\n<p style=\"text-align: justify;\">Guangzhou Evergrande FC &#8211; al Ahly Kairo\u00a0\u00a0 2-1<br \/>\nRaja Casablanca &#8211; CF Monterrey\u00a0\u00a0 2-1 n.V.<\/p>\n<p><img loading=\"lazy\" src=\"http:\/\/dataminingsoccer.com\/de\/wp-content\/uploads\/sites\/2\/Klub-WM-2013-Marokko-m.png\" alt=\"Klub-WM-2013-Marokko\" width=\"44\" height=\"50\" \/>\u00a0\u00a0\u00a0\u00a0 \u00a0\u00a0\u00a0\u00a0 \u00a0\u00a0\u00a0\u00a0  \u00a0 \u00a0  \u00a0 \u00a0  \u00a0 \u00a0  \u00a0 \u00a0 <\/p>\n<p style=\"text-align: justify;\">Halbfinale:<\/p>\n<p style=\"text-align: justify;\"><strong>Guangzhou Evergrande FC &#8211; FC Bayern M\u00fcnchen<\/strong>\u00a0\u00a0 0-3 \u00a0 ( Vorhersage:\u00a0\u00a0 1-3 \u00a0 )<br \/>\nRaja Casablanca &#8211; Atl\u00e9tico Mineiro\u00a0\u00a0 3-1\u00a0\u00a0 ( Vorhersage:\u00a0\u00a0 0-2 )<\/p>\n<p><img loading=\"lazy\" src=\"http:\/\/dataminingsoccer.com\/de\/wp-content\/uploads\/sites\/2\/Klub-WM-2013-Marokko-m.png\" alt=\"Klub-WM-2013-Marokko\" width=\"44\" height=\"50\" \/>\u00a0\u00a0\u00a0\u00a0 \u00a0\u00a0\u00a0\u00a0 \u00a0\u00a0\u00a0\u00a0  \u00a0 \u00a0  \u00a0 \u00a0  \u00a0 \u00a0  \u00a0 \u00a0 <\/p>\n<p style=\"text-align: justify;\">Spiel um Platz 3:<\/p>\n<p style=\"text-align: justify;\"><strong>Guangzhou Evergrande FC &#8211; Atl\u00e9tico Mineiro<\/strong>\u00a0\u00a0 2-3\u00a0\u00a0 ( Vorhersage:\u00a0\u00a0 1-2 )<\/p>\n<p><img loading=\"lazy\" src=\"http:\/\/dataminingsoccer.com\/de\/wp-content\/uploads\/sites\/2\/Klub-WM-2013-Marokko-m.png\" alt=\"Klub-WM-2013-Marokko\" width=\"44\" height=\"50\" \/>\u00a0\u00a0\u00a0\u00a0 \u00a0\u00a0\u00a0\u00a0 \u00a0\u00a0\u00a0\u00a0  \u00a0 \u00a0  \u00a0 \u00a0  \u00a0 \u00a0  \u00a0 \u00a0 <\/p>\n<p style=\"text-align: justify;\">Finale:<\/p>\n<p style=\"text-align: justify;\"><strong>FC Bayern M\u00fcnchen &#8211; Raja Casblanca\u00a0\u00a0 2-0\u00a0\u00a0 ( Vorhersage:\u00a0\u00a0 2-0 )<\/strong><\/p>\n<p style=\"text-align: justify;\"><img loading=\"lazy\" src=\"http:\/\/dataminingsoccer.com\/de\/wp-content\/uploads\/sites\/2\/FIFA-Klub-WM-m.png\" alt=\"FIFA-Klub-WM\" width=\"39\" height=\"50\" \/>\u00a0\u00a0 FIFA Klub-Weltmeister 2013: FC Bayern M\u00fcnchen<\/p>\n<p style=\"text-align: justify;\"><img loading=\"lazy\" src=\"http:\/\/dataminingsoccer.com\/de\/wp-content\/uploads\/sites\/2\/Klub-WM-2013-Marokko-m.png\" alt=\"Klub-WM-2013-Marokko\" width=\"44\" height=\"50\" \/>\u00a0\u00a0\u00a0\u00a0 \u00a0\u00a0\u00a0\u00a0 \u00a0\u00a0\u00a0\u00a0  \u00a0 \u00a0  \u00a0 \u00a0  \u00a0 \u00a0  \u00a0 \u00a0 <\/p>\n<p style=\"text-align: justify;\"><a title=\"Klub-WM 2013\" href=\"http:\/\/dataminingsoccer.com\/de\/champions-league-europa-league\/vorhersagen-fifa-klub-wm\/klub-wm-2013\/\"><img loading=\"lazy\" class=\"alignnone size-full wp-image-731\" src=\"http:\/\/dataminingsoccer.com\/de\/wp-content\/uploads\/sites\/2\/Data-Mining-Soccer-Seitenanfang-m.png\" alt=\"Data-Mining-Soccer-Seitenanfang\" width=\"50\" height=\"50\" \/><\/a>\u00a0\u00a0\u00a0\u00a0 <a href=\"http:\/\/dataminingsoccer.com\/de\/\"><img loading=\"lazy\" class=\"alignnone size-full wp-image-724\" src=\"http:\/\/dataminingsoccer.com\/de\/wp-content\/uploads\/sites\/2\/Data-Mining-Soccer-Fussball-Ergebnis-Vorhersagen-m.png\" alt=\"Data-Mining-Soccer-Fussball-Ergebnis-Vorhersagen\" width=\"50\" height=\"50\" \/><\/a>\u00a0\u00a0\u00a0\u00a0 <a title=\"DataMiningSoccer (deutsch) @Twitter\" href=\"http:\/\/twitter.com\/DataMinSoccerDE\" target=\"_blank\"><img loading=\"lazy\" class=\"alignnone size-full wp-image-1865\" src=\"http:\/\/dataminingsoccer.com\/de\/wp-content\/uploads\/sites\/2\/Twitter-Data-Mining-Soccer.png\" alt=\"Twitter-Data-Mining-Soccer\" width=\"50\" height=\"50\" \/><\/a>\u00a0\u00a0\u00a0\u00a0 <a title=\"DataMiningSoccer (Englisch) @Facebook\" href=\"http:\/\/www.facebook.com\/dataminingsoccer\" target=\"_blank\"><img loading=\"lazy\" class=\"alignnone size-full wp-image-1861\" src=\"http:\/\/dataminingsoccer.com\/de\/wp-content\/uploads\/sites\/2\/Facebook-Data-Mining-Soccer.png\" alt=\"Facebook-Data-Mining-Soccer\" width=\"50\" height=\"50\" \/><\/a><\/p>\n","protected":false},"excerpt":{"rendered":"<p>Fussball Ergebnis Vorhersagen mittels Data Mining\u00a0\u00a0\u00a0\u00a0 \u00a0\u00a0\u00a0\u00a0 \u00a0\u00a0\u00a0\u00a0 \u00a0 \u00a0 \u00a0 \u00a0 \u00a0 \u00a0 \u00a0 \u00a0 \u00a0\u00a0 Die 10. FIFA Klub-WM der Champions League Sieger aus allen Erdteilen findet 2013 in Marokko statt. Wir haben die Spiele ab dem Halbfinale f\u00fcr euch vorhergesagt. Teilnehmende Mannschaften: Guangzhou Evergrande FC: Champions League Sieger Asien 2013 al Ahly &hellip; <a href=\"http:\/\/dataminingsoccer.com\/de\/champions-league-europa-league\/vorhersagen\/klub-wm-2013\/\" class=\"more-link\"><span class=\"screen-reader-text\">Klub-WM 2013<\/span> weiterlesen <span class=\"meta-nav\">&rarr;<\/span><\/a><\/p>\n","protected":false},"author":3,"featured_media":0,"parent":3367,"menu_order":100,"comment_status":"closed","ping_status":"closed","template":"","meta":[],"yoast_head":"<!-- This site is optimized with the Yoast SEO plugin v14.8 - https:\/\/yoast.com\/wordpress\/plugins\/seo\/ -->\n<meta name=\"description\" content=\"Fussball Ergebnis-Vorhersagen f\u00fcr die FIFA Klub-WM 2013 in Marokko: 75% richtige Vorhersagen (&quot;Zufall&quot; w\u00e4ren \u00f8 ~33%)\" \/>\n<meta name=\"robots\" content=\"index, follow\" \/>\n<meta name=\"googlebot\" content=\"index, follow, max-snippet:-1, max-image-preview:large, max-video-preview:-1\" \/>\n<meta name=\"bingbot\" content=\"index, follow, max-snippet:-1, max-image-preview:large, max-video-preview:-1\" \/>\n<link rel=\"canonical\" href=\"http:\/\/dataminingsoccer.com\/de\/champions-league-europa-league\/vorhersagen\/klub-wm-2013\/\" \/>\n<script type=\"application\/ld+json\" class=\"yoast-schema-graph\">{\"@context\":\"https:\/\/schema.org\",\"@graph\":[{\"@type\":\"WebSite\",\"@id\":\"http:\/\/dataminingsoccer.com\/de\/#website\",\"url\":\"http:\/\/dataminingsoccer.com\/de\/\",\"name\":\"Fu\\u00dfball-Ergebnis-Vorhersagen\",\"description\":\"basierend auf statistischen Analysen mittels Data-Mining.. Wir lieben Fu\\u00dfball! Wir lieben Zahlenspiele!\",\"potentialAction\":[{\"@type\":\"SearchAction\",\"target\":\"http:\/\/dataminingsoccer.com\/de\/?s={search_term_string}\",\"query-input\":\"required name=search_term_string\"}],\"inLanguage\":\"de\"},{\"@type\":\"ImageObject\",\"@id\":\"http:\/\/dataminingsoccer.com\/de\/champions-league-europa-league\/vorhersagen\/klub-wm-2013\/#primaryimage\",\"inLanguage\":\"de\",\"url\":\"http:\/\/dataminingsoccer.com\/de\/wp-content\/uploads\/sites\/2\/Klub-WM-2013-Marokko-m.png\",\"width\":44,\"height\":50,\"caption\":\"Klub-WM-2013-Marokko\"},{\"@type\":\"WebPage\",\"@id\":\"http:\/\/dataminingsoccer.com\/de\/champions-league-europa-league\/vorhersagen\/klub-wm-2013\/#webpage\",\"url\":\"http:\/\/dataminingsoccer.com\/de\/champions-league-europa-league\/vorhersagen\/klub-wm-2013\/\",\"name\":\"Klub-WM 2013 - Fu\\u00dfball-Ergebnis-Vorhersagen\",\"isPartOf\":{\"@id\":\"http:\/\/dataminingsoccer.com\/de\/#website\"},\"primaryImageOfPage\":{\"@id\":\"http:\/\/dataminingsoccer.com\/de\/champions-league-europa-league\/vorhersagen\/klub-wm-2013\/#primaryimage\"},\"datePublished\":\"2013-12-22T16:01:15+00:00\",\"dateModified\":\"2014-09-20T00:42:13+00:00\",\"description\":\"Fussball Ergebnis-Vorhersagen f\\u00fcr die FIFA Klub-WM 2013 in Marokko: 75% richtige Vorhersagen (\\\"Zufall\\\" w\\u00e4ren \\u00f8 ~33%)\",\"inLanguage\":\"de\",\"potentialAction\":[{\"@type\":\"ReadAction\",\"target\":[\"http:\/\/dataminingsoccer.com\/de\/champions-league-europa-league\/vorhersagen\/klub-wm-2013\/\"]}]}]}<\/script>\n<!-- \/ Yoast SEO plugin. -->","_links":{"self":[{"href":"http:\/\/dataminingsoccer.com\/de\/wp-json\/wp\/v2\/pages\/1110"}],"collection":[{"href":"http:\/\/dataminingsoccer.com\/de\/wp-json\/wp\/v2\/pages"}],"about":[{"href":"http:\/\/dataminingsoccer.com\/de\/wp-json\/wp\/v2\/types\/page"}],"author":[{"embeddable":true,"href":"http:\/\/dataminingsoccer.com\/de\/wp-json\/wp\/v2\/users\/3"}],"replies":[{"embeddable":true,"href":"http:\/\/dataminingsoccer.com\/de\/wp-json\/wp\/v2\/comments?post=1110"}],"version-history":[{"count":19,"href":"http:\/\/dataminingsoccer.com\/de\/wp-json\/wp\/v2\/pages\/1110\/revisions"}],"predecessor-version":[{"id":2046,"href":"http:\/\/dataminingsoccer.com\/de\/wp-json\/wp\/v2\/pages\/1110\/revisions\/2046"}],"up":[{"embeddable":true,"href":"http:\/\/dataminingsoccer.com\/de\/wp-json\/wp\/v2\/pages\/3367"}],"wp:attachment":[{"href":"http:\/\/dataminingsoccer.com\/de\/wp-json\/wp\/v2\/media?parent=1110"}],"curies":[{"name":"wp","href":"https:\/\/api.w.org\/{rel}","templated":true}]}}