{"id":111,"date":"2013-09-11T22:58:36","date_gmt":"2013-09-11T20:58:36","guid":{"rendered":"http:\/\/dataminingsoccer.com\/de\/?page_id=111"},"modified":"2015-06-25T20:22:29","modified_gmt":"2015-06-25T18:22:29","slug":"italien","status":"publish","type":"page","link":"http:\/\/dataminingsoccer.com\/de\/italien\/","title":{"rendered":"Italien"},"content":{"rendered":"<h2>Fussball Ergebnis Vorhersagen mittels Data Mining<\/h2><p><img loading=\"lazy\" class=\"alignnone size-full wp-image-2584\" src=\"http:\/\/dataminingsoccer.com\/de\/wp-content\/uploads\/sites\/2\/Serie-A.png\" alt=\"Serie-A\" width=\"61\" height=\"50\" \/>\u00a0\u00a0\u00a0\u00a0 <img loading=\"lazy\" class=\"alignnone size-full wp-image-2587\" src=\"http:\/\/dataminingsoccer.com\/de\/wp-content\/uploads\/sites\/2\/Coppa-Italia.png\" alt=\"Coppa-Italia\" width=\"50\" height=\"50\" \/><\/p>\n<p>In Italien errechnen wir\u00a0<a title=\"Vorhersagen Serie A\" href=\"http:\/\/dataminingsoccer.com\/de\/italien\/vorhersagen-serie-a\/\">[Vorhersagen]<\/a>, <a title=\"Statistiken je Mannschaft\" href=\"http:\/\/dataminingsoccer.com\/de\/italien\/statistiken-je-mannschaft\/\">[Statistiken je Mannschaft]<\/a> und <a title=\"Treffer-Quoten\" href=\"http:\/\/dataminingsoccer.com\/de\/italien\/treffer-quoten\/\">[Treffer-Quoten]<\/a> f\u00fcr folgende Wettbewerbe:<\/p>\n<table>\n<tbody>\n<tr>\n<td><\/td>\n<td><a title=\"Vorhersagen Serie A\" href=\"http:\/\/dataminingsoccer.com\/de\/italien\/vorhersagen-serie-a\/\">[Vorhersagen]<\/a><\/td>\n<td><a title=\"Statistiken je Mannschaft\" href=\"http:\/\/dataminingsoccer.com\/de\/italien\/statistiken-je-mannschaft\/\">[Statistiken je Mannschaft]<\/a><\/td>\n<td><a title=\"Treffer-Quoten\" href=\"http:\/\/dataminingsoccer.com\/de\/italien\/treffer-quoten\/\">[unsere Treffer-Quoten]<\/a><\/td>\n<\/tr>\n<tr>\n<td><img loading=\"lazy\" class=\"alignnone size-full wp-image-2583\" src=\"http:\/\/dataminingsoccer.com\/de\/wp-content\/uploads\/sites\/2\/Serie-A-s.png\" alt=\"Serie-A\" width=\"31\" height=\"25\" \/><\/td>\n<td><a href=\"http:\/\/dataminingsoccer.com\/de\/italien\/vorhersagen-serie-a\/serie-a-2015-2016\/\">[Serie A 2015\/16]<\/a><\/td>\n<td><a href=\"http:\/\/dataminingsoccer.com\/de\/italien\/statistiken-je-mannschaft\/serie-a-2015-2016\/\">[Serie A 2015\/16]<\/a><\/td>\n<td><a href=\"http:\/\/dataminingsoccer.com\/de\/italien\/treffer-quoten\/serie-a-2015-2016\/\">[Serie A 2015\/16]<\/a><\/td>\n<\/tr>\n<tr>\n<td><img loading=\"lazy\" class=\"alignnone size-full wp-image-2586\" src=\"http:\/\/dataminingsoccer.com\/de\/wp-content\/uploads\/sites\/2\/Coppa-Italia-s.png\" alt=\"Coppa-Italia\" width=\"25\" height=\"25\" \/><\/td>\n<td><a href=\"http:\/\/dataminingsoccer.com\/de\/italien\/vorhersagen-serie-a\/coppa-italia-2015-2016\/\">[Coppa Italia 2015\/16]<\/a><\/td>\n<td><\/td>\n<td><\/td>\n<\/tr>\n<tr>\n<td><\/td>\n<td><a title=\"Vorhersagen Serie A\" href=\"http:\/\/dataminingsoccer.com\/de\/italien\/vorhersagen-serie-a\/\">[vorherige]<\/a><\/td>\n<td><a title=\"Statistiken je Mannschaft\" href=\"http:\/\/dataminingsoccer.com\/de\/italien\/statistiken-je-mannschaft\/\">[vorherige]<\/a><\/td>\n<td><a title=\"Treffer-Quoten\" href=\"http:\/\/dataminingsoccer.com\/de\/italien\/treffer-quoten\/\">[vorherige]<\/a><\/td>\n<\/tr>\n<\/tbody>\n<\/table>\n<p>Fu\u00dfball-Ergebnis-Vorhersagen mittels Data-Mining f\u00fcr Italien\u00a0@ Data.Mining.Soccer<\/p>\n<p><img loading=\"lazy\" class=\"alignnone size-full wp-image-2584\" src=\"http:\/\/dataminingsoccer.com\/de\/wp-content\/uploads\/sites\/2\/Serie-A.png\" alt=\"Serie-A\" width=\"61\" height=\"50\" \/>\u00a0\u00a0\u00a0\u00a0 <img loading=\"lazy\" class=\"alignnone size-full wp-image-2587\" src=\"http:\/\/dataminingsoccer.com\/de\/wp-content\/uploads\/sites\/2\/Coppa-Italia.png\" alt=\"Coppa-Italia\" width=\"50\" height=\"50\" \/><\/p>\n<p>Die historischen Titelgewinner der\u00a0<a title=\"Serie A 2014\/15\" href=\"http:\/\/dataminingsoccer.com\/de\/italien\/vorhersagen-serie-a\/serie-a-2015-2016\/\">[Serie A]<\/a> in Italien und die Anzahl gewonnener Meisterschaften im \u00dcberblick:<\/p>\n<p>Juventus Turin \u00a0 (31) \u00a0 *** \u00a0 <img loading=\"lazy\" class=\"alignnone size-full wp-image-2583\" src=\"http:\/\/dataminingsoccer.com\/de\/wp-content\/uploads\/sites\/2\/Serie-A-s.png\" alt=\"Serie-A\" width=\"31\" height=\"25\" \/>\u00a0\u00a0 (Titeltr\u00e4ger)<br \/>\nInter Mailand\u00a0\u00a0 (18)\u00a0\u00a0 *<br \/>\nAC Mailand \u00a0 (18)\u00a0\u00a0 *<br \/>\nCFC Genua \u00a0 (9)<br \/>\nSG Pro Vercelli \u00a0 (7)<br \/>\nFC Bologna\u00a0\u00a0 (7)<br \/>\nFC Turin \u00a0 (7)<br \/>\nAS Rom\u00a0\u00a0 (3)<br \/>\nAC Florenz\u00a0\u00a0 (2)<br \/>\nSSC Neapel\u00a0\u00a0 (2)<br \/>\nLazio Rom\u00a0\u00a0 (2)<br \/>\nAS Casale \u00a0 (1)<br \/>\nUS Novese \u00a0 (1)<br \/>\nCagliari Calcio\u00a0\u00a0 (1)<br \/>\nHellas Verona\u00a0\u00a0 (1)<br \/>\nSampdoria Genua \u00a0 (1)<\/p>\n<p><img loading=\"lazy\" class=\"alignnone size-full wp-image-2584\" src=\"http:\/\/dataminingsoccer.com\/de\/wp-content\/uploads\/sites\/2\/Serie-A.png\" alt=\"Serie-A\" width=\"61\" height=\"50\" \/>\u00a0\u00a0\u00a0\u00a0 <img loading=\"lazy\" class=\"alignnone size-full wp-image-2587\" src=\"http:\/\/dataminingsoccer.com\/de\/wp-content\/uploads\/sites\/2\/Coppa-Italia.png\" alt=\"Coppa-Italia\" width=\"50\" height=\"50\" \/><\/p>\n<p>Die historischen Titelgewinner des Pokals <a href=\"http:\/\/dataminingsoccer.com\/de\/italien\/vorhersagen-serie-a\/coppa-italia-2015-2016\/\">[&#8218;Coppa Italia&#8216;]<\/a> in Italien:<\/p>\n<p>Juventus Turin\u00a0\u00a0 (10)\u00a0\u00a0 <img loading=\"lazy\" class=\"alignnone size-full wp-image-2586\" src=\"http:\/\/dataminingsoccer.com\/de\/wp-content\/uploads\/sites\/2\/Coppa-Italia-s.png\" alt=\"Coppa-Italia\" width=\"25\" height=\"25\" \/>\u00a0\u00a0 (Titeltr\u00e4ger)<br \/>\nAS Rom\u00a0\u00a0 (9)<br \/>\nInter Mailand\u00a0\u00a0 (7)<br \/>\nAC Florenz\u00a0\u00a0 (6)<br \/>\nLazio Rom\u00a0\u00a0 (6)<br \/>\nFC Turin\u00a0\u00a0 (5)<br \/>\nAC Mailand\u00a0\u00a0 (5)<br \/>\nSSC Neapel\u00a0\u00a0 (5)<br \/>\nSampdoria Genua\u00a0\u00a0 (4)<br \/>\nFC Parma\u00a0\u00a0 (3)<br \/>\nFC Bologna\u00a0\u00a0 (2)<br \/>\nAtalanta Bergamo\u00a0\u00a0 (1)<br \/>\nCFC Genua\u00a0\u00a0 (1)<br \/>\nAC Venedig\u00a0\u00a0 (1)<br \/>\nFC Vado\u00a0\u00a0 (1)<br \/>\nVicenza Calcio\u00a0\u00a0 (1)<\/p>\n<p><img loading=\"lazy\" class=\"alignnone size-full wp-image-2584\" src=\"http:\/\/dataminingsoccer.com\/de\/wp-content\/uploads\/sites\/2\/Serie-A.png\" alt=\"Serie-A\" width=\"61\" height=\"50\" \/>\u00a0\u00a0\u00a0\u00a0 <img loading=\"lazy\" class=\"alignnone size-full wp-image-2587\" src=\"http:\/\/dataminingsoccer.com\/de\/wp-content\/uploads\/sites\/2\/Coppa-Italia.png\" alt=\"Coppa-Italia\" width=\"50\" height=\"50\" \/><\/p>\n","protected":false},"excerpt":{"rendered":"<p>Fussball Ergebnis Vorhersagen mittels Data Mining\u00a0\u00a0\u00a0\u00a0 In Italien errechnen wir\u00a0[Vorhersagen], [Statistiken je Mannschaft] und [Treffer-Quoten] f\u00fcr folgende Wettbewerbe: [Vorhersagen] [Statistiken je Mannschaft] [unsere Treffer-Quoten] [Serie A 2015\/16] [Serie A 2015\/16] [Serie A 2015\/16] [Coppa Italia 2015\/16] [vorherige] [vorherige] [vorherige] Fu\u00dfball-Ergebnis-Vorhersagen mittels Data-Mining f\u00fcr Italien\u00a0@ Data.Mining.Soccer \u00a0\u00a0\u00a0\u00a0 Die historischen Titelgewinner der\u00a0[Serie A] in Italien und die &hellip; <a href=\"http:\/\/dataminingsoccer.com\/de\/italien\/\" class=\"more-link\"><span class=\"screen-reader-text\">Italien<\/span> weiterlesen <span class=\"meta-nav\">&rarr;<\/span><\/a><\/p>\n","protected":false},"author":3,"featured_media":0,"parent":0,"menu_order":13,"comment_status":"closed","ping_status":"closed","template":"","meta":[],"yoast_head":"<!-- This site is optimized with the Yoast SEO plugin v14.8 - https:\/\/yoast.com\/wordpress\/plugins\/seo\/ -->\n<meta name=\"description\" content=\"Italienischer Fussball. \u00dcberblick \u00fcber die historischen Titeltr\u00e4ger der Serie A. Fussball Ergebnis-Vorhersagen mittels Data-Mining.\" \/>\n<meta name=\"robots\" content=\"index, follow\" \/>\n<meta name=\"googlebot\" content=\"index, follow, max-snippet:-1, max-image-preview:large, max-video-preview:-1\" \/>\n<meta name=\"bingbot\" content=\"index, follow, max-snippet:-1, max-image-preview:large, max-video-preview:-1\" \/>\n<link rel=\"canonical\" href=\"http:\/\/dataminingsoccer.com\/de\/italien\/\" \/>\n<script type=\"application\/ld+json\" class=\"yoast-schema-graph\">{\"@context\":\"https:\/\/schema.org\",\"@graph\":[{\"@type\":\"WebSite\",\"@id\":\"http:\/\/dataminingsoccer.com\/de\/#website\",\"url\":\"http:\/\/dataminingsoccer.com\/de\/\",\"name\":\"Fu\\u00dfball-Ergebnis-Vorhersagen\",\"description\":\"basierend auf statistischen Analysen mittels Data-Mining.. Wir lieben Fu\\u00dfball! Wir lieben Zahlenspiele!\",\"potentialAction\":[{\"@type\":\"SearchAction\",\"target\":\"http:\/\/dataminingsoccer.com\/de\/?s={search_term_string}\",\"query-input\":\"required name=search_term_string\"}],\"inLanguage\":\"de\"},{\"@type\":\"ImageObject\",\"@id\":\"http:\/\/dataminingsoccer.com\/de\/italien\/#primaryimage\",\"inLanguage\":\"de\",\"url\":\"http:\/\/dataminingsoccer.com\/de\/wp-content\/uploads\/sites\/2\/Serie-A.png\",\"width\":61,\"height\":50,\"caption\":\"Serie-A\"},{\"@type\":\"WebPage\",\"@id\":\"http:\/\/dataminingsoccer.com\/de\/italien\/#webpage\",\"url\":\"http:\/\/dataminingsoccer.com\/de\/italien\/\",\"name\":\"Italien - Fu\\u00dfball-Ergebnis-Vorhersagen\",\"isPartOf\":{\"@id\":\"http:\/\/dataminingsoccer.com\/de\/#website\"},\"primaryImageOfPage\":{\"@id\":\"http:\/\/dataminingsoccer.com\/de\/italien\/#primaryimage\"},\"datePublished\":\"2013-09-11T20:58:36+00:00\",\"dateModified\":\"2015-06-25T18:22:29+00:00\",\"description\":\"Italienischer Fussball. \\u00dcberblick \\u00fcber die historischen Titeltr\\u00e4ger der Serie A. Fussball Ergebnis-Vorhersagen mittels Data-Mining.\",\"inLanguage\":\"de\",\"potentialAction\":[{\"@type\":\"ReadAction\",\"target\":[\"http:\/\/dataminingsoccer.com\/de\/italien\/\"]}]}]}<\/script>\n<!-- \/ Yoast SEO plugin. -->","_links":{"self":[{"href":"http:\/\/dataminingsoccer.com\/de\/wp-json\/wp\/v2\/pages\/111"}],"collection":[{"href":"http:\/\/dataminingsoccer.com\/de\/wp-json\/wp\/v2\/pages"}],"about":[{"href":"http:\/\/dataminingsoccer.com\/de\/wp-json\/wp\/v2\/types\/page"}],"author":[{"embeddable":true,"href":"http:\/\/dataminingsoccer.com\/de\/wp-json\/wp\/v2\/users\/3"}],"replies":[{"embeddable":true,"href":"http:\/\/dataminingsoccer.com\/de\/wp-json\/wp\/v2\/comments?post=111"}],"version-history":[{"count":22,"href":"http:\/\/dataminingsoccer.com\/de\/wp-json\/wp\/v2\/pages\/111\/revisions"}],"predecessor-version":[{"id":3722,"href":"http:\/\/dataminingsoccer.com\/de\/wp-json\/wp\/v2\/pages\/111\/revisions\/3722"}],"wp:attachment":[{"href":"http:\/\/dataminingsoccer.com\/de\/wp-json\/wp\/v2\/media?parent=111"}],"curies":[{"name":"wp","href":"https:\/\/api.w.org\/{rel}","templated":true}]}}