{"id":102,"date":"2013-09-11T22:46:53","date_gmt":"2013-09-11T20:46:53","guid":{"rendered":"http:\/\/dataminingsoccer.com\/de\/?page_id=102"},"modified":"2015-06-25T19:41:45","modified_gmt":"2015-06-25T17:41:45","slug":"england","status":"publish","type":"page","link":"http:\/\/dataminingsoccer.com\/de\/england\/","title":{"rendered":"England"},"content":{"rendered":"<h2>Fussball Ergebnis Vorhersagen mittels Data Mining<\/h2><p><img loading=\"lazy\" class=\"alignnone size-full wp-image-360\" src=\"http:\/\/dataminingsoccer.com\/de\/wp-content\/uploads\/sites\/2\/Premier-League-Fussball-Ergebnis-Vorhersagen-m.png\" alt=\"Premier-League-Fussball-Ergebnis-Vorhersagen\" width=\"37\" height=\"50\" \/>\u00a0\u00a0\u00a0\u00a0 <img loading=\"lazy\" class=\"alignnone size-full wp-image-2613\" src=\"http:\/\/dataminingsoccer.com\/de\/wp-content\/uploads\/sites\/2\/FA-Cup.png\" alt=\"FA-Cup\" width=\"35\" height=\"50\" \/><\/p>\n<p>In England errechnen wir\u00a0<a title=\"Vorhersagen Premier League\" href=\"http:\/\/dataminingsoccer.com\/de\/england\/vorhersagen-premier-league\/\">[Vorhersagen]<\/a>, <a title=\"Statistiken je Mannschaft\" href=\"http:\/\/dataminingsoccer.com\/de\/england\/statistiken-je-mannschaft\/\">[Statistiken je Mannschaft]<\/a> und <a title=\"Treffer-Quoten\" href=\"http:\/\/dataminingsoccer.com\/de\/england\/treffer-quoten\/\">[Treffer-Quoten]<\/a> f\u00fcr folgende Wettbewerbe:<\/p>\n<table>\n<tbody>\n<tr>\n<td><\/td>\n<td><a title=\"Vorhersagen Premier League\" href=\"http:\/\/dataminingsoccer.com\/de\/england\/vorhersagen-premier-league\/\">[Vorhersagen]<\/a><\/td>\n<td><a title=\"Statistiken je Mannschaft\" href=\"http:\/\/dataminingsoccer.com\/de\/england\/statistiken-je-mannschaft\/\">[Statistiken je Mannschaft]<\/a><\/td>\n<td><a title=\"Treffer-Quoten\" href=\"http:\/\/dataminingsoccer.com\/de\/england\/treffer-quoten\/\">[unsere Treffer-Quoten]<\/a><\/td>\n<\/tr>\n<tr>\n<td><img loading=\"lazy\" class=\"alignnone size-full wp-image-361\" src=\"http:\/\/dataminingsoccer.com\/de\/wp-content\/uploads\/sites\/2\/Premier-League-Fussball-Ergebnis-Vorhersagen-s.png\" alt=\"Premier-League-Fussball-Ergebnis-Vorhersagen\" width=\"23\" height=\"25\" \/><\/td>\n<td><a href=\"http:\/\/dataminingsoccer.com\/de\/england\/vorhersagen-premier-league\/premier-league-2015-2016\/\">[Premier League 2015\/16]<\/a><\/td>\n<td><a href=\"http:\/\/dataminingsoccer.com\/de\/england\/statistiken-je-mannschaft\/premier-league-2015-2016\/\">[Premier League 2015\/16]<\/a><\/td>\n<td><a href=\"http:\/\/dataminingsoccer.com\/de\/england\/treffer-quoten\/premier-league-2015-2016\/\">[Premier League 2015\/16]<\/a><\/td>\n<\/tr>\n<tr>\n<td><img loading=\"lazy\" class=\"alignnone size-full wp-image-2612\" src=\"http:\/\/dataminingsoccer.com\/de\/wp-content\/uploads\/sites\/2\/FA-Cup-s.png\" alt=\"FA-Cup\" width=\"18\" height=\"26\" \/><\/td>\n<td><a href=\"http:\/\/dataminingsoccer.com\/de\/england\/vorhersagen-premier-league\/fa-cup-2015-2016\/\">[FA Cup 2015\/16]<\/a><\/td>\n<td><\/td>\n<td><\/td>\n<\/tr>\n<tr>\n<td><\/td>\n<td><a title=\"Vorhersagen Premier League\" href=\"http:\/\/dataminingsoccer.com\/de\/england\/vorhersagen-premier-league\/\">[vorherige]<\/a><\/td>\n<td><a title=\"Statistiken je Mannschaft\" href=\"http:\/\/dataminingsoccer.com\/de\/england\/statistiken-je-mannschaft\/\">[vorherige]<\/a><\/td>\n<td><a title=\"Treffer-Quoten\" href=\"http:\/\/dataminingsoccer.com\/de\/england\/treffer-quoten\/\">[vorherige]<\/a><\/td>\n<\/tr>\n<\/tbody>\n<\/table>\n<p>Fu\u00dfball-Ergebnis-Vorhersagen mittels Data-Mining f\u00fcr England\u00a0@ Data.Mining.Soccer<\/p>\n<p><img loading=\"lazy\" class=\"alignnone size-full wp-image-360\" src=\"http:\/\/dataminingsoccer.com\/de\/wp-content\/uploads\/sites\/2\/Premier-League-Fussball-Ergebnis-Vorhersagen-m.png\" alt=\"Premier-League-Fussball-Ergebnis-Vorhersagen\" width=\"37\" height=\"50\" \/>\u00a0\u00a0\u00a0\u00a0 <img loading=\"lazy\" class=\"alignnone size-full wp-image-2613\" src=\"http:\/\/dataminingsoccer.com\/de\/wp-content\/uploads\/sites\/2\/FA-Cup.png\" alt=\"FA-Cup\" width=\"35\" height=\"50\" \/><\/p>\n<p>Die historischen Titelgewinner der\u00a0<a title=\"Premier League 2014\/15\" href=\"http:\/\/dataminingsoccer.com\/de\/england\/vorhersagen-premier-league\/premier-league-2015-2016\/\">[Premier League]<\/a> in England und die Anzahl gewonnener Meisterschaften im \u00dcberblick:<\/p>\n<p>Manchester United\u00a0\u00a0 (20)<br \/>\nFC Liverpool\u00a0\u00a0 (18)<br \/>\nFC Arsenal\u00a0\u00a0 (13)<br \/>\nFC Everton \u00a0 (9)<br \/>\nAston Villa\u00a0\u00a0 (7)<br \/>\nAFC Sunderland\u00a0\u00a0 (6)<br \/>\nFC Chelsea\u00a0\u00a0 (5)\u00a0\u00a0<img loading=\"lazy\" class=\"alignnone size-full wp-image-361\" src=\"http:\/\/dataminingsoccer.com\/de\/wp-content\/uploads\/sites\/2\/Premier-League-Fussball-Ergebnis-Vorhersagen-s.png\" alt=\"Premier-League-Fussball-Ergebnis-Vorhersagen\" width=\"23\" height=\"25\" \/> \u00a0 (Titeltr\u00e4ger)<br \/>\nNewcastle United\u00a0\u00a0 (4)<br \/>\nManchester City \u00a0 (4)<br \/>\nTottenham Hotspur\u00a0\u00a0 (2)<br \/>\nWest Bromwich Albion \u00a0 (1)<\/p>\n<p><img loading=\"lazy\" class=\"alignnone size-full wp-image-360\" src=\"http:\/\/dataminingsoccer.com\/de\/wp-content\/uploads\/sites\/2\/Premier-League-Fussball-Ergebnis-Vorhersagen-m.png\" alt=\"Premier-League-Fussball-Ergebnis-Vorhersagen\" width=\"37\" height=\"50\" \/>\u00a0\u00a0\u00a0\u00a0 <img loading=\"lazy\" class=\"alignnone size-full wp-image-2613\" src=\"http:\/\/dataminingsoccer.com\/de\/wp-content\/uploads\/sites\/2\/FA-Cup.png\" alt=\"FA-Cup\" width=\"35\" height=\"50\" \/><\/p>\n<p>Die historischen Titelgewinner des Pokals <a href=\"http:\/\/dataminingsoccer.com\/de\/england\/vorhersagen-premier-league\/fa-cup-2015-2016\/\">[&#8218;FA Cup&#8216;]<\/a> in England:<\/p>\n<p>FC Arsenal\u00a0\u00a0 (12)\u00a0\u00a0 <img loading=\"lazy\" class=\"alignnone size-full wp-image-2612\" src=\"http:\/\/dataminingsoccer.com\/de\/wp-content\/uploads\/sites\/2\/FA-Cup-s.png\" alt=\"FA-Cup\" width=\"18\" height=\"26\" \/>\u00a0\u00a0 (Titeltr\u00e4ger)<br \/>\nManchester United\u00a0\u00a0 (11)<br \/>\nTottenham Hotspur\u00a0\u00a0 (8)<br \/>\nFC Liverpool\u00a0\u00a0 (7)<br \/>\nFC Chelsea\u00a0\u00a0 (7)<br \/>\nAston Villa\u00a0\u00a0 (7)<br \/>\nNewcastle United\u00a0\u00a0 (6)<br \/>\nBlackburn Rovers\u00a0\u00a0 (6)<br \/>\nFC Everton\u00a0\u00a0 (5)<br \/>\nWest Bromwich Albion\u00a0\u00a0 (5)<br \/>\nManchester City\u00a0\u00a0 (5)<br \/>\nWanderers FC\u00a0\u00a0 (5)<br \/>\nWolverhampton Wanderers\u00a0\u00a0 (4)<br \/>\nBolton Wanderers\u00a0\u00a0 (4)<br \/>\nSheffield United\u00a0\u00a0 (4)<br \/>\nSheffield Wednesday\u00a0\u00a0 (3)<br \/>\nWest Ham United\u00a0\u00a0 (3)<br \/>\nPreston North End\u00a0\u00a0 (2)<br \/>\nOld Etonians\u00a0\u00a0 (2)<br \/>\nFC Portsmouth\u00a0\u00a0 (2)<br \/>\nAFC Sunderland\u00a0\u00a0 (2)<br \/>\nNottingham Forest\u00a0\u00a0 (2)<br \/>\nFC Bury\u00a0\u00a0 (2)<br \/>\nHuddersfield Town\u00a0\u00a0 (1)<br \/>\nFC Southampton\u00a0\u00a0 (1)<br \/>\nLeeds United\u00a0\u00a0 (1)<br \/>\nDerby County\u00a0\u00a0 (1)<br \/>\nRoyal Engineers AFC\u00a0\u00a0 (1)<br \/>\nOxford University\u00a0\u00a0 (1)<br \/>\nFC Blackpool\u00a0\u00a0 (1)<br \/>\nCardiff City\u00a0\u00a0 (1)<br \/>\nFC Burnley\u00a0\u00a0 (1)<br \/>\nCharlton Athletic\u00a0\u00a0 (1)<br \/>\nFC Barnsley\u00a0\u00a0 (1)<br \/>\nNotts County\u00a0\u00a0 (1)<br \/>\nClapham Rovers\u00a0\u00a0 (1)<br \/>\nWigan Athletic\u00a0\u00a0 (1)<br \/>\nFC Wimbledon\u00a0\u00a0 (1)<br \/>\nCoventry City\u00a0\u00a0 (1)<br \/>\nIpswich Town\u00a0\u00a0 (1)<br \/>\nBradford City\u00a0\u00a0 (1)<br \/>\nBlackburn Olympic\u00a0\u00a0 (1)<br \/>\nOld Carthusians\u00a0\u00a0 (1)<\/p>\n<p><img loading=\"lazy\" class=\"alignnone size-full wp-image-360\" src=\"http:\/\/dataminingsoccer.com\/de\/wp-content\/uploads\/sites\/2\/Premier-League-Fussball-Ergebnis-Vorhersagen-m.png\" alt=\"Premier-League-Fussball-Ergebnis-Vorhersagen\" width=\"37\" height=\"50\" \/>\u00a0\u00a0\u00a0\u00a0 <img loading=\"lazy\" class=\"alignnone size-full wp-image-2613\" src=\"http:\/\/dataminingsoccer.com\/de\/wp-content\/uploads\/sites\/2\/FA-Cup.png\" alt=\"FA-Cup\" width=\"35\" height=\"50\" \/><\/p>\n<p>Die historischen Titelgewinner des Pokals &#8218;League Cup&#8216; in England:<\/p>\n<p>FC Liverpool\u00a0\u00a0 (8)<br \/>\nAston Villa\u00a0\u00a0 (5)<br \/>\nFC Chelsea\u00a0\u00a0 (5)\u00a0\u00a0 <img loading=\"lazy\" class=\"alignnone size-full wp-image-2612\" src=\"http:\/\/dataminingsoccer.com\/de\/wp-content\/uploads\/sites\/2\/FA-Cup-s.png\" alt=\"FA-Cup\" width=\"18\" height=\"26\" \/>\u00a0\u00a0 (Titeltr\u00e4ger)<br \/>\nManchester United\u00a0\u00a0 (4)<br \/>\nTottenham Hotspur\u00a0\u00a0 (4)<br \/>\nNottingham Forest\u00a0\u00a0 (4)<br \/>\nLeicester City\u00a0\u00a0 (3)<br \/>\nManchester City\u00a0\u00a0 (3)<br \/>\nFC Arsenal\u00a0\u00a0 (2)<br \/>\nNorwich City\u00a0\u00a0 (2)<br \/>\nBirmingham City\u00a0\u00a0 (2)<br \/>\nWolverhampton Wanderers\u00a0\u00a0 (2)<\/p>\n<p><img loading=\"lazy\" class=\"alignnone size-full wp-image-360\" src=\"http:\/\/dataminingsoccer.com\/de\/wp-content\/uploads\/sites\/2\/Premier-League-Fussball-Ergebnis-Vorhersagen-m.png\" alt=\"Premier-League-Fussball-Ergebnis-Vorhersagen\" width=\"37\" height=\"50\" \/>\u00a0\u00a0\u00a0\u00a0 <img loading=\"lazy\" class=\"alignnone size-full wp-image-2613\" src=\"http:\/\/dataminingsoccer.com\/de\/wp-content\/uploads\/sites\/2\/FA-Cup.png\" alt=\"FA-Cup\" width=\"35\" height=\"50\" \/><\/p>\n","protected":false},"excerpt":{"rendered":"<p>Fussball Ergebnis Vorhersagen mittels Data Mining\u00a0\u00a0\u00a0\u00a0 In England errechnen wir\u00a0[Vorhersagen], [Statistiken je Mannschaft] und [Treffer-Quoten] f\u00fcr folgende Wettbewerbe: [Vorhersagen] [Statistiken je Mannschaft] [unsere Treffer-Quoten] [Premier League 2015\/16] [Premier League 2015\/16] [Premier League 2015\/16] [FA Cup 2015\/16] [vorherige] [vorherige] [vorherige] Fu\u00dfball-Ergebnis-Vorhersagen mittels Data-Mining f\u00fcr England\u00a0@ Data.Mining.Soccer \u00a0\u00a0\u00a0\u00a0 Die historischen Titelgewinner der\u00a0[Premier League] in England und die &hellip; <a href=\"http:\/\/dataminingsoccer.com\/de\/england\/\" class=\"more-link\"><span class=\"screen-reader-text\">England<\/span> weiterlesen <span class=\"meta-nav\">&rarr;<\/span><\/a><\/p>\n","protected":false},"author":3,"featured_media":0,"parent":0,"menu_order":11,"comment_status":"closed","ping_status":"closed","template":"","meta":[],"yoast_head":"<!-- This site is optimized with the Yoast SEO plugin v14.8 - https:\/\/yoast.com\/wordpress\/plugins\/seo\/ -->\n<meta name=\"description\" content=\"Englischer Fussball. \u00dcberblick \u00fcber die historischen Titeltr\u00e4ger der Premier League. Fussball Ergebnis-Vorhersagen mittels Data-Mining.\" \/>\n<meta name=\"robots\" content=\"index, follow\" \/>\n<meta name=\"googlebot\" content=\"index, follow, max-snippet:-1, max-image-preview:large, max-video-preview:-1\" \/>\n<meta name=\"bingbot\" content=\"index, follow, max-snippet:-1, max-image-preview:large, max-video-preview:-1\" \/>\n<link rel=\"canonical\" href=\"http:\/\/dataminingsoccer.com\/de\/england\/\" \/>\n<script type=\"application\/ld+json\" class=\"yoast-schema-graph\">{\"@context\":\"https:\/\/schema.org\",\"@graph\":[{\"@type\":\"WebSite\",\"@id\":\"http:\/\/dataminingsoccer.com\/de\/#website\",\"url\":\"http:\/\/dataminingsoccer.com\/de\/\",\"name\":\"Fu\\u00dfball-Ergebnis-Vorhersagen\",\"description\":\"basierend auf statistischen Analysen mittels Data-Mining.. Wir lieben Fu\\u00dfball! Wir lieben Zahlenspiele!\",\"potentialAction\":[{\"@type\":\"SearchAction\",\"target\":\"http:\/\/dataminingsoccer.com\/de\/?s={search_term_string}\",\"query-input\":\"required name=search_term_string\"}],\"inLanguage\":\"de\"},{\"@type\":\"ImageObject\",\"@id\":\"http:\/\/dataminingsoccer.com\/de\/england\/#primaryimage\",\"inLanguage\":\"de\",\"url\":\"http:\/\/dataminingsoccer.com\/de\/wp-content\/uploads\/sites\/2\/Premier-League-Fussball-Ergebnis-Vorhersagen-m.png\",\"width\":37,\"height\":50,\"caption\":\"Premier-League-Fussball-Ergebnis-Vorhersagen\"},{\"@type\":\"WebPage\",\"@id\":\"http:\/\/dataminingsoccer.com\/de\/england\/#webpage\",\"url\":\"http:\/\/dataminingsoccer.com\/de\/england\/\",\"name\":\"England - Fu\\u00dfball-Ergebnis-Vorhersagen\",\"isPartOf\":{\"@id\":\"http:\/\/dataminingsoccer.com\/de\/#website\"},\"primaryImageOfPage\":{\"@id\":\"http:\/\/dataminingsoccer.com\/de\/england\/#primaryimage\"},\"datePublished\":\"2013-09-11T20:46:53+00:00\",\"dateModified\":\"2015-06-25T17:41:45+00:00\",\"description\":\"Englischer Fussball. \\u00dcberblick \\u00fcber die historischen Titeltr\\u00e4ger der Premier League. Fussball Ergebnis-Vorhersagen mittels Data-Mining.\",\"inLanguage\":\"de\",\"potentialAction\":[{\"@type\":\"ReadAction\",\"target\":[\"http:\/\/dataminingsoccer.com\/de\/england\/\"]}]}]}<\/script>\n<!-- \/ Yoast SEO plugin. -->","_links":{"self":[{"href":"http:\/\/dataminingsoccer.com\/de\/wp-json\/wp\/v2\/pages\/102"}],"collection":[{"href":"http:\/\/dataminingsoccer.com\/de\/wp-json\/wp\/v2\/pages"}],"about":[{"href":"http:\/\/dataminingsoccer.com\/de\/wp-json\/wp\/v2\/types\/page"}],"author":[{"embeddable":true,"href":"http:\/\/dataminingsoccer.com\/de\/wp-json\/wp\/v2\/users\/3"}],"replies":[{"embeddable":true,"href":"http:\/\/dataminingsoccer.com\/de\/wp-json\/wp\/v2\/comments?post=102"}],"version-history":[{"count":32,"href":"http:\/\/dataminingsoccer.com\/de\/wp-json\/wp\/v2\/pages\/102\/revisions"}],"predecessor-version":[{"id":3719,"href":"http:\/\/dataminingsoccer.com\/de\/wp-json\/wp\/v2\/pages\/102\/revisions\/3719"}],"wp:attachment":[{"href":"http:\/\/dataminingsoccer.com\/de\/wp-json\/wp\/v2\/media?parent=102"}],"curies":[{"name":"wp","href":"https:\/\/api.w.org\/{rel}","templated":true}]}}